{"id":10006,"date":"2023-02-15T14:33:46","date_gmt":"2023-02-15T13:33:46","guid":{"rendered":"https:\/\/vinosomodena.it\/prodotto\/champagne-marguet-brut-nature-sapience-2013-astuccio\/"},"modified":"2025-03-23T18:43:24","modified_gmt":"2025-03-23T17:43:24","slug":"champagne-marguet-brut-nature-sapience-2013-astuccio","status":"publish","type":"product","link":"https:\/\/vinosomodena.it\/en\/prodotto\/champagne-marguet-brut-nature-sapience-2013-astuccio\/","title":{"rendered":"Champagne Marguet Brut Nature Sapience 2013 ASTUCCIO"},"content":{"rendered":"","protected":false},"excerpt":{"rendered":"<p>Questo Champagne AOC dell&#8217;azienda Marguet nasce secondo le regole della viticoltura biodinamica. Il vino \u00e8 composto dai tre vitigni cardine della champagne, pinot nero, pinot meunier e chardonnay. L&#8217;assemblaggio \u00e8 svolto a regola d&#8217;arte. Il prodotto \u00e8 completo, importante e dotato di grande signorilit\u00e0. A tutto pasto anche per i palati pi\u00f9 esigenti<\/p>\n","protected":false},"featured_media":20918,"template":"","meta":{"_acf_changed":false},"product_brand":[],"product_cat":[2599],"product_tag":[],"class_list":{"0":"post-10006","1":"product","2":"type-product","3":"status-publish","4":"has-post-thumbnail","6":"product_cat-champagne-en","8":"first","9":"instock","10":"purchasable","11":"product-type-simple"},"acf":[],"yoast_head":"<!-- This site is optimized with the Yoast SEO plugin v27.4 - https:\/\/yoast.com\/product\/yoast-seo-wordpress\/ -->\n<title>Champagne Marguet Brut Nature Sapience 2013 ASTUCCIO - Vinoso Modena<\/title>\n<meta name=\"robots\" content=\"index, follow, max-snippet:-1, max-image-preview:large, max-video-preview:-1\" \/>\n<link rel=\"canonical\" href=\"https:\/\/vinosomodena.it\/en\/prodotto\/champagne-marguet-brut-nature-sapience-2013-astuccio\/\" \/>\n<meta property=\"og:locale\" content=\"en_US\" \/>\n<meta property=\"og:type\" content=\"article\" \/>\n<meta property=\"og:title\" content=\"Champagne Marguet Brut Nature Sapience 2013 ASTUCCIO - Vinoso Modena\" \/>\n<meta property=\"og:description\" content=\"Questo Champagne AOC dell&#039;azienda Marguet nasce secondo le regole della viticoltura biodinamica. Il vino \u00e8 composto dai tre vitigni cardine della champagne, pinot nero, pinot meunier e chardonnay. L&#039;assemblaggio \u00e8 svolto a regola d&#039;arte. Il prodotto \u00e8 completo, importante e dotato di grande signorilit\u00e0. A tutto pasto anche per i palati pi\u00f9 esigenti\" \/>\n<meta property=\"og:url\" content=\"https:\/\/vinosomodena.it\/en\/prodotto\/champagne-marguet-brut-nature-sapience-2013-astuccio\/\" \/>\n<meta property=\"og:site_name\" content=\"Vinoso Modena\" \/>\n<meta property=\"article:modified_time\" content=\"2025-03-23T17:43:24+00:00\" \/>\n<meta property=\"og:image\" content=\"https:\/\/vinosomodena.it\/wp-content\/uploads\/2025\/03\/FILE39-683x1024.png\" \/>\n\t<meta property=\"og:image:width\" content=\"683\" \/>\n\t<meta property=\"og:image:height\" content=\"1024\" \/>\n\t<meta property=\"og:image:type\" content=\"image\/png\" \/>\n<meta name=\"twitter:card\" content=\"summary_large_image\" \/>\n<script type=\"application\/ld+json\" class=\"yoast-schema-graph\">{\"@context\":\"https:\\\/\\\/schema.org\",\"@graph\":[{\"@type\":\"WebPage\",\"@id\":\"https:\\\/\\\/vinosomodena.it\\\/en\\\/prodotto\\\/champagne-marguet-brut-nature-sapience-2013-astuccio\\\/\",\"url\":\"https:\\\/\\\/vinosomodena.it\\\/en\\\/prodotto\\\/champagne-marguet-brut-nature-sapience-2013-astuccio\\\/\",\"name\":\"Champagne Marguet Brut Nature Sapience 2013 ASTUCCIO - Vinoso Modena\",\"isPartOf\":{\"@id\":\"https:\\\/\\\/vinosomodena.it\\\/#website\"},\"primaryImageOfPage\":{\"@id\":\"https:\\\/\\\/vinosomodena.it\\\/en\\\/prodotto\\\/champagne-marguet-brut-nature-sapience-2013-astuccio\\\/#primaryimage\"},\"image\":{\"@id\":\"https:\\\/\\\/vinosomodena.it\\\/en\\\/prodotto\\\/champagne-marguet-brut-nature-sapience-2013-astuccio\\\/#primaryimage\"},\"thumbnailUrl\":\"https:\\\/\\\/vinosomodena.it\\\/wp-content\\\/uploads\\\/2025\\\/03\\\/FILE39.png\",\"datePublished\":\"2023-02-15T13:33:46+00:00\",\"dateModified\":\"2025-03-23T17:43:24+00:00\",\"breadcrumb\":{\"@id\":\"https:\\\/\\\/vinosomodena.it\\\/en\\\/prodotto\\\/champagne-marguet-brut-nature-sapience-2013-astuccio\\\/#breadcrumb\"},\"inLanguage\":\"en-US\",\"potentialAction\":[{\"@type\":\"ReadAction\",\"target\":[\"https:\\\/\\\/vinosomodena.it\\\/en\\\/prodotto\\\/champagne-marguet-brut-nature-sapience-2013-astuccio\\\/\"]}]},{\"@type\":\"ImageObject\",\"inLanguage\":\"en-US\",\"@id\":\"https:\\\/\\\/vinosomodena.it\\\/en\\\/prodotto\\\/champagne-marguet-brut-nature-sapience-2013-astuccio\\\/#primaryimage\",\"url\":\"https:\\\/\\\/vinosomodena.it\\\/wp-content\\\/uploads\\\/2025\\\/03\\\/FILE39.png\",\"contentUrl\":\"https:\\\/\\\/vinosomodena.it\\\/wp-content\\\/uploads\\\/2025\\\/03\\\/FILE39.png\",\"width\":3600,\"height\":5400},{\"@type\":\"BreadcrumbList\",\"@id\":\"https:\\\/\\\/vinosomodena.it\\\/en\\\/prodotto\\\/champagne-marguet-brut-nature-sapience-2013-astuccio\\\/#breadcrumb\",\"itemListElement\":[{\"@type\":\"ListItem\",\"position\":1,\"name\":\"Home\",\"item\":\"https:\\\/\\\/vinosomodena.it\\\/\"},{\"@type\":\"ListItem\",\"position\":2,\"name\":\"Shop\",\"item\":\"https:\\\/\\\/vinosomodena.it\\\/negozio\\\/\"},{\"@type\":\"ListItem\",\"position\":3,\"name\":\"Champagne Marguet Brut Nature Sapience 2013 ASTUCCIO\"}]},{\"@type\":\"WebSite\",\"@id\":\"https:\\\/\\\/vinosomodena.it\\\/#website\",\"url\":\"https:\\\/\\\/vinosomodena.it\\\/\",\"name\":\"Vinoso Modena\",\"description\":\"I migliori vini, le annate storiche e molto altro ancora.\",\"potentialAction\":[{\"@type\":\"SearchAction\",\"target\":{\"@type\":\"EntryPoint\",\"urlTemplate\":\"https:\\\/\\\/vinosomodena.it\\\/?s={search_term_string}\"},\"query-input\":{\"@type\":\"PropertyValueSpecification\",\"valueRequired\":true,\"valueName\":\"search_term_string\"}}],\"inLanguage\":\"en-US\"}]}<\/script>\n<!-- \/ Yoast SEO plugin. -->","yoast_head_json":{"title":"Champagne Marguet Brut Nature Sapience 2013 ASTUCCIO - Vinoso Modena","robots":{"index":"index","follow":"follow","max-snippet":"max-snippet:-1","max-image-preview":"max-image-preview:large","max-video-preview":"max-video-preview:-1"},"canonical":"https:\/\/vinosomodena.it\/en\/prodotto\/champagne-marguet-brut-nature-sapience-2013-astuccio\/","og_locale":"en_US","og_type":"article","og_title":"Champagne Marguet Brut Nature Sapience 2013 ASTUCCIO - Vinoso Modena","og_description":"Questo Champagne AOC dell'azienda Marguet nasce secondo le regole della viticoltura biodinamica. Il vino \u00e8 composto dai tre vitigni cardine della champagne, pinot nero, pinot meunier e chardonnay. L'assemblaggio \u00e8 svolto a regola d'arte. Il prodotto \u00e8 completo, importante e dotato di grande signorilit\u00e0. A tutto pasto anche per i palati pi\u00f9 esigenti","og_url":"https:\/\/vinosomodena.it\/en\/prodotto\/champagne-marguet-brut-nature-sapience-2013-astuccio\/","og_site_name":"Vinoso Modena","article_modified_time":"2025-03-23T17:43:24+00:00","og_image":[{"width":683,"height":1024,"url":"https:\/\/vinosomodena.it\/wp-content\/uploads\/2025\/03\/FILE39-683x1024.png","type":"image\/png"}],"twitter_card":"summary_large_image","schema":{"@context":"https:\/\/schema.org","@graph":[{"@type":"WebPage","@id":"https:\/\/vinosomodena.it\/en\/prodotto\/champagne-marguet-brut-nature-sapience-2013-astuccio\/","url":"https:\/\/vinosomodena.it\/en\/prodotto\/champagne-marguet-brut-nature-sapience-2013-astuccio\/","name":"Champagne Marguet Brut Nature Sapience 2013 ASTUCCIO - Vinoso Modena","isPartOf":{"@id":"https:\/\/vinosomodena.it\/#website"},"primaryImageOfPage":{"@id":"https:\/\/vinosomodena.it\/en\/prodotto\/champagne-marguet-brut-nature-sapience-2013-astuccio\/#primaryimage"},"image":{"@id":"https:\/\/vinosomodena.it\/en\/prodotto\/champagne-marguet-brut-nature-sapience-2013-astuccio\/#primaryimage"},"thumbnailUrl":"https:\/\/vinosomodena.it\/wp-content\/uploads\/2025\/03\/FILE39.png","datePublished":"2023-02-15T13:33:46+00:00","dateModified":"2025-03-23T17:43:24+00:00","breadcrumb":{"@id":"https:\/\/vinosomodena.it\/en\/prodotto\/champagne-marguet-brut-nature-sapience-2013-astuccio\/#breadcrumb"},"inLanguage":"en-US","potentialAction":[{"@type":"ReadAction","target":["https:\/\/vinosomodena.it\/en\/prodotto\/champagne-marguet-brut-nature-sapience-2013-astuccio\/"]}]},{"@type":"ImageObject","inLanguage":"en-US","@id":"https:\/\/vinosomodena.it\/en\/prodotto\/champagne-marguet-brut-nature-sapience-2013-astuccio\/#primaryimage","url":"https:\/\/vinosomodena.it\/wp-content\/uploads\/2025\/03\/FILE39.png","contentUrl":"https:\/\/vinosomodena.it\/wp-content\/uploads\/2025\/03\/FILE39.png","width":3600,"height":5400},{"@type":"BreadcrumbList","@id":"https:\/\/vinosomodena.it\/en\/prodotto\/champagne-marguet-brut-nature-sapience-2013-astuccio\/#breadcrumb","itemListElement":[{"@type":"ListItem","position":1,"name":"Home","item":"https:\/\/vinosomodena.it\/"},{"@type":"ListItem","position":2,"name":"Shop","item":"https:\/\/vinosomodena.it\/negozio\/"},{"@type":"ListItem","position":3,"name":"Champagne Marguet Brut Nature Sapience 2013 ASTUCCIO"}]},{"@type":"WebSite","@id":"https:\/\/vinosomodena.it\/#website","url":"https:\/\/vinosomodena.it\/","name":"Vinoso Modena","description":"I migliori vini, le annate storiche e molto altro ancora.","potentialAction":[{"@type":"SearchAction","target":{"@type":"EntryPoint","urlTemplate":"https:\/\/vinosomodena.it\/?s={search_term_string}"},"query-input":{"@type":"PropertyValueSpecification","valueRequired":true,"valueName":"search_term_string"}}],"inLanguage":"en-US"}]}},"jetpack_sharing_enabled":true,"_links":{"self":[{"href":"https:\/\/vinosomodena.it\/en\/wp-json\/wp\/v2\/product\/10006","targetHints":{"allow":["GET"]}}],"collection":[{"href":"https:\/\/vinosomodena.it\/en\/wp-json\/wp\/v2\/product"}],"about":[{"href":"https:\/\/vinosomodena.it\/en\/wp-json\/wp\/v2\/types\/product"}],"wp:featuredmedia":[{"embeddable":true,"href":"https:\/\/vinosomodena.it\/en\/wp-json\/wp\/v2\/media\/20918"}],"wp:attachment":[{"href":"https:\/\/vinosomodena.it\/en\/wp-json\/wp\/v2\/media?parent=10006"}],"wp:term":[{"taxonomy":"product_brand","embeddable":true,"href":"https:\/\/vinosomodena.it\/en\/wp-json\/wp\/v2\/product_brand?post=10006"},{"taxonomy":"product_cat","embeddable":true,"href":"https:\/\/vinosomodena.it\/en\/wp-json\/wp\/v2\/product_cat?post=10006"},{"taxonomy":"product_tag","embeddable":true,"href":"https:\/\/vinosomodena.it\/en\/wp-json\/wp\/v2\/product_tag?post=10006"}],"curies":[{"name":"wp","href":"https:\/\/api.w.org\/{rel}","templated":true}]}}