{"id":10070,"date":"2023-02-08T14:04:00","date_gmt":"2023-02-08T13:04:00","guid":{"rendered":"https:\/\/vinosomodena.it\/prodotto\/morisfarms-avvoltore-2006\/"},"modified":"2025-02-12T15:05:12","modified_gmt":"2025-02-12T14:05:12","slug":"morisfarms-avvoltore-2006","status":"publish","type":"product","link":"https:\/\/vinosomodena.it\/en\/prodotto\/morisfarms-avvoltore-2006\/","title":{"rendered":"Morisfarms Avvoltore 2006"},"content":{"rendered":"","protected":false},"excerpt":{"rendered":"<p>L\u2019\u201cAvvoltore\u201d \u00e8 il Falco della Maremma, un rapace che vola spesso sulle vigne di sangiovese, cabernet sauvignon e syrah piantate sul poggio omonimo. Toscana IGT \u201cAvvoltore\u201d, di Morisfarms, oltre a prendere il nome dal rapace e dal luogo, prende anche morbidezza, eleganza e complessit\u00e0 dai terreni argilloso-calcarei su cui crescono i vigneti. Il vino che pi\u00f9 rappresenta l&#8217;azienda, con una buonissima complessit\u00e0 e potenza, da provare!<\/p>\n","protected":false},"featured_media":20441,"template":"","meta":{"_acf_changed":false},"product_brand":[],"product_cat":[2579],"product_tag":[],"class_list":{"0":"post-10070","1":"product","2":"type-product","3":"status-publish","4":"has-post-thumbnail","6":"product_cat-red-wine","8":"first","9":"outofstock","10":"purchasable","11":"product-type-simple"},"acf":[],"yoast_head":"<!-- This site is optimized with the Yoast SEO plugin v27.0 - https:\/\/yoast.com\/product\/yoast-seo-wordpress\/ -->\n<title>Morisfarms Avvoltore 2006 - Vinoso Modena<\/title>\n<meta name=\"robots\" content=\"index, follow, max-snippet:-1, max-image-preview:large, max-video-preview:-1\" \/>\n<link rel=\"canonical\" href=\"https:\/\/vinosomodena.it\/en\/prodotto\/morisfarms-avvoltore-2006\/\" \/>\n<meta property=\"og:locale\" content=\"en_US\" \/>\n<meta property=\"og:type\" content=\"article\" \/>\n<meta property=\"og:title\" content=\"Morisfarms Avvoltore 2006 - Vinoso Modena\" \/>\n<meta property=\"og:description\" content=\"L\u2019\u201cAvvoltore\u201d \u00e8 il Falco della Maremma, un rapace che vola spesso sulle vigne di sangiovese, cabernet sauvignon e syrah piantate sul poggio omonimo. Toscana IGT \u201cAvvoltore\u201d, di Morisfarms, oltre a prendere il nome dal rapace e dal luogo, prende anche morbidezza, eleganza e complessit\u00e0 dai terreni argilloso-calcarei su cui crescono i vigneti. Il vino che pi\u00f9 rappresenta l&#039;azienda, con una buonissima complessit\u00e0 e potenza, da provare!\" \/>\n<meta property=\"og:url\" content=\"https:\/\/vinosomodena.it\/en\/prodotto\/morisfarms-avvoltore-2006\/\" \/>\n<meta property=\"og:site_name\" content=\"Vinoso Modena\" \/>\n<meta property=\"article:modified_time\" content=\"2025-02-12T14:05:12+00:00\" \/>\n<meta property=\"og:image\" content=\"https:\/\/vinosomodena.it\/wp-content\/uploads\/2025\/02\/avvoltore2012-1.jpg\" \/>\n\t<meta property=\"og:image:width\" content=\"1500\" \/>\n\t<meta property=\"og:image:height\" content=\"1923\" \/>\n\t<meta property=\"og:image:type\" content=\"image\/jpeg\" \/>\n<meta name=\"twitter:card\" content=\"summary_large_image\" \/>\n<script type=\"application\/ld+json\" class=\"yoast-schema-graph\">{\"@context\":\"https:\/\/schema.org\",\"@graph\":[{\"@type\":\"WebPage\",\"@id\":\"https:\/\/vinosomodena.it\/en\/prodotto\/morisfarms-avvoltore-2006\/\",\"url\":\"https:\/\/vinosomodena.it\/en\/prodotto\/morisfarms-avvoltore-2006\/\",\"name\":\"Morisfarms Avvoltore 2006 - Vinoso Modena\",\"isPartOf\":{\"@id\":\"https:\/\/vinosomodena.it\/#website\"},\"primaryImageOfPage\":{\"@id\":\"https:\/\/vinosomodena.it\/en\/prodotto\/morisfarms-avvoltore-2006\/#primaryimage\"},\"image\":{\"@id\":\"https:\/\/vinosomodena.it\/en\/prodotto\/morisfarms-avvoltore-2006\/#primaryimage\"},\"thumbnailUrl\":\"https:\/\/vinosomodena.it\/wp-content\/uploads\/2025\/02\/avvoltore2012-1.jpg\",\"datePublished\":\"2023-02-08T13:04:00+00:00\",\"dateModified\":\"2025-02-12T14:05:12+00:00\",\"breadcrumb\":{\"@id\":\"https:\/\/vinosomodena.it\/en\/prodotto\/morisfarms-avvoltore-2006\/#breadcrumb\"},\"inLanguage\":\"en-US\",\"potentialAction\":[{\"@type\":\"ReadAction\",\"target\":[\"https:\/\/vinosomodena.it\/en\/prodotto\/morisfarms-avvoltore-2006\/\"]}]},{\"@type\":\"ImageObject\",\"inLanguage\":\"en-US\",\"@id\":\"https:\/\/vinosomodena.it\/en\/prodotto\/morisfarms-avvoltore-2006\/#primaryimage\",\"url\":\"https:\/\/vinosomodena.it\/wp-content\/uploads\/2025\/02\/avvoltore2012-1.jpg\",\"contentUrl\":\"https:\/\/vinosomodena.it\/wp-content\/uploads\/2025\/02\/avvoltore2012-1.jpg\",\"width\":1500,\"height\":1923},{\"@type\":\"BreadcrumbList\",\"@id\":\"https:\/\/vinosomodena.it\/en\/prodotto\/morisfarms-avvoltore-2006\/#breadcrumb\",\"itemListElement\":[{\"@type\":\"ListItem\",\"position\":1,\"name\":\"Home\",\"item\":\"https:\/\/vinosomodena.it\/\"},{\"@type\":\"ListItem\",\"position\":2,\"name\":\"Shop\",\"item\":\"https:\/\/vinosomodena.it\/negozio\/\"},{\"@type\":\"ListItem\",\"position\":3,\"name\":\"Morisfarms Avvoltore 2006\"}]},{\"@type\":\"WebSite\",\"@id\":\"https:\/\/vinosomodena.it\/#website\",\"url\":\"https:\/\/vinosomodena.it\/\",\"name\":\"Vinoso Modena\",\"description\":\"I migliori vini, le annate storiche e molto altro ancora.\",\"potentialAction\":[{\"@type\":\"SearchAction\",\"target\":{\"@type\":\"EntryPoint\",\"urlTemplate\":\"https:\/\/vinosomodena.it\/?s={search_term_string}\"},\"query-input\":{\"@type\":\"PropertyValueSpecification\",\"valueRequired\":true,\"valueName\":\"search_term_string\"}}],\"inLanguage\":\"en-US\"}]}<\/script>\n<!-- \/ Yoast SEO plugin. -->","yoast_head_json":{"title":"Morisfarms Avvoltore 2006 - Vinoso Modena","robots":{"index":"index","follow":"follow","max-snippet":"max-snippet:-1","max-image-preview":"max-image-preview:large","max-video-preview":"max-video-preview:-1"},"canonical":"https:\/\/vinosomodena.it\/en\/prodotto\/morisfarms-avvoltore-2006\/","og_locale":"en_US","og_type":"article","og_title":"Morisfarms Avvoltore 2006 - Vinoso Modena","og_description":"L\u2019\u201cAvvoltore\u201d \u00e8 il Falco della Maremma, un rapace che vola spesso sulle vigne di sangiovese, cabernet sauvignon e syrah piantate sul poggio omonimo. Toscana IGT \u201cAvvoltore\u201d, di Morisfarms, oltre a prendere il nome dal rapace e dal luogo, prende anche morbidezza, eleganza e complessit\u00e0 dai terreni argilloso-calcarei su cui crescono i vigneti. Il vino che pi\u00f9 rappresenta l'azienda, con una buonissima complessit\u00e0 e potenza, da provare!","og_url":"https:\/\/vinosomodena.it\/en\/prodotto\/morisfarms-avvoltore-2006\/","og_site_name":"Vinoso Modena","article_modified_time":"2025-02-12T14:05:12+00:00","og_image":[{"width":1500,"height":1923,"url":"https:\/\/vinosomodena.it\/wp-content\/uploads\/2025\/02\/avvoltore2012-1.jpg","type":"image\/jpeg"}],"twitter_card":"summary_large_image","schema":{"@context":"https:\/\/schema.org","@graph":[{"@type":"WebPage","@id":"https:\/\/vinosomodena.it\/en\/prodotto\/morisfarms-avvoltore-2006\/","url":"https:\/\/vinosomodena.it\/en\/prodotto\/morisfarms-avvoltore-2006\/","name":"Morisfarms Avvoltore 2006 - Vinoso Modena","isPartOf":{"@id":"https:\/\/vinosomodena.it\/#website"},"primaryImageOfPage":{"@id":"https:\/\/vinosomodena.it\/en\/prodotto\/morisfarms-avvoltore-2006\/#primaryimage"},"image":{"@id":"https:\/\/vinosomodena.it\/en\/prodotto\/morisfarms-avvoltore-2006\/#primaryimage"},"thumbnailUrl":"https:\/\/vinosomodena.it\/wp-content\/uploads\/2025\/02\/avvoltore2012-1.jpg","datePublished":"2023-02-08T13:04:00+00:00","dateModified":"2025-02-12T14:05:12+00:00","breadcrumb":{"@id":"https:\/\/vinosomodena.it\/en\/prodotto\/morisfarms-avvoltore-2006\/#breadcrumb"},"inLanguage":"en-US","potentialAction":[{"@type":"ReadAction","target":["https:\/\/vinosomodena.it\/en\/prodotto\/morisfarms-avvoltore-2006\/"]}]},{"@type":"ImageObject","inLanguage":"en-US","@id":"https:\/\/vinosomodena.it\/en\/prodotto\/morisfarms-avvoltore-2006\/#primaryimage","url":"https:\/\/vinosomodena.it\/wp-content\/uploads\/2025\/02\/avvoltore2012-1.jpg","contentUrl":"https:\/\/vinosomodena.it\/wp-content\/uploads\/2025\/02\/avvoltore2012-1.jpg","width":1500,"height":1923},{"@type":"BreadcrumbList","@id":"https:\/\/vinosomodena.it\/en\/prodotto\/morisfarms-avvoltore-2006\/#breadcrumb","itemListElement":[{"@type":"ListItem","position":1,"name":"Home","item":"https:\/\/vinosomodena.it\/"},{"@type":"ListItem","position":2,"name":"Shop","item":"https:\/\/vinosomodena.it\/negozio\/"},{"@type":"ListItem","position":3,"name":"Morisfarms Avvoltore 2006"}]},{"@type":"WebSite","@id":"https:\/\/vinosomodena.it\/#website","url":"https:\/\/vinosomodena.it\/","name":"Vinoso Modena","description":"I migliori vini, le annate storiche e molto altro ancora.","potentialAction":[{"@type":"SearchAction","target":{"@type":"EntryPoint","urlTemplate":"https:\/\/vinosomodena.it\/?s={search_term_string}"},"query-input":{"@type":"PropertyValueSpecification","valueRequired":true,"valueName":"search_term_string"}}],"inLanguage":"en-US"}]}},"jetpack_sharing_enabled":true,"_links":{"self":[{"href":"https:\/\/vinosomodena.it\/en\/wp-json\/wp\/v2\/product\/10070","targetHints":{"allow":["GET"]}}],"collection":[{"href":"https:\/\/vinosomodena.it\/en\/wp-json\/wp\/v2\/product"}],"about":[{"href":"https:\/\/vinosomodena.it\/en\/wp-json\/wp\/v2\/types\/product"}],"wp:featuredmedia":[{"embeddable":true,"href":"https:\/\/vinosomodena.it\/en\/wp-json\/wp\/v2\/media\/20441"}],"wp:attachment":[{"href":"https:\/\/vinosomodena.it\/en\/wp-json\/wp\/v2\/media?parent=10070"}],"wp:term":[{"taxonomy":"product_brand","embeddable":true,"href":"https:\/\/vinosomodena.it\/en\/wp-json\/wp\/v2\/product_brand?post=10070"},{"taxonomy":"product_cat","embeddable":true,"href":"https:\/\/vinosomodena.it\/en\/wp-json\/wp\/v2\/product_cat?post=10070"},{"taxonomy":"product_tag","embeddable":true,"href":"https:\/\/vinosomodena.it\/en\/wp-json\/wp\/v2\/product_tag?post=10070"}],"curies":[{"name":"wp","href":"https:\/\/api.w.org\/{rel}","templated":true}]}}