{"id":10072,"date":"2023-02-08T13:46:41","date_gmt":"2023-02-08T12:46:41","guid":{"rendered":"https:\/\/vinosomodena.it\/prodotto\/champagne-agrapart-avizoise-2015\/"},"modified":"2024-08-19T22:23:48","modified_gmt":"2024-08-19T20:23:48","slug":"champagne-agrapart-avizoise-2015","status":"publish","type":"product","link":"https:\/\/vinosomodena.it\/en\/prodotto\/champagne-agrapart-avizoise-2015\/","title":{"rendered":"Champagne Agrapart Avizoise 2015"},"content":{"rendered":"","protected":false},"excerpt":{"rendered":"<p>Fondata nel 1894 da Arthur Agrapart, questa straordinaria tenuta in Avize ha acquisito gran parte dei suoi vigneti nel corso del 1950 e &#8217;60, grazie a Pierre, nipote di Arthur. Dal 1984 la cantina \u00e8 gestita da Pascal Agrapart e da suo fratello Fabrice, che hanno portato la maison \u00e8 livelli qualitativi davvero importanti, utilizzando una viticoltura naturale e trasmettendo nei loro Champagne l&#8217;espressione del terroir unico di Avize. Questo Champagne, come affermo lo stesso Pascal, \u00e8 una delle tante manifestazioni del terroir di Avize, delle peculiarit\u00e0 dei suoi vigneti e delle uve con le quali \u00e8 prodotto, \u00e8 uno Champagne davvero unico, dotato di un equilibrio e di una mineralit\u00e0 straordinari, simbolo di una maison e di un territorio che sanno donare ai vini una personalit\u00e0 incredibile e unica<\/p>\n","protected":false},"featured_media":18031,"template":"","meta":{"_acf_changed":false},"product_brand":[],"product_cat":[2599],"product_tag":[],"class_list":{"0":"post-10072","1":"product","2":"type-product","3":"status-publish","4":"has-post-thumbnail","6":"product_cat-champagne-en","8":"first","9":"outofstock","10":"purchasable","11":"product-type-simple"},"acf":[],"yoast_head":"<!-- This site is optimized with the Yoast SEO plugin v27.4 - https:\/\/yoast.com\/product\/yoast-seo-wordpress\/ -->\n<title>Champagne Agrapart Avizoise 2015 - Vinoso Modena<\/title>\n<meta name=\"robots\" content=\"index, follow, max-snippet:-1, max-image-preview:large, max-video-preview:-1\" \/>\n<link rel=\"canonical\" href=\"https:\/\/vinosomodena.it\/en\/prodotto\/champagne-agrapart-avizoise-2015\/\" \/>\n<meta property=\"og:locale\" content=\"en_US\" \/>\n<meta property=\"og:type\" content=\"article\" \/>\n<meta property=\"og:title\" content=\"Champagne Agrapart Avizoise 2015 - Vinoso Modena\" \/>\n<meta property=\"og:description\" content=\"Fondata nel 1894 da Arthur Agrapart, questa straordinaria tenuta in Avize ha acquisito gran parte dei suoi vigneti nel corso del 1950 e &#039;60, grazie a Pierre, nipote di Arthur. Dal 1984 la cantina \u00e8 gestita da Pascal Agrapart e da suo fratello Fabrice, che hanno portato la maison \u00e8 livelli qualitativi davvero importanti, utilizzando una viticoltura naturale e trasmettendo nei loro Champagne l&#039;espressione del terroir unico di Avize. Questo Champagne, come affermo lo stesso Pascal, \u00e8 una delle tante manifestazioni del terroir di Avize, delle peculiarit\u00e0 dei suoi vigneti e delle uve con le quali \u00e8 prodotto, \u00e8 uno Champagne davvero unico, dotato di un equilibrio e di una mineralit\u00e0 straordinari, simbolo di una maison e di un territorio che sanno donare ai vini una personalit\u00e0 incredibile e unica\" \/>\n<meta property=\"og:url\" content=\"https:\/\/vinosomodena.it\/en\/prodotto\/champagne-agrapart-avizoise-2015\/\" \/>\n<meta property=\"og:site_name\" content=\"Vinoso Modena\" \/>\n<meta property=\"article:modified_time\" content=\"2024-08-19T20:23:48+00:00\" \/>\n<meta property=\"og:image\" content=\"https:\/\/vinosomodena.it\/wp-content\/uploads\/2024\/08\/avizoise.jpg\" \/>\n\t<meta property=\"og:image:width\" content=\"1500\" \/>\n\t<meta property=\"og:image:height\" content=\"1923\" \/>\n\t<meta property=\"og:image:type\" content=\"image\/jpeg\" \/>\n<meta name=\"twitter:card\" content=\"summary_large_image\" \/>\n<script type=\"application\/ld+json\" class=\"yoast-schema-graph\">{\"@context\":\"https:\\\/\\\/schema.org\",\"@graph\":[{\"@type\":\"WebPage\",\"@id\":\"https:\\\/\\\/vinosomodena.it\\\/en\\\/prodotto\\\/champagne-agrapart-avizoise-2015\\\/\",\"url\":\"https:\\\/\\\/vinosomodena.it\\\/en\\\/prodotto\\\/champagne-agrapart-avizoise-2015\\\/\",\"name\":\"Champagne Agrapart Avizoise 2015 - Vinoso Modena\",\"isPartOf\":{\"@id\":\"https:\\\/\\\/vinosomodena.it\\\/#website\"},\"primaryImageOfPage\":{\"@id\":\"https:\\\/\\\/vinosomodena.it\\\/en\\\/prodotto\\\/champagne-agrapart-avizoise-2015\\\/#primaryimage\"},\"image\":{\"@id\":\"https:\\\/\\\/vinosomodena.it\\\/en\\\/prodotto\\\/champagne-agrapart-avizoise-2015\\\/#primaryimage\"},\"thumbnailUrl\":\"https:\\\/\\\/vinosomodena.it\\\/wp-content\\\/uploads\\\/2024\\\/08\\\/avizoise.jpg\",\"datePublished\":\"2023-02-08T12:46:41+00:00\",\"dateModified\":\"2024-08-19T20:23:48+00:00\",\"breadcrumb\":{\"@id\":\"https:\\\/\\\/vinosomodena.it\\\/en\\\/prodotto\\\/champagne-agrapart-avizoise-2015\\\/#breadcrumb\"},\"inLanguage\":\"en-US\",\"potentialAction\":[{\"@type\":\"ReadAction\",\"target\":[\"https:\\\/\\\/vinosomodena.it\\\/en\\\/prodotto\\\/champagne-agrapart-avizoise-2015\\\/\"]}]},{\"@type\":\"ImageObject\",\"inLanguage\":\"en-US\",\"@id\":\"https:\\\/\\\/vinosomodena.it\\\/en\\\/prodotto\\\/champagne-agrapart-avizoise-2015\\\/#primaryimage\",\"url\":\"https:\\\/\\\/vinosomodena.it\\\/wp-content\\\/uploads\\\/2024\\\/08\\\/avizoise.jpg\",\"contentUrl\":\"https:\\\/\\\/vinosomodena.it\\\/wp-content\\\/uploads\\\/2024\\\/08\\\/avizoise.jpg\",\"width\":1500,\"height\":1923},{\"@type\":\"BreadcrumbList\",\"@id\":\"https:\\\/\\\/vinosomodena.it\\\/en\\\/prodotto\\\/champagne-agrapart-avizoise-2015\\\/#breadcrumb\",\"itemListElement\":[{\"@type\":\"ListItem\",\"position\":1,\"name\":\"Home\",\"item\":\"https:\\\/\\\/vinosomodena.it\\\/\"},{\"@type\":\"ListItem\",\"position\":2,\"name\":\"Shop\",\"item\":\"https:\\\/\\\/vinosomodena.it\\\/negozio\\\/\"},{\"@type\":\"ListItem\",\"position\":3,\"name\":\"Champagne Agrapart Avizoise 2015\"}]},{\"@type\":\"WebSite\",\"@id\":\"https:\\\/\\\/vinosomodena.it\\\/#website\",\"url\":\"https:\\\/\\\/vinosomodena.it\\\/\",\"name\":\"Vinoso Modena\",\"description\":\"I migliori vini, le annate storiche e molto altro ancora.\",\"potentialAction\":[{\"@type\":\"SearchAction\",\"target\":{\"@type\":\"EntryPoint\",\"urlTemplate\":\"https:\\\/\\\/vinosomodena.it\\\/?s={search_term_string}\"},\"query-input\":{\"@type\":\"PropertyValueSpecification\",\"valueRequired\":true,\"valueName\":\"search_term_string\"}}],\"inLanguage\":\"en-US\"}]}<\/script>\n<!-- \/ Yoast SEO plugin. -->","yoast_head_json":{"title":"Champagne Agrapart Avizoise 2015 - Vinoso Modena","robots":{"index":"index","follow":"follow","max-snippet":"max-snippet:-1","max-image-preview":"max-image-preview:large","max-video-preview":"max-video-preview:-1"},"canonical":"https:\/\/vinosomodena.it\/en\/prodotto\/champagne-agrapart-avizoise-2015\/","og_locale":"en_US","og_type":"article","og_title":"Champagne Agrapart Avizoise 2015 - Vinoso Modena","og_description":"Fondata nel 1894 da Arthur Agrapart, questa straordinaria tenuta in Avize ha acquisito gran parte dei suoi vigneti nel corso del 1950 e '60, grazie a Pierre, nipote di Arthur. Dal 1984 la cantina \u00e8 gestita da Pascal Agrapart e da suo fratello Fabrice, che hanno portato la maison \u00e8 livelli qualitativi davvero importanti, utilizzando una viticoltura naturale e trasmettendo nei loro Champagne l'espressione del terroir unico di Avize. Questo Champagne, come affermo lo stesso Pascal, \u00e8 una delle tante manifestazioni del terroir di Avize, delle peculiarit\u00e0 dei suoi vigneti e delle uve con le quali \u00e8 prodotto, \u00e8 uno Champagne davvero unico, dotato di un equilibrio e di una mineralit\u00e0 straordinari, simbolo di una maison e di un territorio che sanno donare ai vini una personalit\u00e0 incredibile e unica","og_url":"https:\/\/vinosomodena.it\/en\/prodotto\/champagne-agrapart-avizoise-2015\/","og_site_name":"Vinoso Modena","article_modified_time":"2024-08-19T20:23:48+00:00","og_image":[{"width":1500,"height":1923,"url":"https:\/\/vinosomodena.it\/wp-content\/uploads\/2024\/08\/avizoise.jpg","type":"image\/jpeg"}],"twitter_card":"summary_large_image","schema":{"@context":"https:\/\/schema.org","@graph":[{"@type":"WebPage","@id":"https:\/\/vinosomodena.it\/en\/prodotto\/champagne-agrapart-avizoise-2015\/","url":"https:\/\/vinosomodena.it\/en\/prodotto\/champagne-agrapart-avizoise-2015\/","name":"Champagne Agrapart Avizoise 2015 - Vinoso Modena","isPartOf":{"@id":"https:\/\/vinosomodena.it\/#website"},"primaryImageOfPage":{"@id":"https:\/\/vinosomodena.it\/en\/prodotto\/champagne-agrapart-avizoise-2015\/#primaryimage"},"image":{"@id":"https:\/\/vinosomodena.it\/en\/prodotto\/champagne-agrapart-avizoise-2015\/#primaryimage"},"thumbnailUrl":"https:\/\/vinosomodena.it\/wp-content\/uploads\/2024\/08\/avizoise.jpg","datePublished":"2023-02-08T12:46:41+00:00","dateModified":"2024-08-19T20:23:48+00:00","breadcrumb":{"@id":"https:\/\/vinosomodena.it\/en\/prodotto\/champagne-agrapart-avizoise-2015\/#breadcrumb"},"inLanguage":"en-US","potentialAction":[{"@type":"ReadAction","target":["https:\/\/vinosomodena.it\/en\/prodotto\/champagne-agrapart-avizoise-2015\/"]}]},{"@type":"ImageObject","inLanguage":"en-US","@id":"https:\/\/vinosomodena.it\/en\/prodotto\/champagne-agrapart-avizoise-2015\/#primaryimage","url":"https:\/\/vinosomodena.it\/wp-content\/uploads\/2024\/08\/avizoise.jpg","contentUrl":"https:\/\/vinosomodena.it\/wp-content\/uploads\/2024\/08\/avizoise.jpg","width":1500,"height":1923},{"@type":"BreadcrumbList","@id":"https:\/\/vinosomodena.it\/en\/prodotto\/champagne-agrapart-avizoise-2015\/#breadcrumb","itemListElement":[{"@type":"ListItem","position":1,"name":"Home","item":"https:\/\/vinosomodena.it\/"},{"@type":"ListItem","position":2,"name":"Shop","item":"https:\/\/vinosomodena.it\/negozio\/"},{"@type":"ListItem","position":3,"name":"Champagne Agrapart Avizoise 2015"}]},{"@type":"WebSite","@id":"https:\/\/vinosomodena.it\/#website","url":"https:\/\/vinosomodena.it\/","name":"Vinoso Modena","description":"I migliori vini, le annate storiche e molto altro ancora.","potentialAction":[{"@type":"SearchAction","target":{"@type":"EntryPoint","urlTemplate":"https:\/\/vinosomodena.it\/?s={search_term_string}"},"query-input":{"@type":"PropertyValueSpecification","valueRequired":true,"valueName":"search_term_string"}}],"inLanguage":"en-US"}]}},"jetpack_sharing_enabled":true,"_links":{"self":[{"href":"https:\/\/vinosomodena.it\/en\/wp-json\/wp\/v2\/product\/10072","targetHints":{"allow":["GET"]}}],"collection":[{"href":"https:\/\/vinosomodena.it\/en\/wp-json\/wp\/v2\/product"}],"about":[{"href":"https:\/\/vinosomodena.it\/en\/wp-json\/wp\/v2\/types\/product"}],"wp:featuredmedia":[{"embeddable":true,"href":"https:\/\/vinosomodena.it\/en\/wp-json\/wp\/v2\/media\/18031"}],"wp:attachment":[{"href":"https:\/\/vinosomodena.it\/en\/wp-json\/wp\/v2\/media?parent=10072"}],"wp:term":[{"taxonomy":"product_brand","embeddable":true,"href":"https:\/\/vinosomodena.it\/en\/wp-json\/wp\/v2\/product_brand?post=10072"},{"taxonomy":"product_cat","embeddable":true,"href":"https:\/\/vinosomodena.it\/en\/wp-json\/wp\/v2\/product_cat?post=10072"},{"taxonomy":"product_tag","embeddable":true,"href":"https:\/\/vinosomodena.it\/en\/wp-json\/wp\/v2\/product_tag?post=10072"}],"curies":[{"name":"wp","href":"https:\/\/api.w.org\/{rel}","templated":true}]}}