{"id":10078,"date":"2023-02-08T13:33:49","date_gmt":"2023-02-08T12:33:49","guid":{"rendered":"https:\/\/vinosomodena.it\/prodotto\/terlan-vorberg-riservsa-mg-2008\/"},"modified":"2025-02-20T14:25:13","modified_gmt":"2025-02-20T13:25:13","slug":"terlan-vorberg-riservsa-mg-2008","status":"publish","type":"product","link":"https:\/\/vinosomodena.it\/en\/prodotto\/terlan-vorberg-riservsa-mg-2008\/","title":{"rendered":"Terlan Vorberg Riservsa MG 2008"},"content":{"rendered":"","protected":false},"excerpt":{"rendered":"<p>Il Pinot Bianco Vorberg nasce dall&#8217;esperienza e dalla passione dei produttori della Cantina Terlano, una cantina moderna situata sulle colline a ovest di Bolzano. Rudi Kofler \u00e8 il giovane e capace enologo della cantina, coadiuvato dall\u2019agronomo Norbert Spitaler. Per garantire un alto livello qualitativo hanno deciso di orientare la produzione verso un approccio pi\u00f9 naturale, \u00e8 stato cos\u00ec bandito il diserbo chimico e la cantina \u00e8 intenzionata a seguire una gestione sostanzialmente biologica. Questo terroir vulcanico, sabbioso e ciottoloso conferisce una \u201cgrinta\u201d e sapidit\u00e0 del tutto particolare, il vino esprime un bouquet ricco e variegato, dai profumi intriganti, fruttati e armoniosi, e un sapore aromatico e spiccatamente minerale. Un vino pieno, complesso ed elegante, dal grande potenziale d\u2019invecchiamento, capace di attraversare il tempo con disinvoltura regalando grandi emozioni<\/p>\n","protected":false},"featured_media":20543,"template":"","meta":{"_acf_changed":false},"product_brand":[],"product_cat":[2589],"product_tag":[],"class_list":{"0":"post-10078","1":"product","2":"type-product","3":"status-publish","4":"has-post-thumbnail","6":"product_cat-white-wine","8":"first","9":"outofstock","10":"purchasable","11":"product-type-simple"},"acf":[],"yoast_head":"<!-- This site is optimized with the Yoast SEO plugin v27.0 - https:\/\/yoast.com\/product\/yoast-seo-wordpress\/ -->\n<title>Terlan Vorberg Riservsa MG 2008 - Vinoso Modena<\/title>\n<meta name=\"robots\" content=\"index, follow, max-snippet:-1, max-image-preview:large, max-video-preview:-1\" \/>\n<link rel=\"canonical\" href=\"https:\/\/vinosomodena.it\/en\/prodotto\/terlan-vorberg-riservsa-mg-2008\/\" \/>\n<meta property=\"og:locale\" content=\"en_US\" \/>\n<meta property=\"og:type\" content=\"article\" \/>\n<meta property=\"og:title\" content=\"Terlan Vorberg Riservsa MG 2008 - Vinoso Modena\" \/>\n<meta property=\"og:description\" content=\"Il Pinot Bianco Vorberg nasce dall&#039;esperienza e dalla passione dei produttori della Cantina Terlano, una cantina moderna situata sulle colline a ovest di Bolzano. Rudi Kofler \u00e8 il giovane e capace enologo della cantina, coadiuvato dall\u2019agronomo Norbert Spitaler. Per garantire un alto livello qualitativo hanno deciso di orientare la produzione verso un approccio pi\u00f9 naturale, \u00e8 stato cos\u00ec bandito il diserbo chimico e la cantina \u00e8 intenzionata a seguire una gestione sostanzialmente biologica. Questo terroir vulcanico, sabbioso e ciottoloso conferisce una \u201cgrinta\u201d e sapidit\u00e0 del tutto particolare, il vino esprime un bouquet ricco e variegato, dai profumi intriganti, fruttati e armoniosi, e un sapore aromatico e spiccatamente minerale. Un vino pieno, complesso ed elegante, dal grande potenziale d\u2019invecchiamento, capace di attraversare il tempo con disinvoltura regalando grandi emozioni\" \/>\n<meta property=\"og:url\" content=\"https:\/\/vinosomodena.it\/en\/prodotto\/terlan-vorberg-riservsa-mg-2008\/\" \/>\n<meta property=\"og:site_name\" content=\"Vinoso Modena\" \/>\n<meta property=\"article:modified_time\" content=\"2025-02-20T13:25:13+00:00\" \/>\n<meta property=\"og:image\" content=\"https:\/\/vinosomodena.it\/wp-content\/uploads\/2025\/02\/terlanvorberg2009MG-1.jpg\" \/>\n\t<meta property=\"og:image:width\" content=\"1500\" \/>\n\t<meta property=\"og:image:height\" content=\"1923\" \/>\n\t<meta property=\"og:image:type\" content=\"image\/jpeg\" \/>\n<meta name=\"twitter:card\" content=\"summary_large_image\" \/>\n<script type=\"application\/ld+json\" class=\"yoast-schema-graph\">{\"@context\":\"https:\/\/schema.org\",\"@graph\":[{\"@type\":\"WebPage\",\"@id\":\"https:\/\/vinosomodena.it\/en\/prodotto\/terlan-vorberg-riservsa-mg-2008\/\",\"url\":\"https:\/\/vinosomodena.it\/en\/prodotto\/terlan-vorberg-riservsa-mg-2008\/\",\"name\":\"Terlan Vorberg Riservsa MG 2008 - Vinoso Modena\",\"isPartOf\":{\"@id\":\"https:\/\/vinosomodena.it\/#website\"},\"primaryImageOfPage\":{\"@id\":\"https:\/\/vinosomodena.it\/en\/prodotto\/terlan-vorberg-riservsa-mg-2008\/#primaryimage\"},\"image\":{\"@id\":\"https:\/\/vinosomodena.it\/en\/prodotto\/terlan-vorberg-riservsa-mg-2008\/#primaryimage\"},\"thumbnailUrl\":\"https:\/\/vinosomodena.it\/wp-content\/uploads\/2025\/02\/terlanvorberg2009MG-1.jpg\",\"datePublished\":\"2023-02-08T12:33:49+00:00\",\"dateModified\":\"2025-02-20T13:25:13+00:00\",\"breadcrumb\":{\"@id\":\"https:\/\/vinosomodena.it\/en\/prodotto\/terlan-vorberg-riservsa-mg-2008\/#breadcrumb\"},\"inLanguage\":\"en-US\",\"potentialAction\":[{\"@type\":\"ReadAction\",\"target\":[\"https:\/\/vinosomodena.it\/en\/prodotto\/terlan-vorberg-riservsa-mg-2008\/\"]}]},{\"@type\":\"ImageObject\",\"inLanguage\":\"en-US\",\"@id\":\"https:\/\/vinosomodena.it\/en\/prodotto\/terlan-vorberg-riservsa-mg-2008\/#primaryimage\",\"url\":\"https:\/\/vinosomodena.it\/wp-content\/uploads\/2025\/02\/terlanvorberg2009MG-1.jpg\",\"contentUrl\":\"https:\/\/vinosomodena.it\/wp-content\/uploads\/2025\/02\/terlanvorberg2009MG-1.jpg\",\"width\":1500,\"height\":1923},{\"@type\":\"BreadcrumbList\",\"@id\":\"https:\/\/vinosomodena.it\/en\/prodotto\/terlan-vorberg-riservsa-mg-2008\/#breadcrumb\",\"itemListElement\":[{\"@type\":\"ListItem\",\"position\":1,\"name\":\"Home\",\"item\":\"https:\/\/vinosomodena.it\/\"},{\"@type\":\"ListItem\",\"position\":2,\"name\":\"Shop\",\"item\":\"https:\/\/vinosomodena.it\/negozio\/\"},{\"@type\":\"ListItem\",\"position\":3,\"name\":\"Terlan Vorberg Riservsa MG 2008\"}]},{\"@type\":\"WebSite\",\"@id\":\"https:\/\/vinosomodena.it\/#website\",\"url\":\"https:\/\/vinosomodena.it\/\",\"name\":\"Vinoso Modena\",\"description\":\"I migliori vini, le annate storiche e molto altro ancora.\",\"potentialAction\":[{\"@type\":\"SearchAction\",\"target\":{\"@type\":\"EntryPoint\",\"urlTemplate\":\"https:\/\/vinosomodena.it\/?s={search_term_string}\"},\"query-input\":{\"@type\":\"PropertyValueSpecification\",\"valueRequired\":true,\"valueName\":\"search_term_string\"}}],\"inLanguage\":\"en-US\"}]}<\/script>\n<!-- \/ Yoast SEO plugin. -->","yoast_head_json":{"title":"Terlan Vorberg Riservsa MG 2008 - Vinoso Modena","robots":{"index":"index","follow":"follow","max-snippet":"max-snippet:-1","max-image-preview":"max-image-preview:large","max-video-preview":"max-video-preview:-1"},"canonical":"https:\/\/vinosomodena.it\/en\/prodotto\/terlan-vorberg-riservsa-mg-2008\/","og_locale":"en_US","og_type":"article","og_title":"Terlan Vorberg Riservsa MG 2008 - Vinoso Modena","og_description":"Il Pinot Bianco Vorberg nasce dall'esperienza e dalla passione dei produttori della Cantina Terlano, una cantina moderna situata sulle colline a ovest di Bolzano. Rudi Kofler \u00e8 il giovane e capace enologo della cantina, coadiuvato dall\u2019agronomo Norbert Spitaler. Per garantire un alto livello qualitativo hanno deciso di orientare la produzione verso un approccio pi\u00f9 naturale, \u00e8 stato cos\u00ec bandito il diserbo chimico e la cantina \u00e8 intenzionata a seguire una gestione sostanzialmente biologica. Questo terroir vulcanico, sabbioso e ciottoloso conferisce una \u201cgrinta\u201d e sapidit\u00e0 del tutto particolare, il vino esprime un bouquet ricco e variegato, dai profumi intriganti, fruttati e armoniosi, e un sapore aromatico e spiccatamente minerale. Un vino pieno, complesso ed elegante, dal grande potenziale d\u2019invecchiamento, capace di attraversare il tempo con disinvoltura regalando grandi emozioni","og_url":"https:\/\/vinosomodena.it\/en\/prodotto\/terlan-vorberg-riservsa-mg-2008\/","og_site_name":"Vinoso Modena","article_modified_time":"2025-02-20T13:25:13+00:00","og_image":[{"width":1500,"height":1923,"url":"https:\/\/vinosomodena.it\/wp-content\/uploads\/2025\/02\/terlanvorberg2009MG-1.jpg","type":"image\/jpeg"}],"twitter_card":"summary_large_image","schema":{"@context":"https:\/\/schema.org","@graph":[{"@type":"WebPage","@id":"https:\/\/vinosomodena.it\/en\/prodotto\/terlan-vorberg-riservsa-mg-2008\/","url":"https:\/\/vinosomodena.it\/en\/prodotto\/terlan-vorberg-riservsa-mg-2008\/","name":"Terlan Vorberg Riservsa MG 2008 - Vinoso Modena","isPartOf":{"@id":"https:\/\/vinosomodena.it\/#website"},"primaryImageOfPage":{"@id":"https:\/\/vinosomodena.it\/en\/prodotto\/terlan-vorberg-riservsa-mg-2008\/#primaryimage"},"image":{"@id":"https:\/\/vinosomodena.it\/en\/prodotto\/terlan-vorberg-riservsa-mg-2008\/#primaryimage"},"thumbnailUrl":"https:\/\/vinosomodena.it\/wp-content\/uploads\/2025\/02\/terlanvorberg2009MG-1.jpg","datePublished":"2023-02-08T12:33:49+00:00","dateModified":"2025-02-20T13:25:13+00:00","breadcrumb":{"@id":"https:\/\/vinosomodena.it\/en\/prodotto\/terlan-vorberg-riservsa-mg-2008\/#breadcrumb"},"inLanguage":"en-US","potentialAction":[{"@type":"ReadAction","target":["https:\/\/vinosomodena.it\/en\/prodotto\/terlan-vorberg-riservsa-mg-2008\/"]}]},{"@type":"ImageObject","inLanguage":"en-US","@id":"https:\/\/vinosomodena.it\/en\/prodotto\/terlan-vorberg-riservsa-mg-2008\/#primaryimage","url":"https:\/\/vinosomodena.it\/wp-content\/uploads\/2025\/02\/terlanvorberg2009MG-1.jpg","contentUrl":"https:\/\/vinosomodena.it\/wp-content\/uploads\/2025\/02\/terlanvorberg2009MG-1.jpg","width":1500,"height":1923},{"@type":"BreadcrumbList","@id":"https:\/\/vinosomodena.it\/en\/prodotto\/terlan-vorberg-riservsa-mg-2008\/#breadcrumb","itemListElement":[{"@type":"ListItem","position":1,"name":"Home","item":"https:\/\/vinosomodena.it\/"},{"@type":"ListItem","position":2,"name":"Shop","item":"https:\/\/vinosomodena.it\/negozio\/"},{"@type":"ListItem","position":3,"name":"Terlan Vorberg Riservsa MG 2008"}]},{"@type":"WebSite","@id":"https:\/\/vinosomodena.it\/#website","url":"https:\/\/vinosomodena.it\/","name":"Vinoso Modena","description":"I migliori vini, le annate storiche e molto altro ancora.","potentialAction":[{"@type":"SearchAction","target":{"@type":"EntryPoint","urlTemplate":"https:\/\/vinosomodena.it\/?s={search_term_string}"},"query-input":{"@type":"PropertyValueSpecification","valueRequired":true,"valueName":"search_term_string"}}],"inLanguage":"en-US"}]}},"jetpack_sharing_enabled":true,"_links":{"self":[{"href":"https:\/\/vinosomodena.it\/en\/wp-json\/wp\/v2\/product\/10078","targetHints":{"allow":["GET"]}}],"collection":[{"href":"https:\/\/vinosomodena.it\/en\/wp-json\/wp\/v2\/product"}],"about":[{"href":"https:\/\/vinosomodena.it\/en\/wp-json\/wp\/v2\/types\/product"}],"wp:featuredmedia":[{"embeddable":true,"href":"https:\/\/vinosomodena.it\/en\/wp-json\/wp\/v2\/media\/20543"}],"wp:attachment":[{"href":"https:\/\/vinosomodena.it\/en\/wp-json\/wp\/v2\/media?parent=10078"}],"wp:term":[{"taxonomy":"product_brand","embeddable":true,"href":"https:\/\/vinosomodena.it\/en\/wp-json\/wp\/v2\/product_brand?post=10078"},{"taxonomy":"product_cat","embeddable":true,"href":"https:\/\/vinosomodena.it\/en\/wp-json\/wp\/v2\/product_cat?post=10078"},{"taxonomy":"product_tag","embeddable":true,"href":"https:\/\/vinosomodena.it\/en\/wp-json\/wp\/v2\/product_tag?post=10078"}],"curies":[{"name":"wp","href":"https:\/\/api.w.org\/{rel}","templated":true}]}}