{"id":10092,"date":"2023-02-08T13:13:30","date_gmt":"2023-02-08T12:13:30","guid":{"rendered":"https:\/\/vinosomodena.it\/prodotto\/quintarelli-valpolicella-classico-2013\/"},"modified":"2026-03-13T17:23:12","modified_gmt":"2026-03-13T16:23:12","slug":"quintarelli-valpolicella-classico-2013","status":"publish","type":"product","link":"https:\/\/vinosomodena.it\/en\/prodotto\/quintarelli-valpolicella-classico-2013\/","title":{"rendered":"Quintarelli Valpolicella Classico 2018 DOC"},"content":{"rendered":"<p>Questo Valpolicella Classico Superiore si presenta, sin dai primi istanti, come un rosso dotato di grande completezza di gusto, e con uno spettro olfattivo ottimamente sviluppato. Nulla \u00e8 infatti fuori posto in questa bottiglia firmata Quintarelli, realt\u00e0 produttiva che, per tutti gli appassionati, incarna il meglio di ci\u00f2 che la Valpolicella pu\u00f2 offrire. Si tratta infatti di una cantina nata a inizio \u2018900, che ha rivoluzionato il modo di fare vino in Veneto, e che \u00e8 stata fonte d\u2019ispirazione per tanti viticoltori della zona con i suoi prodotti. Proprio come questo Valpolicella Classico Superiore, taglio dove vitigni autoctoni e internazionali si fondono in un\u2019unica\u00a0anima fatta di eleganza e personalit\u00e0<\/p>\n","protected":false},"excerpt":{"rendered":"<p>Questo Valpolicella Classico Superiore si presenta, sin dai primi istanti, come un rosso dotato di grande completezza di gusto, e con uno spettro olfattivo ottimamente sviluppato. Nulla \u00e8 infatti fuori posto in questa bottiglia firmata Quintarelli, realt\u00e0 produttiva che, per tutti gli appassionati, incarna il meglio di ci\u00f2 che la Valpolicella pu\u00f2 offrire. Si tratta infatti di una cantina nata a inizio \u2018900, che ha rivoluzionato il modo di fare vino in Veneto, e che \u00e8 stata fonte d\u2019ispirazione per tanti viticoltori della zona con i suoi prodotti. Proprio come questo Valpolicella Classico Superiore, taglio dove vitigni autoctoni e internazionali si fondono in un\u2019unica\u00a0anima fatta di eleganza e personalit\u00e0.<\/p>\n","protected":false},"featured_media":24246,"template":"","meta":{"_acf_changed":false},"product_brand":[],"product_cat":[2579],"product_tag":[],"class_list":{"0":"post-10092","1":"product","2":"type-product","3":"status-publish","4":"has-post-thumbnail","6":"product_cat-red-wine","8":"first","9":"instock","10":"purchasable","11":"product-type-simple"},"acf":[],"yoast_head":"<!-- This site is optimized with the Yoast SEO plugin v27.0 - https:\/\/yoast.com\/product\/yoast-seo-wordpress\/ -->\n<title>Quintarelli Valpolicella Classico 2018 DOC - Vinoso Modena<\/title>\n<meta name=\"robots\" content=\"index, follow, max-snippet:-1, max-image-preview:large, max-video-preview:-1\" \/>\n<link rel=\"canonical\" href=\"https:\/\/vinosomodena.it\/en\/prodotto\/quintarelli-valpolicella-classico-2013\/\" \/>\n<meta property=\"og:locale\" content=\"en_US\" \/>\n<meta property=\"og:type\" content=\"article\" \/>\n<meta property=\"og:title\" content=\"Quintarelli Valpolicella Classico 2018 DOC - Vinoso Modena\" \/>\n<meta property=\"og:description\" content=\"Questo Valpolicella Classico Superiore si presenta, sin dai primi istanti, come un rosso dotato di grande completezza di gusto, e con uno spettro olfattivo ottimamente sviluppato. Nulla \u00e8 infatti fuori posto in questa bottiglia firmata Quintarelli, realt\u00e0 produttiva che, per tutti gli appassionati, incarna il meglio di ci\u00f2 che la Valpolicella pu\u00f2 offrire. Si tratta infatti di una cantina nata a inizio \u2018900, che ha rivoluzionato il modo di fare vino in Veneto, e che \u00e8 stata fonte d\u2019ispirazione per tanti viticoltori della zona con i suoi prodotti. Proprio come questo Valpolicella Classico Superiore, taglio dove vitigni autoctoni e internazionali si fondono in un\u2019unica\u00a0anima fatta di eleganza e personalit\u00e0.\" \/>\n<meta property=\"og:url\" content=\"https:\/\/vinosomodena.it\/en\/prodotto\/quintarelli-valpolicella-classico-2013\/\" \/>\n<meta property=\"og:site_name\" content=\"Vinoso Modena\" \/>\n<meta property=\"article:modified_time\" content=\"2026-03-13T16:23:12+00:00\" \/>\n<meta property=\"og:image\" content=\"https:\/\/vinosomodena.it\/wp-content\/uploads\/2025\/10\/quintarellivalpolicella-1.jpg\" \/>\n\t<meta property=\"og:image:width\" content=\"1500\" \/>\n\t<meta property=\"og:image:height\" content=\"1923\" \/>\n\t<meta property=\"og:image:type\" content=\"image\/jpeg\" \/>\n<meta name=\"twitter:card\" content=\"summary_large_image\" \/>\n<script type=\"application\/ld+json\" class=\"yoast-schema-graph\">{\"@context\":\"https:\/\/schema.org\",\"@graph\":[{\"@type\":\"WebPage\",\"@id\":\"https:\/\/vinosomodena.it\/en\/prodotto\/quintarelli-valpolicella-classico-2013\/\",\"url\":\"https:\/\/vinosomodena.it\/en\/prodotto\/quintarelli-valpolicella-classico-2013\/\",\"name\":\"Quintarelli Valpolicella Classico 2018 DOC - Vinoso Modena\",\"isPartOf\":{\"@id\":\"https:\/\/vinosomodena.it\/#website\"},\"primaryImageOfPage\":{\"@id\":\"https:\/\/vinosomodena.it\/en\/prodotto\/quintarelli-valpolicella-classico-2013\/#primaryimage\"},\"image\":{\"@id\":\"https:\/\/vinosomodena.it\/en\/prodotto\/quintarelli-valpolicella-classico-2013\/#primaryimage\"},\"thumbnailUrl\":\"https:\/\/vinosomodena.it\/wp-content\/uploads\/2025\/10\/quintarellivalpolicella-1.jpg\",\"datePublished\":\"2023-02-08T12:13:30+00:00\",\"dateModified\":\"2026-03-13T16:23:12+00:00\",\"breadcrumb\":{\"@id\":\"https:\/\/vinosomodena.it\/en\/prodotto\/quintarelli-valpolicella-classico-2013\/#breadcrumb\"},\"inLanguage\":\"en-US\",\"potentialAction\":[{\"@type\":\"ReadAction\",\"target\":[\"https:\/\/vinosomodena.it\/en\/prodotto\/quintarelli-valpolicella-classico-2013\/\"]}]},{\"@type\":\"ImageObject\",\"inLanguage\":\"en-US\",\"@id\":\"https:\/\/vinosomodena.it\/en\/prodotto\/quintarelli-valpolicella-classico-2013\/#primaryimage\",\"url\":\"https:\/\/vinosomodena.it\/wp-content\/uploads\/2025\/10\/quintarellivalpolicella-1.jpg\",\"contentUrl\":\"https:\/\/vinosomodena.it\/wp-content\/uploads\/2025\/10\/quintarellivalpolicella-1.jpg\",\"width\":1500,\"height\":1923},{\"@type\":\"BreadcrumbList\",\"@id\":\"https:\/\/vinosomodena.it\/en\/prodotto\/quintarelli-valpolicella-classico-2013\/#breadcrumb\",\"itemListElement\":[{\"@type\":\"ListItem\",\"position\":1,\"name\":\"Home\",\"item\":\"https:\/\/vinosomodena.it\/\"},{\"@type\":\"ListItem\",\"position\":2,\"name\":\"Shop\",\"item\":\"https:\/\/vinosomodena.it\/negozio\/\"},{\"@type\":\"ListItem\",\"position\":3,\"name\":\"Quintarelli Valpolicella Classico 2018 DOC\"}]},{\"@type\":\"WebSite\",\"@id\":\"https:\/\/vinosomodena.it\/#website\",\"url\":\"https:\/\/vinosomodena.it\/\",\"name\":\"Vinoso Modena\",\"description\":\"I migliori vini, le annate storiche e molto altro ancora.\",\"potentialAction\":[{\"@type\":\"SearchAction\",\"target\":{\"@type\":\"EntryPoint\",\"urlTemplate\":\"https:\/\/vinosomodena.it\/?s={search_term_string}\"},\"query-input\":{\"@type\":\"PropertyValueSpecification\",\"valueRequired\":true,\"valueName\":\"search_term_string\"}}],\"inLanguage\":\"en-US\"}]}<\/script>\n<!-- \/ Yoast SEO plugin. -->","yoast_head_json":{"title":"Quintarelli Valpolicella Classico 2018 DOC - Vinoso Modena","robots":{"index":"index","follow":"follow","max-snippet":"max-snippet:-1","max-image-preview":"max-image-preview:large","max-video-preview":"max-video-preview:-1"},"canonical":"https:\/\/vinosomodena.it\/en\/prodotto\/quintarelli-valpolicella-classico-2013\/","og_locale":"en_US","og_type":"article","og_title":"Quintarelli Valpolicella Classico 2018 DOC - Vinoso Modena","og_description":"Questo Valpolicella Classico Superiore si presenta, sin dai primi istanti, come un rosso dotato di grande completezza di gusto, e con uno spettro olfattivo ottimamente sviluppato. Nulla \u00e8 infatti fuori posto in questa bottiglia firmata Quintarelli, realt\u00e0 produttiva che, per tutti gli appassionati, incarna il meglio di ci\u00f2 che la Valpolicella pu\u00f2 offrire. Si tratta infatti di una cantina nata a inizio \u2018900, che ha rivoluzionato il modo di fare vino in Veneto, e che \u00e8 stata fonte d\u2019ispirazione per tanti viticoltori della zona con i suoi prodotti. Proprio come questo Valpolicella Classico Superiore, taglio dove vitigni autoctoni e internazionali si fondono in un\u2019unica\u00a0anima fatta di eleganza e personalit\u00e0.","og_url":"https:\/\/vinosomodena.it\/en\/prodotto\/quintarelli-valpolicella-classico-2013\/","og_site_name":"Vinoso Modena","article_modified_time":"2026-03-13T16:23:12+00:00","og_image":[{"width":1500,"height":1923,"url":"https:\/\/vinosomodena.it\/wp-content\/uploads\/2025\/10\/quintarellivalpolicella-1.jpg","type":"image\/jpeg"}],"twitter_card":"summary_large_image","schema":{"@context":"https:\/\/schema.org","@graph":[{"@type":"WebPage","@id":"https:\/\/vinosomodena.it\/en\/prodotto\/quintarelli-valpolicella-classico-2013\/","url":"https:\/\/vinosomodena.it\/en\/prodotto\/quintarelli-valpolicella-classico-2013\/","name":"Quintarelli Valpolicella Classico 2018 DOC - Vinoso Modena","isPartOf":{"@id":"https:\/\/vinosomodena.it\/#website"},"primaryImageOfPage":{"@id":"https:\/\/vinosomodena.it\/en\/prodotto\/quintarelli-valpolicella-classico-2013\/#primaryimage"},"image":{"@id":"https:\/\/vinosomodena.it\/en\/prodotto\/quintarelli-valpolicella-classico-2013\/#primaryimage"},"thumbnailUrl":"https:\/\/vinosomodena.it\/wp-content\/uploads\/2025\/10\/quintarellivalpolicella-1.jpg","datePublished":"2023-02-08T12:13:30+00:00","dateModified":"2026-03-13T16:23:12+00:00","breadcrumb":{"@id":"https:\/\/vinosomodena.it\/en\/prodotto\/quintarelli-valpolicella-classico-2013\/#breadcrumb"},"inLanguage":"en-US","potentialAction":[{"@type":"ReadAction","target":["https:\/\/vinosomodena.it\/en\/prodotto\/quintarelli-valpolicella-classico-2013\/"]}]},{"@type":"ImageObject","inLanguage":"en-US","@id":"https:\/\/vinosomodena.it\/en\/prodotto\/quintarelli-valpolicella-classico-2013\/#primaryimage","url":"https:\/\/vinosomodena.it\/wp-content\/uploads\/2025\/10\/quintarellivalpolicella-1.jpg","contentUrl":"https:\/\/vinosomodena.it\/wp-content\/uploads\/2025\/10\/quintarellivalpolicella-1.jpg","width":1500,"height":1923},{"@type":"BreadcrumbList","@id":"https:\/\/vinosomodena.it\/en\/prodotto\/quintarelli-valpolicella-classico-2013\/#breadcrumb","itemListElement":[{"@type":"ListItem","position":1,"name":"Home","item":"https:\/\/vinosomodena.it\/"},{"@type":"ListItem","position":2,"name":"Shop","item":"https:\/\/vinosomodena.it\/negozio\/"},{"@type":"ListItem","position":3,"name":"Quintarelli Valpolicella Classico 2018 DOC"}]},{"@type":"WebSite","@id":"https:\/\/vinosomodena.it\/#website","url":"https:\/\/vinosomodena.it\/","name":"Vinoso Modena","description":"I migliori vini, le annate storiche e molto altro ancora.","potentialAction":[{"@type":"SearchAction","target":{"@type":"EntryPoint","urlTemplate":"https:\/\/vinosomodena.it\/?s={search_term_string}"},"query-input":{"@type":"PropertyValueSpecification","valueRequired":true,"valueName":"search_term_string"}}],"inLanguage":"en-US"}]}},"jetpack_sharing_enabled":true,"_links":{"self":[{"href":"https:\/\/vinosomodena.it\/en\/wp-json\/wp\/v2\/product\/10092","targetHints":{"allow":["GET"]}}],"collection":[{"href":"https:\/\/vinosomodena.it\/en\/wp-json\/wp\/v2\/product"}],"about":[{"href":"https:\/\/vinosomodena.it\/en\/wp-json\/wp\/v2\/types\/product"}],"wp:featuredmedia":[{"embeddable":true,"href":"https:\/\/vinosomodena.it\/en\/wp-json\/wp\/v2\/media\/24246"}],"wp:attachment":[{"href":"https:\/\/vinosomodena.it\/en\/wp-json\/wp\/v2\/media?parent=10092"}],"wp:term":[{"taxonomy":"product_brand","embeddable":true,"href":"https:\/\/vinosomodena.it\/en\/wp-json\/wp\/v2\/product_brand?post=10092"},{"taxonomy":"product_cat","embeddable":true,"href":"https:\/\/vinosomodena.it\/en\/wp-json\/wp\/v2\/product_cat?post=10092"},{"taxonomy":"product_tag","embeddable":true,"href":"https:\/\/vinosomodena.it\/en\/wp-json\/wp\/v2\/product_tag?post=10092"}],"curies":[{"name":"wp","href":"https:\/\/api.w.org\/{rel}","templated":true}]}}