{"id":10140,"date":"2022-11-24T16:06:21","date_gmt":"2022-11-24T15:06:21","guid":{"rendered":"https:\/\/vinosomodena.it\/?post_type=product&#038;p=10140"},"modified":"2026-02-19T19:26:25","modified_gmt":"2026-02-19T18:26:25","slug":"poderi-aldo-conterno-colonnello-2018","status":"publish","type":"product","link":"https:\/\/vinosomodena.it\/en\/prodotto\/poderi-aldo-conterno-colonnello-2018\/","title":{"rendered":"Poderi Aldo Conterno Barolo  Colonnello 2018"},"content":{"rendered":"<p>Tra i tre cru di Bussia che i Poderi Aldo Conterno vinificano separatamente quello conosciuto come \u201cColonnello\u201d \u00e8 certamente il pi\u00f9 facile da leggere, il pi\u00f9 composto e probabilmente il meno austero. Un meraviglioso Barolo di Monforte che matura in grandi botti di rovere di Slavonia per 28 mesi e che nel bicchiere spicca per beva. Elegante, soave, aggraziato, \u00e8 il classico Barolo capace di mettere d\u2019accordo anche i palati pi\u00f9 esigenti. Un Barolo per innamorarsi del Barolo<\/p>\n","protected":false},"excerpt":{"rendered":"<p>Tra i tre cru di Bussia che i Poderi Aldo Conterno vinificano separatamente quello conosciuto come \u201cColonnello\u201d \u00e8 certamente il pi\u00f9 facile da leggere, il pi\u00f9 composto e probabilmente il meno austero. Un meraviglioso Barolo di Monforte che matura in grandi botti di rovere di Slavonia per 28 mesi e che nel bicchiere spicca per beva. Elegante, soave, aggraziato, \u00e8 il classico Barolo capace di mettere d\u2019accordo anche i palati pi\u00f9 esigenti. Un Barolo per innamorarsi del Barolo<\/p>\n","protected":false},"featured_media":20755,"template":"","meta":{"_acf_changed":false},"product_brand":[],"product_cat":[2579],"product_tag":[],"class_list":{"0":"post-10140","1":"product","2":"type-product","3":"status-publish","4":"has-post-thumbnail","6":"product_cat-red-wine","8":"first","9":"outofstock","10":"purchasable","11":"product-type-simple"},"acf":[],"yoast_head":"<!-- This site is optimized with the Yoast SEO plugin v27.0 - https:\/\/yoast.com\/product\/yoast-seo-wordpress\/ -->\n<title>Poderi Aldo Conterno Barolo Colonnello 2018 - Vinoso Modena<\/title>\n<meta name=\"robots\" content=\"index, follow, max-snippet:-1, max-image-preview:large, max-video-preview:-1\" \/>\n<link rel=\"canonical\" href=\"https:\/\/vinosomodena.it\/en\/prodotto\/poderi-aldo-conterno-colonnello-2018\/\" \/>\n<meta property=\"og:locale\" content=\"en_US\" \/>\n<meta property=\"og:type\" content=\"article\" \/>\n<meta property=\"og:title\" content=\"Poderi Aldo Conterno Barolo Colonnello 2018 - Vinoso Modena\" \/>\n<meta property=\"og:description\" content=\"Tra i tre cru di Bussia che i Poderi Aldo Conterno vinificano separatamente quello conosciuto come \u201cColonnello\u201d \u00e8 certamente il pi\u00f9 facile da leggere, il pi\u00f9 composto e probabilmente il meno austero. Un meraviglioso Barolo di Monforte che matura in grandi botti di rovere di Slavonia per 28 mesi e che nel bicchiere spicca per beva. Elegante, soave, aggraziato, \u00e8 il classico Barolo capace di mettere d\u2019accordo anche i palati pi\u00f9 esigenti. Un Barolo per innamorarsi del Barolo\" \/>\n<meta property=\"og:url\" content=\"https:\/\/vinosomodena.it\/en\/prodotto\/poderi-aldo-conterno-colonnello-2018\/\" \/>\n<meta property=\"og:site_name\" content=\"Vinoso Modena\" \/>\n<meta property=\"article:modified_time\" content=\"2026-02-19T18:26:25+00:00\" \/>\n<meta property=\"og:image\" content=\"https:\/\/vinosomodena.it\/wp-content\/uploads\/2025\/03\/1706981738_16-1000x1282-1.jpg\" \/>\n\t<meta property=\"og:image:width\" content=\"1000\" \/>\n\t<meta property=\"og:image:height\" content=\"1282\" \/>\n\t<meta property=\"og:image:type\" content=\"image\/jpeg\" \/>\n<meta name=\"twitter:card\" content=\"summary_large_image\" \/>\n<script type=\"application\/ld+json\" class=\"yoast-schema-graph\">{\"@context\":\"https:\/\/schema.org\",\"@graph\":[{\"@type\":\"WebPage\",\"@id\":\"https:\/\/vinosomodena.it\/en\/prodotto\/poderi-aldo-conterno-colonnello-2018\/\",\"url\":\"https:\/\/vinosomodena.it\/en\/prodotto\/poderi-aldo-conterno-colonnello-2018\/\",\"name\":\"Poderi Aldo Conterno Barolo Colonnello 2018 - Vinoso Modena\",\"isPartOf\":{\"@id\":\"https:\/\/vinosomodena.it\/#website\"},\"primaryImageOfPage\":{\"@id\":\"https:\/\/vinosomodena.it\/en\/prodotto\/poderi-aldo-conterno-colonnello-2018\/#primaryimage\"},\"image\":{\"@id\":\"https:\/\/vinosomodena.it\/en\/prodotto\/poderi-aldo-conterno-colonnello-2018\/#primaryimage\"},\"thumbnailUrl\":\"https:\/\/vinosomodena.it\/wp-content\/uploads\/2025\/03\/1706981738_16-1000x1282-1.jpg\",\"datePublished\":\"2022-11-24T15:06:21+00:00\",\"dateModified\":\"2026-02-19T18:26:25+00:00\",\"breadcrumb\":{\"@id\":\"https:\/\/vinosomodena.it\/en\/prodotto\/poderi-aldo-conterno-colonnello-2018\/#breadcrumb\"},\"inLanguage\":\"en-US\",\"potentialAction\":[{\"@type\":\"ReadAction\",\"target\":[\"https:\/\/vinosomodena.it\/en\/prodotto\/poderi-aldo-conterno-colonnello-2018\/\"]}]},{\"@type\":\"ImageObject\",\"inLanguage\":\"en-US\",\"@id\":\"https:\/\/vinosomodena.it\/en\/prodotto\/poderi-aldo-conterno-colonnello-2018\/#primaryimage\",\"url\":\"https:\/\/vinosomodena.it\/wp-content\/uploads\/2025\/03\/1706981738_16-1000x1282-1.jpg\",\"contentUrl\":\"https:\/\/vinosomodena.it\/wp-content\/uploads\/2025\/03\/1706981738_16-1000x1282-1.jpg\",\"width\":1000,\"height\":1282},{\"@type\":\"BreadcrumbList\",\"@id\":\"https:\/\/vinosomodena.it\/en\/prodotto\/poderi-aldo-conterno-colonnello-2018\/#breadcrumb\",\"itemListElement\":[{\"@type\":\"ListItem\",\"position\":1,\"name\":\"Home\",\"item\":\"https:\/\/vinosomodena.it\/\"},{\"@type\":\"ListItem\",\"position\":2,\"name\":\"Shop\",\"item\":\"https:\/\/vinosomodena.it\/negozio\/\"},{\"@type\":\"ListItem\",\"position\":3,\"name\":\"Poderi Aldo Conterno Barolo Colonnello 2018\"}]},{\"@type\":\"WebSite\",\"@id\":\"https:\/\/vinosomodena.it\/#website\",\"url\":\"https:\/\/vinosomodena.it\/\",\"name\":\"Vinoso Modena\",\"description\":\"I migliori vini, le annate storiche e molto altro ancora.\",\"potentialAction\":[{\"@type\":\"SearchAction\",\"target\":{\"@type\":\"EntryPoint\",\"urlTemplate\":\"https:\/\/vinosomodena.it\/?s={search_term_string}\"},\"query-input\":{\"@type\":\"PropertyValueSpecification\",\"valueRequired\":true,\"valueName\":\"search_term_string\"}}],\"inLanguage\":\"en-US\"}]}<\/script>\n<!-- \/ Yoast SEO plugin. -->","yoast_head_json":{"title":"Poderi Aldo Conterno Barolo Colonnello 2018 - Vinoso Modena","robots":{"index":"index","follow":"follow","max-snippet":"max-snippet:-1","max-image-preview":"max-image-preview:large","max-video-preview":"max-video-preview:-1"},"canonical":"https:\/\/vinosomodena.it\/en\/prodotto\/poderi-aldo-conterno-colonnello-2018\/","og_locale":"en_US","og_type":"article","og_title":"Poderi Aldo Conterno Barolo Colonnello 2018 - Vinoso Modena","og_description":"Tra i tre cru di Bussia che i Poderi Aldo Conterno vinificano separatamente quello conosciuto come \u201cColonnello\u201d \u00e8 certamente il pi\u00f9 facile da leggere, il pi\u00f9 composto e probabilmente il meno austero. Un meraviglioso Barolo di Monforte che matura in grandi botti di rovere di Slavonia per 28 mesi e che nel bicchiere spicca per beva. Elegante, soave, aggraziato, \u00e8 il classico Barolo capace di mettere d\u2019accordo anche i palati pi\u00f9 esigenti. Un Barolo per innamorarsi del Barolo","og_url":"https:\/\/vinosomodena.it\/en\/prodotto\/poderi-aldo-conterno-colonnello-2018\/","og_site_name":"Vinoso Modena","article_modified_time":"2026-02-19T18:26:25+00:00","og_image":[{"width":1000,"height":1282,"url":"https:\/\/vinosomodena.it\/wp-content\/uploads\/2025\/03\/1706981738_16-1000x1282-1.jpg","type":"image\/jpeg"}],"twitter_card":"summary_large_image","schema":{"@context":"https:\/\/schema.org","@graph":[{"@type":"WebPage","@id":"https:\/\/vinosomodena.it\/en\/prodotto\/poderi-aldo-conterno-colonnello-2018\/","url":"https:\/\/vinosomodena.it\/en\/prodotto\/poderi-aldo-conterno-colonnello-2018\/","name":"Poderi Aldo Conterno Barolo Colonnello 2018 - Vinoso Modena","isPartOf":{"@id":"https:\/\/vinosomodena.it\/#website"},"primaryImageOfPage":{"@id":"https:\/\/vinosomodena.it\/en\/prodotto\/poderi-aldo-conterno-colonnello-2018\/#primaryimage"},"image":{"@id":"https:\/\/vinosomodena.it\/en\/prodotto\/poderi-aldo-conterno-colonnello-2018\/#primaryimage"},"thumbnailUrl":"https:\/\/vinosomodena.it\/wp-content\/uploads\/2025\/03\/1706981738_16-1000x1282-1.jpg","datePublished":"2022-11-24T15:06:21+00:00","dateModified":"2026-02-19T18:26:25+00:00","breadcrumb":{"@id":"https:\/\/vinosomodena.it\/en\/prodotto\/poderi-aldo-conterno-colonnello-2018\/#breadcrumb"},"inLanguage":"en-US","potentialAction":[{"@type":"ReadAction","target":["https:\/\/vinosomodena.it\/en\/prodotto\/poderi-aldo-conterno-colonnello-2018\/"]}]},{"@type":"ImageObject","inLanguage":"en-US","@id":"https:\/\/vinosomodena.it\/en\/prodotto\/poderi-aldo-conterno-colonnello-2018\/#primaryimage","url":"https:\/\/vinosomodena.it\/wp-content\/uploads\/2025\/03\/1706981738_16-1000x1282-1.jpg","contentUrl":"https:\/\/vinosomodena.it\/wp-content\/uploads\/2025\/03\/1706981738_16-1000x1282-1.jpg","width":1000,"height":1282},{"@type":"BreadcrumbList","@id":"https:\/\/vinosomodena.it\/en\/prodotto\/poderi-aldo-conterno-colonnello-2018\/#breadcrumb","itemListElement":[{"@type":"ListItem","position":1,"name":"Home","item":"https:\/\/vinosomodena.it\/"},{"@type":"ListItem","position":2,"name":"Shop","item":"https:\/\/vinosomodena.it\/negozio\/"},{"@type":"ListItem","position":3,"name":"Poderi Aldo Conterno Barolo Colonnello 2018"}]},{"@type":"WebSite","@id":"https:\/\/vinosomodena.it\/#website","url":"https:\/\/vinosomodena.it\/","name":"Vinoso Modena","description":"I migliori vini, le annate storiche e molto altro ancora.","potentialAction":[{"@type":"SearchAction","target":{"@type":"EntryPoint","urlTemplate":"https:\/\/vinosomodena.it\/?s={search_term_string}"},"query-input":{"@type":"PropertyValueSpecification","valueRequired":true,"valueName":"search_term_string"}}],"inLanguage":"en-US"}]}},"jetpack_sharing_enabled":true,"_links":{"self":[{"href":"https:\/\/vinosomodena.it\/en\/wp-json\/wp\/v2\/product\/10140","targetHints":{"allow":["GET"]}}],"collection":[{"href":"https:\/\/vinosomodena.it\/en\/wp-json\/wp\/v2\/product"}],"about":[{"href":"https:\/\/vinosomodena.it\/en\/wp-json\/wp\/v2\/types\/product"}],"wp:featuredmedia":[{"embeddable":true,"href":"https:\/\/vinosomodena.it\/en\/wp-json\/wp\/v2\/media\/20755"}],"wp:attachment":[{"href":"https:\/\/vinosomodena.it\/en\/wp-json\/wp\/v2\/media?parent=10140"}],"wp:term":[{"taxonomy":"product_brand","embeddable":true,"href":"https:\/\/vinosomodena.it\/en\/wp-json\/wp\/v2\/product_brand?post=10140"},{"taxonomy":"product_cat","embeddable":true,"href":"https:\/\/vinosomodena.it\/en\/wp-json\/wp\/v2\/product_cat?post=10140"},{"taxonomy":"product_tag","embeddable":true,"href":"https:\/\/vinosomodena.it\/en\/wp-json\/wp\/v2\/product_tag?post=10140"}],"curies":[{"name":"wp","href":"https:\/\/api.w.org\/{rel}","templated":true}]}}