{"id":10228,"date":"2022-10-20T17:54:02","date_gmt":"2022-10-20T15:54:02","guid":{"rendered":"https:\/\/vinosomodena.it\/?post_type=product&#038;p=10228"},"modified":"2026-01-12T19:24:51","modified_gmt":"2026-01-12T18:24:51","slug":"montevertine-le-pergole-torte-2019-doppio-magnum-3-litri","status":"publish","type":"product","link":"https:\/\/vinosomodena.it\/en\/prodotto\/montevertine-le-pergole-torte-2019-doppio-magnum-3-litri\/","title":{"rendered":"Montevertine Le Pergole Torte 2022 DOPPIO MAGNUM 3 LITRI"},"content":{"rendered":"<p>\u201cLe Pergole Torte\u201d di Montevertine \u00e8 un\u2019eccellenza toscana, un monumento italiano e tra le star del panorama enologico mondiale. In parole semplici \u00e8 un\u2019emozione liquida che con la sua eleganza, la sua nobilt\u00e0 e la sua precisione ha ispirato ed \u00e8 stata da esempio per molti produttori italiani e non solo. Ci troviamo nel cuore dell\u2019areale del Chianti Classico, pi\u00f9 precisamente a Radda, la patria per eccellenza del Sangiovese. Dal 1981 la cantina Montervertine \u00e8 uscita dal disciplinare perch\u00e9 non voleva seguire la ricetta impostata dal consorzio, ma continuare a produrre con il suo metodo tradizionale, fuori dalle mode e dagli obblighi del mercato<\/p>\n","protected":false},"excerpt":{"rendered":"<p>\u201cLe Pergole Torte\u201d di Montevertine \u00e8 un\u2019eccellenza toscana, un monumento italiano e tra le star del panorama enologico mondiale. In parole semplici \u00e8 un\u2019emozione liquida che con la sua eleganza, la sua nobilt\u00e0 e la sua precisione ha ispirato ed \u00e8 stata da esempio per molti produttori italiani e non solo. Ci troviamo nel cuore dell\u2019areale del Chianti Classico, pi\u00f9 precisamente a Radda, la patria per eccellenza del Sangiovese. Dal 1981 la cantina Montervertine \u00e8 uscita dal disciplinare perch\u00e9 non voleva seguire la ricetta impostata dal consorzio, ma continuare a produrre con il suo metodo tradizionale, fuori dalle mode e dagli obblighi del mercato<\/p>\n","protected":false},"featured_media":18359,"template":"","meta":{"_acf_changed":false},"product_brand":[],"product_cat":[2579],"product_tag":[],"class_list":{"0":"post-10228","1":"product","2":"type-product","3":"status-publish","4":"has-post-thumbnail","6":"product_cat-red-wine","8":"first","9":"outofstock","10":"sold-individually","11":"purchasable","12":"product-type-simple"},"acf":[],"yoast_head":"<!-- This site is optimized with the Yoast SEO plugin v27.0 - https:\/\/yoast.com\/product\/yoast-seo-wordpress\/ -->\n<title>Montevertine Le Pergole Torte 2022 DOPPIO MAGNUM 3 LITRI - Vinoso Modena<\/title>\n<meta name=\"robots\" content=\"index, follow, max-snippet:-1, max-image-preview:large, max-video-preview:-1\" \/>\n<link rel=\"canonical\" href=\"https:\/\/vinosomodena.it\/en\/prodotto\/montevertine-le-pergole-torte-2019-doppio-magnum-3-litri\/\" \/>\n<meta property=\"og:locale\" content=\"en_US\" \/>\n<meta property=\"og:type\" content=\"article\" \/>\n<meta property=\"og:title\" content=\"Montevertine Le Pergole Torte 2022 DOPPIO MAGNUM 3 LITRI - Vinoso Modena\" \/>\n<meta property=\"og:description\" content=\"\u201cLe Pergole Torte\u201d di Montevertine \u00e8 un\u2019eccellenza toscana, un monumento italiano e tra le star del panorama enologico mondiale. In parole semplici \u00e8 un\u2019emozione liquida che con la sua eleganza, la sua nobilt\u00e0 e la sua precisione ha ispirato ed \u00e8 stata da esempio per molti produttori italiani e non solo. Ci troviamo nel cuore dell\u2019areale del Chianti Classico, pi\u00f9 precisamente a Radda, la patria per eccellenza del Sangiovese. Dal 1981 la cantina Montervertine \u00e8 uscita dal disciplinare perch\u00e9 non voleva seguire la ricetta impostata dal consorzio, ma continuare a produrre con il suo metodo tradizionale, fuori dalle mode e dagli obblighi del mercato\" \/>\n<meta property=\"og:url\" content=\"https:\/\/vinosomodena.it\/en\/prodotto\/montevertine-le-pergole-torte-2019-doppio-magnum-3-litri\/\" \/>\n<meta property=\"og:site_name\" content=\"Vinoso Modena\" \/>\n<meta property=\"article:modified_time\" content=\"2026-01-12T18:24:51+00:00\" \/>\n<meta property=\"og:image\" content=\"https:\/\/vinosomodena.it\/wp-content\/uploads\/2024\/10\/pergole2018MG.jpg\" \/>\n\t<meta property=\"og:image:width\" content=\"1500\" \/>\n\t<meta property=\"og:image:height\" content=\"1923\" \/>\n\t<meta property=\"og:image:type\" content=\"image\/jpeg\" \/>\n<meta name=\"twitter:card\" content=\"summary_large_image\" \/>\n<script type=\"application\/ld+json\" class=\"yoast-schema-graph\">{\"@context\":\"https:\/\/schema.org\",\"@graph\":[{\"@type\":\"WebPage\",\"@id\":\"https:\/\/vinosomodena.it\/en\/prodotto\/montevertine-le-pergole-torte-2019-doppio-magnum-3-litri\/\",\"url\":\"https:\/\/vinosomodena.it\/en\/prodotto\/montevertine-le-pergole-torte-2019-doppio-magnum-3-litri\/\",\"name\":\"Montevertine Le Pergole Torte 2022 DOPPIO MAGNUM 3 LITRI - Vinoso Modena\",\"isPartOf\":{\"@id\":\"https:\/\/vinosomodena.it\/#website\"},\"primaryImageOfPage\":{\"@id\":\"https:\/\/vinosomodena.it\/en\/prodotto\/montevertine-le-pergole-torte-2019-doppio-magnum-3-litri\/#primaryimage\"},\"image\":{\"@id\":\"https:\/\/vinosomodena.it\/en\/prodotto\/montevertine-le-pergole-torte-2019-doppio-magnum-3-litri\/#primaryimage\"},\"thumbnailUrl\":\"https:\/\/vinosomodena.it\/wp-content\/uploads\/2024\/10\/pergole2018MG.jpg\",\"datePublished\":\"2022-10-20T15:54:02+00:00\",\"dateModified\":\"2026-01-12T18:24:51+00:00\",\"breadcrumb\":{\"@id\":\"https:\/\/vinosomodena.it\/en\/prodotto\/montevertine-le-pergole-torte-2019-doppio-magnum-3-litri\/#breadcrumb\"},\"inLanguage\":\"en-US\",\"potentialAction\":[{\"@type\":\"ReadAction\",\"target\":[\"https:\/\/vinosomodena.it\/en\/prodotto\/montevertine-le-pergole-torte-2019-doppio-magnum-3-litri\/\"]}]},{\"@type\":\"ImageObject\",\"inLanguage\":\"en-US\",\"@id\":\"https:\/\/vinosomodena.it\/en\/prodotto\/montevertine-le-pergole-torte-2019-doppio-magnum-3-litri\/#primaryimage\",\"url\":\"https:\/\/vinosomodena.it\/wp-content\/uploads\/2024\/10\/pergole2018MG.jpg\",\"contentUrl\":\"https:\/\/vinosomodena.it\/wp-content\/uploads\/2024\/10\/pergole2018MG.jpg\",\"width\":1500,\"height\":1923},{\"@type\":\"BreadcrumbList\",\"@id\":\"https:\/\/vinosomodena.it\/en\/prodotto\/montevertine-le-pergole-torte-2019-doppio-magnum-3-litri\/#breadcrumb\",\"itemListElement\":[{\"@type\":\"ListItem\",\"position\":1,\"name\":\"Home\",\"item\":\"https:\/\/vinosomodena.it\/\"},{\"@type\":\"ListItem\",\"position\":2,\"name\":\"Shop\",\"item\":\"https:\/\/vinosomodena.it\/negozio\/\"},{\"@type\":\"ListItem\",\"position\":3,\"name\":\"Montevertine Le Pergole Torte 2022 DOPPIO MAGNUM 3 LITRI\"}]},{\"@type\":\"WebSite\",\"@id\":\"https:\/\/vinosomodena.it\/#website\",\"url\":\"https:\/\/vinosomodena.it\/\",\"name\":\"Vinoso Modena\",\"description\":\"I migliori vini, le annate storiche e molto altro ancora.\",\"potentialAction\":[{\"@type\":\"SearchAction\",\"target\":{\"@type\":\"EntryPoint\",\"urlTemplate\":\"https:\/\/vinosomodena.it\/?s={search_term_string}\"},\"query-input\":{\"@type\":\"PropertyValueSpecification\",\"valueRequired\":true,\"valueName\":\"search_term_string\"}}],\"inLanguage\":\"en-US\"}]}<\/script>\n<!-- \/ Yoast SEO plugin. -->","yoast_head_json":{"title":"Montevertine Le Pergole Torte 2022 DOPPIO MAGNUM 3 LITRI - Vinoso Modena","robots":{"index":"index","follow":"follow","max-snippet":"max-snippet:-1","max-image-preview":"max-image-preview:large","max-video-preview":"max-video-preview:-1"},"canonical":"https:\/\/vinosomodena.it\/en\/prodotto\/montevertine-le-pergole-torte-2019-doppio-magnum-3-litri\/","og_locale":"en_US","og_type":"article","og_title":"Montevertine Le Pergole Torte 2022 DOPPIO MAGNUM 3 LITRI - Vinoso Modena","og_description":"\u201cLe Pergole Torte\u201d di Montevertine \u00e8 un\u2019eccellenza toscana, un monumento italiano e tra le star del panorama enologico mondiale. In parole semplici \u00e8 un\u2019emozione liquida che con la sua eleganza, la sua nobilt\u00e0 e la sua precisione ha ispirato ed \u00e8 stata da esempio per molti produttori italiani e non solo. Ci troviamo nel cuore dell\u2019areale del Chianti Classico, pi\u00f9 precisamente a Radda, la patria per eccellenza del Sangiovese. Dal 1981 la cantina Montervertine \u00e8 uscita dal disciplinare perch\u00e9 non voleva seguire la ricetta impostata dal consorzio, ma continuare a produrre con il suo metodo tradizionale, fuori dalle mode e dagli obblighi del mercato","og_url":"https:\/\/vinosomodena.it\/en\/prodotto\/montevertine-le-pergole-torte-2019-doppio-magnum-3-litri\/","og_site_name":"Vinoso Modena","article_modified_time":"2026-01-12T18:24:51+00:00","og_image":[{"width":1500,"height":1923,"url":"https:\/\/vinosomodena.it\/wp-content\/uploads\/2024\/10\/pergole2018MG.jpg","type":"image\/jpeg"}],"twitter_card":"summary_large_image","schema":{"@context":"https:\/\/schema.org","@graph":[{"@type":"WebPage","@id":"https:\/\/vinosomodena.it\/en\/prodotto\/montevertine-le-pergole-torte-2019-doppio-magnum-3-litri\/","url":"https:\/\/vinosomodena.it\/en\/prodotto\/montevertine-le-pergole-torte-2019-doppio-magnum-3-litri\/","name":"Montevertine Le Pergole Torte 2022 DOPPIO MAGNUM 3 LITRI - Vinoso Modena","isPartOf":{"@id":"https:\/\/vinosomodena.it\/#website"},"primaryImageOfPage":{"@id":"https:\/\/vinosomodena.it\/en\/prodotto\/montevertine-le-pergole-torte-2019-doppio-magnum-3-litri\/#primaryimage"},"image":{"@id":"https:\/\/vinosomodena.it\/en\/prodotto\/montevertine-le-pergole-torte-2019-doppio-magnum-3-litri\/#primaryimage"},"thumbnailUrl":"https:\/\/vinosomodena.it\/wp-content\/uploads\/2024\/10\/pergole2018MG.jpg","datePublished":"2022-10-20T15:54:02+00:00","dateModified":"2026-01-12T18:24:51+00:00","breadcrumb":{"@id":"https:\/\/vinosomodena.it\/en\/prodotto\/montevertine-le-pergole-torte-2019-doppio-magnum-3-litri\/#breadcrumb"},"inLanguage":"en-US","potentialAction":[{"@type":"ReadAction","target":["https:\/\/vinosomodena.it\/en\/prodotto\/montevertine-le-pergole-torte-2019-doppio-magnum-3-litri\/"]}]},{"@type":"ImageObject","inLanguage":"en-US","@id":"https:\/\/vinosomodena.it\/en\/prodotto\/montevertine-le-pergole-torte-2019-doppio-magnum-3-litri\/#primaryimage","url":"https:\/\/vinosomodena.it\/wp-content\/uploads\/2024\/10\/pergole2018MG.jpg","contentUrl":"https:\/\/vinosomodena.it\/wp-content\/uploads\/2024\/10\/pergole2018MG.jpg","width":1500,"height":1923},{"@type":"BreadcrumbList","@id":"https:\/\/vinosomodena.it\/en\/prodotto\/montevertine-le-pergole-torte-2019-doppio-magnum-3-litri\/#breadcrumb","itemListElement":[{"@type":"ListItem","position":1,"name":"Home","item":"https:\/\/vinosomodena.it\/"},{"@type":"ListItem","position":2,"name":"Shop","item":"https:\/\/vinosomodena.it\/negozio\/"},{"@type":"ListItem","position":3,"name":"Montevertine Le Pergole Torte 2022 DOPPIO MAGNUM 3 LITRI"}]},{"@type":"WebSite","@id":"https:\/\/vinosomodena.it\/#website","url":"https:\/\/vinosomodena.it\/","name":"Vinoso Modena","description":"I migliori vini, le annate storiche e molto altro ancora.","potentialAction":[{"@type":"SearchAction","target":{"@type":"EntryPoint","urlTemplate":"https:\/\/vinosomodena.it\/?s={search_term_string}"},"query-input":{"@type":"PropertyValueSpecification","valueRequired":true,"valueName":"search_term_string"}}],"inLanguage":"en-US"}]}},"jetpack_sharing_enabled":true,"_links":{"self":[{"href":"https:\/\/vinosomodena.it\/en\/wp-json\/wp\/v2\/product\/10228","targetHints":{"allow":["GET"]}}],"collection":[{"href":"https:\/\/vinosomodena.it\/en\/wp-json\/wp\/v2\/product"}],"about":[{"href":"https:\/\/vinosomodena.it\/en\/wp-json\/wp\/v2\/types\/product"}],"wp:featuredmedia":[{"embeddable":true,"href":"https:\/\/vinosomodena.it\/en\/wp-json\/wp\/v2\/media\/18359"}],"wp:attachment":[{"href":"https:\/\/vinosomodena.it\/en\/wp-json\/wp\/v2\/media?parent=10228"}],"wp:term":[{"taxonomy":"product_brand","embeddable":true,"href":"https:\/\/vinosomodena.it\/en\/wp-json\/wp\/v2\/product_brand?post=10228"},{"taxonomy":"product_cat","embeddable":true,"href":"https:\/\/vinosomodena.it\/en\/wp-json\/wp\/v2\/product_cat?post=10228"},{"taxonomy":"product_tag","embeddable":true,"href":"https:\/\/vinosomodena.it\/en\/wp-json\/wp\/v2\/product_tag?post=10228"}],"curies":[{"name":"wp","href":"https:\/\/api.w.org\/{rel}","templated":true}]}}