{"id":10232,"date":"2022-10-20T17:30:57","date_gmt":"2022-10-20T15:30:57","guid":{"rendered":"https:\/\/vinosomodena.it\/prodotto\/champagne-brut-dom-perignon-p2-vintage-2004-astuccio\/"},"modified":"2024-03-22T22:42:45","modified_gmt":"2024-03-22T21:42:45","slug":"champagne-brut-dom-perignon-p2-vintage-2004-astuccio","status":"publish","type":"product","link":"https:\/\/vinosomodena.it\/en\/prodotto\/champagne-brut-dom-perignon-p2-vintage-2004-astuccio\/","title":{"rendered":"Champagne Brut Dom Perignon P2 Vintage 2004 (Astuccio)"},"content":{"rendered":"","protected":false},"excerpt":{"rendered":"<p>Il Dom Perignon P2 incarna alla perfezione tutta l\u2019energia, l\u2019intensit\u00e0 e la profondit\u00e0 dei pi\u00f9 grandi Champagne Millesimati. Si tratta del Dom Perignon assoluto, nato da un invecchiamento prolungato sui lieviti, per un totale di 15 anni. \u00c8 capace di stupire e impressionare: una materia liquida setosa, cremosa, densa, burrosa e tostata, dotata per\u00f2 di un\u2019incredibile vitalit\u00e0, di una vibrante freschezza e di una mineralit\u00e0 iodata di grande precisione. La conferma di un mito!<\/p>\n","protected":false},"featured_media":24596,"template":"","meta":{"_acf_changed":false},"product_brand":[],"product_cat":[2599],"product_tag":[],"class_list":{"0":"post-10232","1":"product","2":"type-product","3":"status-publish","4":"has-post-thumbnail","6":"product_cat-champagne-en","8":"first","9":"instock","10":"purchasable","11":"product-type-simple"},"acf":[],"yoast_head":"<!-- This site is optimized with the Yoast SEO plugin v27.0 - https:\/\/yoast.com\/product\/yoast-seo-wordpress\/ -->\n<title>Champagne Brut Dom Perignon P2 Vintage 2004 (Astuccio) - Vinoso Modena<\/title>\n<meta name=\"robots\" content=\"index, follow, max-snippet:-1, max-image-preview:large, max-video-preview:-1\" \/>\n<link rel=\"canonical\" href=\"https:\/\/vinosomodena.it\/prodotto\/champagne-brut-dom-perignon-p2-vintage-2004-astuccio\/\" \/>\n<meta property=\"og:locale\" content=\"en_US\" \/>\n<meta property=\"og:type\" content=\"article\" \/>\n<meta property=\"og:title\" content=\"Champagne Brut Dom Perignon P2 Vintage 2004 (Astuccio) - Vinoso Modena\" \/>\n<meta property=\"og:description\" content=\"Il Dom Perignon P2 incarna alla perfezione tutta l\u2019energia, l\u2019intensit\u00e0 e la profondit\u00e0 dei pi\u00f9 grandi Champagne Millesimati. Si tratta del Dom Perignon assoluto, nato da un invecchiamento prolungato sui lieviti, per un totale di 15 anni. \u00c8 capace di stupire e impressionare: una materia liquida setosa, cremosa, densa, burrosa e tostata, dotata per\u00f2 di un\u2019incredibile vitalit\u00e0, di una vibrante freschezza e di una mineralit\u00e0 iodata di grande precisione. La conferma di un mito!\" \/>\n<meta property=\"og:url\" content=\"https:\/\/vinosomodena.it\/prodotto\/champagne-brut-dom-perignon-p2-vintage-2004-astuccio\/\" \/>\n<meta property=\"og:site_name\" content=\"Vinoso Modena\" \/>\n<meta property=\"article:modified_time\" content=\"2024-03-22T21:42:45+00:00\" \/>\n<meta property=\"og:image\" content=\"https:\/\/vinosomodena.it\/wp-content\/uploads\/2025\/10\/p2-1.jpg\" \/>\n\t<meta property=\"og:image:width\" content=\"1500\" \/>\n\t<meta property=\"og:image:height\" content=\"1923\" \/>\n\t<meta property=\"og:image:type\" content=\"image\/jpeg\" \/>\n<meta name=\"twitter:card\" content=\"summary_large_image\" \/>\n<script type=\"application\/ld+json\" class=\"yoast-schema-graph\">{\"@context\":\"https:\/\/schema.org\",\"@graph\":[{\"@type\":\"WebPage\",\"@id\":\"https:\/\/vinosomodena.it\/prodotto\/champagne-brut-dom-perignon-p2-vintage-2004-astuccio\/\",\"url\":\"https:\/\/vinosomodena.it\/prodotto\/champagne-brut-dom-perignon-p2-vintage-2004-astuccio\/\",\"name\":\"Champagne Brut Dom Perignon P2 Vintage 2004 (Astuccio) - Vinoso Modena\",\"isPartOf\":{\"@id\":\"https:\/\/vinosomodena.it\/#website\"},\"primaryImageOfPage\":{\"@id\":\"https:\/\/vinosomodena.it\/prodotto\/champagne-brut-dom-perignon-p2-vintage-2004-astuccio\/#primaryimage\"},\"image\":{\"@id\":\"https:\/\/vinosomodena.it\/prodotto\/champagne-brut-dom-perignon-p2-vintage-2004-astuccio\/#primaryimage\"},\"thumbnailUrl\":\"https:\/\/vinosomodena.it\/wp-content\/uploads\/2025\/10\/p2-1.jpg\",\"datePublished\":\"2022-10-20T15:30:57+00:00\",\"dateModified\":\"2024-03-22T21:42:45+00:00\",\"breadcrumb\":{\"@id\":\"https:\/\/vinosomodena.it\/prodotto\/champagne-brut-dom-perignon-p2-vintage-2004-astuccio\/#breadcrumb\"},\"inLanguage\":\"en-US\",\"potentialAction\":[{\"@type\":\"ReadAction\",\"target\":[\"https:\/\/vinosomodena.it\/prodotto\/champagne-brut-dom-perignon-p2-vintage-2004-astuccio\/\"]}]},{\"@type\":\"ImageObject\",\"inLanguage\":\"en-US\",\"@id\":\"https:\/\/vinosomodena.it\/prodotto\/champagne-brut-dom-perignon-p2-vintage-2004-astuccio\/#primaryimage\",\"url\":\"https:\/\/vinosomodena.it\/wp-content\/uploads\/2025\/10\/p2-1.jpg\",\"contentUrl\":\"https:\/\/vinosomodena.it\/wp-content\/uploads\/2025\/10\/p2-1.jpg\",\"width\":1500,\"height\":1923},{\"@type\":\"BreadcrumbList\",\"@id\":\"https:\/\/vinosomodena.it\/prodotto\/champagne-brut-dom-perignon-p2-vintage-2004-astuccio\/#breadcrumb\",\"itemListElement\":[{\"@type\":\"ListItem\",\"position\":1,\"name\":\"Home\",\"item\":\"https:\/\/vinosomodena.it\/\"},{\"@type\":\"ListItem\",\"position\":2,\"name\":\"Shop\",\"item\":\"https:\/\/vinosomodena.it\/negozio\/\"},{\"@type\":\"ListItem\",\"position\":3,\"name\":\"Champagne Brut Dom Perignon P2 Vintage 2004 (Astuccio)\"}]},{\"@type\":\"WebSite\",\"@id\":\"https:\/\/vinosomodena.it\/#website\",\"url\":\"https:\/\/vinosomodena.it\/\",\"name\":\"Vinoso Modena\",\"description\":\"I migliori vini, le annate storiche e molto altro ancora.\",\"potentialAction\":[{\"@type\":\"SearchAction\",\"target\":{\"@type\":\"EntryPoint\",\"urlTemplate\":\"https:\/\/vinosomodena.it\/?s={search_term_string}\"},\"query-input\":{\"@type\":\"PropertyValueSpecification\",\"valueRequired\":true,\"valueName\":\"search_term_string\"}}],\"inLanguage\":\"en-US\"}]}<\/script>\n<!-- \/ Yoast SEO plugin. -->","yoast_head_json":{"title":"Champagne Brut Dom Perignon P2 Vintage 2004 (Astuccio) - Vinoso Modena","robots":{"index":"index","follow":"follow","max-snippet":"max-snippet:-1","max-image-preview":"max-image-preview:large","max-video-preview":"max-video-preview:-1"},"canonical":"https:\/\/vinosomodena.it\/prodotto\/champagne-brut-dom-perignon-p2-vintage-2004-astuccio\/","og_locale":"en_US","og_type":"article","og_title":"Champagne Brut Dom Perignon P2 Vintage 2004 (Astuccio) - Vinoso Modena","og_description":"Il Dom Perignon P2 incarna alla perfezione tutta l\u2019energia, l\u2019intensit\u00e0 e la profondit\u00e0 dei pi\u00f9 grandi Champagne Millesimati. Si tratta del Dom Perignon assoluto, nato da un invecchiamento prolungato sui lieviti, per un totale di 15 anni. \u00c8 capace di stupire e impressionare: una materia liquida setosa, cremosa, densa, burrosa e tostata, dotata per\u00f2 di un\u2019incredibile vitalit\u00e0, di una vibrante freschezza e di una mineralit\u00e0 iodata di grande precisione. La conferma di un mito!","og_url":"https:\/\/vinosomodena.it\/prodotto\/champagne-brut-dom-perignon-p2-vintage-2004-astuccio\/","og_site_name":"Vinoso Modena","article_modified_time":"2024-03-22T21:42:45+00:00","og_image":[{"width":1500,"height":1923,"url":"https:\/\/vinosomodena.it\/wp-content\/uploads\/2025\/10\/p2-1.jpg","type":"image\/jpeg"}],"twitter_card":"summary_large_image","schema":{"@context":"https:\/\/schema.org","@graph":[{"@type":"WebPage","@id":"https:\/\/vinosomodena.it\/prodotto\/champagne-brut-dom-perignon-p2-vintage-2004-astuccio\/","url":"https:\/\/vinosomodena.it\/prodotto\/champagne-brut-dom-perignon-p2-vintage-2004-astuccio\/","name":"Champagne Brut Dom Perignon P2 Vintage 2004 (Astuccio) - Vinoso Modena","isPartOf":{"@id":"https:\/\/vinosomodena.it\/#website"},"primaryImageOfPage":{"@id":"https:\/\/vinosomodena.it\/prodotto\/champagne-brut-dom-perignon-p2-vintage-2004-astuccio\/#primaryimage"},"image":{"@id":"https:\/\/vinosomodena.it\/prodotto\/champagne-brut-dom-perignon-p2-vintage-2004-astuccio\/#primaryimage"},"thumbnailUrl":"https:\/\/vinosomodena.it\/wp-content\/uploads\/2025\/10\/p2-1.jpg","datePublished":"2022-10-20T15:30:57+00:00","dateModified":"2024-03-22T21:42:45+00:00","breadcrumb":{"@id":"https:\/\/vinosomodena.it\/prodotto\/champagne-brut-dom-perignon-p2-vintage-2004-astuccio\/#breadcrumb"},"inLanguage":"en-US","potentialAction":[{"@type":"ReadAction","target":["https:\/\/vinosomodena.it\/prodotto\/champagne-brut-dom-perignon-p2-vintage-2004-astuccio\/"]}]},{"@type":"ImageObject","inLanguage":"en-US","@id":"https:\/\/vinosomodena.it\/prodotto\/champagne-brut-dom-perignon-p2-vintage-2004-astuccio\/#primaryimage","url":"https:\/\/vinosomodena.it\/wp-content\/uploads\/2025\/10\/p2-1.jpg","contentUrl":"https:\/\/vinosomodena.it\/wp-content\/uploads\/2025\/10\/p2-1.jpg","width":1500,"height":1923},{"@type":"BreadcrumbList","@id":"https:\/\/vinosomodena.it\/prodotto\/champagne-brut-dom-perignon-p2-vintage-2004-astuccio\/#breadcrumb","itemListElement":[{"@type":"ListItem","position":1,"name":"Home","item":"https:\/\/vinosomodena.it\/"},{"@type":"ListItem","position":2,"name":"Shop","item":"https:\/\/vinosomodena.it\/negozio\/"},{"@type":"ListItem","position":3,"name":"Champagne Brut Dom Perignon P2 Vintage 2004 (Astuccio)"}]},{"@type":"WebSite","@id":"https:\/\/vinosomodena.it\/#website","url":"https:\/\/vinosomodena.it\/","name":"Vinoso Modena","description":"I migliori vini, le annate storiche e molto altro ancora.","potentialAction":[{"@type":"SearchAction","target":{"@type":"EntryPoint","urlTemplate":"https:\/\/vinosomodena.it\/?s={search_term_string}"},"query-input":{"@type":"PropertyValueSpecification","valueRequired":true,"valueName":"search_term_string"}}],"inLanguage":"en-US"}]}},"jetpack_sharing_enabled":true,"_links":{"self":[{"href":"https:\/\/vinosomodena.it\/en\/wp-json\/wp\/v2\/product\/10232","targetHints":{"allow":["GET"]}}],"collection":[{"href":"https:\/\/vinosomodena.it\/en\/wp-json\/wp\/v2\/product"}],"about":[{"href":"https:\/\/vinosomodena.it\/en\/wp-json\/wp\/v2\/types\/product"}],"wp:featuredmedia":[{"embeddable":true,"href":"https:\/\/vinosomodena.it\/en\/wp-json\/wp\/v2\/media\/24596"}],"wp:attachment":[{"href":"https:\/\/vinosomodena.it\/en\/wp-json\/wp\/v2\/media?parent=10232"}],"wp:term":[{"taxonomy":"product_brand","embeddable":true,"href":"https:\/\/vinosomodena.it\/en\/wp-json\/wp\/v2\/product_brand?post=10232"},{"taxonomy":"product_cat","embeddable":true,"href":"https:\/\/vinosomodena.it\/en\/wp-json\/wp\/v2\/product_cat?post=10232"},{"taxonomy":"product_tag","embeddable":true,"href":"https:\/\/vinosomodena.it\/en\/wp-json\/wp\/v2\/product_tag?post=10232"}],"curies":[{"name":"wp","href":"https:\/\/api.w.org\/{rel}","templated":true}]}}