{"id":10286,"date":"2022-08-11T13:11:18","date_gmt":"2022-08-11T11:11:18","guid":{"rendered":"https:\/\/vinosomodena.it\/prodotto\/ca-del-bosco-cuvee-prestige-ed-44-rose-extra-brut\/"},"modified":"2026-01-16T13:19:19","modified_gmt":"2026-01-16T12:19:19","slug":"ca-del-bosco-cuvee-prestige-ed-44-rose-extra-brut","status":"publish","type":"product","link":"https:\/\/vinosomodena.it\/en\/prodotto\/ca-del-bosco-cuvee-prestige-ed-44-rose-extra-brut\/","title":{"rendered":"Ca&#8217; del Bosco Cuvee Prestige ED 44 Ros\u00e8 extra brut"},"content":{"rendered":"<p><strong>Transizione<\/strong>. Il rosa pi\u00f9 che un colore \u00e8 uno stato d&#8217;animo sospeso, come una delicata transizione tra il bianco e il rosso che s&#8217;inseguono, senza mai essere n\u00e9 uno n\u00e9 l&#8217;altro. Franciacorta Ros\u00e9 regala una magia in bilico tra due sfumature. Il colore ros\u00e9 si ottiene dopo una breve macerazione del Pinot nero. Soltanto poche ore per ottenere quella particolare tonalit\u00e0 che evoca i tramonti di primavera: bisogna cogliere l&#8217;attimo, un momento prima il colore \u00e8 troppo chiaro, un attimo dopo \u00e8 troppo scuro. E poi il delicato incontro con lo Chardonnay e una lenta, paziente maturazione. Cuv\u00e9e Prestige Ros\u00e9, il Franciacorta ideale per le occasioni pi\u00f9 importanti. Soprattutto le pi\u00f9 romantiche<\/p>\n","protected":false},"excerpt":{"rendered":"<p><strong>Transizione<\/strong>. Il rosa pi\u00f9 che un colore \u00e8 uno stato d&#8217;animo sospeso, come una delicata transizione tra il bianco e il rosso che s&#8217;inseguono, senza mai essere n\u00e9 uno n\u00e9 l&#8217;altro. Franciacorta Ros\u00e9 regala una magia in bilico tra due sfumature. Il colore ros\u00e9 si ottiene dopo una breve macerazione del Pinot nero. Soltanto poche ore per ottenere quella particolare tonalit\u00e0 che evoca i tramonti di primavera: bisogna cogliere l&#8217;attimo, un momento prima il colore \u00e8 troppo chiaro, un attimo dopo \u00e8 troppo scuro. E poi il delicato incontro con lo Chardonnay e una lenta, paziente maturazione. Cuv\u00e9e Prestige Ros\u00e9, il Franciacorta ideale per le occasioni pi\u00f9 importanti. Soprattutto le pi\u00f9 romantiche<\/p>\n","protected":false},"featured_media":19509,"template":"","meta":{"_acf_changed":false},"product_brand":[],"product_cat":[2591],"product_tag":[],"class_list":{"0":"post-10286","1":"product","2":"type-product","3":"status-publish","4":"has-post-thumbnail","6":"product_cat-sparkling","8":"first","9":"instock","10":"purchasable","11":"product-type-simple"},"acf":[],"yoast_head":"<!-- This site is optimized with the Yoast SEO plugin v27.4 - https:\/\/yoast.com\/product\/yoast-seo-wordpress\/ -->\n<title>Ca&#039; del Bosco Cuvee Prestige ED 44 Ros\u00e8 extra brut - Vinoso Modena<\/title>\n<meta name=\"robots\" content=\"index, follow, max-snippet:-1, max-image-preview:large, max-video-preview:-1\" \/>\n<link rel=\"canonical\" href=\"https:\/\/vinosomodena.it\/en\/prodotto\/ca-del-bosco-cuvee-prestige-ed-44-rose-extra-brut\/\" \/>\n<meta property=\"og:locale\" content=\"en_US\" \/>\n<meta property=\"og:type\" content=\"article\" \/>\n<meta property=\"og:title\" content=\"Ca&#039; del Bosco Cuvee Prestige ED 44 Ros\u00e8 extra brut - Vinoso Modena\" \/>\n<meta property=\"og:description\" content=\"Transizione. Il rosa pi\u00f9 che un colore \u00e8 uno stato d&#039;animo sospeso, come una delicata transizione tra il bianco e il rosso che s&#039;inseguono, senza mai essere n\u00e9 uno n\u00e9 l&#039;altro. Franciacorta Ros\u00e9 regala una magia in bilico tra due sfumature. Il colore ros\u00e9 si ottiene dopo una breve macerazione del Pinot nero. Soltanto poche ore per ottenere quella particolare tonalit\u00e0 che evoca i tramonti di primavera: bisogna cogliere l&#039;attimo, un momento prima il colore \u00e8 troppo chiaro, un attimo dopo \u00e8 troppo scuro. E poi il delicato incontro con lo Chardonnay e una lenta, paziente maturazione. Cuv\u00e9e Prestige Ros\u00e9, il Franciacorta ideale per le occasioni pi\u00f9 importanti. Soprattutto le pi\u00f9 romantiche\" \/>\n<meta property=\"og:url\" content=\"https:\/\/vinosomodena.it\/en\/prodotto\/ca-del-bosco-cuvee-prestige-ed-44-rose-extra-brut\/\" \/>\n<meta property=\"og:site_name\" content=\"Vinoso Modena\" \/>\n<meta property=\"article:modified_time\" content=\"2026-01-16T12:19:19+00:00\" \/>\n<meta property=\"og:image\" content=\"https:\/\/vinosomodena.it\/wp-content\/uploads\/2025\/01\/cdb.jpg\" \/>\n\t<meta property=\"og:image:width\" content=\"1500\" \/>\n\t<meta property=\"og:image:height\" content=\"1923\" \/>\n\t<meta property=\"og:image:type\" content=\"image\/jpeg\" \/>\n<meta name=\"twitter:card\" content=\"summary_large_image\" \/>\n<script type=\"application\/ld+json\" class=\"yoast-schema-graph\">{\"@context\":\"https:\\\/\\\/schema.org\",\"@graph\":[{\"@type\":\"WebPage\",\"@id\":\"https:\\\/\\\/vinosomodena.it\\\/en\\\/prodotto\\\/ca-del-bosco-cuvee-prestige-ed-44-rose-extra-brut\\\/\",\"url\":\"https:\\\/\\\/vinosomodena.it\\\/en\\\/prodotto\\\/ca-del-bosco-cuvee-prestige-ed-44-rose-extra-brut\\\/\",\"name\":\"Ca' del Bosco Cuvee Prestige ED 44 Ros\u00e8 extra brut - Vinoso Modena\",\"isPartOf\":{\"@id\":\"https:\\\/\\\/vinosomodena.it\\\/#website\"},\"primaryImageOfPage\":{\"@id\":\"https:\\\/\\\/vinosomodena.it\\\/en\\\/prodotto\\\/ca-del-bosco-cuvee-prestige-ed-44-rose-extra-brut\\\/#primaryimage\"},\"image\":{\"@id\":\"https:\\\/\\\/vinosomodena.it\\\/en\\\/prodotto\\\/ca-del-bosco-cuvee-prestige-ed-44-rose-extra-brut\\\/#primaryimage\"},\"thumbnailUrl\":\"https:\\\/\\\/vinosomodena.it\\\/wp-content\\\/uploads\\\/2025\\\/01\\\/cdb.jpg\",\"datePublished\":\"2022-08-11T11:11:18+00:00\",\"dateModified\":\"2026-01-16T12:19:19+00:00\",\"breadcrumb\":{\"@id\":\"https:\\\/\\\/vinosomodena.it\\\/en\\\/prodotto\\\/ca-del-bosco-cuvee-prestige-ed-44-rose-extra-brut\\\/#breadcrumb\"},\"inLanguage\":\"en-US\",\"potentialAction\":[{\"@type\":\"ReadAction\",\"target\":[\"https:\\\/\\\/vinosomodena.it\\\/en\\\/prodotto\\\/ca-del-bosco-cuvee-prestige-ed-44-rose-extra-brut\\\/\"]}]},{\"@type\":\"ImageObject\",\"inLanguage\":\"en-US\",\"@id\":\"https:\\\/\\\/vinosomodena.it\\\/en\\\/prodotto\\\/ca-del-bosco-cuvee-prestige-ed-44-rose-extra-brut\\\/#primaryimage\",\"url\":\"https:\\\/\\\/vinosomodena.it\\\/wp-content\\\/uploads\\\/2025\\\/01\\\/cdb.jpg\",\"contentUrl\":\"https:\\\/\\\/vinosomodena.it\\\/wp-content\\\/uploads\\\/2025\\\/01\\\/cdb.jpg\",\"width\":1500,\"height\":1923},{\"@type\":\"BreadcrumbList\",\"@id\":\"https:\\\/\\\/vinosomodena.it\\\/en\\\/prodotto\\\/ca-del-bosco-cuvee-prestige-ed-44-rose-extra-brut\\\/#breadcrumb\",\"itemListElement\":[{\"@type\":\"ListItem\",\"position\":1,\"name\":\"Home\",\"item\":\"https:\\\/\\\/vinosomodena.it\\\/\"},{\"@type\":\"ListItem\",\"position\":2,\"name\":\"Shop\",\"item\":\"https:\\\/\\\/vinosomodena.it\\\/negozio\\\/\"},{\"@type\":\"ListItem\",\"position\":3,\"name\":\"Ca&#8217; del Bosco Cuvee Prestige ED 44 Ros\u00e8 extra brut\"}]},{\"@type\":\"WebSite\",\"@id\":\"https:\\\/\\\/vinosomodena.it\\\/#website\",\"url\":\"https:\\\/\\\/vinosomodena.it\\\/\",\"name\":\"Vinoso Modena\",\"description\":\"I migliori vini, le annate storiche e molto altro ancora.\",\"potentialAction\":[{\"@type\":\"SearchAction\",\"target\":{\"@type\":\"EntryPoint\",\"urlTemplate\":\"https:\\\/\\\/vinosomodena.it\\\/?s={search_term_string}\"},\"query-input\":{\"@type\":\"PropertyValueSpecification\",\"valueRequired\":true,\"valueName\":\"search_term_string\"}}],\"inLanguage\":\"en-US\"}]}<\/script>\n<!-- \/ Yoast SEO plugin. -->","yoast_head_json":{"title":"Ca' del Bosco Cuvee Prestige ED 44 Ros\u00e8 extra brut - Vinoso Modena","robots":{"index":"index","follow":"follow","max-snippet":"max-snippet:-1","max-image-preview":"max-image-preview:large","max-video-preview":"max-video-preview:-1"},"canonical":"https:\/\/vinosomodena.it\/en\/prodotto\/ca-del-bosco-cuvee-prestige-ed-44-rose-extra-brut\/","og_locale":"en_US","og_type":"article","og_title":"Ca' del Bosco Cuvee Prestige ED 44 Ros\u00e8 extra brut - Vinoso Modena","og_description":"Transizione. Il rosa pi\u00f9 che un colore \u00e8 uno stato d'animo sospeso, come una delicata transizione tra il bianco e il rosso che s'inseguono, senza mai essere n\u00e9 uno n\u00e9 l'altro. Franciacorta Ros\u00e9 regala una magia in bilico tra due sfumature. Il colore ros\u00e9 si ottiene dopo una breve macerazione del Pinot nero. Soltanto poche ore per ottenere quella particolare tonalit\u00e0 che evoca i tramonti di primavera: bisogna cogliere l'attimo, un momento prima il colore \u00e8 troppo chiaro, un attimo dopo \u00e8 troppo scuro. E poi il delicato incontro con lo Chardonnay e una lenta, paziente maturazione. Cuv\u00e9e Prestige Ros\u00e9, il Franciacorta ideale per le occasioni pi\u00f9 importanti. Soprattutto le pi\u00f9 romantiche","og_url":"https:\/\/vinosomodena.it\/en\/prodotto\/ca-del-bosco-cuvee-prestige-ed-44-rose-extra-brut\/","og_site_name":"Vinoso Modena","article_modified_time":"2026-01-16T12:19:19+00:00","og_image":[{"width":1500,"height":1923,"url":"https:\/\/vinosomodena.it\/wp-content\/uploads\/2025\/01\/cdb.jpg","type":"image\/jpeg"}],"twitter_card":"summary_large_image","schema":{"@context":"https:\/\/schema.org","@graph":[{"@type":"WebPage","@id":"https:\/\/vinosomodena.it\/en\/prodotto\/ca-del-bosco-cuvee-prestige-ed-44-rose-extra-brut\/","url":"https:\/\/vinosomodena.it\/en\/prodotto\/ca-del-bosco-cuvee-prestige-ed-44-rose-extra-brut\/","name":"Ca' del Bosco Cuvee Prestige ED 44 Ros\u00e8 extra brut - Vinoso Modena","isPartOf":{"@id":"https:\/\/vinosomodena.it\/#website"},"primaryImageOfPage":{"@id":"https:\/\/vinosomodena.it\/en\/prodotto\/ca-del-bosco-cuvee-prestige-ed-44-rose-extra-brut\/#primaryimage"},"image":{"@id":"https:\/\/vinosomodena.it\/en\/prodotto\/ca-del-bosco-cuvee-prestige-ed-44-rose-extra-brut\/#primaryimage"},"thumbnailUrl":"https:\/\/vinosomodena.it\/wp-content\/uploads\/2025\/01\/cdb.jpg","datePublished":"2022-08-11T11:11:18+00:00","dateModified":"2026-01-16T12:19:19+00:00","breadcrumb":{"@id":"https:\/\/vinosomodena.it\/en\/prodotto\/ca-del-bosco-cuvee-prestige-ed-44-rose-extra-brut\/#breadcrumb"},"inLanguage":"en-US","potentialAction":[{"@type":"ReadAction","target":["https:\/\/vinosomodena.it\/en\/prodotto\/ca-del-bosco-cuvee-prestige-ed-44-rose-extra-brut\/"]}]},{"@type":"ImageObject","inLanguage":"en-US","@id":"https:\/\/vinosomodena.it\/en\/prodotto\/ca-del-bosco-cuvee-prestige-ed-44-rose-extra-brut\/#primaryimage","url":"https:\/\/vinosomodena.it\/wp-content\/uploads\/2025\/01\/cdb.jpg","contentUrl":"https:\/\/vinosomodena.it\/wp-content\/uploads\/2025\/01\/cdb.jpg","width":1500,"height":1923},{"@type":"BreadcrumbList","@id":"https:\/\/vinosomodena.it\/en\/prodotto\/ca-del-bosco-cuvee-prestige-ed-44-rose-extra-brut\/#breadcrumb","itemListElement":[{"@type":"ListItem","position":1,"name":"Home","item":"https:\/\/vinosomodena.it\/"},{"@type":"ListItem","position":2,"name":"Shop","item":"https:\/\/vinosomodena.it\/negozio\/"},{"@type":"ListItem","position":3,"name":"Ca&#8217; del Bosco Cuvee Prestige ED 44 Ros\u00e8 extra brut"}]},{"@type":"WebSite","@id":"https:\/\/vinosomodena.it\/#website","url":"https:\/\/vinosomodena.it\/","name":"Vinoso Modena","description":"I migliori vini, le annate storiche e molto altro ancora.","potentialAction":[{"@type":"SearchAction","target":{"@type":"EntryPoint","urlTemplate":"https:\/\/vinosomodena.it\/?s={search_term_string}"},"query-input":{"@type":"PropertyValueSpecification","valueRequired":true,"valueName":"search_term_string"}}],"inLanguage":"en-US"}]}},"jetpack_sharing_enabled":true,"_links":{"self":[{"href":"https:\/\/vinosomodena.it\/en\/wp-json\/wp\/v2\/product\/10286","targetHints":{"allow":["GET"]}}],"collection":[{"href":"https:\/\/vinosomodena.it\/en\/wp-json\/wp\/v2\/product"}],"about":[{"href":"https:\/\/vinosomodena.it\/en\/wp-json\/wp\/v2\/types\/product"}],"wp:featuredmedia":[{"embeddable":true,"href":"https:\/\/vinosomodena.it\/en\/wp-json\/wp\/v2\/media\/19509"}],"wp:attachment":[{"href":"https:\/\/vinosomodena.it\/en\/wp-json\/wp\/v2\/media?parent=10286"}],"wp:term":[{"taxonomy":"product_brand","embeddable":true,"href":"https:\/\/vinosomodena.it\/en\/wp-json\/wp\/v2\/product_brand?post=10286"},{"taxonomy":"product_cat","embeddable":true,"href":"https:\/\/vinosomodena.it\/en\/wp-json\/wp\/v2\/product_cat?post=10286"},{"taxonomy":"product_tag","embeddable":true,"href":"https:\/\/vinosomodena.it\/en\/wp-json\/wp\/v2\/product_tag?post=10286"}],"curies":[{"name":"wp","href":"https:\/\/api.w.org\/{rel}","templated":true}]}}