{"id":10332,"date":"2022-08-10T14:35:00","date_gmt":"2022-08-10T12:35:00","guid":{"rendered":"https:\/\/vinosomodena.it\/prodotto\/champagne-fleury-bolero-2005-extra-brut\/"},"modified":"2024-08-19T23:06:08","modified_gmt":"2024-08-19T21:06:08","slug":"champagne-fleury-bolero-2005-extra-brut","status":"publish","type":"product","link":"https:\/\/vinosomodena.it\/en\/prodotto\/champagne-fleury-bolero-2005-extra-brut\/","title":{"rendered":"Champagne Fleury Bol\u00e8ro 2005 EXTRA BRUT"},"content":{"rendered":"","protected":false},"excerpt":{"rendered":"<p>Precedentemente denominata \u201cMill\u00e9sim\u00e9\u201d questa cuv\u00e9e \u00e8 stata miscelata con Chardonnay. Nel 2004 \u00e8 stato ribattezzato \u201cBolero\u201d ed \u00e8 diventato un Pinot Nero in purezza. Attraverso l&#8217;ispirazione di Benoit, questo Champagne millesimato di alta qualit\u00e0 trasuda la personalit\u00e0 della regione.<\/p>\n","protected":false},"featured_media":18087,"template":"","meta":{"_acf_changed":false},"product_brand":[],"product_cat":[2599],"product_tag":[],"class_list":{"0":"post-10332","1":"product","2":"type-product","3":"status-publish","4":"has-post-thumbnail","6":"product_cat-champagne-en","8":"first","9":"outofstock","10":"purchasable","11":"product-type-simple"},"acf":[],"yoast_head":"<!-- This site is optimized with the Yoast SEO plugin v27.0 - https:\/\/yoast.com\/product\/yoast-seo-wordpress\/ -->\n<title>Champagne Fleury Bol\u00e8ro 2005 EXTRA BRUT - Vinoso Modena<\/title>\n<meta name=\"robots\" content=\"index, follow, max-snippet:-1, max-image-preview:large, max-video-preview:-1\" \/>\n<link rel=\"canonical\" href=\"https:\/\/vinosomodena.it\/en\/prodotto\/champagne-fleury-bolero-2005-extra-brut\/\" \/>\n<meta property=\"og:locale\" content=\"en_US\" \/>\n<meta property=\"og:type\" content=\"article\" \/>\n<meta property=\"og:title\" content=\"Champagne Fleury Bol\u00e8ro 2005 EXTRA BRUT - Vinoso Modena\" \/>\n<meta property=\"og:description\" content=\"Precedentemente denominata \u201cMill\u00e9sim\u00e9\u201d questa cuv\u00e9e \u00e8 stata miscelata con Chardonnay. Nel 2004 \u00e8 stato ribattezzato \u201cBolero\u201d ed \u00e8 diventato un Pinot Nero in purezza. Attraverso l&#039;ispirazione di Benoit, questo Champagne millesimato di alta qualit\u00e0 trasuda la personalit\u00e0 della regione.\" \/>\n<meta property=\"og:url\" content=\"https:\/\/vinosomodena.it\/en\/prodotto\/champagne-fleury-bolero-2005-extra-brut\/\" \/>\n<meta property=\"og:site_name\" content=\"Vinoso Modena\" \/>\n<meta property=\"article:modified_time\" content=\"2024-08-19T21:06:08+00:00\" \/>\n<meta property=\"og:image\" content=\"https:\/\/vinosomodena.it\/wp-content\/uploads\/2024\/08\/bolero5.jpg\" \/>\n\t<meta property=\"og:image:width\" content=\"1500\" \/>\n\t<meta property=\"og:image:height\" content=\"1923\" \/>\n\t<meta property=\"og:image:type\" content=\"image\/jpeg\" \/>\n<meta name=\"twitter:card\" content=\"summary_large_image\" \/>\n<script type=\"application\/ld+json\" class=\"yoast-schema-graph\">{\"@context\":\"https:\/\/schema.org\",\"@graph\":[{\"@type\":\"WebPage\",\"@id\":\"https:\/\/vinosomodena.it\/en\/prodotto\/champagne-fleury-bolero-2005-extra-brut\/\",\"url\":\"https:\/\/vinosomodena.it\/en\/prodotto\/champagne-fleury-bolero-2005-extra-brut\/\",\"name\":\"Champagne Fleury Bol\u00e8ro 2005 EXTRA BRUT - Vinoso Modena\",\"isPartOf\":{\"@id\":\"https:\/\/vinosomodena.it\/#website\"},\"primaryImageOfPage\":{\"@id\":\"https:\/\/vinosomodena.it\/en\/prodotto\/champagne-fleury-bolero-2005-extra-brut\/#primaryimage\"},\"image\":{\"@id\":\"https:\/\/vinosomodena.it\/en\/prodotto\/champagne-fleury-bolero-2005-extra-brut\/#primaryimage\"},\"thumbnailUrl\":\"https:\/\/vinosomodena.it\/wp-content\/uploads\/2024\/08\/bolero5.jpg\",\"datePublished\":\"2022-08-10T12:35:00+00:00\",\"dateModified\":\"2024-08-19T21:06:08+00:00\",\"breadcrumb\":{\"@id\":\"https:\/\/vinosomodena.it\/en\/prodotto\/champagne-fleury-bolero-2005-extra-brut\/#breadcrumb\"},\"inLanguage\":\"en-US\",\"potentialAction\":[{\"@type\":\"ReadAction\",\"target\":[\"https:\/\/vinosomodena.it\/en\/prodotto\/champagne-fleury-bolero-2005-extra-brut\/\"]}]},{\"@type\":\"ImageObject\",\"inLanguage\":\"en-US\",\"@id\":\"https:\/\/vinosomodena.it\/en\/prodotto\/champagne-fleury-bolero-2005-extra-brut\/#primaryimage\",\"url\":\"https:\/\/vinosomodena.it\/wp-content\/uploads\/2024\/08\/bolero5.jpg\",\"contentUrl\":\"https:\/\/vinosomodena.it\/wp-content\/uploads\/2024\/08\/bolero5.jpg\",\"width\":1500,\"height\":1923},{\"@type\":\"BreadcrumbList\",\"@id\":\"https:\/\/vinosomodena.it\/en\/prodotto\/champagne-fleury-bolero-2005-extra-brut\/#breadcrumb\",\"itemListElement\":[{\"@type\":\"ListItem\",\"position\":1,\"name\":\"Home\",\"item\":\"https:\/\/vinosomodena.it\/\"},{\"@type\":\"ListItem\",\"position\":2,\"name\":\"Shop\",\"item\":\"https:\/\/vinosomodena.it\/negozio\/\"},{\"@type\":\"ListItem\",\"position\":3,\"name\":\"Champagne Fleury Bol\u00e8ro 2005 EXTRA BRUT\"}]},{\"@type\":\"WebSite\",\"@id\":\"https:\/\/vinosomodena.it\/#website\",\"url\":\"https:\/\/vinosomodena.it\/\",\"name\":\"Vinoso Modena\",\"description\":\"I migliori vini, le annate storiche e molto altro ancora.\",\"potentialAction\":[{\"@type\":\"SearchAction\",\"target\":{\"@type\":\"EntryPoint\",\"urlTemplate\":\"https:\/\/vinosomodena.it\/?s={search_term_string}\"},\"query-input\":{\"@type\":\"PropertyValueSpecification\",\"valueRequired\":true,\"valueName\":\"search_term_string\"}}],\"inLanguage\":\"en-US\"}]}<\/script>\n<!-- \/ Yoast SEO plugin. -->","yoast_head_json":{"title":"Champagne Fleury Bol\u00e8ro 2005 EXTRA BRUT - Vinoso Modena","robots":{"index":"index","follow":"follow","max-snippet":"max-snippet:-1","max-image-preview":"max-image-preview:large","max-video-preview":"max-video-preview:-1"},"canonical":"https:\/\/vinosomodena.it\/en\/prodotto\/champagne-fleury-bolero-2005-extra-brut\/","og_locale":"en_US","og_type":"article","og_title":"Champagne Fleury Bol\u00e8ro 2005 EXTRA BRUT - Vinoso Modena","og_description":"Precedentemente denominata \u201cMill\u00e9sim\u00e9\u201d questa cuv\u00e9e \u00e8 stata miscelata con Chardonnay. Nel 2004 \u00e8 stato ribattezzato \u201cBolero\u201d ed \u00e8 diventato un Pinot Nero in purezza. Attraverso l'ispirazione di Benoit, questo Champagne millesimato di alta qualit\u00e0 trasuda la personalit\u00e0 della regione.","og_url":"https:\/\/vinosomodena.it\/en\/prodotto\/champagne-fleury-bolero-2005-extra-brut\/","og_site_name":"Vinoso Modena","article_modified_time":"2024-08-19T21:06:08+00:00","og_image":[{"width":1500,"height":1923,"url":"https:\/\/vinosomodena.it\/wp-content\/uploads\/2024\/08\/bolero5.jpg","type":"image\/jpeg"}],"twitter_card":"summary_large_image","schema":{"@context":"https:\/\/schema.org","@graph":[{"@type":"WebPage","@id":"https:\/\/vinosomodena.it\/en\/prodotto\/champagne-fleury-bolero-2005-extra-brut\/","url":"https:\/\/vinosomodena.it\/en\/prodotto\/champagne-fleury-bolero-2005-extra-brut\/","name":"Champagne Fleury Bol\u00e8ro 2005 EXTRA BRUT - Vinoso Modena","isPartOf":{"@id":"https:\/\/vinosomodena.it\/#website"},"primaryImageOfPage":{"@id":"https:\/\/vinosomodena.it\/en\/prodotto\/champagne-fleury-bolero-2005-extra-brut\/#primaryimage"},"image":{"@id":"https:\/\/vinosomodena.it\/en\/prodotto\/champagne-fleury-bolero-2005-extra-brut\/#primaryimage"},"thumbnailUrl":"https:\/\/vinosomodena.it\/wp-content\/uploads\/2024\/08\/bolero5.jpg","datePublished":"2022-08-10T12:35:00+00:00","dateModified":"2024-08-19T21:06:08+00:00","breadcrumb":{"@id":"https:\/\/vinosomodena.it\/en\/prodotto\/champagne-fleury-bolero-2005-extra-brut\/#breadcrumb"},"inLanguage":"en-US","potentialAction":[{"@type":"ReadAction","target":["https:\/\/vinosomodena.it\/en\/prodotto\/champagne-fleury-bolero-2005-extra-brut\/"]}]},{"@type":"ImageObject","inLanguage":"en-US","@id":"https:\/\/vinosomodena.it\/en\/prodotto\/champagne-fleury-bolero-2005-extra-brut\/#primaryimage","url":"https:\/\/vinosomodena.it\/wp-content\/uploads\/2024\/08\/bolero5.jpg","contentUrl":"https:\/\/vinosomodena.it\/wp-content\/uploads\/2024\/08\/bolero5.jpg","width":1500,"height":1923},{"@type":"BreadcrumbList","@id":"https:\/\/vinosomodena.it\/en\/prodotto\/champagne-fleury-bolero-2005-extra-brut\/#breadcrumb","itemListElement":[{"@type":"ListItem","position":1,"name":"Home","item":"https:\/\/vinosomodena.it\/"},{"@type":"ListItem","position":2,"name":"Shop","item":"https:\/\/vinosomodena.it\/negozio\/"},{"@type":"ListItem","position":3,"name":"Champagne Fleury Bol\u00e8ro 2005 EXTRA BRUT"}]},{"@type":"WebSite","@id":"https:\/\/vinosomodena.it\/#website","url":"https:\/\/vinosomodena.it\/","name":"Vinoso Modena","description":"I migliori vini, le annate storiche e molto altro ancora.","potentialAction":[{"@type":"SearchAction","target":{"@type":"EntryPoint","urlTemplate":"https:\/\/vinosomodena.it\/?s={search_term_string}"},"query-input":{"@type":"PropertyValueSpecification","valueRequired":true,"valueName":"search_term_string"}}],"inLanguage":"en-US"}]}},"jetpack_sharing_enabled":true,"_links":{"self":[{"href":"https:\/\/vinosomodena.it\/en\/wp-json\/wp\/v2\/product\/10332","targetHints":{"allow":["GET"]}}],"collection":[{"href":"https:\/\/vinosomodena.it\/en\/wp-json\/wp\/v2\/product"}],"about":[{"href":"https:\/\/vinosomodena.it\/en\/wp-json\/wp\/v2\/types\/product"}],"wp:featuredmedia":[{"embeddable":true,"href":"https:\/\/vinosomodena.it\/en\/wp-json\/wp\/v2\/media\/18087"}],"wp:attachment":[{"href":"https:\/\/vinosomodena.it\/en\/wp-json\/wp\/v2\/media?parent=10332"}],"wp:term":[{"taxonomy":"product_brand","embeddable":true,"href":"https:\/\/vinosomodena.it\/en\/wp-json\/wp\/v2\/product_brand?post=10332"},{"taxonomy":"product_cat","embeddable":true,"href":"https:\/\/vinosomodena.it\/en\/wp-json\/wp\/v2\/product_cat?post=10332"},{"taxonomy":"product_tag","embeddable":true,"href":"https:\/\/vinosomodena.it\/en\/wp-json\/wp\/v2\/product_tag?post=10332"}],"curies":[{"name":"wp","href":"https:\/\/api.w.org\/{rel}","templated":true}]}}