{"id":10347,"date":"2022-08-09T17:08:25","date_gmt":"2022-08-09T15:08:25","guid":{"rendered":"https:\/\/vinosomodena.it\/?post_type=product&#038;p=10347"},"modified":"2025-06-18T18:23:08","modified_gmt":"2025-06-18T16:23:08","slug":"champagne-roederer-cristal-2014-astuccio","status":"publish","type":"product","link":"https:\/\/vinosomodena.it\/en\/prodotto\/champagne-roederer-cristal-2014-astuccio\/","title":{"rendered":"Champagne Roederer Cristal 2014 ASTUCCIO"},"content":{"rendered":"","protected":false},"excerpt":{"rendered":"<p>Il Cristal \u00e8 certamente il vino pi\u00f9 famoso della maison Roederer e questo blend del 2012 di certo rende giustizia alla sua fama. Elaborato unicamente nelle grandi annate, quando la maturit\u00e0 dello chardonnay e del pinot nero\u00a0 che lo compongono \u00e8 perfetta, invecchia in cantina per 6 anni e riposa 8 mesi dopo la sboccatura. Lo Champagne Cristal 2012 Louis Roederer \u00e8 fantastico dall&#8217;inizio alla fine, un colosso di potenza messa nel motore dal pinot unito all&#8217;innegabile eleganza dello chardonnay. Un Cristal dallo stile concentrato, denso al punto da poterlo masticare invece che bere, ma vivacizzato dall&#8217;innata freschezza e mineralit\u00e0 dei migliori cru della Marna. Uno Champagne immenso che ci piace perch\u00e9 gi\u00e0 ora \u00e8 paradisiaco, ma che con alcuni anni di maturit\u00e0 alle spalle potrebbe divenire addirittura divino<\/p>\n","protected":false},"featured_media":20138,"template":"","meta":{"_acf_changed":false},"product_brand":[],"product_cat":[2599],"product_tag":[],"class_list":{"0":"post-10347","1":"product","2":"type-product","3":"status-publish","4":"has-post-thumbnail","6":"product_cat-champagne-en","8":"first","9":"outofstock","10":"purchasable","11":"product-type-simple"},"acf":[],"yoast_head":"<!-- This site is optimized with the Yoast SEO plugin v27.0 - https:\/\/yoast.com\/product\/yoast-seo-wordpress\/ -->\n<title>Champagne Roederer Cristal 2014 ASTUCCIO - Vinoso Modena<\/title>\n<meta name=\"robots\" content=\"index, follow, max-snippet:-1, max-image-preview:large, max-video-preview:-1\" \/>\n<link rel=\"canonical\" href=\"https:\/\/vinosomodena.it\/prodotto\/champagne-roederer-cristal-2014-astuccio\/\" \/>\n<meta property=\"og:locale\" content=\"en_US\" \/>\n<meta property=\"og:type\" content=\"article\" \/>\n<meta property=\"og:title\" content=\"Champagne Roederer Cristal 2014 ASTUCCIO - Vinoso Modena\" \/>\n<meta property=\"og:description\" content=\"Il Cristal \u00e8 certamente il vino pi\u00f9 famoso della maison Roederer e questo blend del 2012 di certo rende giustizia alla sua fama. Elaborato unicamente nelle grandi annate, quando la maturit\u00e0 dello chardonnay e del pinot nero\u00a0 che lo compongono \u00e8 perfetta, invecchia in cantina per 6 anni e riposa 8 mesi dopo la sboccatura. Lo Champagne Cristal 2012 Louis Roederer \u00e8 fantastico dall&#039;inizio alla fine, un colosso di potenza messa nel motore dal pinot unito all&#039;innegabile eleganza dello chardonnay. Un Cristal dallo stile concentrato, denso al punto da poterlo masticare invece che bere, ma vivacizzato dall&#039;innata freschezza e mineralit\u00e0 dei migliori cru della Marna. Uno Champagne immenso che ci piace perch\u00e9 gi\u00e0 ora \u00e8 paradisiaco, ma che con alcuni anni di maturit\u00e0 alle spalle potrebbe divenire addirittura divino\" \/>\n<meta property=\"og:url\" content=\"https:\/\/vinosomodena.it\/prodotto\/champagne-roederer-cristal-2014-astuccio\/\" \/>\n<meta property=\"og:site_name\" content=\"Vinoso Modena\" \/>\n<meta property=\"article:modified_time\" content=\"2025-06-18T16:23:08+00:00\" \/>\n<meta property=\"og:image\" content=\"https:\/\/vinosomodena.it\/wp-content\/uploads\/2025\/02\/cristal.jpg\" \/>\n\t<meta property=\"og:image:width\" content=\"1500\" \/>\n\t<meta property=\"og:image:height\" content=\"1923\" \/>\n\t<meta property=\"og:image:type\" content=\"image\/jpeg\" \/>\n<meta name=\"twitter:card\" content=\"summary_large_image\" \/>\n<script type=\"application\/ld+json\" class=\"yoast-schema-graph\">{\"@context\":\"https:\/\/schema.org\",\"@graph\":[{\"@type\":\"WebPage\",\"@id\":\"https:\/\/vinosomodena.it\/prodotto\/champagne-roederer-cristal-2014-astuccio\/\",\"url\":\"https:\/\/vinosomodena.it\/prodotto\/champagne-roederer-cristal-2014-astuccio\/\",\"name\":\"Champagne Roederer Cristal 2014 ASTUCCIO - Vinoso Modena\",\"isPartOf\":{\"@id\":\"https:\/\/vinosomodena.it\/#website\"},\"primaryImageOfPage\":{\"@id\":\"https:\/\/vinosomodena.it\/prodotto\/champagne-roederer-cristal-2014-astuccio\/#primaryimage\"},\"image\":{\"@id\":\"https:\/\/vinosomodena.it\/prodotto\/champagne-roederer-cristal-2014-astuccio\/#primaryimage\"},\"thumbnailUrl\":\"https:\/\/vinosomodena.it\/wp-content\/uploads\/2025\/02\/cristal.jpg\",\"datePublished\":\"2022-08-09T15:08:25+00:00\",\"dateModified\":\"2025-06-18T16:23:08+00:00\",\"breadcrumb\":{\"@id\":\"https:\/\/vinosomodena.it\/prodotto\/champagne-roederer-cristal-2014-astuccio\/#breadcrumb\"},\"inLanguage\":\"en-US\",\"potentialAction\":[{\"@type\":\"ReadAction\",\"target\":[\"https:\/\/vinosomodena.it\/prodotto\/champagne-roederer-cristal-2014-astuccio\/\"]}]},{\"@type\":\"ImageObject\",\"inLanguage\":\"en-US\",\"@id\":\"https:\/\/vinosomodena.it\/prodotto\/champagne-roederer-cristal-2014-astuccio\/#primaryimage\",\"url\":\"https:\/\/vinosomodena.it\/wp-content\/uploads\/2025\/02\/cristal.jpg\",\"contentUrl\":\"https:\/\/vinosomodena.it\/wp-content\/uploads\/2025\/02\/cristal.jpg\",\"width\":1500,\"height\":1923},{\"@type\":\"BreadcrumbList\",\"@id\":\"https:\/\/vinosomodena.it\/prodotto\/champagne-roederer-cristal-2014-astuccio\/#breadcrumb\",\"itemListElement\":[{\"@type\":\"ListItem\",\"position\":1,\"name\":\"Home\",\"item\":\"https:\/\/vinosomodena.it\/\"},{\"@type\":\"ListItem\",\"position\":2,\"name\":\"Shop\",\"item\":\"https:\/\/vinosomodena.it\/negozio\/\"},{\"@type\":\"ListItem\",\"position\":3,\"name\":\"Champagne Roederer Cristal 2014 ASTUCCIO\"}]},{\"@type\":\"WebSite\",\"@id\":\"https:\/\/vinosomodena.it\/#website\",\"url\":\"https:\/\/vinosomodena.it\/\",\"name\":\"Vinoso Modena\",\"description\":\"I migliori vini, le annate storiche e molto altro ancora.\",\"potentialAction\":[{\"@type\":\"SearchAction\",\"target\":{\"@type\":\"EntryPoint\",\"urlTemplate\":\"https:\/\/vinosomodena.it\/?s={search_term_string}\"},\"query-input\":{\"@type\":\"PropertyValueSpecification\",\"valueRequired\":true,\"valueName\":\"search_term_string\"}}],\"inLanguage\":\"en-US\"}]}<\/script>\n<!-- \/ Yoast SEO plugin. -->","yoast_head_json":{"title":"Champagne Roederer Cristal 2014 ASTUCCIO - Vinoso Modena","robots":{"index":"index","follow":"follow","max-snippet":"max-snippet:-1","max-image-preview":"max-image-preview:large","max-video-preview":"max-video-preview:-1"},"canonical":"https:\/\/vinosomodena.it\/prodotto\/champagne-roederer-cristal-2014-astuccio\/","og_locale":"en_US","og_type":"article","og_title":"Champagne Roederer Cristal 2014 ASTUCCIO - Vinoso Modena","og_description":"Il Cristal \u00e8 certamente il vino pi\u00f9 famoso della maison Roederer e questo blend del 2012 di certo rende giustizia alla sua fama. Elaborato unicamente nelle grandi annate, quando la maturit\u00e0 dello chardonnay e del pinot nero\u00a0 che lo compongono \u00e8 perfetta, invecchia in cantina per 6 anni e riposa 8 mesi dopo la sboccatura. Lo Champagne Cristal 2012 Louis Roederer \u00e8 fantastico dall'inizio alla fine, un colosso di potenza messa nel motore dal pinot unito all'innegabile eleganza dello chardonnay. Un Cristal dallo stile concentrato, denso al punto da poterlo masticare invece che bere, ma vivacizzato dall'innata freschezza e mineralit\u00e0 dei migliori cru della Marna. Uno Champagne immenso che ci piace perch\u00e9 gi\u00e0 ora \u00e8 paradisiaco, ma che con alcuni anni di maturit\u00e0 alle spalle potrebbe divenire addirittura divino","og_url":"https:\/\/vinosomodena.it\/prodotto\/champagne-roederer-cristal-2014-astuccio\/","og_site_name":"Vinoso Modena","article_modified_time":"2025-06-18T16:23:08+00:00","og_image":[{"width":1500,"height":1923,"url":"https:\/\/vinosomodena.it\/wp-content\/uploads\/2025\/02\/cristal.jpg","type":"image\/jpeg"}],"twitter_card":"summary_large_image","schema":{"@context":"https:\/\/schema.org","@graph":[{"@type":"WebPage","@id":"https:\/\/vinosomodena.it\/prodotto\/champagne-roederer-cristal-2014-astuccio\/","url":"https:\/\/vinosomodena.it\/prodotto\/champagne-roederer-cristal-2014-astuccio\/","name":"Champagne Roederer Cristal 2014 ASTUCCIO - Vinoso Modena","isPartOf":{"@id":"https:\/\/vinosomodena.it\/#website"},"primaryImageOfPage":{"@id":"https:\/\/vinosomodena.it\/prodotto\/champagne-roederer-cristal-2014-astuccio\/#primaryimage"},"image":{"@id":"https:\/\/vinosomodena.it\/prodotto\/champagne-roederer-cristal-2014-astuccio\/#primaryimage"},"thumbnailUrl":"https:\/\/vinosomodena.it\/wp-content\/uploads\/2025\/02\/cristal.jpg","datePublished":"2022-08-09T15:08:25+00:00","dateModified":"2025-06-18T16:23:08+00:00","breadcrumb":{"@id":"https:\/\/vinosomodena.it\/prodotto\/champagne-roederer-cristal-2014-astuccio\/#breadcrumb"},"inLanguage":"en-US","potentialAction":[{"@type":"ReadAction","target":["https:\/\/vinosomodena.it\/prodotto\/champagne-roederer-cristal-2014-astuccio\/"]}]},{"@type":"ImageObject","inLanguage":"en-US","@id":"https:\/\/vinosomodena.it\/prodotto\/champagne-roederer-cristal-2014-astuccio\/#primaryimage","url":"https:\/\/vinosomodena.it\/wp-content\/uploads\/2025\/02\/cristal.jpg","contentUrl":"https:\/\/vinosomodena.it\/wp-content\/uploads\/2025\/02\/cristal.jpg","width":1500,"height":1923},{"@type":"BreadcrumbList","@id":"https:\/\/vinosomodena.it\/prodotto\/champagne-roederer-cristal-2014-astuccio\/#breadcrumb","itemListElement":[{"@type":"ListItem","position":1,"name":"Home","item":"https:\/\/vinosomodena.it\/"},{"@type":"ListItem","position":2,"name":"Shop","item":"https:\/\/vinosomodena.it\/negozio\/"},{"@type":"ListItem","position":3,"name":"Champagne Roederer Cristal 2014 ASTUCCIO"}]},{"@type":"WebSite","@id":"https:\/\/vinosomodena.it\/#website","url":"https:\/\/vinosomodena.it\/","name":"Vinoso Modena","description":"I migliori vini, le annate storiche e molto altro ancora.","potentialAction":[{"@type":"SearchAction","target":{"@type":"EntryPoint","urlTemplate":"https:\/\/vinosomodena.it\/?s={search_term_string}"},"query-input":{"@type":"PropertyValueSpecification","valueRequired":true,"valueName":"search_term_string"}}],"inLanguage":"en-US"}]}},"jetpack_sharing_enabled":true,"_links":{"self":[{"href":"https:\/\/vinosomodena.it\/en\/wp-json\/wp\/v2\/product\/10347","targetHints":{"allow":["GET"]}}],"collection":[{"href":"https:\/\/vinosomodena.it\/en\/wp-json\/wp\/v2\/product"}],"about":[{"href":"https:\/\/vinosomodena.it\/en\/wp-json\/wp\/v2\/types\/product"}],"wp:featuredmedia":[{"embeddable":true,"href":"https:\/\/vinosomodena.it\/en\/wp-json\/wp\/v2\/media\/20138"}],"wp:attachment":[{"href":"https:\/\/vinosomodena.it\/en\/wp-json\/wp\/v2\/media?parent=10347"}],"wp:term":[{"taxonomy":"product_brand","embeddable":true,"href":"https:\/\/vinosomodena.it\/en\/wp-json\/wp\/v2\/product_brand?post=10347"},{"taxonomy":"product_cat","embeddable":true,"href":"https:\/\/vinosomodena.it\/en\/wp-json\/wp\/v2\/product_cat?post=10347"},{"taxonomy":"product_tag","embeddable":true,"href":"https:\/\/vinosomodena.it\/en\/wp-json\/wp\/v2\/product_tag?post=10347"}],"curies":[{"name":"wp","href":"https:\/\/api.w.org\/{rel}","templated":true}]}}