{"id":10351,"date":"2022-08-09T16:41:27","date_gmt":"2022-08-09T14:41:27","guid":{"rendered":"https:\/\/vinosomodena.it\/?post_type=product&#038;p=10351"},"modified":"2024-08-19T22:39:50","modified_gmt":"2024-08-19T20:39:50","slug":"ca-del-bosco-vintage-collection-2017-dosage-zero","status":"publish","type":"product","link":"https:\/\/vinosomodena.it\/en\/prodotto\/ca-del-bosco-vintage-collection-2017-dosage-zero\/","title":{"rendered":"Ca&#8217; del Bosco Vintage Collection 2017 Dosage Zero"},"content":{"rendered":"","protected":false},"excerpt":{"rendered":"<p>Il Franciacorta Dosaggio Z\u00e9ro DOCG \u201cVintage Collection\u201d della cantina Ca\u2019 del Bosco \u00e8 ottenuto da un sapiente assemblaggio di ben 25 vini base, prodotti con uve di chardonnay, pinot bianco e pinot nero. I mosti ottenuti dalla pressatura degli acini fermentano in piccoli botti di rovere e, dopo circa 7 mesi dalla vendemmia, si procede a elaborare la cuv\u00e9e. Rimane sui lieviti per 48 mesi. Per usare una similitudine, potrebbe essere paragonato a una complessa partitura d\u2019orchestra, che solo il maestro sa comporre, ma che tutte le orecchie sanno apprezzare. Cos\u00ec \u00e8 questo Franciacorta Dosage Z\u00e9ro \u201cVintage Collection\u201d: puro e sincero, pieno di rigore, di carattere e di potenzialit\u00e0, adatto un pubblico di conoscitori che sa amare questo stile<\/p>\n","protected":false},"featured_media":18051,"template":"","meta":{"_acf_changed":false},"product_brand":[],"product_cat":[2591],"product_tag":[],"class_list":{"0":"post-10351","1":"product","2":"type-product","3":"status-publish","4":"has-post-thumbnail","6":"product_cat-sparkling","8":"first","9":"outofstock","10":"purchasable","11":"product-type-simple"},"acf":[],"yoast_head":"<!-- This site is optimized with the Yoast SEO plugin v27.4 - https:\/\/yoast.com\/product\/yoast-seo-wordpress\/ -->\n<title>Ca&#039; del Bosco Vintage Collection 2017 Dosage Zero - Vinoso Modena<\/title>\n<meta name=\"robots\" content=\"index, follow, max-snippet:-1, max-image-preview:large, max-video-preview:-1\" \/>\n<link rel=\"canonical\" href=\"https:\/\/vinosomodena.it\/en\/prodotto\/ca-del-bosco-vintage-collection-2017-dosage-zero\/\" \/>\n<meta property=\"og:locale\" content=\"en_US\" \/>\n<meta property=\"og:type\" content=\"article\" \/>\n<meta property=\"og:title\" content=\"Ca&#039; del Bosco Vintage Collection 2017 Dosage Zero - Vinoso Modena\" \/>\n<meta property=\"og:description\" content=\"Il Franciacorta Dosaggio Z\u00e9ro DOCG \u201cVintage Collection\u201d della cantina Ca\u2019 del Bosco \u00e8 ottenuto da un sapiente assemblaggio di ben 25 vini base, prodotti con uve di chardonnay, pinot bianco e pinot nero. I mosti ottenuti dalla pressatura degli acini fermentano in piccoli botti di rovere e, dopo circa 7 mesi dalla vendemmia, si procede a elaborare la cuv\u00e9e. Rimane sui lieviti per 48 mesi. Per usare una similitudine, potrebbe essere paragonato a una complessa partitura d\u2019orchestra, che solo il maestro sa comporre, ma che tutte le orecchie sanno apprezzare. Cos\u00ec \u00e8 questo Franciacorta Dosage Z\u00e9ro \u201cVintage Collection\u201d: puro e sincero, pieno di rigore, di carattere e di potenzialit\u00e0, adatto un pubblico di conoscitori che sa amare questo stile\" \/>\n<meta property=\"og:url\" content=\"https:\/\/vinosomodena.it\/en\/prodotto\/ca-del-bosco-vintage-collection-2017-dosage-zero\/\" \/>\n<meta property=\"og:site_name\" content=\"Vinoso Modena\" \/>\n<meta property=\"article:modified_time\" content=\"2024-08-19T20:39:50+00:00\" \/>\n<meta property=\"og:image\" content=\"https:\/\/vinosomodena.it\/wp-content\/uploads\/2024\/08\/cadelboscovintagedz2014-1.jpg\" \/>\n\t<meta property=\"og:image:width\" content=\"1500\" \/>\n\t<meta property=\"og:image:height\" content=\"1923\" \/>\n\t<meta property=\"og:image:type\" content=\"image\/jpeg\" \/>\n<meta name=\"twitter:card\" content=\"summary_large_image\" \/>\n<script type=\"application\/ld+json\" class=\"yoast-schema-graph\">{\"@context\":\"https:\\\/\\\/schema.org\",\"@graph\":[{\"@type\":\"WebPage\",\"@id\":\"https:\\\/\\\/vinosomodena.it\\\/en\\\/prodotto\\\/ca-del-bosco-vintage-collection-2017-dosage-zero\\\/\",\"url\":\"https:\\\/\\\/vinosomodena.it\\\/en\\\/prodotto\\\/ca-del-bosco-vintage-collection-2017-dosage-zero\\\/\",\"name\":\"Ca' del Bosco Vintage Collection 2017 Dosage Zero - Vinoso Modena\",\"isPartOf\":{\"@id\":\"https:\\\/\\\/vinosomodena.it\\\/#website\"},\"primaryImageOfPage\":{\"@id\":\"https:\\\/\\\/vinosomodena.it\\\/en\\\/prodotto\\\/ca-del-bosco-vintage-collection-2017-dosage-zero\\\/#primaryimage\"},\"image\":{\"@id\":\"https:\\\/\\\/vinosomodena.it\\\/en\\\/prodotto\\\/ca-del-bosco-vintage-collection-2017-dosage-zero\\\/#primaryimage\"},\"thumbnailUrl\":\"https:\\\/\\\/vinosomodena.it\\\/wp-content\\\/uploads\\\/2024\\\/08\\\/cadelboscovintagedz2014-1.jpg\",\"datePublished\":\"2022-08-09T14:41:27+00:00\",\"dateModified\":\"2024-08-19T20:39:50+00:00\",\"breadcrumb\":{\"@id\":\"https:\\\/\\\/vinosomodena.it\\\/en\\\/prodotto\\\/ca-del-bosco-vintage-collection-2017-dosage-zero\\\/#breadcrumb\"},\"inLanguage\":\"en-US\",\"potentialAction\":[{\"@type\":\"ReadAction\",\"target\":[\"https:\\\/\\\/vinosomodena.it\\\/en\\\/prodotto\\\/ca-del-bosco-vintage-collection-2017-dosage-zero\\\/\"]}]},{\"@type\":\"ImageObject\",\"inLanguage\":\"en-US\",\"@id\":\"https:\\\/\\\/vinosomodena.it\\\/en\\\/prodotto\\\/ca-del-bosco-vintage-collection-2017-dosage-zero\\\/#primaryimage\",\"url\":\"https:\\\/\\\/vinosomodena.it\\\/wp-content\\\/uploads\\\/2024\\\/08\\\/cadelboscovintagedz2014-1.jpg\",\"contentUrl\":\"https:\\\/\\\/vinosomodena.it\\\/wp-content\\\/uploads\\\/2024\\\/08\\\/cadelboscovintagedz2014-1.jpg\",\"width\":1500,\"height\":1923},{\"@type\":\"BreadcrumbList\",\"@id\":\"https:\\\/\\\/vinosomodena.it\\\/en\\\/prodotto\\\/ca-del-bosco-vintage-collection-2017-dosage-zero\\\/#breadcrumb\",\"itemListElement\":[{\"@type\":\"ListItem\",\"position\":1,\"name\":\"Home\",\"item\":\"https:\\\/\\\/vinosomodena.it\\\/\"},{\"@type\":\"ListItem\",\"position\":2,\"name\":\"Shop\",\"item\":\"https:\\\/\\\/vinosomodena.it\\\/negozio\\\/\"},{\"@type\":\"ListItem\",\"position\":3,\"name\":\"Ca&#8217; del Bosco Vintage Collection 2017 Dosage Zero\"}]},{\"@type\":\"WebSite\",\"@id\":\"https:\\\/\\\/vinosomodena.it\\\/#website\",\"url\":\"https:\\\/\\\/vinosomodena.it\\\/\",\"name\":\"Vinoso Modena\",\"description\":\"I migliori vini, le annate storiche e molto altro ancora.\",\"potentialAction\":[{\"@type\":\"SearchAction\",\"target\":{\"@type\":\"EntryPoint\",\"urlTemplate\":\"https:\\\/\\\/vinosomodena.it\\\/?s={search_term_string}\"},\"query-input\":{\"@type\":\"PropertyValueSpecification\",\"valueRequired\":true,\"valueName\":\"search_term_string\"}}],\"inLanguage\":\"en-US\"}]}<\/script>\n<!-- \/ Yoast SEO plugin. -->","yoast_head_json":{"title":"Ca' del Bosco Vintage Collection 2017 Dosage Zero - Vinoso Modena","robots":{"index":"index","follow":"follow","max-snippet":"max-snippet:-1","max-image-preview":"max-image-preview:large","max-video-preview":"max-video-preview:-1"},"canonical":"https:\/\/vinosomodena.it\/en\/prodotto\/ca-del-bosco-vintage-collection-2017-dosage-zero\/","og_locale":"en_US","og_type":"article","og_title":"Ca' del Bosco Vintage Collection 2017 Dosage Zero - Vinoso Modena","og_description":"Il Franciacorta Dosaggio Z\u00e9ro DOCG \u201cVintage Collection\u201d della cantina Ca\u2019 del Bosco \u00e8 ottenuto da un sapiente assemblaggio di ben 25 vini base, prodotti con uve di chardonnay, pinot bianco e pinot nero. I mosti ottenuti dalla pressatura degli acini fermentano in piccoli botti di rovere e, dopo circa 7 mesi dalla vendemmia, si procede a elaborare la cuv\u00e9e. Rimane sui lieviti per 48 mesi. Per usare una similitudine, potrebbe essere paragonato a una complessa partitura d\u2019orchestra, che solo il maestro sa comporre, ma che tutte le orecchie sanno apprezzare. Cos\u00ec \u00e8 questo Franciacorta Dosage Z\u00e9ro \u201cVintage Collection\u201d: puro e sincero, pieno di rigore, di carattere e di potenzialit\u00e0, adatto un pubblico di conoscitori che sa amare questo stile","og_url":"https:\/\/vinosomodena.it\/en\/prodotto\/ca-del-bosco-vintage-collection-2017-dosage-zero\/","og_site_name":"Vinoso Modena","article_modified_time":"2024-08-19T20:39:50+00:00","og_image":[{"width":1500,"height":1923,"url":"https:\/\/vinosomodena.it\/wp-content\/uploads\/2024\/08\/cadelboscovintagedz2014-1.jpg","type":"image\/jpeg"}],"twitter_card":"summary_large_image","schema":{"@context":"https:\/\/schema.org","@graph":[{"@type":"WebPage","@id":"https:\/\/vinosomodena.it\/en\/prodotto\/ca-del-bosco-vintage-collection-2017-dosage-zero\/","url":"https:\/\/vinosomodena.it\/en\/prodotto\/ca-del-bosco-vintage-collection-2017-dosage-zero\/","name":"Ca' del Bosco Vintage Collection 2017 Dosage Zero - Vinoso Modena","isPartOf":{"@id":"https:\/\/vinosomodena.it\/#website"},"primaryImageOfPage":{"@id":"https:\/\/vinosomodena.it\/en\/prodotto\/ca-del-bosco-vintage-collection-2017-dosage-zero\/#primaryimage"},"image":{"@id":"https:\/\/vinosomodena.it\/en\/prodotto\/ca-del-bosco-vintage-collection-2017-dosage-zero\/#primaryimage"},"thumbnailUrl":"https:\/\/vinosomodena.it\/wp-content\/uploads\/2024\/08\/cadelboscovintagedz2014-1.jpg","datePublished":"2022-08-09T14:41:27+00:00","dateModified":"2024-08-19T20:39:50+00:00","breadcrumb":{"@id":"https:\/\/vinosomodena.it\/en\/prodotto\/ca-del-bosco-vintage-collection-2017-dosage-zero\/#breadcrumb"},"inLanguage":"en-US","potentialAction":[{"@type":"ReadAction","target":["https:\/\/vinosomodena.it\/en\/prodotto\/ca-del-bosco-vintage-collection-2017-dosage-zero\/"]}]},{"@type":"ImageObject","inLanguage":"en-US","@id":"https:\/\/vinosomodena.it\/en\/prodotto\/ca-del-bosco-vintage-collection-2017-dosage-zero\/#primaryimage","url":"https:\/\/vinosomodena.it\/wp-content\/uploads\/2024\/08\/cadelboscovintagedz2014-1.jpg","contentUrl":"https:\/\/vinosomodena.it\/wp-content\/uploads\/2024\/08\/cadelboscovintagedz2014-1.jpg","width":1500,"height":1923},{"@type":"BreadcrumbList","@id":"https:\/\/vinosomodena.it\/en\/prodotto\/ca-del-bosco-vintage-collection-2017-dosage-zero\/#breadcrumb","itemListElement":[{"@type":"ListItem","position":1,"name":"Home","item":"https:\/\/vinosomodena.it\/"},{"@type":"ListItem","position":2,"name":"Shop","item":"https:\/\/vinosomodena.it\/negozio\/"},{"@type":"ListItem","position":3,"name":"Ca&#8217; del Bosco Vintage Collection 2017 Dosage Zero"}]},{"@type":"WebSite","@id":"https:\/\/vinosomodena.it\/#website","url":"https:\/\/vinosomodena.it\/","name":"Vinoso Modena","description":"I migliori vini, le annate storiche e molto altro ancora.","potentialAction":[{"@type":"SearchAction","target":{"@type":"EntryPoint","urlTemplate":"https:\/\/vinosomodena.it\/?s={search_term_string}"},"query-input":{"@type":"PropertyValueSpecification","valueRequired":true,"valueName":"search_term_string"}}],"inLanguage":"en-US"}]}},"jetpack_sharing_enabled":true,"_links":{"self":[{"href":"https:\/\/vinosomodena.it\/en\/wp-json\/wp\/v2\/product\/10351","targetHints":{"allow":["GET"]}}],"collection":[{"href":"https:\/\/vinosomodena.it\/en\/wp-json\/wp\/v2\/product"}],"about":[{"href":"https:\/\/vinosomodena.it\/en\/wp-json\/wp\/v2\/types\/product"}],"wp:featuredmedia":[{"embeddable":true,"href":"https:\/\/vinosomodena.it\/en\/wp-json\/wp\/v2\/media\/18051"}],"wp:attachment":[{"href":"https:\/\/vinosomodena.it\/en\/wp-json\/wp\/v2\/media?parent=10351"}],"wp:term":[{"taxonomy":"product_brand","embeddable":true,"href":"https:\/\/vinosomodena.it\/en\/wp-json\/wp\/v2\/product_brand?post=10351"},{"taxonomy":"product_cat","embeddable":true,"href":"https:\/\/vinosomodena.it\/en\/wp-json\/wp\/v2\/product_cat?post=10351"},{"taxonomy":"product_tag","embeddable":true,"href":"https:\/\/vinosomodena.it\/en\/wp-json\/wp\/v2\/product_tag?post=10351"}],"curies":[{"name":"wp","href":"https:\/\/api.w.org\/{rel}","templated":true}]}}