{"id":10357,"date":"2022-08-06T11:47:00","date_gmt":"2022-08-06T09:47:00","guid":{"rendered":"https:\/\/vinosomodena.it\/prodotto\/travel-box-the-daiquiri-machine\/"},"modified":"2024-03-22T22:42:58","modified_gmt":"2024-03-22T21:42:58","slug":"travel-box-the-daiquiri-machine","status":"publish","type":"product","link":"https:\/\/vinosomodena.it\/en\/prodotto\/travel-box-the-daiquiri-machine\/","title":{"rendered":"Travel Box &#8211; The Daiquiri Machine"},"content":{"rendered":"","protected":false},"excerpt":{"rendered":"<h1 class=\"cm-title\">Travel Box &#8211; The Daiquiri Machine<\/h1>\n<p>IMMERGITI NEL FANTASTICO MONDO DAIQUIRI<\/p>\n<p><strong>Tipologia:<\/strong>\u00a0Pure Single Rum, Rhum Agricole, Rum, Single Blended Rum<\/p>\n<ul>\n<li><strong>Clairin Sajous<\/strong>: la massima espressione della canna cristalline di St. Michel de L\u2019Attalaye che si traduce nel Clairin di Michel Sajous con profumi di succo appena spremuto, zucchero, fiori e frutta, un Daiquiri molto profumato, elegante ma comunque potente visto l\u2019imbottigliamento a grado pieno.<\/li>\n<li><strong>Veritas<\/strong>: il rum che di pi\u00f9 si avvicina alla complessit\u00e0 aromatica dei Rum utilizzati a cavallo fra 1800 e i primi del 900 a Cuba, distillati che oggi sono diventati molto neutri e poveri di aromi. Veritas fa rivivere il mito e il gusto del Daiquiri originale con la giusta combinazione di traditional e single rum di Jamaica e Barbados.<\/li>\n<li><strong>Wray &amp; Nephew Overproof<\/strong>: il pap\u00e0 dei rum Overproof che scandisce il ritmo di vita dei Giamaicani, troppo spesso relegato ai cocktails Tiki e consumato localmente liscio o abbinato alla Ting, J.Wray &amp; Nephew \u00e8 la base per un Daiquiri con una buona ricchezza aromatic a e un bel \u201cpunch\u201d alcolico che piacer\u00e0 ai bevitori pi\u00f9 esperti.<\/li>\n<li><strong>Providence<\/strong>: la massima espressione del rum distillato in alambicco discontinuo partendo dalle migliori canne da zucchero di Haiti, il Daiquiri con Providence raggruppa all\u2019interno di un solo bicchiere una variet\u00e0 di aromi molto ampia, un cocktail che ad ogni sorso riserver\u00e0 delle sorprese e che non lascer\u00e0 altra scelta se non di ordinarne un altro per continuare il viaggio attraverso i territori incontaminati di Haiti.<\/li>\n<li><strong>Clairin Communal<\/strong>: \u00e8 un condensato dei quattro Clairin che compongono il blend, la parte zuccherosa di Sajous e della canna Cristalline, le note speziate e intense di Casimir, i profumi \u201cdunder style\u201d di Le Rocher e infine la parte di terra dalle note di tartufo di Vaval, sar\u00e0 un Daiquiri dove si ritrover\u00e0 tutto questo e che grazie al grado alcolico di 43\u00b0 avr\u00e0 una beva molto piacevole e pi\u00f9 facile rispetto ai singoli Clairin.<\/li>\n<li><strong>Grogue<\/strong>: un Daiquiri che prende tutti i profumi delle canne di Capo Verde, sar\u00e0 il cocktail pi\u00f9 vegetale di tutti e a tratti minerale e iodato, con l\u2019abbassamento della temperatura il Grogue assume una consistenza leggermente oleosa piacevolissima e beneficia delle parte acida per sprigionare ulteriormente i suoi profumi<\/li>\n<\/ul>\n","protected":false},"featured_media":10358,"template":"","meta":{"_acf_changed":false},"product_brand":[],"product_cat":[2575],"product_tag":[],"class_list":{"0":"post-10357","1":"product","2":"type-product","3":"status-publish","4":"has-post-thumbnail","6":"product_cat-custom-orders","8":"first","9":"instock","10":"shipping-taxable","11":"purchasable","12":"product-type-simple"},"acf":[],"yoast_head":"<!-- This site is optimized with the Yoast SEO plugin v27.4 - https:\/\/yoast.com\/product\/yoast-seo-wordpress\/ -->\n<title>Travel Box - The Daiquiri Machine - Vinoso Modena<\/title>\n<meta name=\"robots\" content=\"index, follow, max-snippet:-1, max-image-preview:large, max-video-preview:-1\" \/>\n<link rel=\"canonical\" href=\"https:\/\/vinosomodena.it\/en\/prodotto\/travel-box-the-daiquiri-machine\/\" \/>\n<meta property=\"og:locale\" content=\"en_US\" \/>\n<meta property=\"og:type\" content=\"article\" \/>\n<meta property=\"og:title\" content=\"Travel Box - The Daiquiri Machine - Vinoso Modena\" \/>\n<meta property=\"og:description\" content=\"Travel Box - The Daiquiri Machine IMMERGITI NEL FANTASTICO MONDO DAIQUIRI  Tipologia:\u00a0Pure Single Rum, Rhum Agricole, Rum, Single Blended Rum   Clairin Sajous: la massima espressione della canna cristalline di St. Michel de L\u2019Attalaye che si traduce nel Clairin di Michel Sajous con profumi di succo appena spremuto, zucchero, fiori e frutta, un Daiquiri molto profumato, elegante ma comunque potente visto l\u2019imbottigliamento a grado pieno.  Veritas: il rum che di pi\u00f9 si avvicina alla complessit\u00e0 aromatica dei Rum utilizzati a cavallo fra 1800 e i primi del 900 a Cuba, distillati che oggi sono diventati molto neutri e poveri di aromi. Veritas fa rivivere il mito e il gusto del Daiquiri originale con la giusta combinazione di traditional e single rum di Jamaica e Barbados.  Wray &amp; Nephew Overproof: il pap\u00e0 dei rum Overproof che scandisce il ritmo di vita dei Giamaicani, troppo spesso relegato ai cocktails Tiki e consumato localmente liscio o abbinato alla Ting, J.Wray &amp; Nephew \u00e8 la base per un Daiquiri con una buona ricchezza aromatic a e un bel \u201cpunch\u201d alcolico che piacer\u00e0 ai bevitori pi\u00f9 esperti.  Providence: la massima espressione del rum distillato in alambicco discontinuo partendo dalle migliori canne da zucchero di Haiti, il Daiquiri con Providence raggruppa all\u2019interno di un solo bicchiere una variet\u00e0 di aromi molto ampia, un cocktail che ad ogni sorso riserver\u00e0 delle sorprese e che non lascer\u00e0 altra scelta se non di ordinarne un altro per continuare il viaggio attraverso i territori incontaminati di Haiti.  Clairin Communal: \u00e8 un condensato dei quattro Clairin che compongono il blend, la parte zuccherosa di Sajous e della canna Cristalline, le note speziate e intense di Casimir, i profumi \u201cdunder style\u201d di Le Rocher e infine la parte di terra dalle note di tartufo di Vaval, sar\u00e0 un Daiquiri dove si ritrover\u00e0 tutto questo e che grazie al grado alcolico di 43\u00b0 avr\u00e0 una beva molto piacevole e pi\u00f9 facile rispetto ai singoli Clairin.  Grogue: un Daiquiri che prende tutti i profumi delle canne di Capo Verde, sar\u00e0 il cocktail pi\u00f9 vegetale di tutti e a tratti minerale e iodato, con l\u2019abbassamento della temperatura il Grogue assume una consistenza leggermente oleosa piacevolissima e beneficia delle parte acida per sprigionare ulteriormente i suoi profumi\" \/>\n<meta property=\"og:url\" content=\"https:\/\/vinosomodena.it\/en\/prodotto\/travel-box-the-daiquiri-machine\/\" \/>\n<meta property=\"og:site_name\" content=\"Vinoso Modena\" \/>\n<meta property=\"article:modified_time\" content=\"2024-03-22T21:42:58+00:00\" \/>\n<meta property=\"og:image\" content=\"https:\/\/vinosomodena.it\/wp-content\/uploads\/2022\/08\/DAI.jpg\" \/>\n\t<meta property=\"og:image:width\" content=\"1500\" \/>\n\t<meta property=\"og:image:height\" content=\"1923\" \/>\n\t<meta property=\"og:image:type\" content=\"image\/jpeg\" \/>\n<meta name=\"twitter:card\" content=\"summary_large_image\" \/>\n<script type=\"application\/ld+json\" class=\"yoast-schema-graph\">{\"@context\":\"https:\\\/\\\/schema.org\",\"@graph\":[{\"@type\":\"WebPage\",\"@id\":\"https:\\\/\\\/vinosomodena.it\\\/en\\\/prodotto\\\/travel-box-the-daiquiri-machine\\\/\",\"url\":\"https:\\\/\\\/vinosomodena.it\\\/en\\\/prodotto\\\/travel-box-the-daiquiri-machine\\\/\",\"name\":\"Travel Box - The Daiquiri Machine - Vinoso Modena\",\"isPartOf\":{\"@id\":\"https:\\\/\\\/vinosomodena.it\\\/#website\"},\"primaryImageOfPage\":{\"@id\":\"https:\\\/\\\/vinosomodena.it\\\/en\\\/prodotto\\\/travel-box-the-daiquiri-machine\\\/#primaryimage\"},\"image\":{\"@id\":\"https:\\\/\\\/vinosomodena.it\\\/en\\\/prodotto\\\/travel-box-the-daiquiri-machine\\\/#primaryimage\"},\"thumbnailUrl\":\"https:\\\/\\\/vinosomodena.it\\\/wp-content\\\/uploads\\\/2022\\\/08\\\/DAI.jpg\",\"datePublished\":\"2022-08-06T09:47:00+00:00\",\"dateModified\":\"2024-03-22T21:42:58+00:00\",\"breadcrumb\":{\"@id\":\"https:\\\/\\\/vinosomodena.it\\\/en\\\/prodotto\\\/travel-box-the-daiquiri-machine\\\/#breadcrumb\"},\"inLanguage\":\"en-US\",\"potentialAction\":[{\"@type\":\"ReadAction\",\"target\":[\"https:\\\/\\\/vinosomodena.it\\\/en\\\/prodotto\\\/travel-box-the-daiquiri-machine\\\/\"]}]},{\"@type\":\"ImageObject\",\"inLanguage\":\"en-US\",\"@id\":\"https:\\\/\\\/vinosomodena.it\\\/en\\\/prodotto\\\/travel-box-the-daiquiri-machine\\\/#primaryimage\",\"url\":\"https:\\\/\\\/vinosomodena.it\\\/wp-content\\\/uploads\\\/2022\\\/08\\\/DAI.jpg\",\"contentUrl\":\"https:\\\/\\\/vinosomodena.it\\\/wp-content\\\/uploads\\\/2022\\\/08\\\/DAI.jpg\",\"width\":1500,\"height\":1923},{\"@type\":\"BreadcrumbList\",\"@id\":\"https:\\\/\\\/vinosomodena.it\\\/en\\\/prodotto\\\/travel-box-the-daiquiri-machine\\\/#breadcrumb\",\"itemListElement\":[{\"@type\":\"ListItem\",\"position\":1,\"name\":\"Home\",\"item\":\"https:\\\/\\\/vinosomodena.it\\\/\"},{\"@type\":\"ListItem\",\"position\":2,\"name\":\"Shop\",\"item\":\"https:\\\/\\\/vinosomodena.it\\\/negozio\\\/\"},{\"@type\":\"ListItem\",\"position\":3,\"name\":\"Travel Box &#8211; The Daiquiri Machine\"}]},{\"@type\":\"WebSite\",\"@id\":\"https:\\\/\\\/vinosomodena.it\\\/#website\",\"url\":\"https:\\\/\\\/vinosomodena.it\\\/\",\"name\":\"Vinoso Modena\",\"description\":\"I migliori vini, le annate storiche e molto altro ancora.\",\"potentialAction\":[{\"@type\":\"SearchAction\",\"target\":{\"@type\":\"EntryPoint\",\"urlTemplate\":\"https:\\\/\\\/vinosomodena.it\\\/?s={search_term_string}\"},\"query-input\":{\"@type\":\"PropertyValueSpecification\",\"valueRequired\":true,\"valueName\":\"search_term_string\"}}],\"inLanguage\":\"en-US\"}]}<\/script>\n<!-- \/ Yoast SEO plugin. -->","yoast_head_json":{"title":"Travel Box - The Daiquiri Machine - Vinoso Modena","robots":{"index":"index","follow":"follow","max-snippet":"max-snippet:-1","max-image-preview":"max-image-preview:large","max-video-preview":"max-video-preview:-1"},"canonical":"https:\/\/vinosomodena.it\/en\/prodotto\/travel-box-the-daiquiri-machine\/","og_locale":"en_US","og_type":"article","og_title":"Travel Box - The Daiquiri Machine - Vinoso Modena","og_description":"Travel Box - The Daiquiri Machine IMMERGITI NEL FANTASTICO MONDO DAIQUIRI  Tipologia:\u00a0Pure Single Rum, Rhum Agricole, Rum, Single Blended Rum   Clairin Sajous: la massima espressione della canna cristalline di St. Michel de L\u2019Attalaye che si traduce nel Clairin di Michel Sajous con profumi di succo appena spremuto, zucchero, fiori e frutta, un Daiquiri molto profumato, elegante ma comunque potente visto l\u2019imbottigliamento a grado pieno.  Veritas: il rum che di pi\u00f9 si avvicina alla complessit\u00e0 aromatica dei Rum utilizzati a cavallo fra 1800 e i primi del 900 a Cuba, distillati che oggi sono diventati molto neutri e poveri di aromi. Veritas fa rivivere il mito e il gusto del Daiquiri originale con la giusta combinazione di traditional e single rum di Jamaica e Barbados.  Wray &amp; Nephew Overproof: il pap\u00e0 dei rum Overproof che scandisce il ritmo di vita dei Giamaicani, troppo spesso relegato ai cocktails Tiki e consumato localmente liscio o abbinato alla Ting, J.Wray &amp; Nephew \u00e8 la base per un Daiquiri con una buona ricchezza aromatic a e un bel \u201cpunch\u201d alcolico che piacer\u00e0 ai bevitori pi\u00f9 esperti.  Providence: la massima espressione del rum distillato in alambicco discontinuo partendo dalle migliori canne da zucchero di Haiti, il Daiquiri con Providence raggruppa all\u2019interno di un solo bicchiere una variet\u00e0 di aromi molto ampia, un cocktail che ad ogni sorso riserver\u00e0 delle sorprese e che non lascer\u00e0 altra scelta se non di ordinarne un altro per continuare il viaggio attraverso i territori incontaminati di Haiti.  Clairin Communal: \u00e8 un condensato dei quattro Clairin che compongono il blend, la parte zuccherosa di Sajous e della canna Cristalline, le note speziate e intense di Casimir, i profumi \u201cdunder style\u201d di Le Rocher e infine la parte di terra dalle note di tartufo di Vaval, sar\u00e0 un Daiquiri dove si ritrover\u00e0 tutto questo e che grazie al grado alcolico di 43\u00b0 avr\u00e0 una beva molto piacevole e pi\u00f9 facile rispetto ai singoli Clairin.  Grogue: un Daiquiri che prende tutti i profumi delle canne di Capo Verde, sar\u00e0 il cocktail pi\u00f9 vegetale di tutti e a tratti minerale e iodato, con l\u2019abbassamento della temperatura il Grogue assume una consistenza leggermente oleosa piacevolissima e beneficia delle parte acida per sprigionare ulteriormente i suoi profumi","og_url":"https:\/\/vinosomodena.it\/en\/prodotto\/travel-box-the-daiquiri-machine\/","og_site_name":"Vinoso Modena","article_modified_time":"2024-03-22T21:42:58+00:00","og_image":[{"width":1500,"height":1923,"url":"https:\/\/vinosomodena.it\/wp-content\/uploads\/2022\/08\/DAI.jpg","type":"image\/jpeg"}],"twitter_card":"summary_large_image","schema":{"@context":"https:\/\/schema.org","@graph":[{"@type":"WebPage","@id":"https:\/\/vinosomodena.it\/en\/prodotto\/travel-box-the-daiquiri-machine\/","url":"https:\/\/vinosomodena.it\/en\/prodotto\/travel-box-the-daiquiri-machine\/","name":"Travel Box - The Daiquiri Machine - Vinoso Modena","isPartOf":{"@id":"https:\/\/vinosomodena.it\/#website"},"primaryImageOfPage":{"@id":"https:\/\/vinosomodena.it\/en\/prodotto\/travel-box-the-daiquiri-machine\/#primaryimage"},"image":{"@id":"https:\/\/vinosomodena.it\/en\/prodotto\/travel-box-the-daiquiri-machine\/#primaryimage"},"thumbnailUrl":"https:\/\/vinosomodena.it\/wp-content\/uploads\/2022\/08\/DAI.jpg","datePublished":"2022-08-06T09:47:00+00:00","dateModified":"2024-03-22T21:42:58+00:00","breadcrumb":{"@id":"https:\/\/vinosomodena.it\/en\/prodotto\/travel-box-the-daiquiri-machine\/#breadcrumb"},"inLanguage":"en-US","potentialAction":[{"@type":"ReadAction","target":["https:\/\/vinosomodena.it\/en\/prodotto\/travel-box-the-daiquiri-machine\/"]}]},{"@type":"ImageObject","inLanguage":"en-US","@id":"https:\/\/vinosomodena.it\/en\/prodotto\/travel-box-the-daiquiri-machine\/#primaryimage","url":"https:\/\/vinosomodena.it\/wp-content\/uploads\/2022\/08\/DAI.jpg","contentUrl":"https:\/\/vinosomodena.it\/wp-content\/uploads\/2022\/08\/DAI.jpg","width":1500,"height":1923},{"@type":"BreadcrumbList","@id":"https:\/\/vinosomodena.it\/en\/prodotto\/travel-box-the-daiquiri-machine\/#breadcrumb","itemListElement":[{"@type":"ListItem","position":1,"name":"Home","item":"https:\/\/vinosomodena.it\/"},{"@type":"ListItem","position":2,"name":"Shop","item":"https:\/\/vinosomodena.it\/negozio\/"},{"@type":"ListItem","position":3,"name":"Travel Box &#8211; The Daiquiri Machine"}]},{"@type":"WebSite","@id":"https:\/\/vinosomodena.it\/#website","url":"https:\/\/vinosomodena.it\/","name":"Vinoso Modena","description":"I migliori vini, le annate storiche e molto altro ancora.","potentialAction":[{"@type":"SearchAction","target":{"@type":"EntryPoint","urlTemplate":"https:\/\/vinosomodena.it\/?s={search_term_string}"},"query-input":{"@type":"PropertyValueSpecification","valueRequired":true,"valueName":"search_term_string"}}],"inLanguage":"en-US"}]}},"jetpack_sharing_enabled":true,"_links":{"self":[{"href":"https:\/\/vinosomodena.it\/en\/wp-json\/wp\/v2\/product\/10357","targetHints":{"allow":["GET"]}}],"collection":[{"href":"https:\/\/vinosomodena.it\/en\/wp-json\/wp\/v2\/product"}],"about":[{"href":"https:\/\/vinosomodena.it\/en\/wp-json\/wp\/v2\/types\/product"}],"wp:featuredmedia":[{"embeddable":true,"href":"https:\/\/vinosomodena.it\/en\/wp-json\/wp\/v2\/media\/10358"}],"wp:attachment":[{"href":"https:\/\/vinosomodena.it\/en\/wp-json\/wp\/v2\/media?parent=10357"}],"wp:term":[{"taxonomy":"product_brand","embeddable":true,"href":"https:\/\/vinosomodena.it\/en\/wp-json\/wp\/v2\/product_brand?post=10357"},{"taxonomy":"product_cat","embeddable":true,"href":"https:\/\/vinosomodena.it\/en\/wp-json\/wp\/v2\/product_cat?post=10357"},{"taxonomy":"product_tag","embeddable":true,"href":"https:\/\/vinosomodena.it\/en\/wp-json\/wp\/v2\/product_tag?post=10357"}],"curies":[{"name":"wp","href":"https:\/\/api.w.org\/{rel}","templated":true}]}}