{"id":10364,"date":"2022-07-07T15:51:46","date_gmt":"2022-07-07T13:51:46","guid":{"rendered":"https:\/\/vinosomodena.it\/prodotto\/biondi-santi-rosso-di-montalcino-2019\/"},"modified":"2026-03-13T11:04:32","modified_gmt":"2026-03-13T10:04:32","slug":"biondi-santi-rosso-di-montalcino-2019","status":"publish","type":"product","link":"https:\/\/vinosomodena.it\/en\/prodotto\/biondi-santi-rosso-di-montalcino-2019\/","title":{"rendered":"Biondi Santi Rosso di Montalcino 2019"},"content":{"rendered":"<p>Di fronte al Rosso di Montalcino di Biondi Santi \u00e8 possibile affermare senza ombra di smentita che si tratti del campione assoluto della denominazione. Un piccolo Brunello, la cui peculiarit\u00e0 \u00e8 quella di provenire dai vigneti pi\u00f9 giovani della Tenuta Greppo, compresi tra i 5 ed i 10 anni, e di maturare per un periodo un po\u2019 pi\u00f9 breve del suo fratello maggiore: circa 12 mesi in grandi botti di rovere di Slavonia. Quello che ne deriva \u00e8 un vino rosso unico per eleganza e per beva, un vino splendidamente definito e fresco, ideale compagno della tavola per le occasioni pi\u00f9 belle<\/p>\n","protected":false},"excerpt":{"rendered":"<p>Di fronte al Rosso di Montalcino di Biondi Santi \u00e8 possibile affermare senza ombra di smentita che si tratti del campione assoluto della denominazione. Un piccolo Brunello, la cui peculiarit\u00e0 \u00e8 quella di provenire dai vigneti pi\u00f9 giovani della Tenuta Greppo, compresi tra i 5 ed i 10 anni, e di maturare per un periodo un po\u2019 pi\u00f9 breve del suo fratello maggiore: circa 12 mesi in grandi botti di rovere di Slavonia. Quello che ne deriva \u00e8 un vino rosso unico per eleganza e per beva, un vino splendidamente definito e fresco, ideale compagno della tavola per le occasioni pi\u00f9 belle.<\/p>\n","protected":false},"featured_media":24580,"template":"","meta":{"_acf_changed":false},"product_brand":[],"product_cat":[2579],"product_tag":[],"class_list":{"0":"post-10364","1":"product","2":"type-product","3":"status-publish","4":"has-post-thumbnail","6":"product_cat-red-wine","8":"first","9":"instock","10":"purchasable","11":"product-type-simple"},"acf":[],"yoast_head":"<!-- This site is optimized with the Yoast SEO plugin v27.0 - https:\/\/yoast.com\/product\/yoast-seo-wordpress\/ -->\n<title>Biondi Santi Rosso di Montalcino 2019 - Vinoso Modena<\/title>\n<meta name=\"robots\" content=\"index, follow, max-snippet:-1, max-image-preview:large, max-video-preview:-1\" \/>\n<link rel=\"canonical\" href=\"https:\/\/vinosomodena.it\/en\/prodotto\/biondi-santi-rosso-di-montalcino-2019\/\" \/>\n<meta property=\"og:locale\" content=\"en_US\" \/>\n<meta property=\"og:type\" content=\"article\" \/>\n<meta property=\"og:title\" content=\"Biondi Santi Rosso di Montalcino 2019 - Vinoso Modena\" \/>\n<meta property=\"og:description\" content=\"Di fronte al Rosso di Montalcino di Biondi Santi \u00e8 possibile affermare senza ombra di smentita che si tratti del campione assoluto della denominazione. Un piccolo Brunello, la cui peculiarit\u00e0 \u00e8 quella di provenire dai vigneti pi\u00f9 giovani della Tenuta Greppo, compresi tra i 5 ed i 10 anni, e di maturare per un periodo un po\u2019 pi\u00f9 breve del suo fratello maggiore: circa 12 mesi in grandi botti di rovere di Slavonia. Quello che ne deriva \u00e8 un vino rosso unico per eleganza e per beva, un vino splendidamente definito e fresco, ideale compagno della tavola per le occasioni pi\u00f9 belle.\" \/>\n<meta property=\"og:url\" content=\"https:\/\/vinosomodena.it\/en\/prodotto\/biondi-santi-rosso-di-montalcino-2019\/\" \/>\n<meta property=\"og:site_name\" content=\"Vinoso Modena\" \/>\n<meta property=\"article:modified_time\" content=\"2026-03-13T10:04:32+00:00\" \/>\n<meta property=\"og:image\" content=\"https:\/\/vinosomodena.it\/wp-content\/uploads\/2025\/10\/biondisantirosso-1-1.jpg\" \/>\n\t<meta property=\"og:image:width\" content=\"1500\" \/>\n\t<meta property=\"og:image:height\" content=\"1923\" \/>\n\t<meta property=\"og:image:type\" content=\"image\/jpeg\" \/>\n<meta name=\"twitter:card\" content=\"summary_large_image\" \/>\n<script type=\"application\/ld+json\" class=\"yoast-schema-graph\">{\"@context\":\"https:\/\/schema.org\",\"@graph\":[{\"@type\":\"WebPage\",\"@id\":\"https:\/\/vinosomodena.it\/en\/prodotto\/biondi-santi-rosso-di-montalcino-2019\/\",\"url\":\"https:\/\/vinosomodena.it\/en\/prodotto\/biondi-santi-rosso-di-montalcino-2019\/\",\"name\":\"Biondi Santi Rosso di Montalcino 2019 - Vinoso Modena\",\"isPartOf\":{\"@id\":\"https:\/\/vinosomodena.it\/#website\"},\"primaryImageOfPage\":{\"@id\":\"https:\/\/vinosomodena.it\/en\/prodotto\/biondi-santi-rosso-di-montalcino-2019\/#primaryimage\"},\"image\":{\"@id\":\"https:\/\/vinosomodena.it\/en\/prodotto\/biondi-santi-rosso-di-montalcino-2019\/#primaryimage\"},\"thumbnailUrl\":\"https:\/\/vinosomodena.it\/wp-content\/uploads\/2025\/10\/biondisantirosso-1-1.jpg\",\"datePublished\":\"2022-07-07T13:51:46+00:00\",\"dateModified\":\"2026-03-13T10:04:32+00:00\",\"breadcrumb\":{\"@id\":\"https:\/\/vinosomodena.it\/en\/prodotto\/biondi-santi-rosso-di-montalcino-2019\/#breadcrumb\"},\"inLanguage\":\"en-US\",\"potentialAction\":[{\"@type\":\"ReadAction\",\"target\":[\"https:\/\/vinosomodena.it\/en\/prodotto\/biondi-santi-rosso-di-montalcino-2019\/\"]}]},{\"@type\":\"ImageObject\",\"inLanguage\":\"en-US\",\"@id\":\"https:\/\/vinosomodena.it\/en\/prodotto\/biondi-santi-rosso-di-montalcino-2019\/#primaryimage\",\"url\":\"https:\/\/vinosomodena.it\/wp-content\/uploads\/2025\/10\/biondisantirosso-1-1.jpg\",\"contentUrl\":\"https:\/\/vinosomodena.it\/wp-content\/uploads\/2025\/10\/biondisantirosso-1-1.jpg\",\"width\":1500,\"height\":1923},{\"@type\":\"BreadcrumbList\",\"@id\":\"https:\/\/vinosomodena.it\/en\/prodotto\/biondi-santi-rosso-di-montalcino-2019\/#breadcrumb\",\"itemListElement\":[{\"@type\":\"ListItem\",\"position\":1,\"name\":\"Home\",\"item\":\"https:\/\/vinosomodena.it\/\"},{\"@type\":\"ListItem\",\"position\":2,\"name\":\"Shop\",\"item\":\"https:\/\/vinosomodena.it\/negozio\/\"},{\"@type\":\"ListItem\",\"position\":3,\"name\":\"Biondi Santi Rosso di Montalcino 2019\"}]},{\"@type\":\"WebSite\",\"@id\":\"https:\/\/vinosomodena.it\/#website\",\"url\":\"https:\/\/vinosomodena.it\/\",\"name\":\"Vinoso Modena\",\"description\":\"I migliori vini, le annate storiche e molto altro ancora.\",\"potentialAction\":[{\"@type\":\"SearchAction\",\"target\":{\"@type\":\"EntryPoint\",\"urlTemplate\":\"https:\/\/vinosomodena.it\/?s={search_term_string}\"},\"query-input\":{\"@type\":\"PropertyValueSpecification\",\"valueRequired\":true,\"valueName\":\"search_term_string\"}}],\"inLanguage\":\"en-US\"}]}<\/script>\n<!-- \/ Yoast SEO plugin. -->","yoast_head_json":{"title":"Biondi Santi Rosso di Montalcino 2019 - Vinoso Modena","robots":{"index":"index","follow":"follow","max-snippet":"max-snippet:-1","max-image-preview":"max-image-preview:large","max-video-preview":"max-video-preview:-1"},"canonical":"https:\/\/vinosomodena.it\/en\/prodotto\/biondi-santi-rosso-di-montalcino-2019\/","og_locale":"en_US","og_type":"article","og_title":"Biondi Santi Rosso di Montalcino 2019 - Vinoso Modena","og_description":"Di fronte al Rosso di Montalcino di Biondi Santi \u00e8 possibile affermare senza ombra di smentita che si tratti del campione assoluto della denominazione. Un piccolo Brunello, la cui peculiarit\u00e0 \u00e8 quella di provenire dai vigneti pi\u00f9 giovani della Tenuta Greppo, compresi tra i 5 ed i 10 anni, e di maturare per un periodo un po\u2019 pi\u00f9 breve del suo fratello maggiore: circa 12 mesi in grandi botti di rovere di Slavonia. Quello che ne deriva \u00e8 un vino rosso unico per eleganza e per beva, un vino splendidamente definito e fresco, ideale compagno della tavola per le occasioni pi\u00f9 belle.","og_url":"https:\/\/vinosomodena.it\/en\/prodotto\/biondi-santi-rosso-di-montalcino-2019\/","og_site_name":"Vinoso Modena","article_modified_time":"2026-03-13T10:04:32+00:00","og_image":[{"width":1500,"height":1923,"url":"https:\/\/vinosomodena.it\/wp-content\/uploads\/2025\/10\/biondisantirosso-1-1.jpg","type":"image\/jpeg"}],"twitter_card":"summary_large_image","schema":{"@context":"https:\/\/schema.org","@graph":[{"@type":"WebPage","@id":"https:\/\/vinosomodena.it\/en\/prodotto\/biondi-santi-rosso-di-montalcino-2019\/","url":"https:\/\/vinosomodena.it\/en\/prodotto\/biondi-santi-rosso-di-montalcino-2019\/","name":"Biondi Santi Rosso di Montalcino 2019 - Vinoso Modena","isPartOf":{"@id":"https:\/\/vinosomodena.it\/#website"},"primaryImageOfPage":{"@id":"https:\/\/vinosomodena.it\/en\/prodotto\/biondi-santi-rosso-di-montalcino-2019\/#primaryimage"},"image":{"@id":"https:\/\/vinosomodena.it\/en\/prodotto\/biondi-santi-rosso-di-montalcino-2019\/#primaryimage"},"thumbnailUrl":"https:\/\/vinosomodena.it\/wp-content\/uploads\/2025\/10\/biondisantirosso-1-1.jpg","datePublished":"2022-07-07T13:51:46+00:00","dateModified":"2026-03-13T10:04:32+00:00","breadcrumb":{"@id":"https:\/\/vinosomodena.it\/en\/prodotto\/biondi-santi-rosso-di-montalcino-2019\/#breadcrumb"},"inLanguage":"en-US","potentialAction":[{"@type":"ReadAction","target":["https:\/\/vinosomodena.it\/en\/prodotto\/biondi-santi-rosso-di-montalcino-2019\/"]}]},{"@type":"ImageObject","inLanguage":"en-US","@id":"https:\/\/vinosomodena.it\/en\/prodotto\/biondi-santi-rosso-di-montalcino-2019\/#primaryimage","url":"https:\/\/vinosomodena.it\/wp-content\/uploads\/2025\/10\/biondisantirosso-1-1.jpg","contentUrl":"https:\/\/vinosomodena.it\/wp-content\/uploads\/2025\/10\/biondisantirosso-1-1.jpg","width":1500,"height":1923},{"@type":"BreadcrumbList","@id":"https:\/\/vinosomodena.it\/en\/prodotto\/biondi-santi-rosso-di-montalcino-2019\/#breadcrumb","itemListElement":[{"@type":"ListItem","position":1,"name":"Home","item":"https:\/\/vinosomodena.it\/"},{"@type":"ListItem","position":2,"name":"Shop","item":"https:\/\/vinosomodena.it\/negozio\/"},{"@type":"ListItem","position":3,"name":"Biondi Santi Rosso di Montalcino 2019"}]},{"@type":"WebSite","@id":"https:\/\/vinosomodena.it\/#website","url":"https:\/\/vinosomodena.it\/","name":"Vinoso Modena","description":"I migliori vini, le annate storiche e molto altro ancora.","potentialAction":[{"@type":"SearchAction","target":{"@type":"EntryPoint","urlTemplate":"https:\/\/vinosomodena.it\/?s={search_term_string}"},"query-input":{"@type":"PropertyValueSpecification","valueRequired":true,"valueName":"search_term_string"}}],"inLanguage":"en-US"}]}},"jetpack_sharing_enabled":true,"_links":{"self":[{"href":"https:\/\/vinosomodena.it\/en\/wp-json\/wp\/v2\/product\/10364","targetHints":{"allow":["GET"]}}],"collection":[{"href":"https:\/\/vinosomodena.it\/en\/wp-json\/wp\/v2\/product"}],"about":[{"href":"https:\/\/vinosomodena.it\/en\/wp-json\/wp\/v2\/types\/product"}],"wp:featuredmedia":[{"embeddable":true,"href":"https:\/\/vinosomodena.it\/en\/wp-json\/wp\/v2\/media\/24580"}],"wp:attachment":[{"href":"https:\/\/vinosomodena.it\/en\/wp-json\/wp\/v2\/media?parent=10364"}],"wp:term":[{"taxonomy":"product_brand","embeddable":true,"href":"https:\/\/vinosomodena.it\/en\/wp-json\/wp\/v2\/product_brand?post=10364"},{"taxonomy":"product_cat","embeddable":true,"href":"https:\/\/vinosomodena.it\/en\/wp-json\/wp\/v2\/product_cat?post=10364"},{"taxonomy":"product_tag","embeddable":true,"href":"https:\/\/vinosomodena.it\/en\/wp-json\/wp\/v2\/product_tag?post=10364"}],"curies":[{"name":"wp","href":"https:\/\/api.w.org\/{rel}","templated":true}]}}