{"id":10366,"date":"2022-07-07T13:25:58","date_gmt":"2022-07-07T11:25:58","guid":{"rendered":"https:\/\/vinosomodena.it\/prodotto\/valentini-trebbiano-dabruzzo-2019\/"},"modified":"2025-02-25T11:19:09","modified_gmt":"2025-02-25T10:19:09","slug":"valentini-trebbiano-dabruzzo-2019","status":"publish","type":"product","link":"https:\/\/vinosomodena.it\/en\/prodotto\/valentini-trebbiano-dabruzzo-2019\/","title":{"rendered":"Valentini Trebbiano d\u2019Abruzzo 2019"},"content":{"rendered":"","protected":false},"excerpt":{"rendered":"<p>Il Trebbiano d&#8217;Abruzzo di Valentini \u00e8 un bianco leggendario, un\u2019istituzione, dotato di grande fascino ed energia, divenuto celebre per la sua incredibile longevit\u00e0. Viene prodotto con tecniche antiche in grandi botti di rovere, dove il vino rimane ad affinare per 12 mesi. La sua personalit\u00e0 \u00e8 morbida, calda e complessa, in grado di evocare tante variet\u00e0 di spezie e di frutti maturi.Tra gli appassionati il nome di Valentini equivale a quello di un mito, poich\u00e9 probabilmente ognuno lo associa all&#8217;emozione che una bottiglia di questa storica cantina gli ha fatto vivere.Il vino Trebbiano proviene da uve in purezza dell&#8217;omonimo vitigno coltivate intorno all&#8217;areale di Loreto Aprutino. Tutto avviene in maniera assolutamente artigianale ma con attenzione estrema, pertanto alla vendemmia manuale segue un&#8217;accuratissima cernita dei grappoli migliori.Lunghissimo ed indimenticabile, \u00e8 una bottiglia che in ogni sua annata mostra bellezza e sfumature differenti. Unico Valentini!<\/p>\n","protected":false},"featured_media":16247,"template":"","meta":{"_acf_changed":false},"product_brand":[],"product_cat":[2589],"product_tag":[],"class_list":{"0":"post-10366","1":"product","2":"type-product","3":"status-publish","4":"has-post-thumbnail","6":"product_cat-white-wine","8":"first","9":"outofstock","10":"purchasable","11":"product-type-simple"},"acf":[],"yoast_head":"<!-- This site is optimized with the Yoast SEO plugin v27.0 - https:\/\/yoast.com\/product\/yoast-seo-wordpress\/ -->\n<title>Valentini Trebbiano d\u2019Abruzzo 2019 - Vinoso Modena<\/title>\n<meta name=\"robots\" content=\"index, follow, max-snippet:-1, max-image-preview:large, max-video-preview:-1\" \/>\n<link rel=\"canonical\" href=\"https:\/\/vinosomodena.it\/prodotto\/valentini-trebbiano-dabruzzo-2019\/\" \/>\n<meta property=\"og:locale\" content=\"en_US\" \/>\n<meta property=\"og:type\" content=\"article\" \/>\n<meta property=\"og:title\" content=\"Valentini Trebbiano d\u2019Abruzzo 2019 - Vinoso Modena\" \/>\n<meta property=\"og:description\" content=\"Il Trebbiano d&#039;Abruzzo di Valentini \u00e8 un bianco leggendario, un\u2019istituzione, dotato di grande fascino ed energia, divenuto celebre per la sua incredibile longevit\u00e0. Viene prodotto con tecniche antiche in grandi botti di rovere, dove il vino rimane ad affinare per 12 mesi. La sua personalit\u00e0 \u00e8 morbida, calda e complessa, in grado di evocare tante variet\u00e0 di spezie e di frutti maturi.Tra gli appassionati il nome di Valentini equivale a quello di un mito, poich\u00e9 probabilmente ognuno lo associa all&#039;emozione che una bottiglia di questa storica cantina gli ha fatto vivere.Il vino Trebbiano proviene da uve in purezza dell&#039;omonimo vitigno coltivate intorno all&#039;areale di Loreto Aprutino. Tutto avviene in maniera assolutamente artigianale ma con attenzione estrema, pertanto alla vendemmia manuale segue un&#039;accuratissima cernita dei grappoli migliori.Lunghissimo ed indimenticabile, \u00e8 una bottiglia che in ogni sua annata mostra bellezza e sfumature differenti. Unico Valentini!\" \/>\n<meta property=\"og:url\" content=\"https:\/\/vinosomodena.it\/prodotto\/valentini-trebbiano-dabruzzo-2019\/\" \/>\n<meta property=\"og:site_name\" content=\"Vinoso Modena\" \/>\n<meta property=\"article:modified_time\" content=\"2025-02-25T10:19:09+00:00\" \/>\n<meta property=\"og:image\" content=\"https:\/\/vinosomodena.it\/wp-content\/uploads\/2024\/02\/valentinitrebbiano2016-2.jpg\" \/>\n\t<meta property=\"og:image:width\" content=\"1500\" \/>\n\t<meta property=\"og:image:height\" content=\"1923\" \/>\n\t<meta property=\"og:image:type\" content=\"image\/jpeg\" \/>\n<meta name=\"twitter:card\" content=\"summary_large_image\" \/>\n<script type=\"application\/ld+json\" class=\"yoast-schema-graph\">{\"@context\":\"https:\/\/schema.org\",\"@graph\":[{\"@type\":\"WebPage\",\"@id\":\"https:\/\/vinosomodena.it\/prodotto\/valentini-trebbiano-dabruzzo-2019\/\",\"url\":\"https:\/\/vinosomodena.it\/prodotto\/valentini-trebbiano-dabruzzo-2019\/\",\"name\":\"Valentini Trebbiano d\u2019Abruzzo 2019 - Vinoso Modena\",\"isPartOf\":{\"@id\":\"https:\/\/vinosomodena.it\/#website\"},\"primaryImageOfPage\":{\"@id\":\"https:\/\/vinosomodena.it\/prodotto\/valentini-trebbiano-dabruzzo-2019\/#primaryimage\"},\"image\":{\"@id\":\"https:\/\/vinosomodena.it\/prodotto\/valentini-trebbiano-dabruzzo-2019\/#primaryimage\"},\"thumbnailUrl\":\"https:\/\/vinosomodena.it\/wp-content\/uploads\/2024\/02\/valentinitrebbiano2016-2.jpg\",\"datePublished\":\"2022-07-07T11:25:58+00:00\",\"dateModified\":\"2025-02-25T10:19:09+00:00\",\"breadcrumb\":{\"@id\":\"https:\/\/vinosomodena.it\/prodotto\/valentini-trebbiano-dabruzzo-2019\/#breadcrumb\"},\"inLanguage\":\"en-US\",\"potentialAction\":[{\"@type\":\"ReadAction\",\"target\":[\"https:\/\/vinosomodena.it\/prodotto\/valentini-trebbiano-dabruzzo-2019\/\"]}]},{\"@type\":\"ImageObject\",\"inLanguage\":\"en-US\",\"@id\":\"https:\/\/vinosomodena.it\/prodotto\/valentini-trebbiano-dabruzzo-2019\/#primaryimage\",\"url\":\"https:\/\/vinosomodena.it\/wp-content\/uploads\/2024\/02\/valentinitrebbiano2016-2.jpg\",\"contentUrl\":\"https:\/\/vinosomodena.it\/wp-content\/uploads\/2024\/02\/valentinitrebbiano2016-2.jpg\",\"width\":1500,\"height\":1923},{\"@type\":\"BreadcrumbList\",\"@id\":\"https:\/\/vinosomodena.it\/prodotto\/valentini-trebbiano-dabruzzo-2019\/#breadcrumb\",\"itemListElement\":[{\"@type\":\"ListItem\",\"position\":1,\"name\":\"Home\",\"item\":\"https:\/\/vinosomodena.it\/\"},{\"@type\":\"ListItem\",\"position\":2,\"name\":\"Shop\",\"item\":\"https:\/\/vinosomodena.it\/negozio\/\"},{\"@type\":\"ListItem\",\"position\":3,\"name\":\"Valentini Trebbiano d\u2019Abruzzo 2019\"}]},{\"@type\":\"WebSite\",\"@id\":\"https:\/\/vinosomodena.it\/#website\",\"url\":\"https:\/\/vinosomodena.it\/\",\"name\":\"Vinoso Modena\",\"description\":\"I migliori vini, le annate storiche e molto altro ancora.\",\"potentialAction\":[{\"@type\":\"SearchAction\",\"target\":{\"@type\":\"EntryPoint\",\"urlTemplate\":\"https:\/\/vinosomodena.it\/?s={search_term_string}\"},\"query-input\":{\"@type\":\"PropertyValueSpecification\",\"valueRequired\":true,\"valueName\":\"search_term_string\"}}],\"inLanguage\":\"en-US\"}]}<\/script>\n<!-- \/ Yoast SEO plugin. -->","yoast_head_json":{"title":"Valentini Trebbiano d\u2019Abruzzo 2019 - Vinoso Modena","robots":{"index":"index","follow":"follow","max-snippet":"max-snippet:-1","max-image-preview":"max-image-preview:large","max-video-preview":"max-video-preview:-1"},"canonical":"https:\/\/vinosomodena.it\/prodotto\/valentini-trebbiano-dabruzzo-2019\/","og_locale":"en_US","og_type":"article","og_title":"Valentini Trebbiano d\u2019Abruzzo 2019 - Vinoso Modena","og_description":"Il Trebbiano d'Abruzzo di Valentini \u00e8 un bianco leggendario, un\u2019istituzione, dotato di grande fascino ed energia, divenuto celebre per la sua incredibile longevit\u00e0. Viene prodotto con tecniche antiche in grandi botti di rovere, dove il vino rimane ad affinare per 12 mesi. La sua personalit\u00e0 \u00e8 morbida, calda e complessa, in grado di evocare tante variet\u00e0 di spezie e di frutti maturi.Tra gli appassionati il nome di Valentini equivale a quello di un mito, poich\u00e9 probabilmente ognuno lo associa all'emozione che una bottiglia di questa storica cantina gli ha fatto vivere.Il vino Trebbiano proviene da uve in purezza dell'omonimo vitigno coltivate intorno all'areale di Loreto Aprutino. Tutto avviene in maniera assolutamente artigianale ma con attenzione estrema, pertanto alla vendemmia manuale segue un'accuratissima cernita dei grappoli migliori.Lunghissimo ed indimenticabile, \u00e8 una bottiglia che in ogni sua annata mostra bellezza e sfumature differenti. Unico Valentini!","og_url":"https:\/\/vinosomodena.it\/prodotto\/valentini-trebbiano-dabruzzo-2019\/","og_site_name":"Vinoso Modena","article_modified_time":"2025-02-25T10:19:09+00:00","og_image":[{"width":1500,"height":1923,"url":"https:\/\/vinosomodena.it\/wp-content\/uploads\/2024\/02\/valentinitrebbiano2016-2.jpg","type":"image\/jpeg"}],"twitter_card":"summary_large_image","schema":{"@context":"https:\/\/schema.org","@graph":[{"@type":"WebPage","@id":"https:\/\/vinosomodena.it\/prodotto\/valentini-trebbiano-dabruzzo-2019\/","url":"https:\/\/vinosomodena.it\/prodotto\/valentini-trebbiano-dabruzzo-2019\/","name":"Valentini Trebbiano d\u2019Abruzzo 2019 - Vinoso Modena","isPartOf":{"@id":"https:\/\/vinosomodena.it\/#website"},"primaryImageOfPage":{"@id":"https:\/\/vinosomodena.it\/prodotto\/valentini-trebbiano-dabruzzo-2019\/#primaryimage"},"image":{"@id":"https:\/\/vinosomodena.it\/prodotto\/valentini-trebbiano-dabruzzo-2019\/#primaryimage"},"thumbnailUrl":"https:\/\/vinosomodena.it\/wp-content\/uploads\/2024\/02\/valentinitrebbiano2016-2.jpg","datePublished":"2022-07-07T11:25:58+00:00","dateModified":"2025-02-25T10:19:09+00:00","breadcrumb":{"@id":"https:\/\/vinosomodena.it\/prodotto\/valentini-trebbiano-dabruzzo-2019\/#breadcrumb"},"inLanguage":"en-US","potentialAction":[{"@type":"ReadAction","target":["https:\/\/vinosomodena.it\/prodotto\/valentini-trebbiano-dabruzzo-2019\/"]}]},{"@type":"ImageObject","inLanguage":"en-US","@id":"https:\/\/vinosomodena.it\/prodotto\/valentini-trebbiano-dabruzzo-2019\/#primaryimage","url":"https:\/\/vinosomodena.it\/wp-content\/uploads\/2024\/02\/valentinitrebbiano2016-2.jpg","contentUrl":"https:\/\/vinosomodena.it\/wp-content\/uploads\/2024\/02\/valentinitrebbiano2016-2.jpg","width":1500,"height":1923},{"@type":"BreadcrumbList","@id":"https:\/\/vinosomodena.it\/prodotto\/valentini-trebbiano-dabruzzo-2019\/#breadcrumb","itemListElement":[{"@type":"ListItem","position":1,"name":"Home","item":"https:\/\/vinosomodena.it\/"},{"@type":"ListItem","position":2,"name":"Shop","item":"https:\/\/vinosomodena.it\/negozio\/"},{"@type":"ListItem","position":3,"name":"Valentini Trebbiano d\u2019Abruzzo 2019"}]},{"@type":"WebSite","@id":"https:\/\/vinosomodena.it\/#website","url":"https:\/\/vinosomodena.it\/","name":"Vinoso Modena","description":"I migliori vini, le annate storiche e molto altro ancora.","potentialAction":[{"@type":"SearchAction","target":{"@type":"EntryPoint","urlTemplate":"https:\/\/vinosomodena.it\/?s={search_term_string}"},"query-input":{"@type":"PropertyValueSpecification","valueRequired":true,"valueName":"search_term_string"}}],"inLanguage":"en-US"}]}},"jetpack_sharing_enabled":true,"_links":{"self":[{"href":"https:\/\/vinosomodena.it\/en\/wp-json\/wp\/v2\/product\/10366","targetHints":{"allow":["GET"]}}],"collection":[{"href":"https:\/\/vinosomodena.it\/en\/wp-json\/wp\/v2\/product"}],"about":[{"href":"https:\/\/vinosomodena.it\/en\/wp-json\/wp\/v2\/types\/product"}],"wp:featuredmedia":[{"embeddable":true,"href":"https:\/\/vinosomodena.it\/en\/wp-json\/wp\/v2\/media\/16247"}],"wp:attachment":[{"href":"https:\/\/vinosomodena.it\/en\/wp-json\/wp\/v2\/media?parent=10366"}],"wp:term":[{"taxonomy":"product_brand","embeddable":true,"href":"https:\/\/vinosomodena.it\/en\/wp-json\/wp\/v2\/product_brand?post=10366"},{"taxonomy":"product_cat","embeddable":true,"href":"https:\/\/vinosomodena.it\/en\/wp-json\/wp\/v2\/product_cat?post=10366"},{"taxonomy":"product_tag","embeddable":true,"href":"https:\/\/vinosomodena.it\/en\/wp-json\/wp\/v2\/product_tag?post=10366"}],"curies":[{"name":"wp","href":"https:\/\/api.w.org\/{rel}","templated":true}]}}