{"id":10378,"date":"2022-06-25T11:47:21","date_gmt":"2022-06-25T09:47:21","guid":{"rendered":"https:\/\/vinosomodena.it\/?post_type=product&#038;p=10378"},"modified":"2025-11-14T17:39:28","modified_gmt":"2025-11-14T16:39:28","slug":"foursquare-plenipotenziario","status":"publish","type":"product","link":"https:\/\/vinosomodena.it\/en\/prodotto\/foursquare-plenipotenziario\/","title":{"rendered":"FOURSQUARE FIDELITAS 55\u00b0"},"content":{"rendered":"<p>Fidelitas \u00e8 il nome della nuova release firmata Foursquare, decima tappa di un sodalizio ormai storico tra Luca Gargano, figura di primo piano nel mondo del rum e presidente della Velier e Richard Seale, mente e mano brillanti di Foursquare Distillery, a Barbados. Una collaborazione nata nel 2016 e costruita su una comune visione di trasparenza, autenticit\u00e0 e qualit\u00e0 nel mondo del rum, tesa anzitutto a dare a questo distillato una dignit\u00e0 e una considerazione almeno pari a quelle dei grandi distillati europei. La sintonia intellettuale e filosofica nata da questo incontro ha portato a una serie di co-bottling che hanno avuto inizio con Foursquare 2006 e che hanno contribuito a consolidare la fama della distilleria.<\/p>\n","protected":false},"excerpt":{"rendered":"<div class=\"tab-content block\">\n<section id=\"tab2\" class=\"tab-pane page-product-box active\">\n<div class=\"rte\">\n<p>Foursquare Plenipotenziario nasce dalla collaborazione tra Luca Gargano e Richard Seale, un single blended rum nato dall\u2019assemblaggio di rum light e heavy distillati in Coffey Still in alambicco di rame double retort. Viene Invecchiato in botti ex bourbon presso la Foursquare Distillery per 12 anni, distillato del 2007 e imbottigliato a ottobre 2019 per un numero totale di 6000 bottiglie. Tutte le selezioni di Richard Seale e Luca Gargano sono imbottigliamenti ufficiali della Foursquare Distillery, invecchiati in clima tropicale, imbottigliati Barrel proof.<\/p>\n<\/div>\n<\/section>\n<\/div>\n","protected":false},"featured_media":10379,"template":"","meta":{"_acf_changed":false},"product_brand":[],"product_cat":[6055],"product_tag":[],"class_list":{"0":"post-10378","1":"product","2":"type-product","3":"status-publish","4":"has-post-thumbnail","6":"product_cat-rum-en","8":"first","9":"instock","10":"sold-individually","11":"purchasable","12":"product-type-simple"},"acf":[],"yoast_head":"<!-- This site is optimized with the Yoast SEO plugin v27.4 - https:\/\/yoast.com\/product\/yoast-seo-wordpress\/ -->\n<title>FOURSQUARE FIDELITAS 55\u00b0 - Vinoso Modena<\/title>\n<meta name=\"robots\" content=\"index, follow, max-snippet:-1, max-image-preview:large, max-video-preview:-1\" \/>\n<link rel=\"canonical\" href=\"https:\/\/vinosomodena.it\/en\/prodotto\/foursquare-plenipotenziario\/\" \/>\n<meta property=\"og:locale\" content=\"en_US\" \/>\n<meta property=\"og:type\" content=\"article\" \/>\n<meta property=\"og:title\" content=\"FOURSQUARE FIDELITAS 55\u00b0 - Vinoso Modena\" \/>\n<meta property=\"og:description\" content=\"Foursquare Plenipotenziario nasce dalla collaborazione tra Luca Gargano e Richard Seale, un single blended rum nato dall\u2019assemblaggio di rum light e heavy distillati in Coffey Still in alambicco di rame double retort. Viene Invecchiato in botti ex bourbon presso la Foursquare Distillery per 12 anni, distillato del 2007 e imbottigliato a ottobre 2019 per un numero totale di 6000 bottiglie. Tutte le selezioni di Richard Seale e Luca Gargano sono imbottigliamenti ufficiali della Foursquare Distillery, invecchiati in clima tropicale, imbottigliati Barrel proof.\" \/>\n<meta property=\"og:url\" content=\"https:\/\/vinosomodena.it\/en\/prodotto\/foursquare-plenipotenziario\/\" \/>\n<meta property=\"og:site_name\" content=\"Vinoso Modena\" \/>\n<meta property=\"article:modified_time\" content=\"2025-11-14T16:39:28+00:00\" \/>\n<meta property=\"og:image\" content=\"https:\/\/vinosomodena.it\/wp-content\/uploads\/2022\/06\/PLENI.jpg\" \/>\n\t<meta property=\"og:image:width\" content=\"1500\" \/>\n\t<meta property=\"og:image:height\" content=\"1923\" \/>\n\t<meta property=\"og:image:type\" content=\"image\/jpeg\" \/>\n<meta name=\"twitter:card\" content=\"summary_large_image\" \/>\n<meta name=\"twitter:label1\" content=\"Est. reading time\" \/>\n\t<meta name=\"twitter:data1\" content=\"1 minute\" \/>\n<script type=\"application\/ld+json\" class=\"yoast-schema-graph\">{\"@context\":\"https:\\\/\\\/schema.org\",\"@graph\":[{\"@type\":\"WebPage\",\"@id\":\"https:\\\/\\\/vinosomodena.it\\\/en\\\/prodotto\\\/foursquare-plenipotenziario\\\/\",\"url\":\"https:\\\/\\\/vinosomodena.it\\\/en\\\/prodotto\\\/foursquare-plenipotenziario\\\/\",\"name\":\"FOURSQUARE FIDELITAS 55\u00b0 - Vinoso Modena\",\"isPartOf\":{\"@id\":\"https:\\\/\\\/vinosomodena.it\\\/#website\"},\"primaryImageOfPage\":{\"@id\":\"https:\\\/\\\/vinosomodena.it\\\/en\\\/prodotto\\\/foursquare-plenipotenziario\\\/#primaryimage\"},\"image\":{\"@id\":\"https:\\\/\\\/vinosomodena.it\\\/en\\\/prodotto\\\/foursquare-plenipotenziario\\\/#primaryimage\"},\"thumbnailUrl\":\"https:\\\/\\\/vinosomodena.it\\\/wp-content\\\/uploads\\\/2022\\\/06\\\/PLENI.jpg\",\"datePublished\":\"2022-06-25T09:47:21+00:00\",\"dateModified\":\"2025-11-14T16:39:28+00:00\",\"breadcrumb\":{\"@id\":\"https:\\\/\\\/vinosomodena.it\\\/en\\\/prodotto\\\/foursquare-plenipotenziario\\\/#breadcrumb\"},\"inLanguage\":\"en-US\",\"potentialAction\":[{\"@type\":\"ReadAction\",\"target\":[\"https:\\\/\\\/vinosomodena.it\\\/en\\\/prodotto\\\/foursquare-plenipotenziario\\\/\"]}]},{\"@type\":\"ImageObject\",\"inLanguage\":\"en-US\",\"@id\":\"https:\\\/\\\/vinosomodena.it\\\/en\\\/prodotto\\\/foursquare-plenipotenziario\\\/#primaryimage\",\"url\":\"https:\\\/\\\/vinosomodena.it\\\/wp-content\\\/uploads\\\/2022\\\/06\\\/PLENI.jpg\",\"contentUrl\":\"https:\\\/\\\/vinosomodena.it\\\/wp-content\\\/uploads\\\/2022\\\/06\\\/PLENI.jpg\",\"width\":1500,\"height\":1923},{\"@type\":\"BreadcrumbList\",\"@id\":\"https:\\\/\\\/vinosomodena.it\\\/en\\\/prodotto\\\/foursquare-plenipotenziario\\\/#breadcrumb\",\"itemListElement\":[{\"@type\":\"ListItem\",\"position\":1,\"name\":\"Home\",\"item\":\"https:\\\/\\\/vinosomodena.it\\\/\"},{\"@type\":\"ListItem\",\"position\":2,\"name\":\"Shop\",\"item\":\"https:\\\/\\\/vinosomodena.it\\\/negozio\\\/\"},{\"@type\":\"ListItem\",\"position\":3,\"name\":\"FOURSQUARE FIDELITAS 55\u00b0\"}]},{\"@type\":\"WebSite\",\"@id\":\"https:\\\/\\\/vinosomodena.it\\\/#website\",\"url\":\"https:\\\/\\\/vinosomodena.it\\\/\",\"name\":\"Vinoso Modena\",\"description\":\"I migliori vini, le annate storiche e molto altro ancora.\",\"potentialAction\":[{\"@type\":\"SearchAction\",\"target\":{\"@type\":\"EntryPoint\",\"urlTemplate\":\"https:\\\/\\\/vinosomodena.it\\\/?s={search_term_string}\"},\"query-input\":{\"@type\":\"PropertyValueSpecification\",\"valueRequired\":true,\"valueName\":\"search_term_string\"}}],\"inLanguage\":\"en-US\"}]}<\/script>\n<!-- \/ Yoast SEO plugin. -->","yoast_head_json":{"title":"FOURSQUARE FIDELITAS 55\u00b0 - Vinoso Modena","robots":{"index":"index","follow":"follow","max-snippet":"max-snippet:-1","max-image-preview":"max-image-preview:large","max-video-preview":"max-video-preview:-1"},"canonical":"https:\/\/vinosomodena.it\/en\/prodotto\/foursquare-plenipotenziario\/","og_locale":"en_US","og_type":"article","og_title":"FOURSQUARE FIDELITAS 55\u00b0 - Vinoso Modena","og_description":"Foursquare Plenipotenziario nasce dalla collaborazione tra Luca Gargano e Richard Seale, un single blended rum nato dall\u2019assemblaggio di rum light e heavy distillati in Coffey Still in alambicco di rame double retort. Viene Invecchiato in botti ex bourbon presso la Foursquare Distillery per 12 anni, distillato del 2007 e imbottigliato a ottobre 2019 per un numero totale di 6000 bottiglie. Tutte le selezioni di Richard Seale e Luca Gargano sono imbottigliamenti ufficiali della Foursquare Distillery, invecchiati in clima tropicale, imbottigliati Barrel proof.","og_url":"https:\/\/vinosomodena.it\/en\/prodotto\/foursquare-plenipotenziario\/","og_site_name":"Vinoso Modena","article_modified_time":"2025-11-14T16:39:28+00:00","og_image":[{"width":1500,"height":1923,"url":"https:\/\/vinosomodena.it\/wp-content\/uploads\/2022\/06\/PLENI.jpg","type":"image\/jpeg"}],"twitter_card":"summary_large_image","twitter_misc":{"Est. reading time":"1 minute"},"schema":{"@context":"https:\/\/schema.org","@graph":[{"@type":"WebPage","@id":"https:\/\/vinosomodena.it\/en\/prodotto\/foursquare-plenipotenziario\/","url":"https:\/\/vinosomodena.it\/en\/prodotto\/foursquare-plenipotenziario\/","name":"FOURSQUARE FIDELITAS 55\u00b0 - Vinoso Modena","isPartOf":{"@id":"https:\/\/vinosomodena.it\/#website"},"primaryImageOfPage":{"@id":"https:\/\/vinosomodena.it\/en\/prodotto\/foursquare-plenipotenziario\/#primaryimage"},"image":{"@id":"https:\/\/vinosomodena.it\/en\/prodotto\/foursquare-plenipotenziario\/#primaryimage"},"thumbnailUrl":"https:\/\/vinosomodena.it\/wp-content\/uploads\/2022\/06\/PLENI.jpg","datePublished":"2022-06-25T09:47:21+00:00","dateModified":"2025-11-14T16:39:28+00:00","breadcrumb":{"@id":"https:\/\/vinosomodena.it\/en\/prodotto\/foursquare-plenipotenziario\/#breadcrumb"},"inLanguage":"en-US","potentialAction":[{"@type":"ReadAction","target":["https:\/\/vinosomodena.it\/en\/prodotto\/foursquare-plenipotenziario\/"]}]},{"@type":"ImageObject","inLanguage":"en-US","@id":"https:\/\/vinosomodena.it\/en\/prodotto\/foursquare-plenipotenziario\/#primaryimage","url":"https:\/\/vinosomodena.it\/wp-content\/uploads\/2022\/06\/PLENI.jpg","contentUrl":"https:\/\/vinosomodena.it\/wp-content\/uploads\/2022\/06\/PLENI.jpg","width":1500,"height":1923},{"@type":"BreadcrumbList","@id":"https:\/\/vinosomodena.it\/en\/prodotto\/foursquare-plenipotenziario\/#breadcrumb","itemListElement":[{"@type":"ListItem","position":1,"name":"Home","item":"https:\/\/vinosomodena.it\/"},{"@type":"ListItem","position":2,"name":"Shop","item":"https:\/\/vinosomodena.it\/negozio\/"},{"@type":"ListItem","position":3,"name":"FOURSQUARE FIDELITAS 55\u00b0"}]},{"@type":"WebSite","@id":"https:\/\/vinosomodena.it\/#website","url":"https:\/\/vinosomodena.it\/","name":"Vinoso Modena","description":"I migliori vini, le annate storiche e molto altro ancora.","potentialAction":[{"@type":"SearchAction","target":{"@type":"EntryPoint","urlTemplate":"https:\/\/vinosomodena.it\/?s={search_term_string}"},"query-input":{"@type":"PropertyValueSpecification","valueRequired":true,"valueName":"search_term_string"}}],"inLanguage":"en-US"}]}},"jetpack_sharing_enabled":true,"_links":{"self":[{"href":"https:\/\/vinosomodena.it\/en\/wp-json\/wp\/v2\/product\/10378","targetHints":{"allow":["GET"]}}],"collection":[{"href":"https:\/\/vinosomodena.it\/en\/wp-json\/wp\/v2\/product"}],"about":[{"href":"https:\/\/vinosomodena.it\/en\/wp-json\/wp\/v2\/types\/product"}],"wp:featuredmedia":[{"embeddable":true,"href":"https:\/\/vinosomodena.it\/en\/wp-json\/wp\/v2\/media\/10379"}],"wp:attachment":[{"href":"https:\/\/vinosomodena.it\/en\/wp-json\/wp\/v2\/media?parent=10378"}],"wp:term":[{"taxonomy":"product_brand","embeddable":true,"href":"https:\/\/vinosomodena.it\/en\/wp-json\/wp\/v2\/product_brand?post=10378"},{"taxonomy":"product_cat","embeddable":true,"href":"https:\/\/vinosomodena.it\/en\/wp-json\/wp\/v2\/product_cat?post=10378"},{"taxonomy":"product_tag","embeddable":true,"href":"https:\/\/vinosomodena.it\/en\/wp-json\/wp\/v2\/product_tag?post=10378"}],"curies":[{"name":"wp","href":"https:\/\/api.w.org\/{rel}","templated":true}]}}