{"id":10430,"date":"2022-06-20T14:43:14","date_gmt":"2022-06-20T12:43:14","guid":{"rendered":"https:\/\/vinosomodena.it\/prodotto\/quintarelli-amarone-2013\/"},"modified":"2026-03-13T17:04:03","modified_gmt":"2026-03-13T16:04:03","slug":"quintarelli-amarone-2013","status":"publish","type":"product","link":"https:\/\/vinosomodena.it\/en\/prodotto\/quintarelli-amarone-2013\/","title":{"rendered":"Quintarelli Amarone della Valpolicella 2017"},"content":{"rendered":"<p>Quintarelli \u00e8 una vera e propria leggenda nel mondo dell\u2019Amarone, uno di quei nomi divenuti simbolo del grande vino italiano in tutto il mondo. Lontano dalle frenetiche logiche di mercato, questo Amarone \u00e8 un vero e proprio pezzo di storia dell\u2019Amarone, un frammento di leggenda che potrete roteare nel vostro bicchiere. Sette anni di affinamento in legno, accurata selezione delle uve migliori, ventaglio di profumi inebriante per quantit\u00e0 e definizione: \u00e8 davvero difficile trovare un Amarone pi\u00f9 emozionante e nobile di questo<\/p>\n","protected":false},"excerpt":{"rendered":"<p>Quintarelli \u00e8 una vera e propria leggenda nel mondo dell\u2019Amarone, uno di quei nomi divenuti simbolo del grande vino italiano in tutto il mondo. Lontano dalle frenetiche logiche di mercato, questo Amarone \u00e8 un vero e proprio pezzo di storia dell\u2019Amarone, un frammento di leggenda che potrete roteare nel vostro bicchiere. Sette anni di affinamento in legno, accurata selezione delle uve migliori, ventaglio di profumi inebriante per quantit\u00e0 e definizione: \u00e8 davvero difficile trovare un Amarone pi\u00f9 emozionante e nobile di questo.<\/p>\n","protected":false},"featured_media":24084,"template":"","meta":{"_acf_changed":false},"product_brand":[],"product_cat":[2579],"product_tag":[],"class_list":{"0":"post-10430","1":"product","2":"type-product","3":"status-publish","4":"has-post-thumbnail","6":"product_cat-red-wine","8":"first","9":"instock","10":"sold-individually","11":"purchasable","12":"product-type-simple"},"acf":[],"yoast_head":"<!-- This site is optimized with the Yoast SEO plugin v27.0 - https:\/\/yoast.com\/product\/yoast-seo-wordpress\/ -->\n<title>Quintarelli Amarone della Valpolicella 2017 - Vinoso Modena<\/title>\n<meta name=\"robots\" content=\"index, follow, max-snippet:-1, max-image-preview:large, max-video-preview:-1\" \/>\n<link rel=\"canonical\" href=\"https:\/\/vinosomodena.it\/en\/prodotto\/quintarelli-amarone-2013\/\" \/>\n<meta property=\"og:locale\" content=\"en_US\" \/>\n<meta property=\"og:type\" content=\"article\" \/>\n<meta property=\"og:title\" content=\"Quintarelli Amarone della Valpolicella 2017 - Vinoso Modena\" \/>\n<meta property=\"og:description\" content=\"Quintarelli \u00e8 una vera e propria leggenda nel mondo dell\u2019Amarone, uno di quei nomi divenuti simbolo del grande vino italiano in tutto il mondo. Lontano dalle frenetiche logiche di mercato, questo Amarone \u00e8 un vero e proprio pezzo di storia dell\u2019Amarone, un frammento di leggenda che potrete roteare nel vostro bicchiere. Sette anni di affinamento in legno, accurata selezione delle uve migliori, ventaglio di profumi inebriante per quantit\u00e0 e definizione: \u00e8 davvero difficile trovare un Amarone pi\u00f9 emozionante e nobile di questo.\" \/>\n<meta property=\"og:url\" content=\"https:\/\/vinosomodena.it\/en\/prodotto\/quintarelli-amarone-2013\/\" \/>\n<meta property=\"og:site_name\" content=\"Vinoso Modena\" \/>\n<meta property=\"article:modified_time\" content=\"2026-03-13T16:04:03+00:00\" \/>\n<meta property=\"og:image\" content=\"https:\/\/vinosomodena.it\/wp-content\/uploads\/2025\/10\/quinta.jpg\" \/>\n\t<meta property=\"og:image:width\" content=\"624\" \/>\n\t<meta property=\"og:image:height\" content=\"800\" \/>\n\t<meta property=\"og:image:type\" content=\"image\/jpeg\" \/>\n<meta name=\"twitter:card\" content=\"summary_large_image\" \/>\n<script type=\"application\/ld+json\" class=\"yoast-schema-graph\">{\"@context\":\"https:\/\/schema.org\",\"@graph\":[{\"@type\":\"WebPage\",\"@id\":\"https:\/\/vinosomodena.it\/en\/prodotto\/quintarelli-amarone-2013\/\",\"url\":\"https:\/\/vinosomodena.it\/en\/prodotto\/quintarelli-amarone-2013\/\",\"name\":\"Quintarelli Amarone della Valpolicella 2017 - Vinoso Modena\",\"isPartOf\":{\"@id\":\"https:\/\/vinosomodena.it\/#website\"},\"primaryImageOfPage\":{\"@id\":\"https:\/\/vinosomodena.it\/en\/prodotto\/quintarelli-amarone-2013\/#primaryimage\"},\"image\":{\"@id\":\"https:\/\/vinosomodena.it\/en\/prodotto\/quintarelli-amarone-2013\/#primaryimage\"},\"thumbnailUrl\":\"https:\/\/vinosomodena.it\/wp-content\/uploads\/2025\/10\/quinta.jpg\",\"datePublished\":\"2022-06-20T12:43:14+00:00\",\"dateModified\":\"2026-03-13T16:04:03+00:00\",\"breadcrumb\":{\"@id\":\"https:\/\/vinosomodena.it\/en\/prodotto\/quintarelli-amarone-2013\/#breadcrumb\"},\"inLanguage\":\"en-US\",\"potentialAction\":[{\"@type\":\"ReadAction\",\"target\":[\"https:\/\/vinosomodena.it\/en\/prodotto\/quintarelli-amarone-2013\/\"]}]},{\"@type\":\"ImageObject\",\"inLanguage\":\"en-US\",\"@id\":\"https:\/\/vinosomodena.it\/en\/prodotto\/quintarelli-amarone-2013\/#primaryimage\",\"url\":\"https:\/\/vinosomodena.it\/wp-content\/uploads\/2025\/10\/quinta.jpg\",\"contentUrl\":\"https:\/\/vinosomodena.it\/wp-content\/uploads\/2025\/10\/quinta.jpg\",\"width\":624,\"height\":800},{\"@type\":\"BreadcrumbList\",\"@id\":\"https:\/\/vinosomodena.it\/en\/prodotto\/quintarelli-amarone-2013\/#breadcrumb\",\"itemListElement\":[{\"@type\":\"ListItem\",\"position\":1,\"name\":\"Home\",\"item\":\"https:\/\/vinosomodena.it\/\"},{\"@type\":\"ListItem\",\"position\":2,\"name\":\"Shop\",\"item\":\"https:\/\/vinosomodena.it\/negozio\/\"},{\"@type\":\"ListItem\",\"position\":3,\"name\":\"Quintarelli Amarone della Valpolicella 2017\"}]},{\"@type\":\"WebSite\",\"@id\":\"https:\/\/vinosomodena.it\/#website\",\"url\":\"https:\/\/vinosomodena.it\/\",\"name\":\"Vinoso Modena\",\"description\":\"I migliori vini, le annate storiche e molto altro ancora.\",\"potentialAction\":[{\"@type\":\"SearchAction\",\"target\":{\"@type\":\"EntryPoint\",\"urlTemplate\":\"https:\/\/vinosomodena.it\/?s={search_term_string}\"},\"query-input\":{\"@type\":\"PropertyValueSpecification\",\"valueRequired\":true,\"valueName\":\"search_term_string\"}}],\"inLanguage\":\"en-US\"}]}<\/script>\n<!-- \/ Yoast SEO plugin. -->","yoast_head_json":{"title":"Quintarelli Amarone della Valpolicella 2017 - Vinoso Modena","robots":{"index":"index","follow":"follow","max-snippet":"max-snippet:-1","max-image-preview":"max-image-preview:large","max-video-preview":"max-video-preview:-1"},"canonical":"https:\/\/vinosomodena.it\/en\/prodotto\/quintarelli-amarone-2013\/","og_locale":"en_US","og_type":"article","og_title":"Quintarelli Amarone della Valpolicella 2017 - Vinoso Modena","og_description":"Quintarelli \u00e8 una vera e propria leggenda nel mondo dell\u2019Amarone, uno di quei nomi divenuti simbolo del grande vino italiano in tutto il mondo. Lontano dalle frenetiche logiche di mercato, questo Amarone \u00e8 un vero e proprio pezzo di storia dell\u2019Amarone, un frammento di leggenda che potrete roteare nel vostro bicchiere. Sette anni di affinamento in legno, accurata selezione delle uve migliori, ventaglio di profumi inebriante per quantit\u00e0 e definizione: \u00e8 davvero difficile trovare un Amarone pi\u00f9 emozionante e nobile di questo.","og_url":"https:\/\/vinosomodena.it\/en\/prodotto\/quintarelli-amarone-2013\/","og_site_name":"Vinoso Modena","article_modified_time":"2026-03-13T16:04:03+00:00","og_image":[{"width":624,"height":800,"url":"https:\/\/vinosomodena.it\/wp-content\/uploads\/2025\/10\/quinta.jpg","type":"image\/jpeg"}],"twitter_card":"summary_large_image","schema":{"@context":"https:\/\/schema.org","@graph":[{"@type":"WebPage","@id":"https:\/\/vinosomodena.it\/en\/prodotto\/quintarelli-amarone-2013\/","url":"https:\/\/vinosomodena.it\/en\/prodotto\/quintarelli-amarone-2013\/","name":"Quintarelli Amarone della Valpolicella 2017 - Vinoso Modena","isPartOf":{"@id":"https:\/\/vinosomodena.it\/#website"},"primaryImageOfPage":{"@id":"https:\/\/vinosomodena.it\/en\/prodotto\/quintarelli-amarone-2013\/#primaryimage"},"image":{"@id":"https:\/\/vinosomodena.it\/en\/prodotto\/quintarelli-amarone-2013\/#primaryimage"},"thumbnailUrl":"https:\/\/vinosomodena.it\/wp-content\/uploads\/2025\/10\/quinta.jpg","datePublished":"2022-06-20T12:43:14+00:00","dateModified":"2026-03-13T16:04:03+00:00","breadcrumb":{"@id":"https:\/\/vinosomodena.it\/en\/prodotto\/quintarelli-amarone-2013\/#breadcrumb"},"inLanguage":"en-US","potentialAction":[{"@type":"ReadAction","target":["https:\/\/vinosomodena.it\/en\/prodotto\/quintarelli-amarone-2013\/"]}]},{"@type":"ImageObject","inLanguage":"en-US","@id":"https:\/\/vinosomodena.it\/en\/prodotto\/quintarelli-amarone-2013\/#primaryimage","url":"https:\/\/vinosomodena.it\/wp-content\/uploads\/2025\/10\/quinta.jpg","contentUrl":"https:\/\/vinosomodena.it\/wp-content\/uploads\/2025\/10\/quinta.jpg","width":624,"height":800},{"@type":"BreadcrumbList","@id":"https:\/\/vinosomodena.it\/en\/prodotto\/quintarelli-amarone-2013\/#breadcrumb","itemListElement":[{"@type":"ListItem","position":1,"name":"Home","item":"https:\/\/vinosomodena.it\/"},{"@type":"ListItem","position":2,"name":"Shop","item":"https:\/\/vinosomodena.it\/negozio\/"},{"@type":"ListItem","position":3,"name":"Quintarelli Amarone della Valpolicella 2017"}]},{"@type":"WebSite","@id":"https:\/\/vinosomodena.it\/#website","url":"https:\/\/vinosomodena.it\/","name":"Vinoso Modena","description":"I migliori vini, le annate storiche e molto altro ancora.","potentialAction":[{"@type":"SearchAction","target":{"@type":"EntryPoint","urlTemplate":"https:\/\/vinosomodena.it\/?s={search_term_string}"},"query-input":{"@type":"PropertyValueSpecification","valueRequired":true,"valueName":"search_term_string"}}],"inLanguage":"en-US"}]}},"jetpack_sharing_enabled":true,"_links":{"self":[{"href":"https:\/\/vinosomodena.it\/en\/wp-json\/wp\/v2\/product\/10430","targetHints":{"allow":["GET"]}}],"collection":[{"href":"https:\/\/vinosomodena.it\/en\/wp-json\/wp\/v2\/product"}],"about":[{"href":"https:\/\/vinosomodena.it\/en\/wp-json\/wp\/v2\/types\/product"}],"wp:featuredmedia":[{"embeddable":true,"href":"https:\/\/vinosomodena.it\/en\/wp-json\/wp\/v2\/media\/24084"}],"wp:attachment":[{"href":"https:\/\/vinosomodena.it\/en\/wp-json\/wp\/v2\/media?parent=10430"}],"wp:term":[{"taxonomy":"product_brand","embeddable":true,"href":"https:\/\/vinosomodena.it\/en\/wp-json\/wp\/v2\/product_brand?post=10430"},{"taxonomy":"product_cat","embeddable":true,"href":"https:\/\/vinosomodena.it\/en\/wp-json\/wp\/v2\/product_cat?post=10430"},{"taxonomy":"product_tag","embeddable":true,"href":"https:\/\/vinosomodena.it\/en\/wp-json\/wp\/v2\/product_tag?post=10430"}],"curies":[{"name":"wp","href":"https:\/\/api.w.org\/{rel}","templated":true}]}}