{"id":10440,"date":"2022-05-11T20:56:39","date_gmt":"2022-05-11T18:56:39","guid":{"rendered":"https:\/\/vinosomodena.it\/?post_type=product&#038;p=10440"},"modified":"2025-03-25T11:12:36","modified_gmt":"2025-03-25T10:12:36","slug":"masseto-2005","status":"publish","type":"product","link":"https:\/\/vinosomodena.it\/en\/prodotto\/masseto-2005\/","title":{"rendered":"Masseto 2020"},"content":{"rendered":"","protected":false},"excerpt":{"rendered":"<p>Il Masseto di Tenuta Masseto \u00e8 tra i vini rossi pi\u00f9 importanti, rari e prestigiosi al mondo, un re della storia enologica italiana che conversa con i pi\u00f9 grandi vini del panorama enologico mondiale. Un capolavoro di assoluta potenza ed eleganza che definirlo eccellenza \u00e8 quasi diminutivo. \u00c8 ricercato dai pi\u00f9 grandi collezionisti di vino ed \u00e8 una star alle aste internazionali. Insomma un\u2019opera liquida di grande pregio in grado di integrare modernit\u00e0 e tradizione in un\u2019interpretazione mitologica e leggendaria di un terroir unico nel suo genere<\/p>\n","protected":false},"featured_media":20934,"template":"","meta":{"_acf_changed":false},"product_brand":[],"product_cat":[2579],"product_tag":[],"class_list":{"0":"post-10440","1":"product","2":"type-product","3":"status-publish","4":"has-post-thumbnail","6":"product_cat-red-wine","8":"first","9":"outofstock","10":"purchasable","11":"product-type-simple"},"acf":[],"yoast_head":"<!-- This site is optimized with the Yoast SEO plugin v27.0 - https:\/\/yoast.com\/product\/yoast-seo-wordpress\/ -->\n<title>Masseto 2020 - Vinoso Modena<\/title>\n<meta name=\"robots\" content=\"index, follow, max-snippet:-1, max-image-preview:large, max-video-preview:-1\" \/>\n<link rel=\"canonical\" href=\"https:\/\/vinosomodena.it\/en\/prodotto\/masseto-2005\/\" \/>\n<meta property=\"og:locale\" content=\"en_US\" \/>\n<meta property=\"og:type\" content=\"article\" \/>\n<meta property=\"og:title\" content=\"Masseto 2020 - Vinoso Modena\" \/>\n<meta property=\"og:description\" content=\"Il Masseto di Tenuta Masseto \u00e8 tra i vini rossi pi\u00f9 importanti, rari e prestigiosi al mondo, un re della storia enologica italiana che conversa con i pi\u00f9 grandi vini del panorama enologico mondiale. Un capolavoro di assoluta potenza ed eleganza che definirlo eccellenza \u00e8 quasi diminutivo. \u00c8 ricercato dai pi\u00f9 grandi collezionisti di vino ed \u00e8 una star alle aste internazionali. Insomma un\u2019opera liquida di grande pregio in grado di integrare modernit\u00e0 e tradizione in un\u2019interpretazione mitologica e leggendaria di un terroir unico nel suo genere\" \/>\n<meta property=\"og:url\" content=\"https:\/\/vinosomodena.it\/en\/prodotto\/masseto-2005\/\" \/>\n<meta property=\"og:site_name\" content=\"Vinoso Modena\" \/>\n<meta property=\"article:modified_time\" content=\"2025-03-25T10:12:36+00:00\" \/>\n<meta property=\"og:image\" content=\"https:\/\/vinosomodena.it\/wp-content\/uploads\/2025\/03\/masseto2005-1.jpg\" \/>\n\t<meta property=\"og:image:width\" content=\"1500\" \/>\n\t<meta property=\"og:image:height\" content=\"1923\" \/>\n\t<meta property=\"og:image:type\" content=\"image\/jpeg\" \/>\n<meta name=\"twitter:card\" content=\"summary_large_image\" \/>\n<script type=\"application\/ld+json\" class=\"yoast-schema-graph\">{\"@context\":\"https:\/\/schema.org\",\"@graph\":[{\"@type\":\"WebPage\",\"@id\":\"https:\/\/vinosomodena.it\/en\/prodotto\/masseto-2005\/\",\"url\":\"https:\/\/vinosomodena.it\/en\/prodotto\/masseto-2005\/\",\"name\":\"Masseto 2020 - Vinoso Modena\",\"isPartOf\":{\"@id\":\"https:\/\/vinosomodena.it\/#website\"},\"primaryImageOfPage\":{\"@id\":\"https:\/\/vinosomodena.it\/en\/prodotto\/masseto-2005\/#primaryimage\"},\"image\":{\"@id\":\"https:\/\/vinosomodena.it\/en\/prodotto\/masseto-2005\/#primaryimage\"},\"thumbnailUrl\":\"https:\/\/vinosomodena.it\/wp-content\/uploads\/2025\/03\/masseto2005-1.jpg\",\"datePublished\":\"2022-05-11T18:56:39+00:00\",\"dateModified\":\"2025-03-25T10:12:36+00:00\",\"breadcrumb\":{\"@id\":\"https:\/\/vinosomodena.it\/en\/prodotto\/masseto-2005\/#breadcrumb\"},\"inLanguage\":\"en-US\",\"potentialAction\":[{\"@type\":\"ReadAction\",\"target\":[\"https:\/\/vinosomodena.it\/en\/prodotto\/masseto-2005\/\"]}]},{\"@type\":\"ImageObject\",\"inLanguage\":\"en-US\",\"@id\":\"https:\/\/vinosomodena.it\/en\/prodotto\/masseto-2005\/#primaryimage\",\"url\":\"https:\/\/vinosomodena.it\/wp-content\/uploads\/2025\/03\/masseto2005-1.jpg\",\"contentUrl\":\"https:\/\/vinosomodena.it\/wp-content\/uploads\/2025\/03\/masseto2005-1.jpg\",\"width\":1500,\"height\":1923},{\"@type\":\"BreadcrumbList\",\"@id\":\"https:\/\/vinosomodena.it\/en\/prodotto\/masseto-2005\/#breadcrumb\",\"itemListElement\":[{\"@type\":\"ListItem\",\"position\":1,\"name\":\"Home\",\"item\":\"https:\/\/vinosomodena.it\/\"},{\"@type\":\"ListItem\",\"position\":2,\"name\":\"Shop\",\"item\":\"https:\/\/vinosomodena.it\/negozio\/\"},{\"@type\":\"ListItem\",\"position\":3,\"name\":\"Masseto 2020\"}]},{\"@type\":\"WebSite\",\"@id\":\"https:\/\/vinosomodena.it\/#website\",\"url\":\"https:\/\/vinosomodena.it\/\",\"name\":\"Vinoso Modena\",\"description\":\"I migliori vini, le annate storiche e molto altro ancora.\",\"potentialAction\":[{\"@type\":\"SearchAction\",\"target\":{\"@type\":\"EntryPoint\",\"urlTemplate\":\"https:\/\/vinosomodena.it\/?s={search_term_string}\"},\"query-input\":{\"@type\":\"PropertyValueSpecification\",\"valueRequired\":true,\"valueName\":\"search_term_string\"}}],\"inLanguage\":\"en-US\"}]}<\/script>\n<!-- \/ Yoast SEO plugin. -->","yoast_head_json":{"title":"Masseto 2020 - Vinoso Modena","robots":{"index":"index","follow":"follow","max-snippet":"max-snippet:-1","max-image-preview":"max-image-preview:large","max-video-preview":"max-video-preview:-1"},"canonical":"https:\/\/vinosomodena.it\/en\/prodotto\/masseto-2005\/","og_locale":"en_US","og_type":"article","og_title":"Masseto 2020 - Vinoso Modena","og_description":"Il Masseto di Tenuta Masseto \u00e8 tra i vini rossi pi\u00f9 importanti, rari e prestigiosi al mondo, un re della storia enologica italiana che conversa con i pi\u00f9 grandi vini del panorama enologico mondiale. Un capolavoro di assoluta potenza ed eleganza che definirlo eccellenza \u00e8 quasi diminutivo. \u00c8 ricercato dai pi\u00f9 grandi collezionisti di vino ed \u00e8 una star alle aste internazionali. Insomma un\u2019opera liquida di grande pregio in grado di integrare modernit\u00e0 e tradizione in un\u2019interpretazione mitologica e leggendaria di un terroir unico nel suo genere","og_url":"https:\/\/vinosomodena.it\/en\/prodotto\/masseto-2005\/","og_site_name":"Vinoso Modena","article_modified_time":"2025-03-25T10:12:36+00:00","og_image":[{"width":1500,"height":1923,"url":"https:\/\/vinosomodena.it\/wp-content\/uploads\/2025\/03\/masseto2005-1.jpg","type":"image\/jpeg"}],"twitter_card":"summary_large_image","schema":{"@context":"https:\/\/schema.org","@graph":[{"@type":"WebPage","@id":"https:\/\/vinosomodena.it\/en\/prodotto\/masseto-2005\/","url":"https:\/\/vinosomodena.it\/en\/prodotto\/masseto-2005\/","name":"Masseto 2020 - Vinoso Modena","isPartOf":{"@id":"https:\/\/vinosomodena.it\/#website"},"primaryImageOfPage":{"@id":"https:\/\/vinosomodena.it\/en\/prodotto\/masseto-2005\/#primaryimage"},"image":{"@id":"https:\/\/vinosomodena.it\/en\/prodotto\/masseto-2005\/#primaryimage"},"thumbnailUrl":"https:\/\/vinosomodena.it\/wp-content\/uploads\/2025\/03\/masseto2005-1.jpg","datePublished":"2022-05-11T18:56:39+00:00","dateModified":"2025-03-25T10:12:36+00:00","breadcrumb":{"@id":"https:\/\/vinosomodena.it\/en\/prodotto\/masseto-2005\/#breadcrumb"},"inLanguage":"en-US","potentialAction":[{"@type":"ReadAction","target":["https:\/\/vinosomodena.it\/en\/prodotto\/masseto-2005\/"]}]},{"@type":"ImageObject","inLanguage":"en-US","@id":"https:\/\/vinosomodena.it\/en\/prodotto\/masseto-2005\/#primaryimage","url":"https:\/\/vinosomodena.it\/wp-content\/uploads\/2025\/03\/masseto2005-1.jpg","contentUrl":"https:\/\/vinosomodena.it\/wp-content\/uploads\/2025\/03\/masseto2005-1.jpg","width":1500,"height":1923},{"@type":"BreadcrumbList","@id":"https:\/\/vinosomodena.it\/en\/prodotto\/masseto-2005\/#breadcrumb","itemListElement":[{"@type":"ListItem","position":1,"name":"Home","item":"https:\/\/vinosomodena.it\/"},{"@type":"ListItem","position":2,"name":"Shop","item":"https:\/\/vinosomodena.it\/negozio\/"},{"@type":"ListItem","position":3,"name":"Masseto 2020"}]},{"@type":"WebSite","@id":"https:\/\/vinosomodena.it\/#website","url":"https:\/\/vinosomodena.it\/","name":"Vinoso Modena","description":"I migliori vini, le annate storiche e molto altro ancora.","potentialAction":[{"@type":"SearchAction","target":{"@type":"EntryPoint","urlTemplate":"https:\/\/vinosomodena.it\/?s={search_term_string}"},"query-input":{"@type":"PropertyValueSpecification","valueRequired":true,"valueName":"search_term_string"}}],"inLanguage":"en-US"}]}},"jetpack_sharing_enabled":true,"_links":{"self":[{"href":"https:\/\/vinosomodena.it\/en\/wp-json\/wp\/v2\/product\/10440","targetHints":{"allow":["GET"]}}],"collection":[{"href":"https:\/\/vinosomodena.it\/en\/wp-json\/wp\/v2\/product"}],"about":[{"href":"https:\/\/vinosomodena.it\/en\/wp-json\/wp\/v2\/types\/product"}],"wp:featuredmedia":[{"embeddable":true,"href":"https:\/\/vinosomodena.it\/en\/wp-json\/wp\/v2\/media\/20934"}],"wp:attachment":[{"href":"https:\/\/vinosomodena.it\/en\/wp-json\/wp\/v2\/media?parent=10440"}],"wp:term":[{"taxonomy":"product_brand","embeddable":true,"href":"https:\/\/vinosomodena.it\/en\/wp-json\/wp\/v2\/product_brand?post=10440"},{"taxonomy":"product_cat","embeddable":true,"href":"https:\/\/vinosomodena.it\/en\/wp-json\/wp\/v2\/product_cat?post=10440"},{"taxonomy":"product_tag","embeddable":true,"href":"https:\/\/vinosomodena.it\/en\/wp-json\/wp\/v2\/product_tag?post=10440"}],"curies":[{"name":"wp","href":"https:\/\/api.w.org\/{rel}","templated":true}]}}