{"id":10455,"date":"2022-04-14T19:10:50","date_gmt":"2022-04-14T17:10:50","guid":{"rendered":"https:\/\/vinosomodena.it\/prodotto\/villa-papiano-albana-terra-2020\/"},"modified":"2026-02-25T11:43:30","modified_gmt":"2026-02-25T10:43:30","slug":"villa-papiano-albana-terra-2020","status":"publish","type":"product","link":"https:\/\/vinosomodena.it\/en\/prodotto\/villa-papiano-albana-terra-2020\/","title":{"rendered":"Villa Papiano Albana Terra 2020"},"content":{"rendered":"<p>Un\u2019oasi naturalistica a ridosso del Parco Nazionale delle Foreste Casentinesi, culla della formazione Marnoso Arenacea, roccia madre e madre naturale di terreni poveri, dove il bosco e l\u2019altitudine si sommano agli elementi severi nella semantica della cura di un territorio da preservare.Quella di Villa Papiano \u00e8 una storia di confine e di viticoltura appenninica: in bilico tra Romagna e Toscana, provincia e citt\u00e0, incastrata in un Appennino primitivo e boscoso, a met\u00e0 strada tra una matrice naturale antichissima e un sentire attento alle fantastiche possibilit\u00e0 della vite.TERRA fresco, luminoso e piacevole<\/p>\n","protected":false},"excerpt":{"rendered":"<p class=\"column\">Un\u2019oasi naturalistica a ridosso del Parco Nazionale delle Foreste Casentinesi, culla della formazione Marnoso Arenacea, roccia madre e madre naturale di terreni poveri, dove il bosco e l\u2019altitudine si sommano agli elementi severi nella semantica della cura di un territorio da preservare.Quella di Villa Papiano \u00e8 una storia di confine e di viticoltura appenninica: in bilico tra Romagna e Toscana, provincia e citt\u00e0, incastrata in un Appennino primitivo e boscoso, a met\u00e0 strada tra una matrice naturale antichissima e un sentire attento alle fantastiche possibilit\u00e0 della vite.<\/p>\n<p>TERRA fresco, luminoso e piacevole.<\/p>\n","protected":false},"featured_media":24570,"template":"","meta":{"_acf_changed":false},"product_brand":[],"product_cat":[2579],"product_tag":[],"class_list":{"0":"post-10455","1":"product","2":"type-product","3":"status-publish","4":"has-post-thumbnail","6":"product_cat-red-wine","8":"first","9":"instock","10":"purchasable","11":"product-type-simple"},"acf":[],"yoast_head":"<!-- This site is optimized with the Yoast SEO plugin v27.0 - https:\/\/yoast.com\/product\/yoast-seo-wordpress\/ -->\n<title>Villa Papiano Albana Terra 2020 - Vinoso Modena<\/title>\n<meta name=\"robots\" content=\"index, follow, max-snippet:-1, max-image-preview:large, max-video-preview:-1\" \/>\n<link rel=\"canonical\" href=\"https:\/\/vinosomodena.it\/en\/prodotto\/villa-papiano-albana-terra-2020\/\" \/>\n<meta property=\"og:locale\" content=\"en_US\" \/>\n<meta property=\"og:type\" content=\"article\" \/>\n<meta property=\"og:title\" content=\"Villa Papiano Albana Terra 2020 - Vinoso Modena\" \/>\n<meta property=\"og:description\" content=\"Un\u2019oasi naturalistica a ridosso del Parco Nazionale delle Foreste Casentinesi, culla della formazione Marnoso Arenacea, roccia madre e madre naturale di terreni poveri, dove il bosco e l\u2019altitudine si sommano agli elementi severi nella semantica della cura di un territorio da preservare.Quella di Villa Papiano \u00e8 una storia di confine e di viticoltura appenninica: in bilico tra Romagna e Toscana, provincia e citt\u00e0, incastrata in un Appennino primitivo e boscoso, a met\u00e0 strada tra una matrice naturale antichissima e un sentire attento alle fantastiche possibilit\u00e0 della vite. TERRA fresco, luminoso e piacevole.\" \/>\n<meta property=\"og:url\" content=\"https:\/\/vinosomodena.it\/en\/prodotto\/villa-papiano-albana-terra-2020\/\" \/>\n<meta property=\"og:site_name\" content=\"Vinoso Modena\" \/>\n<meta property=\"article:modified_time\" content=\"2026-02-25T10:43:30+00:00\" \/>\n<meta property=\"og:image\" content=\"https:\/\/vinosomodena.it\/wp-content\/uploads\/2025\/10\/terra.jpg\" \/>\n\t<meta property=\"og:image:width\" content=\"1500\" \/>\n\t<meta property=\"og:image:height\" content=\"1923\" \/>\n\t<meta property=\"og:image:type\" content=\"image\/jpeg\" \/>\n<meta name=\"twitter:card\" content=\"summary_large_image\" \/>\n<script type=\"application\/ld+json\" class=\"yoast-schema-graph\">{\"@context\":\"https:\/\/schema.org\",\"@graph\":[{\"@type\":\"WebPage\",\"@id\":\"https:\/\/vinosomodena.it\/en\/prodotto\/villa-papiano-albana-terra-2020\/\",\"url\":\"https:\/\/vinosomodena.it\/en\/prodotto\/villa-papiano-albana-terra-2020\/\",\"name\":\"Villa Papiano Albana Terra 2020 - Vinoso Modena\",\"isPartOf\":{\"@id\":\"https:\/\/vinosomodena.it\/#website\"},\"primaryImageOfPage\":{\"@id\":\"https:\/\/vinosomodena.it\/en\/prodotto\/villa-papiano-albana-terra-2020\/#primaryimage\"},\"image\":{\"@id\":\"https:\/\/vinosomodena.it\/en\/prodotto\/villa-papiano-albana-terra-2020\/#primaryimage\"},\"thumbnailUrl\":\"https:\/\/vinosomodena.it\/wp-content\/uploads\/2025\/10\/terra.jpg\",\"datePublished\":\"2022-04-14T17:10:50+00:00\",\"dateModified\":\"2026-02-25T10:43:30+00:00\",\"breadcrumb\":{\"@id\":\"https:\/\/vinosomodena.it\/en\/prodotto\/villa-papiano-albana-terra-2020\/#breadcrumb\"},\"inLanguage\":\"en-US\",\"potentialAction\":[{\"@type\":\"ReadAction\",\"target\":[\"https:\/\/vinosomodena.it\/en\/prodotto\/villa-papiano-albana-terra-2020\/\"]}]},{\"@type\":\"ImageObject\",\"inLanguage\":\"en-US\",\"@id\":\"https:\/\/vinosomodena.it\/en\/prodotto\/villa-papiano-albana-terra-2020\/#primaryimage\",\"url\":\"https:\/\/vinosomodena.it\/wp-content\/uploads\/2025\/10\/terra.jpg\",\"contentUrl\":\"https:\/\/vinosomodena.it\/wp-content\/uploads\/2025\/10\/terra.jpg\",\"width\":1500,\"height\":1923},{\"@type\":\"BreadcrumbList\",\"@id\":\"https:\/\/vinosomodena.it\/en\/prodotto\/villa-papiano-albana-terra-2020\/#breadcrumb\",\"itemListElement\":[{\"@type\":\"ListItem\",\"position\":1,\"name\":\"Home\",\"item\":\"https:\/\/vinosomodena.it\/\"},{\"@type\":\"ListItem\",\"position\":2,\"name\":\"Shop\",\"item\":\"https:\/\/vinosomodena.it\/negozio\/\"},{\"@type\":\"ListItem\",\"position\":3,\"name\":\"Villa Papiano Albana Terra 2020\"}]},{\"@type\":\"WebSite\",\"@id\":\"https:\/\/vinosomodena.it\/#website\",\"url\":\"https:\/\/vinosomodena.it\/\",\"name\":\"Vinoso Modena\",\"description\":\"I migliori vini, le annate storiche e molto altro ancora.\",\"potentialAction\":[{\"@type\":\"SearchAction\",\"target\":{\"@type\":\"EntryPoint\",\"urlTemplate\":\"https:\/\/vinosomodena.it\/?s={search_term_string}\"},\"query-input\":{\"@type\":\"PropertyValueSpecification\",\"valueRequired\":true,\"valueName\":\"search_term_string\"}}],\"inLanguage\":\"en-US\"}]}<\/script>\n<!-- \/ Yoast SEO plugin. -->","yoast_head_json":{"title":"Villa Papiano Albana Terra 2020 - Vinoso Modena","robots":{"index":"index","follow":"follow","max-snippet":"max-snippet:-1","max-image-preview":"max-image-preview:large","max-video-preview":"max-video-preview:-1"},"canonical":"https:\/\/vinosomodena.it\/en\/prodotto\/villa-papiano-albana-terra-2020\/","og_locale":"en_US","og_type":"article","og_title":"Villa Papiano Albana Terra 2020 - Vinoso Modena","og_description":"Un\u2019oasi naturalistica a ridosso del Parco Nazionale delle Foreste Casentinesi, culla della formazione Marnoso Arenacea, roccia madre e madre naturale di terreni poveri, dove il bosco e l\u2019altitudine si sommano agli elementi severi nella semantica della cura di un territorio da preservare.Quella di Villa Papiano \u00e8 una storia di confine e di viticoltura appenninica: in bilico tra Romagna e Toscana, provincia e citt\u00e0, incastrata in un Appennino primitivo e boscoso, a met\u00e0 strada tra una matrice naturale antichissima e un sentire attento alle fantastiche possibilit\u00e0 della vite. TERRA fresco, luminoso e piacevole.","og_url":"https:\/\/vinosomodena.it\/en\/prodotto\/villa-papiano-albana-terra-2020\/","og_site_name":"Vinoso Modena","article_modified_time":"2026-02-25T10:43:30+00:00","og_image":[{"width":1500,"height":1923,"url":"https:\/\/vinosomodena.it\/wp-content\/uploads\/2025\/10\/terra.jpg","type":"image\/jpeg"}],"twitter_card":"summary_large_image","schema":{"@context":"https:\/\/schema.org","@graph":[{"@type":"WebPage","@id":"https:\/\/vinosomodena.it\/en\/prodotto\/villa-papiano-albana-terra-2020\/","url":"https:\/\/vinosomodena.it\/en\/prodotto\/villa-papiano-albana-terra-2020\/","name":"Villa Papiano Albana Terra 2020 - Vinoso Modena","isPartOf":{"@id":"https:\/\/vinosomodena.it\/#website"},"primaryImageOfPage":{"@id":"https:\/\/vinosomodena.it\/en\/prodotto\/villa-papiano-albana-terra-2020\/#primaryimage"},"image":{"@id":"https:\/\/vinosomodena.it\/en\/prodotto\/villa-papiano-albana-terra-2020\/#primaryimage"},"thumbnailUrl":"https:\/\/vinosomodena.it\/wp-content\/uploads\/2025\/10\/terra.jpg","datePublished":"2022-04-14T17:10:50+00:00","dateModified":"2026-02-25T10:43:30+00:00","breadcrumb":{"@id":"https:\/\/vinosomodena.it\/en\/prodotto\/villa-papiano-albana-terra-2020\/#breadcrumb"},"inLanguage":"en-US","potentialAction":[{"@type":"ReadAction","target":["https:\/\/vinosomodena.it\/en\/prodotto\/villa-papiano-albana-terra-2020\/"]}]},{"@type":"ImageObject","inLanguage":"en-US","@id":"https:\/\/vinosomodena.it\/en\/prodotto\/villa-papiano-albana-terra-2020\/#primaryimage","url":"https:\/\/vinosomodena.it\/wp-content\/uploads\/2025\/10\/terra.jpg","contentUrl":"https:\/\/vinosomodena.it\/wp-content\/uploads\/2025\/10\/terra.jpg","width":1500,"height":1923},{"@type":"BreadcrumbList","@id":"https:\/\/vinosomodena.it\/en\/prodotto\/villa-papiano-albana-terra-2020\/#breadcrumb","itemListElement":[{"@type":"ListItem","position":1,"name":"Home","item":"https:\/\/vinosomodena.it\/"},{"@type":"ListItem","position":2,"name":"Shop","item":"https:\/\/vinosomodena.it\/negozio\/"},{"@type":"ListItem","position":3,"name":"Villa Papiano Albana Terra 2020"}]},{"@type":"WebSite","@id":"https:\/\/vinosomodena.it\/#website","url":"https:\/\/vinosomodena.it\/","name":"Vinoso Modena","description":"I migliori vini, le annate storiche e molto altro ancora.","potentialAction":[{"@type":"SearchAction","target":{"@type":"EntryPoint","urlTemplate":"https:\/\/vinosomodena.it\/?s={search_term_string}"},"query-input":{"@type":"PropertyValueSpecification","valueRequired":true,"valueName":"search_term_string"}}],"inLanguage":"en-US"}]}},"jetpack_sharing_enabled":true,"_links":{"self":[{"href":"https:\/\/vinosomodena.it\/en\/wp-json\/wp\/v2\/product\/10455","targetHints":{"allow":["GET"]}}],"collection":[{"href":"https:\/\/vinosomodena.it\/en\/wp-json\/wp\/v2\/product"}],"about":[{"href":"https:\/\/vinosomodena.it\/en\/wp-json\/wp\/v2\/types\/product"}],"wp:featuredmedia":[{"embeddable":true,"href":"https:\/\/vinosomodena.it\/en\/wp-json\/wp\/v2\/media\/24570"}],"wp:attachment":[{"href":"https:\/\/vinosomodena.it\/en\/wp-json\/wp\/v2\/media?parent=10455"}],"wp:term":[{"taxonomy":"product_brand","embeddable":true,"href":"https:\/\/vinosomodena.it\/en\/wp-json\/wp\/v2\/product_brand?post=10455"},{"taxonomy":"product_cat","embeddable":true,"href":"https:\/\/vinosomodena.it\/en\/wp-json\/wp\/v2\/product_cat?post=10455"},{"taxonomy":"product_tag","embeddable":true,"href":"https:\/\/vinosomodena.it\/en\/wp-json\/wp\/v2\/product_tag?post=10455"}],"curies":[{"name":"wp","href":"https:\/\/api.w.org\/{rel}","templated":true}]}}