{"id":10457,"date":"2022-04-14T19:03:53","date_gmt":"2022-04-14T17:03:53","guid":{"rendered":"https:\/\/vinosomodena.it\/prodotto\/villa-papiano-trebbiano-strada-corniolo-2018\/"},"modified":"2024-03-22T22:43:04","modified_gmt":"2024-03-22T21:43:04","slug":"villa-papiano-trebbiano-strada-corniolo-2018","status":"publish","type":"product","link":"https:\/\/vinosomodena.it\/en\/prodotto\/villa-papiano-trebbiano-strada-corniolo-2018\/","title":{"rendered":"Villa Papiano Trebbiano Strada Corniolo 2018"},"content":{"rendered":"","protected":false},"excerpt":{"rendered":"<p class=\"column\">Un\u2019oasi naturalistica a ridosso del Parco Nazionale delle Foreste Casentinesi, culla della formazione Marnoso Arenacea, roccia madre e madre naturale di terreni poveri, dove il bosco e l\u2019altitudine si sommano agli elementi severi nella semantica della cura di un territorio da preservare.Quella di Villa Papiano \u00e8 una storia di confine e di viticoltura appenninica: in bilico tra Romagna e Toscana, provincia e citt\u00e0, incastrata in un Appennino primitivo e boscoso, a met\u00e0 strada tra una matrice naturale antichissima e un sentire attento alle fantastiche possibilit\u00e0 della vite.<\/p>\n","protected":false},"featured_media":10458,"template":"","meta":{"_acf_changed":false},"product_brand":[],"product_cat":[2579],"product_tag":[],"class_list":{"0":"post-10457","1":"product","2":"type-product","3":"status-publish","4":"has-post-thumbnail","6":"product_cat-red-wine","8":"first","9":"instock","10":"purchasable","11":"product-type-simple"},"acf":[],"yoast_head":"<!-- This site is optimized with the Yoast SEO plugin v27.0 - https:\/\/yoast.com\/product\/yoast-seo-wordpress\/ -->\n<title>Villa Papiano Trebbiano Strada Corniolo 2018 - Vinoso Modena<\/title>\n<meta name=\"robots\" content=\"index, follow, max-snippet:-1, max-image-preview:large, max-video-preview:-1\" \/>\n<link rel=\"canonical\" href=\"https:\/\/vinosomodena.it\/en\/prodotto\/villa-papiano-trebbiano-strada-corniolo-2018\/\" \/>\n<meta property=\"og:locale\" content=\"en_US\" \/>\n<meta property=\"og:type\" content=\"article\" \/>\n<meta property=\"og:title\" content=\"Villa Papiano Trebbiano Strada Corniolo 2018 - Vinoso Modena\" \/>\n<meta property=\"og:description\" content=\"Un\u2019oasi naturalistica a ridosso del Parco Nazionale delle Foreste Casentinesi, culla della formazione Marnoso Arenacea, roccia madre e madre naturale di terreni poveri, dove il bosco e l\u2019altitudine si sommano agli elementi severi nella semantica della cura di un territorio da preservare.Quella di Villa Papiano \u00e8 una storia di confine e di viticoltura appenninica: in bilico tra Romagna e Toscana, provincia e citt\u00e0, incastrata in un Appennino primitivo e boscoso, a met\u00e0 strada tra una matrice naturale antichissima e un sentire attento alle fantastiche possibilit\u00e0 della vite.\" \/>\n<meta property=\"og:url\" content=\"https:\/\/vinosomodena.it\/en\/prodotto\/villa-papiano-trebbiano-strada-corniolo-2018\/\" \/>\n<meta property=\"og:site_name\" content=\"Vinoso Modena\" \/>\n<meta property=\"article:modified_time\" content=\"2024-03-22T21:43:04+00:00\" \/>\n<meta property=\"og:image\" content=\"https:\/\/vinosomodena.it\/wp-content\/uploads\/2022\/04\/corniolo.jpg\" \/>\n\t<meta property=\"og:image:width\" content=\"1500\" \/>\n\t<meta property=\"og:image:height\" content=\"1923\" \/>\n\t<meta property=\"og:image:type\" content=\"image\/jpeg\" \/>\n<meta name=\"twitter:card\" content=\"summary_large_image\" \/>\n<script type=\"application\/ld+json\" class=\"yoast-schema-graph\">{\"@context\":\"https:\/\/schema.org\",\"@graph\":[{\"@type\":\"WebPage\",\"@id\":\"https:\/\/vinosomodena.it\/en\/prodotto\/villa-papiano-trebbiano-strada-corniolo-2018\/\",\"url\":\"https:\/\/vinosomodena.it\/en\/prodotto\/villa-papiano-trebbiano-strada-corniolo-2018\/\",\"name\":\"Villa Papiano Trebbiano Strada Corniolo 2018 - Vinoso Modena\",\"isPartOf\":{\"@id\":\"https:\/\/vinosomodena.it\/#website\"},\"primaryImageOfPage\":{\"@id\":\"https:\/\/vinosomodena.it\/en\/prodotto\/villa-papiano-trebbiano-strada-corniolo-2018\/#primaryimage\"},\"image\":{\"@id\":\"https:\/\/vinosomodena.it\/en\/prodotto\/villa-papiano-trebbiano-strada-corniolo-2018\/#primaryimage\"},\"thumbnailUrl\":\"https:\/\/vinosomodena.it\/wp-content\/uploads\/2022\/04\/corniolo.jpg\",\"datePublished\":\"2022-04-14T17:03:53+00:00\",\"dateModified\":\"2024-03-22T21:43:04+00:00\",\"breadcrumb\":{\"@id\":\"https:\/\/vinosomodena.it\/en\/prodotto\/villa-papiano-trebbiano-strada-corniolo-2018\/#breadcrumb\"},\"inLanguage\":\"en-US\",\"potentialAction\":[{\"@type\":\"ReadAction\",\"target\":[\"https:\/\/vinosomodena.it\/en\/prodotto\/villa-papiano-trebbiano-strada-corniolo-2018\/\"]}]},{\"@type\":\"ImageObject\",\"inLanguage\":\"en-US\",\"@id\":\"https:\/\/vinosomodena.it\/en\/prodotto\/villa-papiano-trebbiano-strada-corniolo-2018\/#primaryimage\",\"url\":\"https:\/\/vinosomodena.it\/wp-content\/uploads\/2022\/04\/corniolo.jpg\",\"contentUrl\":\"https:\/\/vinosomodena.it\/wp-content\/uploads\/2022\/04\/corniolo.jpg\",\"width\":1500,\"height\":1923},{\"@type\":\"BreadcrumbList\",\"@id\":\"https:\/\/vinosomodena.it\/en\/prodotto\/villa-papiano-trebbiano-strada-corniolo-2018\/#breadcrumb\",\"itemListElement\":[{\"@type\":\"ListItem\",\"position\":1,\"name\":\"Home\",\"item\":\"https:\/\/vinosomodena.it\/\"},{\"@type\":\"ListItem\",\"position\":2,\"name\":\"Shop\",\"item\":\"https:\/\/vinosomodena.it\/negozio\/\"},{\"@type\":\"ListItem\",\"position\":3,\"name\":\"Villa Papiano Trebbiano Strada Corniolo 2018\"}]},{\"@type\":\"WebSite\",\"@id\":\"https:\/\/vinosomodena.it\/#website\",\"url\":\"https:\/\/vinosomodena.it\/\",\"name\":\"Vinoso Modena\",\"description\":\"I migliori vini, le annate storiche e molto altro ancora.\",\"potentialAction\":[{\"@type\":\"SearchAction\",\"target\":{\"@type\":\"EntryPoint\",\"urlTemplate\":\"https:\/\/vinosomodena.it\/?s={search_term_string}\"},\"query-input\":{\"@type\":\"PropertyValueSpecification\",\"valueRequired\":true,\"valueName\":\"search_term_string\"}}],\"inLanguage\":\"en-US\"}]}<\/script>\n<!-- \/ Yoast SEO plugin. -->","yoast_head_json":{"title":"Villa Papiano Trebbiano Strada Corniolo 2018 - Vinoso Modena","robots":{"index":"index","follow":"follow","max-snippet":"max-snippet:-1","max-image-preview":"max-image-preview:large","max-video-preview":"max-video-preview:-1"},"canonical":"https:\/\/vinosomodena.it\/en\/prodotto\/villa-papiano-trebbiano-strada-corniolo-2018\/","og_locale":"en_US","og_type":"article","og_title":"Villa Papiano Trebbiano Strada Corniolo 2018 - Vinoso Modena","og_description":"Un\u2019oasi naturalistica a ridosso del Parco Nazionale delle Foreste Casentinesi, culla della formazione Marnoso Arenacea, roccia madre e madre naturale di terreni poveri, dove il bosco e l\u2019altitudine si sommano agli elementi severi nella semantica della cura di un territorio da preservare.Quella di Villa Papiano \u00e8 una storia di confine e di viticoltura appenninica: in bilico tra Romagna e Toscana, provincia e citt\u00e0, incastrata in un Appennino primitivo e boscoso, a met\u00e0 strada tra una matrice naturale antichissima e un sentire attento alle fantastiche possibilit\u00e0 della vite.","og_url":"https:\/\/vinosomodena.it\/en\/prodotto\/villa-papiano-trebbiano-strada-corniolo-2018\/","og_site_name":"Vinoso Modena","article_modified_time":"2024-03-22T21:43:04+00:00","og_image":[{"width":1500,"height":1923,"url":"https:\/\/vinosomodena.it\/wp-content\/uploads\/2022\/04\/corniolo.jpg","type":"image\/jpeg"}],"twitter_card":"summary_large_image","schema":{"@context":"https:\/\/schema.org","@graph":[{"@type":"WebPage","@id":"https:\/\/vinosomodena.it\/en\/prodotto\/villa-papiano-trebbiano-strada-corniolo-2018\/","url":"https:\/\/vinosomodena.it\/en\/prodotto\/villa-papiano-trebbiano-strada-corniolo-2018\/","name":"Villa Papiano Trebbiano Strada Corniolo 2018 - Vinoso Modena","isPartOf":{"@id":"https:\/\/vinosomodena.it\/#website"},"primaryImageOfPage":{"@id":"https:\/\/vinosomodena.it\/en\/prodotto\/villa-papiano-trebbiano-strada-corniolo-2018\/#primaryimage"},"image":{"@id":"https:\/\/vinosomodena.it\/en\/prodotto\/villa-papiano-trebbiano-strada-corniolo-2018\/#primaryimage"},"thumbnailUrl":"https:\/\/vinosomodena.it\/wp-content\/uploads\/2022\/04\/corniolo.jpg","datePublished":"2022-04-14T17:03:53+00:00","dateModified":"2024-03-22T21:43:04+00:00","breadcrumb":{"@id":"https:\/\/vinosomodena.it\/en\/prodotto\/villa-papiano-trebbiano-strada-corniolo-2018\/#breadcrumb"},"inLanguage":"en-US","potentialAction":[{"@type":"ReadAction","target":["https:\/\/vinosomodena.it\/en\/prodotto\/villa-papiano-trebbiano-strada-corniolo-2018\/"]}]},{"@type":"ImageObject","inLanguage":"en-US","@id":"https:\/\/vinosomodena.it\/en\/prodotto\/villa-papiano-trebbiano-strada-corniolo-2018\/#primaryimage","url":"https:\/\/vinosomodena.it\/wp-content\/uploads\/2022\/04\/corniolo.jpg","contentUrl":"https:\/\/vinosomodena.it\/wp-content\/uploads\/2022\/04\/corniolo.jpg","width":1500,"height":1923},{"@type":"BreadcrumbList","@id":"https:\/\/vinosomodena.it\/en\/prodotto\/villa-papiano-trebbiano-strada-corniolo-2018\/#breadcrumb","itemListElement":[{"@type":"ListItem","position":1,"name":"Home","item":"https:\/\/vinosomodena.it\/"},{"@type":"ListItem","position":2,"name":"Shop","item":"https:\/\/vinosomodena.it\/negozio\/"},{"@type":"ListItem","position":3,"name":"Villa Papiano Trebbiano Strada Corniolo 2018"}]},{"@type":"WebSite","@id":"https:\/\/vinosomodena.it\/#website","url":"https:\/\/vinosomodena.it\/","name":"Vinoso Modena","description":"I migliori vini, le annate storiche e molto altro ancora.","potentialAction":[{"@type":"SearchAction","target":{"@type":"EntryPoint","urlTemplate":"https:\/\/vinosomodena.it\/?s={search_term_string}"},"query-input":{"@type":"PropertyValueSpecification","valueRequired":true,"valueName":"search_term_string"}}],"inLanguage":"en-US"}]}},"jetpack_sharing_enabled":true,"_links":{"self":[{"href":"https:\/\/vinosomodena.it\/en\/wp-json\/wp\/v2\/product\/10457","targetHints":{"allow":["GET"]}}],"collection":[{"href":"https:\/\/vinosomodena.it\/en\/wp-json\/wp\/v2\/product"}],"about":[{"href":"https:\/\/vinosomodena.it\/en\/wp-json\/wp\/v2\/types\/product"}],"wp:featuredmedia":[{"embeddable":true,"href":"https:\/\/vinosomodena.it\/en\/wp-json\/wp\/v2\/media\/10458"}],"wp:attachment":[{"href":"https:\/\/vinosomodena.it\/en\/wp-json\/wp\/v2\/media?parent=10457"}],"wp:term":[{"taxonomy":"product_brand","embeddable":true,"href":"https:\/\/vinosomodena.it\/en\/wp-json\/wp\/v2\/product_brand?post=10457"},{"taxonomy":"product_cat","embeddable":true,"href":"https:\/\/vinosomodena.it\/en\/wp-json\/wp\/v2\/product_cat?post=10457"},{"taxonomy":"product_tag","embeddable":true,"href":"https:\/\/vinosomodena.it\/en\/wp-json\/wp\/v2\/product_tag?post=10457"}],"curies":[{"name":"wp","href":"https:\/\/api.w.org\/{rel}","templated":true}]}}