{"id":10496,"date":"2022-04-07T18:51:59","date_gmt":"2022-04-07T16:51:59","guid":{"rendered":"https:\/\/vinosomodena.it\/prodotto\/cappellano-barolo-otin-fiorin-pie-rupestris-2018\/"},"modified":"2026-01-28T15:46:49","modified_gmt":"2026-01-28T14:46:49","slug":"cappellano-barolo-otin-fiorin-pie-rupestris-2018","status":"publish","type":"product","link":"https:\/\/vinosomodena.it\/en\/prodotto\/cappellano-barolo-otin-fiorin-pie-rupestris-2018\/","title":{"rendered":"Cappellano Barolo Otin Fiorin Pi\u00e8 Rupestris 2018"},"content":{"rendered":"<p>Sempre al riparo da mode passeggere ed interpretazioni moderne, i Cappellano sono rimasti legati al concetto di vini innanzitutto sani, da attendere con pazienza, baluardi di quello che dovrebbe essere il vero Barolo. Un secolo e mezzo di storia e 4 ettari, siti a Serralunga d&#8217;Alba, coltivati senza l&#8217;uso di sostanze chimiche o di sintesi, da sempre.Il Barolo Otin Fiorin Pi\u00e8 Rupestris \u00e8 un inno alle Langhe vitivinicole, liquido austero e tridimensionale, \u00e8 un Barolo che proviene da uno dei pi\u00f9 rinomati cru di Serralunga d&#8217;Alba, ovvero il Gabutti. Le uve di Nebbiolo in purezza provengono da viti molto vecchie di oltre 60 anni di et\u00e0, e l&#8217;estensione della parcella \u00e8 di soli 1,5 ettari<\/p>\n","protected":false},"excerpt":{"rendered":"<p>Sempre al riparo da mode passeggere ed interpretazioni moderne, i Cappellano sono rimasti legati al concetto di vini innanzitutto sani, da attendere con pazienza, baluardi di quello che dovrebbe essere il vero Barolo. Un secolo e mezzo di storia e 4 ettari, siti a Serralunga d&#8217;Alba, coltivati senza l&#8217;uso di sostanze chimiche o di sintesi, da sempre.<\/p>\n<p>Il Barolo Otin Fiorin Pi\u00e8 Rupestris \u00e8 un inno alle Langhe vitivinicole, liquido austero e tridimensionale, \u00e8 un Barolo che proviene da uno dei pi\u00f9 rinomati cru di Serralunga d&#8217;Alba, ovvero il Gabutti. Le uve di Nebbiolo in purezza provengono da viti molto vecchie di oltre 60 anni di et\u00e0, e l&#8217;estensione della parcella \u00e8 di soli 1,5 ettari.<\/p>\n","protected":false},"featured_media":24560,"template":"","meta":{"_acf_changed":false},"product_brand":[],"product_cat":[2579],"product_tag":[],"class_list":{"0":"post-10496","1":"product","2":"type-product","3":"status-publish","4":"has-post-thumbnail","6":"product_cat-red-wine","8":"first","9":"instock","10":"purchasable","11":"product-type-simple"},"acf":[],"yoast_head":"<!-- This site is optimized with the Yoast SEO plugin v27.4 - https:\/\/yoast.com\/product\/yoast-seo-wordpress\/ -->\n<title>Cappellano Barolo Otin Fiorin Pi\u00e8 Rupestris 2018 - Vinoso Modena<\/title>\n<meta name=\"robots\" content=\"index, follow, max-snippet:-1, max-image-preview:large, max-video-preview:-1\" \/>\n<link rel=\"canonical\" href=\"https:\/\/vinosomodena.it\/en\/prodotto\/cappellano-barolo-otin-fiorin-pie-rupestris-2018\/\" \/>\n<meta property=\"og:locale\" content=\"en_US\" \/>\n<meta property=\"og:type\" content=\"article\" \/>\n<meta property=\"og:title\" content=\"Cappellano Barolo Otin Fiorin Pi\u00e8 Rupestris 2018 - Vinoso Modena\" \/>\n<meta property=\"og:description\" content=\"Sempre al riparo da mode passeggere ed interpretazioni moderne, i Cappellano sono rimasti legati al concetto di vini innanzitutto sani, da attendere con pazienza, baluardi di quello che dovrebbe essere il vero Barolo. Un secolo e mezzo di storia e 4 ettari, siti a Serralunga d&#039;Alba, coltivati senza l&#039;uso di sostanze chimiche o di sintesi, da sempre. Il Barolo Otin Fiorin Pi\u00e8 Rupestris \u00e8 un inno alle Langhe vitivinicole, liquido austero e tridimensionale, \u00e8 un Barolo che proviene da uno dei pi\u00f9 rinomati cru di Serralunga d&#039;Alba, ovvero il Gabutti. Le uve di Nebbiolo in purezza provengono da viti molto vecchie di oltre 60 anni di et\u00e0, e l&#039;estensione della parcella \u00e8 di soli 1,5 ettari.\" \/>\n<meta property=\"og:url\" content=\"https:\/\/vinosomodena.it\/en\/prodotto\/cappellano-barolo-otin-fiorin-pie-rupestris-2018\/\" \/>\n<meta property=\"og:site_name\" content=\"Vinoso Modena\" \/>\n<meta property=\"article:modified_time\" content=\"2026-01-28T14:46:49+00:00\" \/>\n<meta property=\"og:image\" content=\"https:\/\/vinosomodena.it\/wp-content\/uploads\/2025\/10\/cappellano.jpg\" \/>\n\t<meta property=\"og:image:width\" content=\"1500\" \/>\n\t<meta property=\"og:image:height\" content=\"1923\" \/>\n\t<meta property=\"og:image:type\" content=\"image\/jpeg\" \/>\n<meta name=\"twitter:card\" content=\"summary_large_image\" \/>\n<script type=\"application\/ld+json\" class=\"yoast-schema-graph\">{\"@context\":\"https:\\\/\\\/schema.org\",\"@graph\":[{\"@type\":\"WebPage\",\"@id\":\"https:\\\/\\\/vinosomodena.it\\\/en\\\/prodotto\\\/cappellano-barolo-otin-fiorin-pie-rupestris-2018\\\/\",\"url\":\"https:\\\/\\\/vinosomodena.it\\\/en\\\/prodotto\\\/cappellano-barolo-otin-fiorin-pie-rupestris-2018\\\/\",\"name\":\"Cappellano Barolo Otin Fiorin Pi\u00e8 Rupestris 2018 - Vinoso Modena\",\"isPartOf\":{\"@id\":\"https:\\\/\\\/vinosomodena.it\\\/#website\"},\"primaryImageOfPage\":{\"@id\":\"https:\\\/\\\/vinosomodena.it\\\/en\\\/prodotto\\\/cappellano-barolo-otin-fiorin-pie-rupestris-2018\\\/#primaryimage\"},\"image\":{\"@id\":\"https:\\\/\\\/vinosomodena.it\\\/en\\\/prodotto\\\/cappellano-barolo-otin-fiorin-pie-rupestris-2018\\\/#primaryimage\"},\"thumbnailUrl\":\"https:\\\/\\\/vinosomodena.it\\\/wp-content\\\/uploads\\\/2025\\\/10\\\/cappellano.jpg\",\"datePublished\":\"2022-04-07T16:51:59+00:00\",\"dateModified\":\"2026-01-28T14:46:49+00:00\",\"breadcrumb\":{\"@id\":\"https:\\\/\\\/vinosomodena.it\\\/en\\\/prodotto\\\/cappellano-barolo-otin-fiorin-pie-rupestris-2018\\\/#breadcrumb\"},\"inLanguage\":\"en-US\",\"potentialAction\":[{\"@type\":\"ReadAction\",\"target\":[\"https:\\\/\\\/vinosomodena.it\\\/en\\\/prodotto\\\/cappellano-barolo-otin-fiorin-pie-rupestris-2018\\\/\"]}]},{\"@type\":\"ImageObject\",\"inLanguage\":\"en-US\",\"@id\":\"https:\\\/\\\/vinosomodena.it\\\/en\\\/prodotto\\\/cappellano-barolo-otin-fiorin-pie-rupestris-2018\\\/#primaryimage\",\"url\":\"https:\\\/\\\/vinosomodena.it\\\/wp-content\\\/uploads\\\/2025\\\/10\\\/cappellano.jpg\",\"contentUrl\":\"https:\\\/\\\/vinosomodena.it\\\/wp-content\\\/uploads\\\/2025\\\/10\\\/cappellano.jpg\",\"width\":1500,\"height\":1923},{\"@type\":\"BreadcrumbList\",\"@id\":\"https:\\\/\\\/vinosomodena.it\\\/en\\\/prodotto\\\/cappellano-barolo-otin-fiorin-pie-rupestris-2018\\\/#breadcrumb\",\"itemListElement\":[{\"@type\":\"ListItem\",\"position\":1,\"name\":\"Home\",\"item\":\"https:\\\/\\\/vinosomodena.it\\\/\"},{\"@type\":\"ListItem\",\"position\":2,\"name\":\"Shop\",\"item\":\"https:\\\/\\\/vinosomodena.it\\\/negozio\\\/\"},{\"@type\":\"ListItem\",\"position\":3,\"name\":\"Cappellano Barolo Otin Fiorin Pi\u00e8 Rupestris 2018\"}]},{\"@type\":\"WebSite\",\"@id\":\"https:\\\/\\\/vinosomodena.it\\\/#website\",\"url\":\"https:\\\/\\\/vinosomodena.it\\\/\",\"name\":\"Vinoso Modena\",\"description\":\"I migliori vini, le annate storiche e molto altro ancora.\",\"potentialAction\":[{\"@type\":\"SearchAction\",\"target\":{\"@type\":\"EntryPoint\",\"urlTemplate\":\"https:\\\/\\\/vinosomodena.it\\\/?s={search_term_string}\"},\"query-input\":{\"@type\":\"PropertyValueSpecification\",\"valueRequired\":true,\"valueName\":\"search_term_string\"}}],\"inLanguage\":\"en-US\"}]}<\/script>\n<!-- \/ Yoast SEO plugin. -->","yoast_head_json":{"title":"Cappellano Barolo Otin Fiorin Pi\u00e8 Rupestris 2018 - Vinoso Modena","robots":{"index":"index","follow":"follow","max-snippet":"max-snippet:-1","max-image-preview":"max-image-preview:large","max-video-preview":"max-video-preview:-1"},"canonical":"https:\/\/vinosomodena.it\/en\/prodotto\/cappellano-barolo-otin-fiorin-pie-rupestris-2018\/","og_locale":"en_US","og_type":"article","og_title":"Cappellano Barolo Otin Fiorin Pi\u00e8 Rupestris 2018 - Vinoso Modena","og_description":"Sempre al riparo da mode passeggere ed interpretazioni moderne, i Cappellano sono rimasti legati al concetto di vini innanzitutto sani, da attendere con pazienza, baluardi di quello che dovrebbe essere il vero Barolo. Un secolo e mezzo di storia e 4 ettari, siti a Serralunga d'Alba, coltivati senza l'uso di sostanze chimiche o di sintesi, da sempre. Il Barolo Otin Fiorin Pi\u00e8 Rupestris \u00e8 un inno alle Langhe vitivinicole, liquido austero e tridimensionale, \u00e8 un Barolo che proviene da uno dei pi\u00f9 rinomati cru di Serralunga d'Alba, ovvero il Gabutti. Le uve di Nebbiolo in purezza provengono da viti molto vecchie di oltre 60 anni di et\u00e0, e l'estensione della parcella \u00e8 di soli 1,5 ettari.","og_url":"https:\/\/vinosomodena.it\/en\/prodotto\/cappellano-barolo-otin-fiorin-pie-rupestris-2018\/","og_site_name":"Vinoso Modena","article_modified_time":"2026-01-28T14:46:49+00:00","og_image":[{"width":1500,"height":1923,"url":"https:\/\/vinosomodena.it\/wp-content\/uploads\/2025\/10\/cappellano.jpg","type":"image\/jpeg"}],"twitter_card":"summary_large_image","schema":{"@context":"https:\/\/schema.org","@graph":[{"@type":"WebPage","@id":"https:\/\/vinosomodena.it\/en\/prodotto\/cappellano-barolo-otin-fiorin-pie-rupestris-2018\/","url":"https:\/\/vinosomodena.it\/en\/prodotto\/cappellano-barolo-otin-fiorin-pie-rupestris-2018\/","name":"Cappellano Barolo Otin Fiorin Pi\u00e8 Rupestris 2018 - Vinoso Modena","isPartOf":{"@id":"https:\/\/vinosomodena.it\/#website"},"primaryImageOfPage":{"@id":"https:\/\/vinosomodena.it\/en\/prodotto\/cappellano-barolo-otin-fiorin-pie-rupestris-2018\/#primaryimage"},"image":{"@id":"https:\/\/vinosomodena.it\/en\/prodotto\/cappellano-barolo-otin-fiorin-pie-rupestris-2018\/#primaryimage"},"thumbnailUrl":"https:\/\/vinosomodena.it\/wp-content\/uploads\/2025\/10\/cappellano.jpg","datePublished":"2022-04-07T16:51:59+00:00","dateModified":"2026-01-28T14:46:49+00:00","breadcrumb":{"@id":"https:\/\/vinosomodena.it\/en\/prodotto\/cappellano-barolo-otin-fiorin-pie-rupestris-2018\/#breadcrumb"},"inLanguage":"en-US","potentialAction":[{"@type":"ReadAction","target":["https:\/\/vinosomodena.it\/en\/prodotto\/cappellano-barolo-otin-fiorin-pie-rupestris-2018\/"]}]},{"@type":"ImageObject","inLanguage":"en-US","@id":"https:\/\/vinosomodena.it\/en\/prodotto\/cappellano-barolo-otin-fiorin-pie-rupestris-2018\/#primaryimage","url":"https:\/\/vinosomodena.it\/wp-content\/uploads\/2025\/10\/cappellano.jpg","contentUrl":"https:\/\/vinosomodena.it\/wp-content\/uploads\/2025\/10\/cappellano.jpg","width":1500,"height":1923},{"@type":"BreadcrumbList","@id":"https:\/\/vinosomodena.it\/en\/prodotto\/cappellano-barolo-otin-fiorin-pie-rupestris-2018\/#breadcrumb","itemListElement":[{"@type":"ListItem","position":1,"name":"Home","item":"https:\/\/vinosomodena.it\/"},{"@type":"ListItem","position":2,"name":"Shop","item":"https:\/\/vinosomodena.it\/negozio\/"},{"@type":"ListItem","position":3,"name":"Cappellano Barolo Otin Fiorin Pi\u00e8 Rupestris 2018"}]},{"@type":"WebSite","@id":"https:\/\/vinosomodena.it\/#website","url":"https:\/\/vinosomodena.it\/","name":"Vinoso Modena","description":"I migliori vini, le annate storiche e molto altro ancora.","potentialAction":[{"@type":"SearchAction","target":{"@type":"EntryPoint","urlTemplate":"https:\/\/vinosomodena.it\/?s={search_term_string}"},"query-input":{"@type":"PropertyValueSpecification","valueRequired":true,"valueName":"search_term_string"}}],"inLanguage":"en-US"}]}},"jetpack_sharing_enabled":true,"_links":{"self":[{"href":"https:\/\/vinosomodena.it\/en\/wp-json\/wp\/v2\/product\/10496","targetHints":{"allow":["GET"]}}],"collection":[{"href":"https:\/\/vinosomodena.it\/en\/wp-json\/wp\/v2\/product"}],"about":[{"href":"https:\/\/vinosomodena.it\/en\/wp-json\/wp\/v2\/types\/product"}],"wp:featuredmedia":[{"embeddable":true,"href":"https:\/\/vinosomodena.it\/en\/wp-json\/wp\/v2\/media\/24560"}],"wp:attachment":[{"href":"https:\/\/vinosomodena.it\/en\/wp-json\/wp\/v2\/media?parent=10496"}],"wp:term":[{"taxonomy":"product_brand","embeddable":true,"href":"https:\/\/vinosomodena.it\/en\/wp-json\/wp\/v2\/product_brand?post=10496"},{"taxonomy":"product_cat","embeddable":true,"href":"https:\/\/vinosomodena.it\/en\/wp-json\/wp\/v2\/product_cat?post=10496"},{"taxonomy":"product_tag","embeddable":true,"href":"https:\/\/vinosomodena.it\/en\/wp-json\/wp\/v2\/product_tag?post=10496"}],"curies":[{"name":"wp","href":"https:\/\/api.w.org\/{rel}","templated":true}]}}