{"id":10509,"date":"2022-04-01T19:32:49","date_gmt":"2022-04-01T17:32:49","guid":{"rendered":"https:\/\/vinosomodena.it\/?post_type=product&#038;p=10509"},"modified":"2025-02-05T22:28:33","modified_gmt":"2025-02-05T21:28:33","slug":"magnum-saint-james-15-y-o-2006-070-lt","status":"publish","type":"product","link":"https:\/\/vinosomodena.it\/en\/prodotto\/magnum-saint-james-15-y-o-2006-070-lt\/","title":{"rendered":"Magnum Saint James 12 anni 2010"},"content":{"rendered":"","protected":false},"excerpt":{"rendered":"<p>Questo Saint James 12 anni, qui nel formato da 150 cl, fa parte della seconda edizione della ormai leggendaria serie Magnum, nata nel 2021 da un&#8217;idea di Luca Gargano, con l&#8217;obiettivo di riunire i grandi maestri del rum con i grandi fotografi dell&#8217;agenzia Magnum.<\/p>\n<p>Questo rum agricolo invecchiato \u00e8 stato distillato in una colonna creola e prodotto da una miscela delle annate 2003 e 2010. L&#8217;intero processo di produzione avviene nella distilleria utilizzando metodi artigianali per essere coperto dall&#8217;Appellation d&#8217;Origine Contr\u00f4l\u00e9e della Martinica. Fondata nel 1765, Saint James \u00e8 la pi\u00f9 grande e antica distilleria della Martinica.<\/p>\n<p>Il naso \u00e8 ricco e corposo, con sentori di zucchero e miele che evolvono in aromi di genziana, cioccolato ed erbe aromatiche. Il palato \u00e8 cremoso e delicato, ricco di note medicinali, spezie ed erbe in infusione, con sfumature di cacao e zenzero candito. Il finale \u00e8 morbido e persistente, molto evocativo della canna da zucchero, con un retrogusto di mandorla e marmellata.<\/p>\n","protected":false},"featured_media":20065,"template":"","meta":{"_acf_changed":false},"product_brand":[],"product_cat":[2648],"product_tag":[],"class_list":{"0":"post-10509","1":"product","2":"type-product","3":"status-publish","4":"has-post-thumbnail","6":"product_cat-distillates","8":"first","9":"instock","10":"purchasable","11":"product-type-simple"},"acf":[],"yoast_head":"<!-- This site is optimized with the Yoast SEO plugin v27.4 - https:\/\/yoast.com\/product\/yoast-seo-wordpress\/ -->\n<title>Magnum Saint James 12 anni 2010 - Vinoso Modena<\/title>\n<meta name=\"robots\" content=\"index, follow, max-snippet:-1, max-image-preview:large, max-video-preview:-1\" \/>\n<link rel=\"canonical\" href=\"https:\/\/vinosomodena.it\/en\/prodotto\/magnum-saint-james-15-y-o-2006-070-lt\/\" \/>\n<meta property=\"og:locale\" content=\"en_US\" \/>\n<meta property=\"og:type\" content=\"article\" \/>\n<meta property=\"og:title\" content=\"Magnum Saint James 12 anni 2010 - Vinoso Modena\" \/>\n<meta property=\"og:description\" content=\"Questo Saint James 12 anni, qui nel formato da 150 cl, fa parte della seconda edizione della ormai leggendaria serie Magnum, nata nel 2021 da un&#039;idea di Luca Gargano, con l&#039;obiettivo di riunire i grandi maestri del rum con i grandi fotografi dell&#039;agenzia Magnum.  Questo rum agricolo invecchiato \u00e8 stato distillato in una colonna creola e prodotto da una miscela delle annate 2003 e 2010. L&#039;intero processo di produzione avviene nella distilleria utilizzando metodi artigianali per essere coperto dall&#039;Appellation d&#039;Origine Contr\u00f4l\u00e9e della Martinica. Fondata nel 1765, Saint James \u00e8 la pi\u00f9 grande e antica distilleria della Martinica.  Il naso \u00e8 ricco e corposo, con sentori di zucchero e miele che evolvono in aromi di genziana, cioccolato ed erbe aromatiche. Il palato \u00e8 cremoso e delicato, ricco di note medicinali, spezie ed erbe in infusione, con sfumature di cacao e zenzero candito. Il finale \u00e8 morbido e persistente, molto evocativo della canna da zucchero, con un retrogusto di mandorla e marmellata.\" \/>\n<meta property=\"og:url\" content=\"https:\/\/vinosomodena.it\/en\/prodotto\/magnum-saint-james-15-y-o-2006-070-lt\/\" \/>\n<meta property=\"og:site_name\" content=\"Vinoso Modena\" \/>\n<meta property=\"article:modified_time\" content=\"2025-02-05T21:28:33+00:00\" \/>\n<meta property=\"og:image\" content=\"https:\/\/vinosomodena.it\/wp-content\/uploads\/2025\/02\/1738790879_SJ-1.jpg\" \/>\n\t<meta property=\"og:image:width\" content=\"1500\" \/>\n\t<meta property=\"og:image:height\" content=\"1923\" \/>\n\t<meta property=\"og:image:type\" content=\"image\/jpeg\" \/>\n<meta name=\"twitter:card\" content=\"summary_large_image\" \/>\n<script type=\"application\/ld+json\" class=\"yoast-schema-graph\">{\"@context\":\"https:\\\/\\\/schema.org\",\"@graph\":[{\"@type\":\"WebPage\",\"@id\":\"https:\\\/\\\/vinosomodena.it\\\/en\\\/prodotto\\\/magnum-saint-james-15-y-o-2006-070-lt\\\/\",\"url\":\"https:\\\/\\\/vinosomodena.it\\\/en\\\/prodotto\\\/magnum-saint-james-15-y-o-2006-070-lt\\\/\",\"name\":\"Magnum Saint James 12 anni 2010 - Vinoso Modena\",\"isPartOf\":{\"@id\":\"https:\\\/\\\/vinosomodena.it\\\/#website\"},\"primaryImageOfPage\":{\"@id\":\"https:\\\/\\\/vinosomodena.it\\\/en\\\/prodotto\\\/magnum-saint-james-15-y-o-2006-070-lt\\\/#primaryimage\"},\"image\":{\"@id\":\"https:\\\/\\\/vinosomodena.it\\\/en\\\/prodotto\\\/magnum-saint-james-15-y-o-2006-070-lt\\\/#primaryimage\"},\"thumbnailUrl\":\"https:\\\/\\\/vinosomodena.it\\\/wp-content\\\/uploads\\\/2025\\\/02\\\/1738790879_SJ-1.jpg\",\"datePublished\":\"2022-04-01T17:32:49+00:00\",\"dateModified\":\"2025-02-05T21:28:33+00:00\",\"breadcrumb\":{\"@id\":\"https:\\\/\\\/vinosomodena.it\\\/en\\\/prodotto\\\/magnum-saint-james-15-y-o-2006-070-lt\\\/#breadcrumb\"},\"inLanguage\":\"en-US\",\"potentialAction\":[{\"@type\":\"ReadAction\",\"target\":[\"https:\\\/\\\/vinosomodena.it\\\/en\\\/prodotto\\\/magnum-saint-james-15-y-o-2006-070-lt\\\/\"]}]},{\"@type\":\"ImageObject\",\"inLanguage\":\"en-US\",\"@id\":\"https:\\\/\\\/vinosomodena.it\\\/en\\\/prodotto\\\/magnum-saint-james-15-y-o-2006-070-lt\\\/#primaryimage\",\"url\":\"https:\\\/\\\/vinosomodena.it\\\/wp-content\\\/uploads\\\/2025\\\/02\\\/1738790879_SJ-1.jpg\",\"contentUrl\":\"https:\\\/\\\/vinosomodena.it\\\/wp-content\\\/uploads\\\/2025\\\/02\\\/1738790879_SJ-1.jpg\",\"width\":1500,\"height\":1923},{\"@type\":\"BreadcrumbList\",\"@id\":\"https:\\\/\\\/vinosomodena.it\\\/en\\\/prodotto\\\/magnum-saint-james-15-y-o-2006-070-lt\\\/#breadcrumb\",\"itemListElement\":[{\"@type\":\"ListItem\",\"position\":1,\"name\":\"Home\",\"item\":\"https:\\\/\\\/vinosomodena.it\\\/\"},{\"@type\":\"ListItem\",\"position\":2,\"name\":\"Shop\",\"item\":\"https:\\\/\\\/vinosomodena.it\\\/negozio\\\/\"},{\"@type\":\"ListItem\",\"position\":3,\"name\":\"Magnum Saint James 12 anni 2010\"}]},{\"@type\":\"WebSite\",\"@id\":\"https:\\\/\\\/vinosomodena.it\\\/#website\",\"url\":\"https:\\\/\\\/vinosomodena.it\\\/\",\"name\":\"Vinoso Modena\",\"description\":\"I migliori vini, le annate storiche e molto altro ancora.\",\"potentialAction\":[{\"@type\":\"SearchAction\",\"target\":{\"@type\":\"EntryPoint\",\"urlTemplate\":\"https:\\\/\\\/vinosomodena.it\\\/?s={search_term_string}\"},\"query-input\":{\"@type\":\"PropertyValueSpecification\",\"valueRequired\":true,\"valueName\":\"search_term_string\"}}],\"inLanguage\":\"en-US\"}]}<\/script>\n<!-- \/ Yoast SEO plugin. -->","yoast_head_json":{"title":"Magnum Saint James 12 anni 2010 - Vinoso Modena","robots":{"index":"index","follow":"follow","max-snippet":"max-snippet:-1","max-image-preview":"max-image-preview:large","max-video-preview":"max-video-preview:-1"},"canonical":"https:\/\/vinosomodena.it\/en\/prodotto\/magnum-saint-james-15-y-o-2006-070-lt\/","og_locale":"en_US","og_type":"article","og_title":"Magnum Saint James 12 anni 2010 - Vinoso Modena","og_description":"Questo Saint James 12 anni, qui nel formato da 150 cl, fa parte della seconda edizione della ormai leggendaria serie Magnum, nata nel 2021 da un'idea di Luca Gargano, con l'obiettivo di riunire i grandi maestri del rum con i grandi fotografi dell'agenzia Magnum.  Questo rum agricolo invecchiato \u00e8 stato distillato in una colonna creola e prodotto da una miscela delle annate 2003 e 2010. L'intero processo di produzione avviene nella distilleria utilizzando metodi artigianali per essere coperto dall'Appellation d'Origine Contr\u00f4l\u00e9e della Martinica. Fondata nel 1765, Saint James \u00e8 la pi\u00f9 grande e antica distilleria della Martinica.  Il naso \u00e8 ricco e corposo, con sentori di zucchero e miele che evolvono in aromi di genziana, cioccolato ed erbe aromatiche. Il palato \u00e8 cremoso e delicato, ricco di note medicinali, spezie ed erbe in infusione, con sfumature di cacao e zenzero candito. Il finale \u00e8 morbido e persistente, molto evocativo della canna da zucchero, con un retrogusto di mandorla e marmellata.","og_url":"https:\/\/vinosomodena.it\/en\/prodotto\/magnum-saint-james-15-y-o-2006-070-lt\/","og_site_name":"Vinoso Modena","article_modified_time":"2025-02-05T21:28:33+00:00","og_image":[{"width":1500,"height":1923,"url":"https:\/\/vinosomodena.it\/wp-content\/uploads\/2025\/02\/1738790879_SJ-1.jpg","type":"image\/jpeg"}],"twitter_card":"summary_large_image","schema":{"@context":"https:\/\/schema.org","@graph":[{"@type":"WebPage","@id":"https:\/\/vinosomodena.it\/en\/prodotto\/magnum-saint-james-15-y-o-2006-070-lt\/","url":"https:\/\/vinosomodena.it\/en\/prodotto\/magnum-saint-james-15-y-o-2006-070-lt\/","name":"Magnum Saint James 12 anni 2010 - Vinoso Modena","isPartOf":{"@id":"https:\/\/vinosomodena.it\/#website"},"primaryImageOfPage":{"@id":"https:\/\/vinosomodena.it\/en\/prodotto\/magnum-saint-james-15-y-o-2006-070-lt\/#primaryimage"},"image":{"@id":"https:\/\/vinosomodena.it\/en\/prodotto\/magnum-saint-james-15-y-o-2006-070-lt\/#primaryimage"},"thumbnailUrl":"https:\/\/vinosomodena.it\/wp-content\/uploads\/2025\/02\/1738790879_SJ-1.jpg","datePublished":"2022-04-01T17:32:49+00:00","dateModified":"2025-02-05T21:28:33+00:00","breadcrumb":{"@id":"https:\/\/vinosomodena.it\/en\/prodotto\/magnum-saint-james-15-y-o-2006-070-lt\/#breadcrumb"},"inLanguage":"en-US","potentialAction":[{"@type":"ReadAction","target":["https:\/\/vinosomodena.it\/en\/prodotto\/magnum-saint-james-15-y-o-2006-070-lt\/"]}]},{"@type":"ImageObject","inLanguage":"en-US","@id":"https:\/\/vinosomodena.it\/en\/prodotto\/magnum-saint-james-15-y-o-2006-070-lt\/#primaryimage","url":"https:\/\/vinosomodena.it\/wp-content\/uploads\/2025\/02\/1738790879_SJ-1.jpg","contentUrl":"https:\/\/vinosomodena.it\/wp-content\/uploads\/2025\/02\/1738790879_SJ-1.jpg","width":1500,"height":1923},{"@type":"BreadcrumbList","@id":"https:\/\/vinosomodena.it\/en\/prodotto\/magnum-saint-james-15-y-o-2006-070-lt\/#breadcrumb","itemListElement":[{"@type":"ListItem","position":1,"name":"Home","item":"https:\/\/vinosomodena.it\/"},{"@type":"ListItem","position":2,"name":"Shop","item":"https:\/\/vinosomodena.it\/negozio\/"},{"@type":"ListItem","position":3,"name":"Magnum Saint James 12 anni 2010"}]},{"@type":"WebSite","@id":"https:\/\/vinosomodena.it\/#website","url":"https:\/\/vinosomodena.it\/","name":"Vinoso Modena","description":"I migliori vini, le annate storiche e molto altro ancora.","potentialAction":[{"@type":"SearchAction","target":{"@type":"EntryPoint","urlTemplate":"https:\/\/vinosomodena.it\/?s={search_term_string}"},"query-input":{"@type":"PropertyValueSpecification","valueRequired":true,"valueName":"search_term_string"}}],"inLanguage":"en-US"}]}},"jetpack_sharing_enabled":true,"_links":{"self":[{"href":"https:\/\/vinosomodena.it\/en\/wp-json\/wp\/v2\/product\/10509","targetHints":{"allow":["GET"]}}],"collection":[{"href":"https:\/\/vinosomodena.it\/en\/wp-json\/wp\/v2\/product"}],"about":[{"href":"https:\/\/vinosomodena.it\/en\/wp-json\/wp\/v2\/types\/product"}],"wp:featuredmedia":[{"embeddable":true,"href":"https:\/\/vinosomodena.it\/en\/wp-json\/wp\/v2\/media\/20065"}],"wp:attachment":[{"href":"https:\/\/vinosomodena.it\/en\/wp-json\/wp\/v2\/media?parent=10509"}],"wp:term":[{"taxonomy":"product_brand","embeddable":true,"href":"https:\/\/vinosomodena.it\/en\/wp-json\/wp\/v2\/product_brand?post=10509"},{"taxonomy":"product_cat","embeddable":true,"href":"https:\/\/vinosomodena.it\/en\/wp-json\/wp\/v2\/product_cat?post=10509"},{"taxonomy":"product_tag","embeddable":true,"href":"https:\/\/vinosomodena.it\/en\/wp-json\/wp\/v2\/product_tag?post=10509"}],"curies":[{"name":"wp","href":"https:\/\/api.w.org\/{rel}","templated":true}]}}