{"id":10513,"date":"2022-04-01T19:28:43","date_gmt":"2022-04-01T17:28:43","guid":{"rendered":"https:\/\/vinosomodena.it\/?post_type=product&#038;p=10513"},"modified":"2025-02-05T21:59:11","modified_gmt":"2025-02-05T20:59:11","slug":"magnum-hampden-hlcf-5-y-o-2016-070-lt","status":"publish","type":"product","link":"https:\/\/vinosomodena.it\/en\/prodotto\/magnum-hampden-hlcf-5-y-o-2016-070-lt\/","title":{"rendered":"Magnum Hampden LROK 13 anni 2010"},"content":{"rendered":"","protected":false},"excerpt":{"rendered":"<p>Questo Hampden LROK di 13 anni fa parte della seconda edizione della ormai leggendaria serie Magnum, creata nel 2021 da Luca Gargano, con l&#8217;obiettivo di riunire i grandi maestri del rum con i grandi fotografi dell&#8217;agenzia Magnum.<\/p>\n<p>Distillato nel 2010 e imbottigliato dopo 13 anni di invecchiamento, il rilascio \u00e8 il pi\u00f9 antico imbottigliamento esistente di un Hampden invecchiato in un clima tropicale, il che lo rende un rum raro ed eccezionale. Con il suo contenuto di esteri tra 200 e 400 gr\/hlPA, questo rilascio fa parte del marchio LROK (Light Rum), creato nel 1952.<\/p>\n<p>Fondata nel 1753, da quasi tre secoli la Hampden Estate distilla rum che rappresentano l&#8217;espressione pi\u00f9 pura della Giamaica nella provincia di Trelawny, storicamente nota come il Grand Cru del rum giamaicano.<\/p>\n<p>Il naso \u00e8 raffinato e ricco di sentori di cera d&#8217;api, frutta candita e canfora, che si evolvono in geranio, giacinto e iris. Il palato \u00e8 corposo e ben strutturato, con potenti note di liquirizia e cioccolato, che diventano sempre pi\u00f9 empireumatiche pur mantenendo un carattere morbido e fruttato. Il finale \u00e8 intenso e persistente, molto compatto, pieno della tipica dolcezza di Hampden.<\/p>\n","protected":false},"featured_media":20044,"template":"","meta":{"_acf_changed":false},"product_brand":[],"product_cat":[2648],"product_tag":[],"class_list":{"0":"post-10513","1":"product","2":"type-product","3":"status-publish","4":"has-post-thumbnail","6":"product_cat-distillates","8":"first","9":"instock","10":"purchasable","11":"product-type-simple"},"acf":[],"yoast_head":"<!-- This site is optimized with the Yoast SEO plugin v27.4 - https:\/\/yoast.com\/product\/yoast-seo-wordpress\/ -->\n<title>Magnum Hampden LROK 13 anni 2010 - Vinoso Modena<\/title>\n<meta name=\"robots\" content=\"index, follow, max-snippet:-1, max-image-preview:large, max-video-preview:-1\" \/>\n<link rel=\"canonical\" href=\"https:\/\/vinosomodena.it\/en\/prodotto\/magnum-hampden-hlcf-5-y-o-2016-070-lt\/\" \/>\n<meta property=\"og:locale\" content=\"en_US\" \/>\n<meta property=\"og:type\" content=\"article\" \/>\n<meta property=\"og:title\" content=\"Magnum Hampden LROK 13 anni 2010 - Vinoso Modena\" \/>\n<meta property=\"og:description\" content=\"Questo Hampden LROK di 13 anni fa parte della seconda edizione della ormai leggendaria serie Magnum, creata nel 2021 da Luca Gargano, con l&#039;obiettivo di riunire i grandi maestri del rum con i grandi fotografi dell&#039;agenzia Magnum.  Distillato nel 2010 e imbottigliato dopo 13 anni di invecchiamento, il rilascio \u00e8 il pi\u00f9 antico imbottigliamento esistente di un Hampden invecchiato in un clima tropicale, il che lo rende un rum raro ed eccezionale. Con il suo contenuto di esteri tra 200 e 400 gr\/hlPA, questo rilascio fa parte del marchio LROK (Light Rum), creato nel 1952.  Fondata nel 1753, da quasi tre secoli la Hampden Estate distilla rum che rappresentano l&#039;espressione pi\u00f9 pura della Giamaica nella provincia di Trelawny, storicamente nota come il Grand Cru del rum giamaicano.  Il naso \u00e8 raffinato e ricco di sentori di cera d&#039;api, frutta candita e canfora, che si evolvono in geranio, giacinto e iris. Il palato \u00e8 corposo e ben strutturato, con potenti note di liquirizia e cioccolato, che diventano sempre pi\u00f9 empireumatiche pur mantenendo un carattere morbido e fruttato. Il finale \u00e8 intenso e persistente, molto compatto, pieno della tipica dolcezza di Hampden.\" \/>\n<meta property=\"og:url\" content=\"https:\/\/vinosomodena.it\/en\/prodotto\/magnum-hampden-hlcf-5-y-o-2016-070-lt\/\" \/>\n<meta property=\"og:site_name\" content=\"Vinoso Modena\" \/>\n<meta property=\"article:modified_time\" content=\"2025-02-05T20:59:11+00:00\" \/>\n<meta property=\"og:image\" content=\"https:\/\/vinosomodena.it\/wp-content\/uploads\/2025\/02\/1738789146_hampden.jpg\" \/>\n\t<meta property=\"og:image:width\" content=\"1500\" \/>\n\t<meta property=\"og:image:height\" content=\"1923\" \/>\n\t<meta property=\"og:image:type\" content=\"image\/jpeg\" \/>\n<meta name=\"twitter:card\" content=\"summary_large_image\" \/>\n<script type=\"application\/ld+json\" class=\"yoast-schema-graph\">{\"@context\":\"https:\\\/\\\/schema.org\",\"@graph\":[{\"@type\":\"WebPage\",\"@id\":\"https:\\\/\\\/vinosomodena.it\\\/en\\\/prodotto\\\/magnum-hampden-hlcf-5-y-o-2016-070-lt\\\/\",\"url\":\"https:\\\/\\\/vinosomodena.it\\\/en\\\/prodotto\\\/magnum-hampden-hlcf-5-y-o-2016-070-lt\\\/\",\"name\":\"Magnum Hampden LROK 13 anni 2010 - Vinoso Modena\",\"isPartOf\":{\"@id\":\"https:\\\/\\\/vinosomodena.it\\\/#website\"},\"primaryImageOfPage\":{\"@id\":\"https:\\\/\\\/vinosomodena.it\\\/en\\\/prodotto\\\/magnum-hampden-hlcf-5-y-o-2016-070-lt\\\/#primaryimage\"},\"image\":{\"@id\":\"https:\\\/\\\/vinosomodena.it\\\/en\\\/prodotto\\\/magnum-hampden-hlcf-5-y-o-2016-070-lt\\\/#primaryimage\"},\"thumbnailUrl\":\"https:\\\/\\\/vinosomodena.it\\\/wp-content\\\/uploads\\\/2025\\\/02\\\/1738789146_hampden.jpg\",\"datePublished\":\"2022-04-01T17:28:43+00:00\",\"dateModified\":\"2025-02-05T20:59:11+00:00\",\"breadcrumb\":{\"@id\":\"https:\\\/\\\/vinosomodena.it\\\/en\\\/prodotto\\\/magnum-hampden-hlcf-5-y-o-2016-070-lt\\\/#breadcrumb\"},\"inLanguage\":\"en-US\",\"potentialAction\":[{\"@type\":\"ReadAction\",\"target\":[\"https:\\\/\\\/vinosomodena.it\\\/en\\\/prodotto\\\/magnum-hampden-hlcf-5-y-o-2016-070-lt\\\/\"]}]},{\"@type\":\"ImageObject\",\"inLanguage\":\"en-US\",\"@id\":\"https:\\\/\\\/vinosomodena.it\\\/en\\\/prodotto\\\/magnum-hampden-hlcf-5-y-o-2016-070-lt\\\/#primaryimage\",\"url\":\"https:\\\/\\\/vinosomodena.it\\\/wp-content\\\/uploads\\\/2025\\\/02\\\/1738789146_hampden.jpg\",\"contentUrl\":\"https:\\\/\\\/vinosomodena.it\\\/wp-content\\\/uploads\\\/2025\\\/02\\\/1738789146_hampden.jpg\",\"width\":1500,\"height\":1923},{\"@type\":\"BreadcrumbList\",\"@id\":\"https:\\\/\\\/vinosomodena.it\\\/en\\\/prodotto\\\/magnum-hampden-hlcf-5-y-o-2016-070-lt\\\/#breadcrumb\",\"itemListElement\":[{\"@type\":\"ListItem\",\"position\":1,\"name\":\"Home\",\"item\":\"https:\\\/\\\/vinosomodena.it\\\/\"},{\"@type\":\"ListItem\",\"position\":2,\"name\":\"Shop\",\"item\":\"https:\\\/\\\/vinosomodena.it\\\/negozio\\\/\"},{\"@type\":\"ListItem\",\"position\":3,\"name\":\"Magnum Hampden LROK 13 anni 2010\"}]},{\"@type\":\"WebSite\",\"@id\":\"https:\\\/\\\/vinosomodena.it\\\/#website\",\"url\":\"https:\\\/\\\/vinosomodena.it\\\/\",\"name\":\"Vinoso Modena\",\"description\":\"I migliori vini, le annate storiche e molto altro ancora.\",\"potentialAction\":[{\"@type\":\"SearchAction\",\"target\":{\"@type\":\"EntryPoint\",\"urlTemplate\":\"https:\\\/\\\/vinosomodena.it\\\/?s={search_term_string}\"},\"query-input\":{\"@type\":\"PropertyValueSpecification\",\"valueRequired\":true,\"valueName\":\"search_term_string\"}}],\"inLanguage\":\"en-US\"}]}<\/script>\n<!-- \/ Yoast SEO plugin. -->","yoast_head_json":{"title":"Magnum Hampden LROK 13 anni 2010 - Vinoso Modena","robots":{"index":"index","follow":"follow","max-snippet":"max-snippet:-1","max-image-preview":"max-image-preview:large","max-video-preview":"max-video-preview:-1"},"canonical":"https:\/\/vinosomodena.it\/en\/prodotto\/magnum-hampden-hlcf-5-y-o-2016-070-lt\/","og_locale":"en_US","og_type":"article","og_title":"Magnum Hampden LROK 13 anni 2010 - Vinoso Modena","og_description":"Questo Hampden LROK di 13 anni fa parte della seconda edizione della ormai leggendaria serie Magnum, creata nel 2021 da Luca Gargano, con l'obiettivo di riunire i grandi maestri del rum con i grandi fotografi dell'agenzia Magnum.  Distillato nel 2010 e imbottigliato dopo 13 anni di invecchiamento, il rilascio \u00e8 il pi\u00f9 antico imbottigliamento esistente di un Hampden invecchiato in un clima tropicale, il che lo rende un rum raro ed eccezionale. Con il suo contenuto di esteri tra 200 e 400 gr\/hlPA, questo rilascio fa parte del marchio LROK (Light Rum), creato nel 1952.  Fondata nel 1753, da quasi tre secoli la Hampden Estate distilla rum che rappresentano l'espressione pi\u00f9 pura della Giamaica nella provincia di Trelawny, storicamente nota come il Grand Cru del rum giamaicano.  Il naso \u00e8 raffinato e ricco di sentori di cera d'api, frutta candita e canfora, che si evolvono in geranio, giacinto e iris. Il palato \u00e8 corposo e ben strutturato, con potenti note di liquirizia e cioccolato, che diventano sempre pi\u00f9 empireumatiche pur mantenendo un carattere morbido e fruttato. Il finale \u00e8 intenso e persistente, molto compatto, pieno della tipica dolcezza di Hampden.","og_url":"https:\/\/vinosomodena.it\/en\/prodotto\/magnum-hampden-hlcf-5-y-o-2016-070-lt\/","og_site_name":"Vinoso Modena","article_modified_time":"2025-02-05T20:59:11+00:00","og_image":[{"width":1500,"height":1923,"url":"https:\/\/vinosomodena.it\/wp-content\/uploads\/2025\/02\/1738789146_hampden.jpg","type":"image\/jpeg"}],"twitter_card":"summary_large_image","schema":{"@context":"https:\/\/schema.org","@graph":[{"@type":"WebPage","@id":"https:\/\/vinosomodena.it\/en\/prodotto\/magnum-hampden-hlcf-5-y-o-2016-070-lt\/","url":"https:\/\/vinosomodena.it\/en\/prodotto\/magnum-hampden-hlcf-5-y-o-2016-070-lt\/","name":"Magnum Hampden LROK 13 anni 2010 - Vinoso Modena","isPartOf":{"@id":"https:\/\/vinosomodena.it\/#website"},"primaryImageOfPage":{"@id":"https:\/\/vinosomodena.it\/en\/prodotto\/magnum-hampden-hlcf-5-y-o-2016-070-lt\/#primaryimage"},"image":{"@id":"https:\/\/vinosomodena.it\/en\/prodotto\/magnum-hampden-hlcf-5-y-o-2016-070-lt\/#primaryimage"},"thumbnailUrl":"https:\/\/vinosomodena.it\/wp-content\/uploads\/2025\/02\/1738789146_hampden.jpg","datePublished":"2022-04-01T17:28:43+00:00","dateModified":"2025-02-05T20:59:11+00:00","breadcrumb":{"@id":"https:\/\/vinosomodena.it\/en\/prodotto\/magnum-hampden-hlcf-5-y-o-2016-070-lt\/#breadcrumb"},"inLanguage":"en-US","potentialAction":[{"@type":"ReadAction","target":["https:\/\/vinosomodena.it\/en\/prodotto\/magnum-hampden-hlcf-5-y-o-2016-070-lt\/"]}]},{"@type":"ImageObject","inLanguage":"en-US","@id":"https:\/\/vinosomodena.it\/en\/prodotto\/magnum-hampden-hlcf-5-y-o-2016-070-lt\/#primaryimage","url":"https:\/\/vinosomodena.it\/wp-content\/uploads\/2025\/02\/1738789146_hampden.jpg","contentUrl":"https:\/\/vinosomodena.it\/wp-content\/uploads\/2025\/02\/1738789146_hampden.jpg","width":1500,"height":1923},{"@type":"BreadcrumbList","@id":"https:\/\/vinosomodena.it\/en\/prodotto\/magnum-hampden-hlcf-5-y-o-2016-070-lt\/#breadcrumb","itemListElement":[{"@type":"ListItem","position":1,"name":"Home","item":"https:\/\/vinosomodena.it\/"},{"@type":"ListItem","position":2,"name":"Shop","item":"https:\/\/vinosomodena.it\/negozio\/"},{"@type":"ListItem","position":3,"name":"Magnum Hampden LROK 13 anni 2010"}]},{"@type":"WebSite","@id":"https:\/\/vinosomodena.it\/#website","url":"https:\/\/vinosomodena.it\/","name":"Vinoso Modena","description":"I migliori vini, le annate storiche e molto altro ancora.","potentialAction":[{"@type":"SearchAction","target":{"@type":"EntryPoint","urlTemplate":"https:\/\/vinosomodena.it\/?s={search_term_string}"},"query-input":{"@type":"PropertyValueSpecification","valueRequired":true,"valueName":"search_term_string"}}],"inLanguage":"en-US"}]}},"jetpack_sharing_enabled":true,"_links":{"self":[{"href":"https:\/\/vinosomodena.it\/en\/wp-json\/wp\/v2\/product\/10513","targetHints":{"allow":["GET"]}}],"collection":[{"href":"https:\/\/vinosomodena.it\/en\/wp-json\/wp\/v2\/product"}],"about":[{"href":"https:\/\/vinosomodena.it\/en\/wp-json\/wp\/v2\/types\/product"}],"wp:featuredmedia":[{"embeddable":true,"href":"https:\/\/vinosomodena.it\/en\/wp-json\/wp\/v2\/media\/20044"}],"wp:attachment":[{"href":"https:\/\/vinosomodena.it\/en\/wp-json\/wp\/v2\/media?parent=10513"}],"wp:term":[{"taxonomy":"product_brand","embeddable":true,"href":"https:\/\/vinosomodena.it\/en\/wp-json\/wp\/v2\/product_brand?post=10513"},{"taxonomy":"product_cat","embeddable":true,"href":"https:\/\/vinosomodena.it\/en\/wp-json\/wp\/v2\/product_cat?post=10513"},{"taxonomy":"product_tag","embeddable":true,"href":"https:\/\/vinosomodena.it\/en\/wp-json\/wp\/v2\/product_tag?post=10513"}],"curies":[{"name":"wp","href":"https:\/\/api.w.org\/{rel}","templated":true}]}}