{"id":10544,"date":"2022-03-16T12:38:56","date_gmt":"2022-03-16T11:38:56","guid":{"rendered":"https:\/\/vinosomodena.it\/prodotto\/waldgries-antheos-2018\/"},"modified":"2026-03-12T17:46:06","modified_gmt":"2026-03-12T16:46:06","slug":"waldgries-antheos-2018","status":"publish","type":"product","link":"https:\/\/vinosomodena.it\/en\/prodotto\/waldgries-antheos-2018\/","title":{"rendered":"Waldgries Antheos 2018"},"content":{"rendered":"<p>Antheos \u00e8 un ritorno alle origini, \u00e8 un vino in cui si fondono otto storiche variet\u00e0 di Schiava. Questi antichi vitigni sono frutto della storia, come lo siamo noi uomini: hanno forza, esperienza e saggezza. \u00abQualche anno fa decisi di ripiantare un taglio misto di viti storiche, risalenti ai tempi del mio bisnonno e quasi completamente scomparse. Lo feci, non con l\u2019intenzione di riscrivere la storia, ma per fondere un pezzo di storia con il presente e continuarlo nel futuro. Cos\u00ec \u00e8 nato questo esclusivo vino Santa Maddalena.\u00bb<\/p>\n","protected":false},"excerpt":{"rendered":"<p>Antheos \u00e8 un ritorno alle origini, \u00e8 un vino in cui si fondono otto storiche variet\u00e0 di Schiava. Questi antichi vitigni sono frutto della storia, come lo siamo noi uomini: hanno forza, esperienza e saggezza. \u00abQualche anno fa decisi di ripiantare un taglio misto di viti storiche, risalenti ai tempi del mio bisnonno e quasi completamente scomparse. Lo feci, non con l\u2019intenzione di riscrivere la storia, ma per fondere un pezzo di storia con il presente e continuarlo nel futuro. Cos\u00ec \u00e8 nato questo esclusivo vino Santa Maddalena.\u00bb<\/p>\n","protected":false},"featured_media":14877,"template":"","meta":{"_acf_changed":false},"product_brand":[],"product_cat":[2579],"product_tag":[],"class_list":{"0":"post-10544","1":"product","2":"type-product","3":"status-publish","4":"has-post-thumbnail","6":"product_cat-red-wine","8":"first","9":"instock","10":"purchasable","11":"product-type-simple"},"acf":[],"yoast_head":"<!-- This site is optimized with the Yoast SEO plugin v27.0 - https:\/\/yoast.com\/product\/yoast-seo-wordpress\/ -->\n<title>Waldgries Antheos 2018 - Vinoso Modena<\/title>\n<meta name=\"robots\" content=\"index, follow, max-snippet:-1, max-image-preview:large, max-video-preview:-1\" \/>\n<link rel=\"canonical\" href=\"https:\/\/vinosomodena.it\/en\/prodotto\/waldgries-antheos-2018\/\" \/>\n<meta property=\"og:locale\" content=\"en_US\" \/>\n<meta property=\"og:type\" content=\"article\" \/>\n<meta property=\"og:title\" content=\"Waldgries Antheos 2018 - Vinoso Modena\" \/>\n<meta property=\"og:description\" content=\"Antheos \u00e8 un ritorno alle origini, \u00e8 un vino in cui si fondono otto storiche variet\u00e0 di Schiava. Questi antichi vitigni sono frutto della storia, come lo siamo noi uomini: hanno forza, esperienza e saggezza. \u00abQualche anno fa decisi di ripiantare un taglio misto di viti storiche, risalenti ai tempi del mio bisnonno e quasi completamente scomparse. Lo feci, non con l\u2019intenzione di riscrivere la storia, ma per fondere un pezzo di storia con il presente e continuarlo nel futuro. Cos\u00ec \u00e8 nato questo esclusivo vino Santa Maddalena.\u00bb\" \/>\n<meta property=\"og:url\" content=\"https:\/\/vinosomodena.it\/en\/prodotto\/waldgries-antheos-2018\/\" \/>\n<meta property=\"og:site_name\" content=\"Vinoso Modena\" \/>\n<meta property=\"article:modified_time\" content=\"2026-03-12T16:46:06+00:00\" \/>\n<meta property=\"og:image\" content=\"https:\/\/vinosomodena.it\/wp-content\/uploads\/2024\/01\/waldgriesantheos-1.jpg\" \/>\n\t<meta property=\"og:image:width\" content=\"1500\" \/>\n\t<meta property=\"og:image:height\" content=\"1923\" \/>\n\t<meta property=\"og:image:type\" content=\"image\/jpeg\" \/>\n<meta name=\"twitter:card\" content=\"summary_large_image\" \/>\n<script type=\"application\/ld+json\" class=\"yoast-schema-graph\">{\"@context\":\"https:\/\/schema.org\",\"@graph\":[{\"@type\":\"WebPage\",\"@id\":\"https:\/\/vinosomodena.it\/en\/prodotto\/waldgries-antheos-2018\/\",\"url\":\"https:\/\/vinosomodena.it\/en\/prodotto\/waldgries-antheos-2018\/\",\"name\":\"Waldgries Antheos 2018 - Vinoso Modena\",\"isPartOf\":{\"@id\":\"https:\/\/vinosomodena.it\/#website\"},\"primaryImageOfPage\":{\"@id\":\"https:\/\/vinosomodena.it\/en\/prodotto\/waldgries-antheos-2018\/#primaryimage\"},\"image\":{\"@id\":\"https:\/\/vinosomodena.it\/en\/prodotto\/waldgries-antheos-2018\/#primaryimage\"},\"thumbnailUrl\":\"https:\/\/vinosomodena.it\/wp-content\/uploads\/2024\/01\/waldgriesantheos-1.jpg\",\"datePublished\":\"2022-03-16T11:38:56+00:00\",\"dateModified\":\"2026-03-12T16:46:06+00:00\",\"breadcrumb\":{\"@id\":\"https:\/\/vinosomodena.it\/en\/prodotto\/waldgries-antheos-2018\/#breadcrumb\"},\"inLanguage\":\"en-US\",\"potentialAction\":[{\"@type\":\"ReadAction\",\"target\":[\"https:\/\/vinosomodena.it\/en\/prodotto\/waldgries-antheos-2018\/\"]}]},{\"@type\":\"ImageObject\",\"inLanguage\":\"en-US\",\"@id\":\"https:\/\/vinosomodena.it\/en\/prodotto\/waldgries-antheos-2018\/#primaryimage\",\"url\":\"https:\/\/vinosomodena.it\/wp-content\/uploads\/2024\/01\/waldgriesantheos-1.jpg\",\"contentUrl\":\"https:\/\/vinosomodena.it\/wp-content\/uploads\/2024\/01\/waldgriesantheos-1.jpg\",\"width\":1500,\"height\":1923},{\"@type\":\"BreadcrumbList\",\"@id\":\"https:\/\/vinosomodena.it\/en\/prodotto\/waldgries-antheos-2018\/#breadcrumb\",\"itemListElement\":[{\"@type\":\"ListItem\",\"position\":1,\"name\":\"Home\",\"item\":\"https:\/\/vinosomodena.it\/\"},{\"@type\":\"ListItem\",\"position\":2,\"name\":\"Shop\",\"item\":\"https:\/\/vinosomodena.it\/negozio\/\"},{\"@type\":\"ListItem\",\"position\":3,\"name\":\"Waldgries Antheos 2018\"}]},{\"@type\":\"WebSite\",\"@id\":\"https:\/\/vinosomodena.it\/#website\",\"url\":\"https:\/\/vinosomodena.it\/\",\"name\":\"Vinoso Modena\",\"description\":\"I migliori vini, le annate storiche e molto altro ancora.\",\"potentialAction\":[{\"@type\":\"SearchAction\",\"target\":{\"@type\":\"EntryPoint\",\"urlTemplate\":\"https:\/\/vinosomodena.it\/?s={search_term_string}\"},\"query-input\":{\"@type\":\"PropertyValueSpecification\",\"valueRequired\":true,\"valueName\":\"search_term_string\"}}],\"inLanguage\":\"en-US\"}]}<\/script>\n<!-- \/ Yoast SEO plugin. -->","yoast_head_json":{"title":"Waldgries Antheos 2018 - Vinoso Modena","robots":{"index":"index","follow":"follow","max-snippet":"max-snippet:-1","max-image-preview":"max-image-preview:large","max-video-preview":"max-video-preview:-1"},"canonical":"https:\/\/vinosomodena.it\/en\/prodotto\/waldgries-antheos-2018\/","og_locale":"en_US","og_type":"article","og_title":"Waldgries Antheos 2018 - Vinoso Modena","og_description":"Antheos \u00e8 un ritorno alle origini, \u00e8 un vino in cui si fondono otto storiche variet\u00e0 di Schiava. Questi antichi vitigni sono frutto della storia, come lo siamo noi uomini: hanno forza, esperienza e saggezza. \u00abQualche anno fa decisi di ripiantare un taglio misto di viti storiche, risalenti ai tempi del mio bisnonno e quasi completamente scomparse. Lo feci, non con l\u2019intenzione di riscrivere la storia, ma per fondere un pezzo di storia con il presente e continuarlo nel futuro. Cos\u00ec \u00e8 nato questo esclusivo vino Santa Maddalena.\u00bb","og_url":"https:\/\/vinosomodena.it\/en\/prodotto\/waldgries-antheos-2018\/","og_site_name":"Vinoso Modena","article_modified_time":"2026-03-12T16:46:06+00:00","og_image":[{"width":1500,"height":1923,"url":"https:\/\/vinosomodena.it\/wp-content\/uploads\/2024\/01\/waldgriesantheos-1.jpg","type":"image\/jpeg"}],"twitter_card":"summary_large_image","schema":{"@context":"https:\/\/schema.org","@graph":[{"@type":"WebPage","@id":"https:\/\/vinosomodena.it\/en\/prodotto\/waldgries-antheos-2018\/","url":"https:\/\/vinosomodena.it\/en\/prodotto\/waldgries-antheos-2018\/","name":"Waldgries Antheos 2018 - Vinoso Modena","isPartOf":{"@id":"https:\/\/vinosomodena.it\/#website"},"primaryImageOfPage":{"@id":"https:\/\/vinosomodena.it\/en\/prodotto\/waldgries-antheos-2018\/#primaryimage"},"image":{"@id":"https:\/\/vinosomodena.it\/en\/prodotto\/waldgries-antheos-2018\/#primaryimage"},"thumbnailUrl":"https:\/\/vinosomodena.it\/wp-content\/uploads\/2024\/01\/waldgriesantheos-1.jpg","datePublished":"2022-03-16T11:38:56+00:00","dateModified":"2026-03-12T16:46:06+00:00","breadcrumb":{"@id":"https:\/\/vinosomodena.it\/en\/prodotto\/waldgries-antheos-2018\/#breadcrumb"},"inLanguage":"en-US","potentialAction":[{"@type":"ReadAction","target":["https:\/\/vinosomodena.it\/en\/prodotto\/waldgries-antheos-2018\/"]}]},{"@type":"ImageObject","inLanguage":"en-US","@id":"https:\/\/vinosomodena.it\/en\/prodotto\/waldgries-antheos-2018\/#primaryimage","url":"https:\/\/vinosomodena.it\/wp-content\/uploads\/2024\/01\/waldgriesantheos-1.jpg","contentUrl":"https:\/\/vinosomodena.it\/wp-content\/uploads\/2024\/01\/waldgriesantheos-1.jpg","width":1500,"height":1923},{"@type":"BreadcrumbList","@id":"https:\/\/vinosomodena.it\/en\/prodotto\/waldgries-antheos-2018\/#breadcrumb","itemListElement":[{"@type":"ListItem","position":1,"name":"Home","item":"https:\/\/vinosomodena.it\/"},{"@type":"ListItem","position":2,"name":"Shop","item":"https:\/\/vinosomodena.it\/negozio\/"},{"@type":"ListItem","position":3,"name":"Waldgries Antheos 2018"}]},{"@type":"WebSite","@id":"https:\/\/vinosomodena.it\/#website","url":"https:\/\/vinosomodena.it\/","name":"Vinoso Modena","description":"I migliori vini, le annate storiche e molto altro ancora.","potentialAction":[{"@type":"SearchAction","target":{"@type":"EntryPoint","urlTemplate":"https:\/\/vinosomodena.it\/?s={search_term_string}"},"query-input":{"@type":"PropertyValueSpecification","valueRequired":true,"valueName":"search_term_string"}}],"inLanguage":"en-US"}]}},"jetpack_sharing_enabled":true,"_links":{"self":[{"href":"https:\/\/vinosomodena.it\/en\/wp-json\/wp\/v2\/product\/10544","targetHints":{"allow":["GET"]}}],"collection":[{"href":"https:\/\/vinosomodena.it\/en\/wp-json\/wp\/v2\/product"}],"about":[{"href":"https:\/\/vinosomodena.it\/en\/wp-json\/wp\/v2\/types\/product"}],"wp:featuredmedia":[{"embeddable":true,"href":"https:\/\/vinosomodena.it\/en\/wp-json\/wp\/v2\/media\/14877"}],"wp:attachment":[{"href":"https:\/\/vinosomodena.it\/en\/wp-json\/wp\/v2\/media?parent=10544"}],"wp:term":[{"taxonomy":"product_brand","embeddable":true,"href":"https:\/\/vinosomodena.it\/en\/wp-json\/wp\/v2\/product_brand?post=10544"},{"taxonomy":"product_cat","embeddable":true,"href":"https:\/\/vinosomodena.it\/en\/wp-json\/wp\/v2\/product_cat?post=10544"},{"taxonomy":"product_tag","embeddable":true,"href":"https:\/\/vinosomodena.it\/en\/wp-json\/wp\/v2\/product_tag?post=10544"}],"curies":[{"name":"wp","href":"https:\/\/api.w.org\/{rel}","templated":true}]}}