{"id":10561,"date":"2022-03-10T11:27:22","date_gmt":"2022-03-10T10:27:22","guid":{"rendered":"https:\/\/vinosomodena.it\/prodotto\/giacomo-fenocchio-barolo-cannubi-2012\/"},"modified":"2026-03-09T13:51:09","modified_gmt":"2026-03-09T12:51:09","slug":"giacomo-fenocchio-barolo-cannubi-2012","status":"publish","type":"product","link":"https:\/\/vinosomodena.it\/en\/prodotto\/giacomo-fenocchio-barolo-cannubi-2012\/","title":{"rendered":"Giacomo Fenocchio Barolo Cannubi 2012"},"content":{"rendered":"<p>Il Barolo \u201cCannubi\u201d di Giacomo Fenocchio \u00e8 uno di quei vini davanti ai quali ci si pu\u00f2 solo togliere il cappello in segno di riverenza. Racchiude gi\u00e0 nel suo nome il segreto di questo carattere speciale: i Cannubi, Cru di Barolo di fama mondiale, che si \u00e8 affermato nella storia della Langa \u2013 e non solo \u2013 per le sue doti di superiorit\u00e0 e di eccellenza. Il tratto produttivo della cantina Giacomo Fenocchio, guidata oggi dall\u2019occhio e dalle mani esperte di Claudio Fenocchio, si basa sulla valorizzazione e sul rispetto delle tradizioni. Solo botti grandi per l\u2019affinamento del suo Barolo, quindi, in modo da lasciare totale espressione al vitigno e al terroir<\/p>\n","protected":false},"excerpt":{"rendered":"<p>Il Barolo \u201cCannubi\u201d di Giacomo Fenocchio \u00e8 uno di quei vini davanti ai quali ci si pu\u00f2 solo togliere il cappello in segno di riverenza. Racchiude gi\u00e0 nel suo nome il segreto di questo carattere speciale: i Cannubi, Cru di Barolo di fama mondiale, che si \u00e8 affermato nella storia della Langa \u2013 e non solo \u2013 per le sue doti di superiorit\u00e0 e di eccellenza. Il tratto produttivo della cantina Giacomo Fenocchio, guidata oggi dall\u2019occhio e dalle mani esperte di Claudio Fenocchio, si basa sulla valorizzazione e sul rispetto delle tradizioni. Solo botti grandi per l\u2019affinamento del suo Barolo, quindi, in modo da lasciare totale espressione al vitigno e al terroir<\/p>\n","protected":false},"featured_media":20947,"template":"","meta":{"_acf_changed":false},"product_brand":[],"product_cat":[2579],"product_tag":[],"class_list":{"0":"post-10561","1":"product","2":"type-product","3":"status-publish","4":"has-post-thumbnail","6":"product_cat-red-wine","8":"first","9":"outofstock","10":"purchasable","11":"product-type-simple"},"acf":[],"yoast_head":"<!-- This site is optimized with the Yoast SEO plugin v27.0 - https:\/\/yoast.com\/product\/yoast-seo-wordpress\/ -->\n<title>Giacomo Fenocchio Barolo Cannubi 2012 - Vinoso Modena<\/title>\n<meta name=\"robots\" content=\"index, follow, max-snippet:-1, max-image-preview:large, max-video-preview:-1\" \/>\n<link rel=\"canonical\" href=\"https:\/\/vinosomodena.it\/en\/prodotto\/giacomo-fenocchio-barolo-cannubi-2012\/\" \/>\n<meta property=\"og:locale\" content=\"en_US\" \/>\n<meta property=\"og:type\" content=\"article\" \/>\n<meta property=\"og:title\" content=\"Giacomo Fenocchio Barolo Cannubi 2012 - Vinoso Modena\" \/>\n<meta property=\"og:description\" content=\"Il Barolo \u201cCannubi\u201d di Giacomo Fenocchio \u00e8 uno di quei vini davanti ai quali ci si pu\u00f2 solo togliere il cappello in segno di riverenza. Racchiude gi\u00e0 nel suo nome il segreto di questo carattere speciale: i Cannubi, Cru di Barolo di fama mondiale, che si \u00e8 affermato nella storia della Langa \u2013 e non solo \u2013 per le sue doti di superiorit\u00e0 e di eccellenza. Il tratto produttivo della cantina Giacomo Fenocchio, guidata oggi dall\u2019occhio e dalle mani esperte di Claudio Fenocchio, si basa sulla valorizzazione e sul rispetto delle tradizioni. Solo botti grandi per l\u2019affinamento del suo Barolo, quindi, in modo da lasciare totale espressione al vitigno e al terroir\" \/>\n<meta property=\"og:url\" content=\"https:\/\/vinosomodena.it\/en\/prodotto\/giacomo-fenocchio-barolo-cannubi-2012\/\" \/>\n<meta property=\"og:site_name\" content=\"Vinoso Modena\" \/>\n<meta property=\"article:modified_time\" content=\"2026-03-09T12:51:09+00:00\" \/>\n<meta property=\"og:image\" content=\"https:\/\/vinosomodena.it\/wp-content\/uploads\/2025\/03\/fenocchiocannubi-1.jpg\" \/>\n\t<meta property=\"og:image:width\" content=\"1500\" \/>\n\t<meta property=\"og:image:height\" content=\"1923\" \/>\n\t<meta property=\"og:image:type\" content=\"image\/jpeg\" \/>\n<meta name=\"twitter:card\" content=\"summary_large_image\" \/>\n<meta name=\"twitter:label1\" content=\"Est. reading time\" \/>\n\t<meta name=\"twitter:data1\" content=\"1 minute\" \/>\n<script type=\"application\/ld+json\" class=\"yoast-schema-graph\">{\"@context\":\"https:\/\/schema.org\",\"@graph\":[{\"@type\":\"WebPage\",\"@id\":\"https:\/\/vinosomodena.it\/en\/prodotto\/giacomo-fenocchio-barolo-cannubi-2012\/\",\"url\":\"https:\/\/vinosomodena.it\/en\/prodotto\/giacomo-fenocchio-barolo-cannubi-2012\/\",\"name\":\"Giacomo Fenocchio Barolo Cannubi 2012 - Vinoso Modena\",\"isPartOf\":{\"@id\":\"https:\/\/vinosomodena.it\/#website\"},\"primaryImageOfPage\":{\"@id\":\"https:\/\/vinosomodena.it\/en\/prodotto\/giacomo-fenocchio-barolo-cannubi-2012\/#primaryimage\"},\"image\":{\"@id\":\"https:\/\/vinosomodena.it\/en\/prodotto\/giacomo-fenocchio-barolo-cannubi-2012\/#primaryimage\"},\"thumbnailUrl\":\"https:\/\/vinosomodena.it\/wp-content\/uploads\/2025\/03\/fenocchiocannubi-1.jpg\",\"datePublished\":\"2022-03-10T10:27:22+00:00\",\"dateModified\":\"2026-03-09T12:51:09+00:00\",\"breadcrumb\":{\"@id\":\"https:\/\/vinosomodena.it\/en\/prodotto\/giacomo-fenocchio-barolo-cannubi-2012\/#breadcrumb\"},\"inLanguage\":\"en-US\",\"potentialAction\":[{\"@type\":\"ReadAction\",\"target\":[\"https:\/\/vinosomodena.it\/en\/prodotto\/giacomo-fenocchio-barolo-cannubi-2012\/\"]}]},{\"@type\":\"ImageObject\",\"inLanguage\":\"en-US\",\"@id\":\"https:\/\/vinosomodena.it\/en\/prodotto\/giacomo-fenocchio-barolo-cannubi-2012\/#primaryimage\",\"url\":\"https:\/\/vinosomodena.it\/wp-content\/uploads\/2025\/03\/fenocchiocannubi-1.jpg\",\"contentUrl\":\"https:\/\/vinosomodena.it\/wp-content\/uploads\/2025\/03\/fenocchiocannubi-1.jpg\",\"width\":1500,\"height\":1923},{\"@type\":\"BreadcrumbList\",\"@id\":\"https:\/\/vinosomodena.it\/en\/prodotto\/giacomo-fenocchio-barolo-cannubi-2012\/#breadcrumb\",\"itemListElement\":[{\"@type\":\"ListItem\",\"position\":1,\"name\":\"Home\",\"item\":\"https:\/\/vinosomodena.it\/\"},{\"@type\":\"ListItem\",\"position\":2,\"name\":\"Shop\",\"item\":\"https:\/\/vinosomodena.it\/negozio\/\"},{\"@type\":\"ListItem\",\"position\":3,\"name\":\"Giacomo Fenocchio Barolo Cannubi 2012\"}]},{\"@type\":\"WebSite\",\"@id\":\"https:\/\/vinosomodena.it\/#website\",\"url\":\"https:\/\/vinosomodena.it\/\",\"name\":\"Vinoso Modena\",\"description\":\"I migliori vini, le annate storiche e molto altro ancora.\",\"potentialAction\":[{\"@type\":\"SearchAction\",\"target\":{\"@type\":\"EntryPoint\",\"urlTemplate\":\"https:\/\/vinosomodena.it\/?s={search_term_string}\"},\"query-input\":{\"@type\":\"PropertyValueSpecification\",\"valueRequired\":true,\"valueName\":\"search_term_string\"}}],\"inLanguage\":\"en-US\"}]}<\/script>\n<!-- \/ Yoast SEO plugin. -->","yoast_head_json":{"title":"Giacomo Fenocchio Barolo Cannubi 2012 - Vinoso Modena","robots":{"index":"index","follow":"follow","max-snippet":"max-snippet:-1","max-image-preview":"max-image-preview:large","max-video-preview":"max-video-preview:-1"},"canonical":"https:\/\/vinosomodena.it\/en\/prodotto\/giacomo-fenocchio-barolo-cannubi-2012\/","og_locale":"en_US","og_type":"article","og_title":"Giacomo Fenocchio Barolo Cannubi 2012 - Vinoso Modena","og_description":"Il Barolo \u201cCannubi\u201d di Giacomo Fenocchio \u00e8 uno di quei vini davanti ai quali ci si pu\u00f2 solo togliere il cappello in segno di riverenza. Racchiude gi\u00e0 nel suo nome il segreto di questo carattere speciale: i Cannubi, Cru di Barolo di fama mondiale, che si \u00e8 affermato nella storia della Langa \u2013 e non solo \u2013 per le sue doti di superiorit\u00e0 e di eccellenza. Il tratto produttivo della cantina Giacomo Fenocchio, guidata oggi dall\u2019occhio e dalle mani esperte di Claudio Fenocchio, si basa sulla valorizzazione e sul rispetto delle tradizioni. Solo botti grandi per l\u2019affinamento del suo Barolo, quindi, in modo da lasciare totale espressione al vitigno e al terroir","og_url":"https:\/\/vinosomodena.it\/en\/prodotto\/giacomo-fenocchio-barolo-cannubi-2012\/","og_site_name":"Vinoso Modena","article_modified_time":"2026-03-09T12:51:09+00:00","og_image":[{"width":1500,"height":1923,"url":"https:\/\/vinosomodena.it\/wp-content\/uploads\/2025\/03\/fenocchiocannubi-1.jpg","type":"image\/jpeg"}],"twitter_card":"summary_large_image","twitter_misc":{"Est. reading time":"1 minute"},"schema":{"@context":"https:\/\/schema.org","@graph":[{"@type":"WebPage","@id":"https:\/\/vinosomodena.it\/en\/prodotto\/giacomo-fenocchio-barolo-cannubi-2012\/","url":"https:\/\/vinosomodena.it\/en\/prodotto\/giacomo-fenocchio-barolo-cannubi-2012\/","name":"Giacomo Fenocchio Barolo Cannubi 2012 - Vinoso Modena","isPartOf":{"@id":"https:\/\/vinosomodena.it\/#website"},"primaryImageOfPage":{"@id":"https:\/\/vinosomodena.it\/en\/prodotto\/giacomo-fenocchio-barolo-cannubi-2012\/#primaryimage"},"image":{"@id":"https:\/\/vinosomodena.it\/en\/prodotto\/giacomo-fenocchio-barolo-cannubi-2012\/#primaryimage"},"thumbnailUrl":"https:\/\/vinosomodena.it\/wp-content\/uploads\/2025\/03\/fenocchiocannubi-1.jpg","datePublished":"2022-03-10T10:27:22+00:00","dateModified":"2026-03-09T12:51:09+00:00","breadcrumb":{"@id":"https:\/\/vinosomodena.it\/en\/prodotto\/giacomo-fenocchio-barolo-cannubi-2012\/#breadcrumb"},"inLanguage":"en-US","potentialAction":[{"@type":"ReadAction","target":["https:\/\/vinosomodena.it\/en\/prodotto\/giacomo-fenocchio-barolo-cannubi-2012\/"]}]},{"@type":"ImageObject","inLanguage":"en-US","@id":"https:\/\/vinosomodena.it\/en\/prodotto\/giacomo-fenocchio-barolo-cannubi-2012\/#primaryimage","url":"https:\/\/vinosomodena.it\/wp-content\/uploads\/2025\/03\/fenocchiocannubi-1.jpg","contentUrl":"https:\/\/vinosomodena.it\/wp-content\/uploads\/2025\/03\/fenocchiocannubi-1.jpg","width":1500,"height":1923},{"@type":"BreadcrumbList","@id":"https:\/\/vinosomodena.it\/en\/prodotto\/giacomo-fenocchio-barolo-cannubi-2012\/#breadcrumb","itemListElement":[{"@type":"ListItem","position":1,"name":"Home","item":"https:\/\/vinosomodena.it\/"},{"@type":"ListItem","position":2,"name":"Shop","item":"https:\/\/vinosomodena.it\/negozio\/"},{"@type":"ListItem","position":3,"name":"Giacomo Fenocchio Barolo Cannubi 2012"}]},{"@type":"WebSite","@id":"https:\/\/vinosomodena.it\/#website","url":"https:\/\/vinosomodena.it\/","name":"Vinoso Modena","description":"I migliori vini, le annate storiche e molto altro ancora.","potentialAction":[{"@type":"SearchAction","target":{"@type":"EntryPoint","urlTemplate":"https:\/\/vinosomodena.it\/?s={search_term_string}"},"query-input":{"@type":"PropertyValueSpecification","valueRequired":true,"valueName":"search_term_string"}}],"inLanguage":"en-US"}]}},"jetpack_sharing_enabled":true,"_links":{"self":[{"href":"https:\/\/vinosomodena.it\/en\/wp-json\/wp\/v2\/product\/10561","targetHints":{"allow":["GET"]}}],"collection":[{"href":"https:\/\/vinosomodena.it\/en\/wp-json\/wp\/v2\/product"}],"about":[{"href":"https:\/\/vinosomodena.it\/en\/wp-json\/wp\/v2\/types\/product"}],"wp:featuredmedia":[{"embeddable":true,"href":"https:\/\/vinosomodena.it\/en\/wp-json\/wp\/v2\/media\/20947"}],"wp:attachment":[{"href":"https:\/\/vinosomodena.it\/en\/wp-json\/wp\/v2\/media?parent=10561"}],"wp:term":[{"taxonomy":"product_brand","embeddable":true,"href":"https:\/\/vinosomodena.it\/en\/wp-json\/wp\/v2\/product_brand?post=10561"},{"taxonomy":"product_cat","embeddable":true,"href":"https:\/\/vinosomodena.it\/en\/wp-json\/wp\/v2\/product_cat?post=10561"},{"taxonomy":"product_tag","embeddable":true,"href":"https:\/\/vinosomodena.it\/en\/wp-json\/wp\/v2\/product_tag?post=10561"}],"curies":[{"name":"wp","href":"https:\/\/api.w.org\/{rel}","templated":true}]}}