{"id":10569,"date":"2022-03-08T15:35:43","date_gmt":"2022-03-08T14:35:43","guid":{"rendered":"https:\/\/vinosomodena.it\/prodotto\/dettori-moscadeddu-2014\/"},"modified":"2024-03-22T22:43:14","modified_gmt":"2024-03-22T21:43:14","slug":"dettori-moscadeddu-2014","status":"publish","type":"product","link":"https:\/\/vinosomodena.it\/en\/prodotto\/dettori-moscadeddu-2014\/","title":{"rendered":"Dettori Moscadeddu 2014"},"content":{"rendered":"","protected":false},"excerpt":{"rendered":"<p>Il &#8220;Moscadeddu&#8221; non \u00e8 un passito artificiale, le uve vengono semplicemente raccolte molto tempo dopo il normale periodo di vendemmia in modo da trovarle gi\u00e0 passite sui tralci. \u00c8 vino che matura in cemento e che affina in bottiglia. \u00c8 unico, tra i pi\u00f9 grandi vini dolci non solo della Sardegna.<\/p>\n","protected":false},"featured_media":24556,"template":"","meta":{"_acf_changed":false},"product_brand":[],"product_cat":[2608,3349],"product_tag":[],"class_list":{"0":"post-10569","1":"product","2":"type-product","3":"status-publish","4":"has-post-thumbnail","6":"product_cat-dessert-wine","7":"product_cat-dessert-wines","9":"first","10":"outofstock","11":"purchasable","12":"product-type-simple"},"acf":[],"yoast_head":"<!-- This site is optimized with the Yoast SEO plugin v27.4 - https:\/\/yoast.com\/product\/yoast-seo-wordpress\/ -->\n<title>Dettori Moscadeddu 2014 - Vinoso Modena<\/title>\n<meta name=\"robots\" content=\"index, follow, max-snippet:-1, max-image-preview:large, max-video-preview:-1\" \/>\n<link rel=\"canonical\" href=\"https:\/\/vinosomodena.it\/prodotto\/dettori-moscadeddu-2014\/\" \/>\n<meta property=\"og:locale\" content=\"en_US\" \/>\n<meta property=\"og:type\" content=\"article\" \/>\n<meta property=\"og:title\" content=\"Dettori Moscadeddu 2014 - Vinoso Modena\" \/>\n<meta property=\"og:description\" content=\"Il &quot;Moscadeddu&quot; non \u00e8 un passito artificiale, le uve vengono semplicemente raccolte molto tempo dopo il normale periodo di vendemmia in modo da trovarle gi\u00e0 passite sui tralci. \u00c8 vino che matura in cemento e che affina in bottiglia. \u00c8 unico, tra i pi\u00f9 grandi vini dolci non solo della Sardegna.\" \/>\n<meta property=\"og:url\" content=\"https:\/\/vinosomodena.it\/prodotto\/dettori-moscadeddu-2014\/\" \/>\n<meta property=\"og:site_name\" content=\"Vinoso Modena\" \/>\n<meta property=\"article:modified_time\" content=\"2024-03-22T21:43:14+00:00\" \/>\n<meta property=\"og:image\" content=\"https:\/\/vinosomodena.it\/wp-content\/uploads\/2025\/10\/tenoresmoscadeddu-1-2.jpg\" \/>\n\t<meta property=\"og:image:width\" content=\"1500\" \/>\n\t<meta property=\"og:image:height\" content=\"1923\" \/>\n\t<meta property=\"og:image:type\" content=\"image\/jpeg\" \/>\n<meta name=\"twitter:card\" content=\"summary_large_image\" \/>\n<script type=\"application\/ld+json\" class=\"yoast-schema-graph\">{\"@context\":\"https:\\\/\\\/schema.org\",\"@graph\":[{\"@type\":\"WebPage\",\"@id\":\"https:\\\/\\\/vinosomodena.it\\\/prodotto\\\/dettori-moscadeddu-2014\\\/\",\"url\":\"https:\\\/\\\/vinosomodena.it\\\/prodotto\\\/dettori-moscadeddu-2014\\\/\",\"name\":\"Dettori Moscadeddu 2014 - Vinoso Modena\",\"isPartOf\":{\"@id\":\"https:\\\/\\\/vinosomodena.it\\\/#website\"},\"primaryImageOfPage\":{\"@id\":\"https:\\\/\\\/vinosomodena.it\\\/prodotto\\\/dettori-moscadeddu-2014\\\/#primaryimage\"},\"image\":{\"@id\":\"https:\\\/\\\/vinosomodena.it\\\/prodotto\\\/dettori-moscadeddu-2014\\\/#primaryimage\"},\"thumbnailUrl\":\"https:\\\/\\\/vinosomodena.it\\\/wp-content\\\/uploads\\\/2025\\\/10\\\/tenoresmoscadeddu-1-2.jpg\",\"datePublished\":\"2022-03-08T14:35:43+00:00\",\"dateModified\":\"2024-03-22T21:43:14+00:00\",\"breadcrumb\":{\"@id\":\"https:\\\/\\\/vinosomodena.it\\\/prodotto\\\/dettori-moscadeddu-2014\\\/#breadcrumb\"},\"inLanguage\":\"en-US\",\"potentialAction\":[{\"@type\":\"ReadAction\",\"target\":[\"https:\\\/\\\/vinosomodena.it\\\/prodotto\\\/dettori-moscadeddu-2014\\\/\"]}]},{\"@type\":\"ImageObject\",\"inLanguage\":\"en-US\",\"@id\":\"https:\\\/\\\/vinosomodena.it\\\/prodotto\\\/dettori-moscadeddu-2014\\\/#primaryimage\",\"url\":\"https:\\\/\\\/vinosomodena.it\\\/wp-content\\\/uploads\\\/2025\\\/10\\\/tenoresmoscadeddu-1-2.jpg\",\"contentUrl\":\"https:\\\/\\\/vinosomodena.it\\\/wp-content\\\/uploads\\\/2025\\\/10\\\/tenoresmoscadeddu-1-2.jpg\",\"width\":1500,\"height\":1923},{\"@type\":\"BreadcrumbList\",\"@id\":\"https:\\\/\\\/vinosomodena.it\\\/prodotto\\\/dettori-moscadeddu-2014\\\/#breadcrumb\",\"itemListElement\":[{\"@type\":\"ListItem\",\"position\":1,\"name\":\"Home\",\"item\":\"https:\\\/\\\/vinosomodena.it\\\/\"},{\"@type\":\"ListItem\",\"position\":2,\"name\":\"Shop\",\"item\":\"https:\\\/\\\/vinosomodena.it\\\/negozio\\\/\"},{\"@type\":\"ListItem\",\"position\":3,\"name\":\"Dettori Moscadeddu 2014\"}]},{\"@type\":\"WebSite\",\"@id\":\"https:\\\/\\\/vinosomodena.it\\\/#website\",\"url\":\"https:\\\/\\\/vinosomodena.it\\\/\",\"name\":\"Vinoso Modena\",\"description\":\"I migliori vini, le annate storiche e molto altro ancora.\",\"potentialAction\":[{\"@type\":\"SearchAction\",\"target\":{\"@type\":\"EntryPoint\",\"urlTemplate\":\"https:\\\/\\\/vinosomodena.it\\\/?s={search_term_string}\"},\"query-input\":{\"@type\":\"PropertyValueSpecification\",\"valueRequired\":true,\"valueName\":\"search_term_string\"}}],\"inLanguage\":\"en-US\"}]}<\/script>\n<!-- \/ Yoast SEO plugin. -->","yoast_head_json":{"title":"Dettori Moscadeddu 2014 - Vinoso Modena","robots":{"index":"index","follow":"follow","max-snippet":"max-snippet:-1","max-image-preview":"max-image-preview:large","max-video-preview":"max-video-preview:-1"},"canonical":"https:\/\/vinosomodena.it\/prodotto\/dettori-moscadeddu-2014\/","og_locale":"en_US","og_type":"article","og_title":"Dettori Moscadeddu 2014 - Vinoso Modena","og_description":"Il \"Moscadeddu\" non \u00e8 un passito artificiale, le uve vengono semplicemente raccolte molto tempo dopo il normale periodo di vendemmia in modo da trovarle gi\u00e0 passite sui tralci. \u00c8 vino che matura in cemento e che affina in bottiglia. \u00c8 unico, tra i pi\u00f9 grandi vini dolci non solo della Sardegna.","og_url":"https:\/\/vinosomodena.it\/prodotto\/dettori-moscadeddu-2014\/","og_site_name":"Vinoso Modena","article_modified_time":"2024-03-22T21:43:14+00:00","og_image":[{"width":1500,"height":1923,"url":"https:\/\/vinosomodena.it\/wp-content\/uploads\/2025\/10\/tenoresmoscadeddu-1-2.jpg","type":"image\/jpeg"}],"twitter_card":"summary_large_image","schema":{"@context":"https:\/\/schema.org","@graph":[{"@type":"WebPage","@id":"https:\/\/vinosomodena.it\/prodotto\/dettori-moscadeddu-2014\/","url":"https:\/\/vinosomodena.it\/prodotto\/dettori-moscadeddu-2014\/","name":"Dettori Moscadeddu 2014 - Vinoso Modena","isPartOf":{"@id":"https:\/\/vinosomodena.it\/#website"},"primaryImageOfPage":{"@id":"https:\/\/vinosomodena.it\/prodotto\/dettori-moscadeddu-2014\/#primaryimage"},"image":{"@id":"https:\/\/vinosomodena.it\/prodotto\/dettori-moscadeddu-2014\/#primaryimage"},"thumbnailUrl":"https:\/\/vinosomodena.it\/wp-content\/uploads\/2025\/10\/tenoresmoscadeddu-1-2.jpg","datePublished":"2022-03-08T14:35:43+00:00","dateModified":"2024-03-22T21:43:14+00:00","breadcrumb":{"@id":"https:\/\/vinosomodena.it\/prodotto\/dettori-moscadeddu-2014\/#breadcrumb"},"inLanguage":"en-US","potentialAction":[{"@type":"ReadAction","target":["https:\/\/vinosomodena.it\/prodotto\/dettori-moscadeddu-2014\/"]}]},{"@type":"ImageObject","inLanguage":"en-US","@id":"https:\/\/vinosomodena.it\/prodotto\/dettori-moscadeddu-2014\/#primaryimage","url":"https:\/\/vinosomodena.it\/wp-content\/uploads\/2025\/10\/tenoresmoscadeddu-1-2.jpg","contentUrl":"https:\/\/vinosomodena.it\/wp-content\/uploads\/2025\/10\/tenoresmoscadeddu-1-2.jpg","width":1500,"height":1923},{"@type":"BreadcrumbList","@id":"https:\/\/vinosomodena.it\/prodotto\/dettori-moscadeddu-2014\/#breadcrumb","itemListElement":[{"@type":"ListItem","position":1,"name":"Home","item":"https:\/\/vinosomodena.it\/"},{"@type":"ListItem","position":2,"name":"Shop","item":"https:\/\/vinosomodena.it\/negozio\/"},{"@type":"ListItem","position":3,"name":"Dettori Moscadeddu 2014"}]},{"@type":"WebSite","@id":"https:\/\/vinosomodena.it\/#website","url":"https:\/\/vinosomodena.it\/","name":"Vinoso Modena","description":"I migliori vini, le annate storiche e molto altro ancora.","potentialAction":[{"@type":"SearchAction","target":{"@type":"EntryPoint","urlTemplate":"https:\/\/vinosomodena.it\/?s={search_term_string}"},"query-input":{"@type":"PropertyValueSpecification","valueRequired":true,"valueName":"search_term_string"}}],"inLanguage":"en-US"}]}},"jetpack_sharing_enabled":true,"_links":{"self":[{"href":"https:\/\/vinosomodena.it\/en\/wp-json\/wp\/v2\/product\/10569","targetHints":{"allow":["GET"]}}],"collection":[{"href":"https:\/\/vinosomodena.it\/en\/wp-json\/wp\/v2\/product"}],"about":[{"href":"https:\/\/vinosomodena.it\/en\/wp-json\/wp\/v2\/types\/product"}],"wp:featuredmedia":[{"embeddable":true,"href":"https:\/\/vinosomodena.it\/en\/wp-json\/wp\/v2\/media\/24556"}],"wp:attachment":[{"href":"https:\/\/vinosomodena.it\/en\/wp-json\/wp\/v2\/media?parent=10569"}],"wp:term":[{"taxonomy":"product_brand","embeddable":true,"href":"https:\/\/vinosomodena.it\/en\/wp-json\/wp\/v2\/product_brand?post=10569"},{"taxonomy":"product_cat","embeddable":true,"href":"https:\/\/vinosomodena.it\/en\/wp-json\/wp\/v2\/product_cat?post=10569"},{"taxonomy":"product_tag","embeddable":true,"href":"https:\/\/vinosomodena.it\/en\/wp-json\/wp\/v2\/product_tag?post=10569"}],"curies":[{"name":"wp","href":"https:\/\/api.w.org\/{rel}","templated":true}]}}