{"id":10693,"date":"2021-12-28T19:15:00","date_gmt":"2021-12-28T18:15:00","guid":{"rendered":"https:\/\/vinosomodena.it\/?post_type=product&#038;p=10693"},"modified":"2026-01-04T12:20:58","modified_gmt":"2026-01-04T11:20:58","slug":"champagne-dom-perignon-2008-luminous","status":"publish","type":"product","link":"https:\/\/vinosomodena.it\/en\/prodotto\/champagne-dom-perignon-2008-luminous\/","title":{"rendered":"Champagne Dom Perignon 2013LUMINOUS"},"content":{"rendered":"<p>Uno champagne d\u2019eccezione che potr\u00e0 esprimere tutta la sua personalit\u00e0 ricca di contrasti allietando gli abbinamenti cibo-vino pi\u00f9 audaci. Un\u2019annata singolare che\u00a0ricorda la mitica annata 1996, associando perfettamente la forza, l\u2019eleganza e la freschezza che sono la firma dei grandi Dom P\u00e9rignon.\u00a0Dom P\u00e9rignon Vintage 2008 \u00e8 gi\u00e0 iconico<\/p>\n","protected":false},"excerpt":{"rendered":"<p>Uno champagne d\u2019eccezione che potr\u00e0 esprimere tutta la sua personalit\u00e0 ricca di contrasti allietando gli abbinamenti cibo-vino pi\u00f9 audaci. Un\u2019annata singolare che\u00a0ricorda la mitica annata 1996, associando perfettamente la forza, l\u2019eleganza e la freschezza che sono la firma dei grandi Dom P\u00e9rignon.\u00a0Dom P\u00e9rignon Vintage 2008 \u00e8 gi\u00e0 iconico<\/p>\n","protected":false},"featured_media":13687,"template":"","meta":{"_acf_changed":false},"product_brand":[],"product_cat":[2599],"product_tag":[],"class_list":{"0":"post-10693","1":"product","2":"type-product","3":"status-publish","4":"has-post-thumbnail","6":"product_cat-champagne-en","8":"first","9":"instock","10":"purchasable","11":"product-type-simple"},"acf":[],"yoast_head":"<!-- This site is optimized with the Yoast SEO plugin v27.4 - https:\/\/yoast.com\/product\/yoast-seo-wordpress\/ -->\n<title>Champagne Dom Perignon 2013LUMINOUS - Vinoso Modena<\/title>\n<meta name=\"robots\" content=\"index, follow, max-snippet:-1, max-image-preview:large, max-video-preview:-1\" \/>\n<link rel=\"canonical\" href=\"https:\/\/vinosomodena.it\/en\/prodotto\/champagne-dom-perignon-2008-luminous\/\" \/>\n<meta property=\"og:locale\" content=\"en_US\" \/>\n<meta property=\"og:type\" content=\"article\" \/>\n<meta property=\"og:title\" content=\"Champagne Dom Perignon 2013LUMINOUS - Vinoso Modena\" \/>\n<meta property=\"og:description\" content=\"Uno champagne d\u2019eccezione che potr\u00e0 esprimere tutta la sua personalit\u00e0 ricca di contrasti allietando gli abbinamenti cibo-vino pi\u00f9 audaci. Un\u2019annata singolare che\u00a0ricorda la mitica annata 1996, associando perfettamente la forza, l\u2019eleganza e la freschezza che sono la firma dei grandi Dom P\u00e9rignon.\u00a0Dom P\u00e9rignon Vintage 2008 \u00e8 gi\u00e0 iconico\" \/>\n<meta property=\"og:url\" content=\"https:\/\/vinosomodena.it\/en\/prodotto\/champagne-dom-perignon-2008-luminous\/\" \/>\n<meta property=\"og:site_name\" content=\"Vinoso Modena\" \/>\n<meta property=\"article:modified_time\" content=\"2026-01-04T11:20:58+00:00\" \/>\n<meta property=\"og:image\" content=\"https:\/\/vinosomodena.it\/wp-content\/uploads\/2023\/10\/1697113233_IMG-20220427-WA0017.jpg\" \/>\n\t<meta property=\"og:image:width\" content=\"1500\" \/>\n\t<meta property=\"og:image:height\" content=\"1923\" \/>\n\t<meta property=\"og:image:type\" content=\"image\/jpeg\" \/>\n<meta name=\"twitter:card\" content=\"summary_large_image\" \/>\n<script type=\"application\/ld+json\" class=\"yoast-schema-graph\">{\"@context\":\"https:\\\/\\\/schema.org\",\"@graph\":[{\"@type\":\"WebPage\",\"@id\":\"https:\\\/\\\/vinosomodena.it\\\/en\\\/prodotto\\\/champagne-dom-perignon-2008-luminous\\\/\",\"url\":\"https:\\\/\\\/vinosomodena.it\\\/en\\\/prodotto\\\/champagne-dom-perignon-2008-luminous\\\/\",\"name\":\"Champagne Dom Perignon 2013LUMINOUS - Vinoso Modena\",\"isPartOf\":{\"@id\":\"https:\\\/\\\/vinosomodena.it\\\/#website\"},\"primaryImageOfPage\":{\"@id\":\"https:\\\/\\\/vinosomodena.it\\\/en\\\/prodotto\\\/champagne-dom-perignon-2008-luminous\\\/#primaryimage\"},\"image\":{\"@id\":\"https:\\\/\\\/vinosomodena.it\\\/en\\\/prodotto\\\/champagne-dom-perignon-2008-luminous\\\/#primaryimage\"},\"thumbnailUrl\":\"https:\\\/\\\/vinosomodena.it\\\/wp-content\\\/uploads\\\/2023\\\/10\\\/1697113233_IMG-20220427-WA0017.jpg\",\"datePublished\":\"2021-12-28T18:15:00+00:00\",\"dateModified\":\"2026-01-04T11:20:58+00:00\",\"breadcrumb\":{\"@id\":\"https:\\\/\\\/vinosomodena.it\\\/en\\\/prodotto\\\/champagne-dom-perignon-2008-luminous\\\/#breadcrumb\"},\"inLanguage\":\"en-US\",\"potentialAction\":[{\"@type\":\"ReadAction\",\"target\":[\"https:\\\/\\\/vinosomodena.it\\\/en\\\/prodotto\\\/champagne-dom-perignon-2008-luminous\\\/\"]}]},{\"@type\":\"ImageObject\",\"inLanguage\":\"en-US\",\"@id\":\"https:\\\/\\\/vinosomodena.it\\\/en\\\/prodotto\\\/champagne-dom-perignon-2008-luminous\\\/#primaryimage\",\"url\":\"https:\\\/\\\/vinosomodena.it\\\/wp-content\\\/uploads\\\/2023\\\/10\\\/1697113233_IMG-20220427-WA0017.jpg\",\"contentUrl\":\"https:\\\/\\\/vinosomodena.it\\\/wp-content\\\/uploads\\\/2023\\\/10\\\/1697113233_IMG-20220427-WA0017.jpg\",\"width\":1500,\"height\":1923},{\"@type\":\"BreadcrumbList\",\"@id\":\"https:\\\/\\\/vinosomodena.it\\\/en\\\/prodotto\\\/champagne-dom-perignon-2008-luminous\\\/#breadcrumb\",\"itemListElement\":[{\"@type\":\"ListItem\",\"position\":1,\"name\":\"Home\",\"item\":\"https:\\\/\\\/vinosomodena.it\\\/\"},{\"@type\":\"ListItem\",\"position\":2,\"name\":\"Shop\",\"item\":\"https:\\\/\\\/vinosomodena.it\\\/negozio\\\/\"},{\"@type\":\"ListItem\",\"position\":3,\"name\":\"Champagne Dom Perignon 2013LUMINOUS\"}]},{\"@type\":\"WebSite\",\"@id\":\"https:\\\/\\\/vinosomodena.it\\\/#website\",\"url\":\"https:\\\/\\\/vinosomodena.it\\\/\",\"name\":\"Vinoso Modena\",\"description\":\"I migliori vini, le annate storiche e molto altro ancora.\",\"potentialAction\":[{\"@type\":\"SearchAction\",\"target\":{\"@type\":\"EntryPoint\",\"urlTemplate\":\"https:\\\/\\\/vinosomodena.it\\\/?s={search_term_string}\"},\"query-input\":{\"@type\":\"PropertyValueSpecification\",\"valueRequired\":true,\"valueName\":\"search_term_string\"}}],\"inLanguage\":\"en-US\"}]}<\/script>\n<!-- \/ Yoast SEO plugin. -->","yoast_head_json":{"title":"Champagne Dom Perignon 2013LUMINOUS - Vinoso Modena","robots":{"index":"index","follow":"follow","max-snippet":"max-snippet:-1","max-image-preview":"max-image-preview:large","max-video-preview":"max-video-preview:-1"},"canonical":"https:\/\/vinosomodena.it\/en\/prodotto\/champagne-dom-perignon-2008-luminous\/","og_locale":"en_US","og_type":"article","og_title":"Champagne Dom Perignon 2013LUMINOUS - Vinoso Modena","og_description":"Uno champagne d\u2019eccezione che potr\u00e0 esprimere tutta la sua personalit\u00e0 ricca di contrasti allietando gli abbinamenti cibo-vino pi\u00f9 audaci. Un\u2019annata singolare che\u00a0ricorda la mitica annata 1996, associando perfettamente la forza, l\u2019eleganza e la freschezza che sono la firma dei grandi Dom P\u00e9rignon.\u00a0Dom P\u00e9rignon Vintage 2008 \u00e8 gi\u00e0 iconico","og_url":"https:\/\/vinosomodena.it\/en\/prodotto\/champagne-dom-perignon-2008-luminous\/","og_site_name":"Vinoso Modena","article_modified_time":"2026-01-04T11:20:58+00:00","og_image":[{"width":1500,"height":1923,"url":"https:\/\/vinosomodena.it\/wp-content\/uploads\/2023\/10\/1697113233_IMG-20220427-WA0017.jpg","type":"image\/jpeg"}],"twitter_card":"summary_large_image","schema":{"@context":"https:\/\/schema.org","@graph":[{"@type":"WebPage","@id":"https:\/\/vinosomodena.it\/en\/prodotto\/champagne-dom-perignon-2008-luminous\/","url":"https:\/\/vinosomodena.it\/en\/prodotto\/champagne-dom-perignon-2008-luminous\/","name":"Champagne Dom Perignon 2013LUMINOUS - Vinoso Modena","isPartOf":{"@id":"https:\/\/vinosomodena.it\/#website"},"primaryImageOfPage":{"@id":"https:\/\/vinosomodena.it\/en\/prodotto\/champagne-dom-perignon-2008-luminous\/#primaryimage"},"image":{"@id":"https:\/\/vinosomodena.it\/en\/prodotto\/champagne-dom-perignon-2008-luminous\/#primaryimage"},"thumbnailUrl":"https:\/\/vinosomodena.it\/wp-content\/uploads\/2023\/10\/1697113233_IMG-20220427-WA0017.jpg","datePublished":"2021-12-28T18:15:00+00:00","dateModified":"2026-01-04T11:20:58+00:00","breadcrumb":{"@id":"https:\/\/vinosomodena.it\/en\/prodotto\/champagne-dom-perignon-2008-luminous\/#breadcrumb"},"inLanguage":"en-US","potentialAction":[{"@type":"ReadAction","target":["https:\/\/vinosomodena.it\/en\/prodotto\/champagne-dom-perignon-2008-luminous\/"]}]},{"@type":"ImageObject","inLanguage":"en-US","@id":"https:\/\/vinosomodena.it\/en\/prodotto\/champagne-dom-perignon-2008-luminous\/#primaryimage","url":"https:\/\/vinosomodena.it\/wp-content\/uploads\/2023\/10\/1697113233_IMG-20220427-WA0017.jpg","contentUrl":"https:\/\/vinosomodena.it\/wp-content\/uploads\/2023\/10\/1697113233_IMG-20220427-WA0017.jpg","width":1500,"height":1923},{"@type":"BreadcrumbList","@id":"https:\/\/vinosomodena.it\/en\/prodotto\/champagne-dom-perignon-2008-luminous\/#breadcrumb","itemListElement":[{"@type":"ListItem","position":1,"name":"Home","item":"https:\/\/vinosomodena.it\/"},{"@type":"ListItem","position":2,"name":"Shop","item":"https:\/\/vinosomodena.it\/negozio\/"},{"@type":"ListItem","position":3,"name":"Champagne Dom Perignon 2013LUMINOUS"}]},{"@type":"WebSite","@id":"https:\/\/vinosomodena.it\/#website","url":"https:\/\/vinosomodena.it\/","name":"Vinoso Modena","description":"I migliori vini, le annate storiche e molto altro ancora.","potentialAction":[{"@type":"SearchAction","target":{"@type":"EntryPoint","urlTemplate":"https:\/\/vinosomodena.it\/?s={search_term_string}"},"query-input":{"@type":"PropertyValueSpecification","valueRequired":true,"valueName":"search_term_string"}}],"inLanguage":"en-US"}]}},"jetpack_sharing_enabled":true,"_links":{"self":[{"href":"https:\/\/vinosomodena.it\/en\/wp-json\/wp\/v2\/product\/10693","targetHints":{"allow":["GET"]}}],"collection":[{"href":"https:\/\/vinosomodena.it\/en\/wp-json\/wp\/v2\/product"}],"about":[{"href":"https:\/\/vinosomodena.it\/en\/wp-json\/wp\/v2\/types\/product"}],"wp:featuredmedia":[{"embeddable":true,"href":"https:\/\/vinosomodena.it\/en\/wp-json\/wp\/v2\/media\/13687"}],"wp:attachment":[{"href":"https:\/\/vinosomodena.it\/en\/wp-json\/wp\/v2\/media?parent=10693"}],"wp:term":[{"taxonomy":"product_brand","embeddable":true,"href":"https:\/\/vinosomodena.it\/en\/wp-json\/wp\/v2\/product_brand?post=10693"},{"taxonomy":"product_cat","embeddable":true,"href":"https:\/\/vinosomodena.it\/en\/wp-json\/wp\/v2\/product_cat?post=10693"},{"taxonomy":"product_tag","embeddable":true,"href":"https:\/\/vinosomodena.it\/en\/wp-json\/wp\/v2\/product_tag?post=10693"}],"curies":[{"name":"wp","href":"https:\/\/api.w.org\/{rel}","templated":true}]}}