{"id":10719,"date":"2021-12-08T21:42:53","date_gmt":"2021-12-08T20:42:53","guid":{"rendered":"https:\/\/vinosomodena.it\/prodotto\/giacomo-conterno-barolo-arione-2018\/"},"modified":"2026-01-15T08:48:18","modified_gmt":"2026-01-15T07:48:18","slug":"giacomo-conterno-barolo-arione-2018","status":"publish","type":"product","link":"https:\/\/vinosomodena.it\/en\/prodotto\/giacomo-conterno-barolo-arione-2018\/","title":{"rendered":"Giacomo Conterno Barolo Arione 2018"},"content":{"rendered":"<p>Giacomo Conterno produce vino sin dal 1920 quando i vini venivano prodotti da uve acquistate nei migliori vigneti di Serralunga d&#8217;Alba e Monforte d&#8217;Alba. Negli anni le vigne sono state acquistate, sino ad arrivare agli attuali 17 ettari coltivati seguendo i principi della lotta integrata. In cantina vige una pulizia ed un rigore di notevole qualit\u00e0, ogni botte, ogni vasca d&#8217;acciaio, ogni attrezzo sono in perfetto ordine, pronti ad interagire per creare i magnifici vini conosciuti in tutto il mondo, come questo barolo vendemmiato a met\u00e0 Ottobre, il cui processo di raccolta e selezione avviene manualmente. La fermentazione dura 30-40 giorni, la fermentazione malolattica \u00e8 svolta completamente, la maturazione avviene in botti di rovere per circa 48 mesi.Arione \u00e8 l&#8217;espressione pi\u00f9&#8217; recente di Conterno<\/p>\n","protected":false},"excerpt":{"rendered":"<p>Giacomo Conterno produce vino sin dal 1920 quando i vini venivano prodotti da uve acquistate nei migliori vigneti di Serralunga d&#8217;Alba e Monforte d&#8217;Alba. Negli anni le vigne sono state acquistate, sino ad arrivare agli attuali 17 ettari coltivati seguendo i principi della lotta integrata. In cantina vige una pulizia ed un rigore di notevole qualit\u00e0, ogni botte, ogni vasca d&#8217;acciaio, ogni attrezzo sono in perfetto ordine, pronti ad interagire per creare i magnifici vini conosciuti in tutto il mondo, come questo barolo vendemmiato a met\u00e0 Ottobre, il cui processo di raccolta e selezione avviene manualmente. La fermentazione dura 30-40 giorni, la fermentazione malolattica \u00e8 svolta completamente, la maturazione avviene in botti di rovere per circa 48 mesi.Arione \u00e8 l&#8217;espressione pi\u00f9&#8217; recente di Conterno<\/p>\n","protected":false},"featured_media":24512,"template":"","meta":{"_acf_changed":false},"product_brand":[],"product_cat":[2579],"product_tag":[],"class_list":{"0":"post-10719","1":"product","2":"type-product","3":"status-publish","4":"has-post-thumbnail","6":"product_cat-red-wine","8":"first","9":"instock","10":"sold-individually","11":"purchasable","12":"product-type-simple"},"acf":[],"yoast_head":"<!-- This site is optimized with the Yoast SEO plugin v27.0 - https:\/\/yoast.com\/product\/yoast-seo-wordpress\/ -->\n<title>Giacomo Conterno Barolo Arione 2018 - Vinoso Modena<\/title>\n<meta name=\"robots\" content=\"index, follow, max-snippet:-1, max-image-preview:large, max-video-preview:-1\" \/>\n<link rel=\"canonical\" href=\"https:\/\/vinosomodena.it\/en\/prodotto\/giacomo-conterno-barolo-arione-2018\/\" \/>\n<meta property=\"og:locale\" content=\"en_US\" \/>\n<meta property=\"og:type\" content=\"article\" \/>\n<meta property=\"og:title\" content=\"Giacomo Conterno Barolo Arione 2018 - Vinoso Modena\" \/>\n<meta property=\"og:description\" content=\"Giacomo Conterno produce vino sin dal 1920 quando i vini venivano prodotti da uve acquistate nei migliori vigneti di Serralunga d&#039;Alba e Monforte d&#039;Alba. Negli anni le vigne sono state acquistate, sino ad arrivare agli attuali 17 ettari coltivati seguendo i principi della lotta integrata. In cantina vige una pulizia ed un rigore di notevole qualit\u00e0, ogni botte, ogni vasca d&#039;acciaio, ogni attrezzo sono in perfetto ordine, pronti ad interagire per creare i magnifici vini conosciuti in tutto il mondo, come questo barolo vendemmiato a met\u00e0 Ottobre, il cui processo di raccolta e selezione avviene manualmente. La fermentazione dura 30-40 giorni, la fermentazione malolattica \u00e8 svolta completamente, la maturazione avviene in botti di rovere per circa 48 mesi.Arione \u00e8 l&#039;espressione pi\u00f9&#039; recente di Conterno\" \/>\n<meta property=\"og:url\" content=\"https:\/\/vinosomodena.it\/en\/prodotto\/giacomo-conterno-barolo-arione-2018\/\" \/>\n<meta property=\"og:site_name\" content=\"Vinoso Modena\" \/>\n<meta property=\"article:modified_time\" content=\"2026-01-15T07:48:18+00:00\" \/>\n<meta property=\"og:image\" content=\"https:\/\/vinosomodena.it\/wp-content\/uploads\/2025\/10\/arione-1.jpg\" \/>\n\t<meta property=\"og:image:width\" content=\"1500\" \/>\n\t<meta property=\"og:image:height\" content=\"1923\" \/>\n\t<meta property=\"og:image:type\" content=\"image\/jpeg\" \/>\n<meta name=\"twitter:card\" content=\"summary_large_image\" \/>\n<script type=\"application\/ld+json\" class=\"yoast-schema-graph\">{\"@context\":\"https:\/\/schema.org\",\"@graph\":[{\"@type\":\"WebPage\",\"@id\":\"https:\/\/vinosomodena.it\/en\/prodotto\/giacomo-conterno-barolo-arione-2018\/\",\"url\":\"https:\/\/vinosomodena.it\/en\/prodotto\/giacomo-conterno-barolo-arione-2018\/\",\"name\":\"Giacomo Conterno Barolo Arione 2018 - Vinoso Modena\",\"isPartOf\":{\"@id\":\"https:\/\/vinosomodena.it\/#website\"},\"primaryImageOfPage\":{\"@id\":\"https:\/\/vinosomodena.it\/en\/prodotto\/giacomo-conterno-barolo-arione-2018\/#primaryimage\"},\"image\":{\"@id\":\"https:\/\/vinosomodena.it\/en\/prodotto\/giacomo-conterno-barolo-arione-2018\/#primaryimage\"},\"thumbnailUrl\":\"https:\/\/vinosomodena.it\/wp-content\/uploads\/2025\/10\/arione-1.jpg\",\"datePublished\":\"2021-12-08T20:42:53+00:00\",\"dateModified\":\"2026-01-15T07:48:18+00:00\",\"breadcrumb\":{\"@id\":\"https:\/\/vinosomodena.it\/en\/prodotto\/giacomo-conterno-barolo-arione-2018\/#breadcrumb\"},\"inLanguage\":\"en-US\",\"potentialAction\":[{\"@type\":\"ReadAction\",\"target\":[\"https:\/\/vinosomodena.it\/en\/prodotto\/giacomo-conterno-barolo-arione-2018\/\"]}]},{\"@type\":\"ImageObject\",\"inLanguage\":\"en-US\",\"@id\":\"https:\/\/vinosomodena.it\/en\/prodotto\/giacomo-conterno-barolo-arione-2018\/#primaryimage\",\"url\":\"https:\/\/vinosomodena.it\/wp-content\/uploads\/2025\/10\/arione-1.jpg\",\"contentUrl\":\"https:\/\/vinosomodena.it\/wp-content\/uploads\/2025\/10\/arione-1.jpg\",\"width\":1500,\"height\":1923},{\"@type\":\"BreadcrumbList\",\"@id\":\"https:\/\/vinosomodena.it\/en\/prodotto\/giacomo-conterno-barolo-arione-2018\/#breadcrumb\",\"itemListElement\":[{\"@type\":\"ListItem\",\"position\":1,\"name\":\"Home\",\"item\":\"https:\/\/vinosomodena.it\/\"},{\"@type\":\"ListItem\",\"position\":2,\"name\":\"Shop\",\"item\":\"https:\/\/vinosomodena.it\/negozio\/\"},{\"@type\":\"ListItem\",\"position\":3,\"name\":\"Giacomo Conterno Barolo Arione 2018\"}]},{\"@type\":\"WebSite\",\"@id\":\"https:\/\/vinosomodena.it\/#website\",\"url\":\"https:\/\/vinosomodena.it\/\",\"name\":\"Vinoso Modena\",\"description\":\"I migliori vini, le annate storiche e molto altro ancora.\",\"potentialAction\":[{\"@type\":\"SearchAction\",\"target\":{\"@type\":\"EntryPoint\",\"urlTemplate\":\"https:\/\/vinosomodena.it\/?s={search_term_string}\"},\"query-input\":{\"@type\":\"PropertyValueSpecification\",\"valueRequired\":true,\"valueName\":\"search_term_string\"}}],\"inLanguage\":\"en-US\"}]}<\/script>\n<!-- \/ Yoast SEO plugin. -->","yoast_head_json":{"title":"Giacomo Conterno Barolo Arione 2018 - Vinoso Modena","robots":{"index":"index","follow":"follow","max-snippet":"max-snippet:-1","max-image-preview":"max-image-preview:large","max-video-preview":"max-video-preview:-1"},"canonical":"https:\/\/vinosomodena.it\/en\/prodotto\/giacomo-conterno-barolo-arione-2018\/","og_locale":"en_US","og_type":"article","og_title":"Giacomo Conterno Barolo Arione 2018 - Vinoso Modena","og_description":"Giacomo Conterno produce vino sin dal 1920 quando i vini venivano prodotti da uve acquistate nei migliori vigneti di Serralunga d'Alba e Monforte d'Alba. Negli anni le vigne sono state acquistate, sino ad arrivare agli attuali 17 ettari coltivati seguendo i principi della lotta integrata. In cantina vige una pulizia ed un rigore di notevole qualit\u00e0, ogni botte, ogni vasca d'acciaio, ogni attrezzo sono in perfetto ordine, pronti ad interagire per creare i magnifici vini conosciuti in tutto il mondo, come questo barolo vendemmiato a met\u00e0 Ottobre, il cui processo di raccolta e selezione avviene manualmente. La fermentazione dura 30-40 giorni, la fermentazione malolattica \u00e8 svolta completamente, la maturazione avviene in botti di rovere per circa 48 mesi.Arione \u00e8 l'espressione pi\u00f9' recente di Conterno","og_url":"https:\/\/vinosomodena.it\/en\/prodotto\/giacomo-conterno-barolo-arione-2018\/","og_site_name":"Vinoso Modena","article_modified_time":"2026-01-15T07:48:18+00:00","og_image":[{"width":1500,"height":1923,"url":"https:\/\/vinosomodena.it\/wp-content\/uploads\/2025\/10\/arione-1.jpg","type":"image\/jpeg"}],"twitter_card":"summary_large_image","schema":{"@context":"https:\/\/schema.org","@graph":[{"@type":"WebPage","@id":"https:\/\/vinosomodena.it\/en\/prodotto\/giacomo-conterno-barolo-arione-2018\/","url":"https:\/\/vinosomodena.it\/en\/prodotto\/giacomo-conterno-barolo-arione-2018\/","name":"Giacomo Conterno Barolo Arione 2018 - Vinoso Modena","isPartOf":{"@id":"https:\/\/vinosomodena.it\/#website"},"primaryImageOfPage":{"@id":"https:\/\/vinosomodena.it\/en\/prodotto\/giacomo-conterno-barolo-arione-2018\/#primaryimage"},"image":{"@id":"https:\/\/vinosomodena.it\/en\/prodotto\/giacomo-conterno-barolo-arione-2018\/#primaryimage"},"thumbnailUrl":"https:\/\/vinosomodena.it\/wp-content\/uploads\/2025\/10\/arione-1.jpg","datePublished":"2021-12-08T20:42:53+00:00","dateModified":"2026-01-15T07:48:18+00:00","breadcrumb":{"@id":"https:\/\/vinosomodena.it\/en\/prodotto\/giacomo-conterno-barolo-arione-2018\/#breadcrumb"},"inLanguage":"en-US","potentialAction":[{"@type":"ReadAction","target":["https:\/\/vinosomodena.it\/en\/prodotto\/giacomo-conterno-barolo-arione-2018\/"]}]},{"@type":"ImageObject","inLanguage":"en-US","@id":"https:\/\/vinosomodena.it\/en\/prodotto\/giacomo-conterno-barolo-arione-2018\/#primaryimage","url":"https:\/\/vinosomodena.it\/wp-content\/uploads\/2025\/10\/arione-1.jpg","contentUrl":"https:\/\/vinosomodena.it\/wp-content\/uploads\/2025\/10\/arione-1.jpg","width":1500,"height":1923},{"@type":"BreadcrumbList","@id":"https:\/\/vinosomodena.it\/en\/prodotto\/giacomo-conterno-barolo-arione-2018\/#breadcrumb","itemListElement":[{"@type":"ListItem","position":1,"name":"Home","item":"https:\/\/vinosomodena.it\/"},{"@type":"ListItem","position":2,"name":"Shop","item":"https:\/\/vinosomodena.it\/negozio\/"},{"@type":"ListItem","position":3,"name":"Giacomo Conterno Barolo Arione 2018"}]},{"@type":"WebSite","@id":"https:\/\/vinosomodena.it\/#website","url":"https:\/\/vinosomodena.it\/","name":"Vinoso Modena","description":"I migliori vini, le annate storiche e molto altro ancora.","potentialAction":[{"@type":"SearchAction","target":{"@type":"EntryPoint","urlTemplate":"https:\/\/vinosomodena.it\/?s={search_term_string}"},"query-input":{"@type":"PropertyValueSpecification","valueRequired":true,"valueName":"search_term_string"}}],"inLanguage":"en-US"}]}},"jetpack_sharing_enabled":true,"_links":{"self":[{"href":"https:\/\/vinosomodena.it\/en\/wp-json\/wp\/v2\/product\/10719","targetHints":{"allow":["GET"]}}],"collection":[{"href":"https:\/\/vinosomodena.it\/en\/wp-json\/wp\/v2\/product"}],"about":[{"href":"https:\/\/vinosomodena.it\/en\/wp-json\/wp\/v2\/types\/product"}],"wp:featuredmedia":[{"embeddable":true,"href":"https:\/\/vinosomodena.it\/en\/wp-json\/wp\/v2\/media\/24512"}],"wp:attachment":[{"href":"https:\/\/vinosomodena.it\/en\/wp-json\/wp\/v2\/media?parent=10719"}],"wp:term":[{"taxonomy":"product_brand","embeddable":true,"href":"https:\/\/vinosomodena.it\/en\/wp-json\/wp\/v2\/product_brand?post=10719"},{"taxonomy":"product_cat","embeddable":true,"href":"https:\/\/vinosomodena.it\/en\/wp-json\/wp\/v2\/product_cat?post=10719"},{"taxonomy":"product_tag","embeddable":true,"href":"https:\/\/vinosomodena.it\/en\/wp-json\/wp\/v2\/product_tag?post=10719"}],"curies":[{"name":"wp","href":"https:\/\/api.w.org\/{rel}","templated":true}]}}