{"id":10826,"date":"2021-07-11T12:39:40","date_gmt":"2021-07-11T10:39:40","guid":{"rendered":"https:\/\/vinosomodena.it\/prodotto\/bartolo-mascarello-barolo-2017-etichetta-storica-magnum\/"},"modified":"2026-01-09T14:22:43","modified_gmt":"2026-01-09T13:22:43","slug":"bartolo-mascarello-barolo-2017-etichetta-storica-magnum","status":"publish","type":"product","link":"https:\/\/vinosomodena.it\/en\/prodotto\/bartolo-mascarello-barolo-2017-etichetta-storica-magnum\/","title":{"rendered":"Bartolo Mascarello Barolo 2017 MAGNUM  ETICHETTA DISEGNATA CASSA LEGNO"},"content":{"rendered":"<p>Il Barolo Mascarello Bartolo \u00e8 celebre non solo per il mito che avvolge il suo creatore ma anche per la sua incredibile longevit\u00e0, questo vino ha una capacit\u00e0 d&#8217;invecchiamento fuori dal comune e pu\u00f2 essere gustato anche dopo diversi decenni. Il naso presenta toni aromatici molto complessi con sentori di frutta matura, spezie, cuoio e fiori appassiti, in bocca \u00e8 robusto con tanta materia, con una grande freschezza ad equilibrare tannini fini ed eleganti. 100 punti PARKER<\/p>\n","protected":false},"excerpt":{"rendered":"<p>Il Barolo Mascarello Bartolo \u00e8 celebre non solo per il mito che avvolge il suo creatore ma anche per la sua incredibile longevit\u00e0, questo vino ha una capacit\u00e0 d&#8217;invecchiamento fuori dal comune e pu\u00f2 essere gustato anche dopo diversi decenni. Il naso presenta toni aromatici molto complessi con sentori di frutta matura, spezie, cuoio e fiori appassiti; in bocca \u00e8 robusto con tanta materia, con una grande freschezza ad equilibrare tannini fini ed eleganti. 100 punti PARKER.<\/p>\n","protected":false},"featured_media":24506,"template":"","meta":{"_acf_changed":false},"product_brand":[],"product_cat":[2579],"product_tag":[],"class_list":{"0":"post-10826","1":"product","2":"type-product","3":"status-publish","4":"has-post-thumbnail","6":"product_cat-red-wine","8":"first","9":"instock","10":"purchasable","11":"product-type-simple"},"acf":[],"yoast_head":"<!-- This site is optimized with the Yoast SEO plugin v27.4 - https:\/\/yoast.com\/product\/yoast-seo-wordpress\/ -->\n<title>Bartolo Mascarello Barolo 2017 MAGNUM ETICHETTA DISEGNATA CASSA LEGNO - Vinoso Modena<\/title>\n<meta name=\"robots\" content=\"index, follow, max-snippet:-1, max-image-preview:large, max-video-preview:-1\" \/>\n<link rel=\"canonical\" href=\"https:\/\/vinosomodena.it\/en\/prodotto\/bartolo-mascarello-barolo-2017-etichetta-storica-magnum\/\" \/>\n<meta property=\"og:locale\" content=\"en_US\" \/>\n<meta property=\"og:type\" content=\"article\" \/>\n<meta property=\"og:title\" content=\"Bartolo Mascarello Barolo 2017 MAGNUM ETICHETTA DISEGNATA CASSA LEGNO - Vinoso Modena\" \/>\n<meta property=\"og:description\" content=\"Il Barolo Mascarello Bartolo \u00e8 celebre non solo per il mito che avvolge il suo creatore ma anche per la sua incredibile longevit\u00e0, questo vino ha una capacit\u00e0 d&#039;invecchiamento fuori dal comune e pu\u00f2 essere gustato anche dopo diversi decenni. Il naso presenta toni aromatici molto complessi con sentori di frutta matura, spezie, cuoio e fiori appassiti; in bocca \u00e8 robusto con tanta materia, con una grande freschezza ad equilibrare tannini fini ed eleganti. 100 punti PARKER.\" \/>\n<meta property=\"og:url\" content=\"https:\/\/vinosomodena.it\/en\/prodotto\/bartolo-mascarello-barolo-2017-etichetta-storica-magnum\/\" \/>\n<meta property=\"og:site_name\" content=\"Vinoso Modena\" \/>\n<meta property=\"article:modified_time\" content=\"2026-01-09T13:22:43+00:00\" \/>\n<meta property=\"og:image\" content=\"https:\/\/vinosomodena.it\/wp-content\/uploads\/2025\/10\/39.jpg\" \/>\n\t<meta property=\"og:image:width\" content=\"1500\" \/>\n\t<meta property=\"og:image:height\" content=\"1923\" \/>\n\t<meta property=\"og:image:type\" content=\"image\/jpeg\" \/>\n<meta name=\"twitter:card\" content=\"summary_large_image\" \/>\n<script type=\"application\/ld+json\" class=\"yoast-schema-graph\">{\"@context\":\"https:\\\/\\\/schema.org\",\"@graph\":[{\"@type\":\"WebPage\",\"@id\":\"https:\\\/\\\/vinosomodena.it\\\/en\\\/prodotto\\\/bartolo-mascarello-barolo-2017-etichetta-storica-magnum\\\/\",\"url\":\"https:\\\/\\\/vinosomodena.it\\\/en\\\/prodotto\\\/bartolo-mascarello-barolo-2017-etichetta-storica-magnum\\\/\",\"name\":\"Bartolo Mascarello Barolo 2017 MAGNUM ETICHETTA DISEGNATA CASSA LEGNO - Vinoso Modena\",\"isPartOf\":{\"@id\":\"https:\\\/\\\/vinosomodena.it\\\/#website\"},\"primaryImageOfPage\":{\"@id\":\"https:\\\/\\\/vinosomodena.it\\\/en\\\/prodotto\\\/bartolo-mascarello-barolo-2017-etichetta-storica-magnum\\\/#primaryimage\"},\"image\":{\"@id\":\"https:\\\/\\\/vinosomodena.it\\\/en\\\/prodotto\\\/bartolo-mascarello-barolo-2017-etichetta-storica-magnum\\\/#primaryimage\"},\"thumbnailUrl\":\"https:\\\/\\\/vinosomodena.it\\\/wp-content\\\/uploads\\\/2025\\\/10\\\/39.jpg\",\"datePublished\":\"2021-07-11T10:39:40+00:00\",\"dateModified\":\"2026-01-09T13:22:43+00:00\",\"breadcrumb\":{\"@id\":\"https:\\\/\\\/vinosomodena.it\\\/en\\\/prodotto\\\/bartolo-mascarello-barolo-2017-etichetta-storica-magnum\\\/#breadcrumb\"},\"inLanguage\":\"en-US\",\"potentialAction\":[{\"@type\":\"ReadAction\",\"target\":[\"https:\\\/\\\/vinosomodena.it\\\/en\\\/prodotto\\\/bartolo-mascarello-barolo-2017-etichetta-storica-magnum\\\/\"]}]},{\"@type\":\"ImageObject\",\"inLanguage\":\"en-US\",\"@id\":\"https:\\\/\\\/vinosomodena.it\\\/en\\\/prodotto\\\/bartolo-mascarello-barolo-2017-etichetta-storica-magnum\\\/#primaryimage\",\"url\":\"https:\\\/\\\/vinosomodena.it\\\/wp-content\\\/uploads\\\/2025\\\/10\\\/39.jpg\",\"contentUrl\":\"https:\\\/\\\/vinosomodena.it\\\/wp-content\\\/uploads\\\/2025\\\/10\\\/39.jpg\",\"width\":1500,\"height\":1923},{\"@type\":\"BreadcrumbList\",\"@id\":\"https:\\\/\\\/vinosomodena.it\\\/en\\\/prodotto\\\/bartolo-mascarello-barolo-2017-etichetta-storica-magnum\\\/#breadcrumb\",\"itemListElement\":[{\"@type\":\"ListItem\",\"position\":1,\"name\":\"Home\",\"item\":\"https:\\\/\\\/vinosomodena.it\\\/\"},{\"@type\":\"ListItem\",\"position\":2,\"name\":\"Shop\",\"item\":\"https:\\\/\\\/vinosomodena.it\\\/negozio\\\/\"},{\"@type\":\"ListItem\",\"position\":3,\"name\":\"Bartolo Mascarello Barolo 2017 MAGNUM ETICHETTA DISEGNATA CASSA LEGNO\"}]},{\"@type\":\"WebSite\",\"@id\":\"https:\\\/\\\/vinosomodena.it\\\/#website\",\"url\":\"https:\\\/\\\/vinosomodena.it\\\/\",\"name\":\"Vinoso Modena\",\"description\":\"I migliori vini, le annate storiche e molto altro ancora.\",\"potentialAction\":[{\"@type\":\"SearchAction\",\"target\":{\"@type\":\"EntryPoint\",\"urlTemplate\":\"https:\\\/\\\/vinosomodena.it\\\/?s={search_term_string}\"},\"query-input\":{\"@type\":\"PropertyValueSpecification\",\"valueRequired\":true,\"valueName\":\"search_term_string\"}}],\"inLanguage\":\"en-US\"}]}<\/script>\n<!-- \/ Yoast SEO plugin. -->","yoast_head_json":{"title":"Bartolo Mascarello Barolo 2017 MAGNUM ETICHETTA DISEGNATA CASSA LEGNO - Vinoso Modena","robots":{"index":"index","follow":"follow","max-snippet":"max-snippet:-1","max-image-preview":"max-image-preview:large","max-video-preview":"max-video-preview:-1"},"canonical":"https:\/\/vinosomodena.it\/en\/prodotto\/bartolo-mascarello-barolo-2017-etichetta-storica-magnum\/","og_locale":"en_US","og_type":"article","og_title":"Bartolo Mascarello Barolo 2017 MAGNUM ETICHETTA DISEGNATA CASSA LEGNO - Vinoso Modena","og_description":"Il Barolo Mascarello Bartolo \u00e8 celebre non solo per il mito che avvolge il suo creatore ma anche per la sua incredibile longevit\u00e0, questo vino ha una capacit\u00e0 d'invecchiamento fuori dal comune e pu\u00f2 essere gustato anche dopo diversi decenni. Il naso presenta toni aromatici molto complessi con sentori di frutta matura, spezie, cuoio e fiori appassiti; in bocca \u00e8 robusto con tanta materia, con una grande freschezza ad equilibrare tannini fini ed eleganti. 100 punti PARKER.","og_url":"https:\/\/vinosomodena.it\/en\/prodotto\/bartolo-mascarello-barolo-2017-etichetta-storica-magnum\/","og_site_name":"Vinoso Modena","article_modified_time":"2026-01-09T13:22:43+00:00","og_image":[{"width":1500,"height":1923,"url":"https:\/\/vinosomodena.it\/wp-content\/uploads\/2025\/10\/39.jpg","type":"image\/jpeg"}],"twitter_card":"summary_large_image","schema":{"@context":"https:\/\/schema.org","@graph":[{"@type":"WebPage","@id":"https:\/\/vinosomodena.it\/en\/prodotto\/bartolo-mascarello-barolo-2017-etichetta-storica-magnum\/","url":"https:\/\/vinosomodena.it\/en\/prodotto\/bartolo-mascarello-barolo-2017-etichetta-storica-magnum\/","name":"Bartolo Mascarello Barolo 2017 MAGNUM ETICHETTA DISEGNATA CASSA LEGNO - Vinoso Modena","isPartOf":{"@id":"https:\/\/vinosomodena.it\/#website"},"primaryImageOfPage":{"@id":"https:\/\/vinosomodena.it\/en\/prodotto\/bartolo-mascarello-barolo-2017-etichetta-storica-magnum\/#primaryimage"},"image":{"@id":"https:\/\/vinosomodena.it\/en\/prodotto\/bartolo-mascarello-barolo-2017-etichetta-storica-magnum\/#primaryimage"},"thumbnailUrl":"https:\/\/vinosomodena.it\/wp-content\/uploads\/2025\/10\/39.jpg","datePublished":"2021-07-11T10:39:40+00:00","dateModified":"2026-01-09T13:22:43+00:00","breadcrumb":{"@id":"https:\/\/vinosomodena.it\/en\/prodotto\/bartolo-mascarello-barolo-2017-etichetta-storica-magnum\/#breadcrumb"},"inLanguage":"en-US","potentialAction":[{"@type":"ReadAction","target":["https:\/\/vinosomodena.it\/en\/prodotto\/bartolo-mascarello-barolo-2017-etichetta-storica-magnum\/"]}]},{"@type":"ImageObject","inLanguage":"en-US","@id":"https:\/\/vinosomodena.it\/en\/prodotto\/bartolo-mascarello-barolo-2017-etichetta-storica-magnum\/#primaryimage","url":"https:\/\/vinosomodena.it\/wp-content\/uploads\/2025\/10\/39.jpg","contentUrl":"https:\/\/vinosomodena.it\/wp-content\/uploads\/2025\/10\/39.jpg","width":1500,"height":1923},{"@type":"BreadcrumbList","@id":"https:\/\/vinosomodena.it\/en\/prodotto\/bartolo-mascarello-barolo-2017-etichetta-storica-magnum\/#breadcrumb","itemListElement":[{"@type":"ListItem","position":1,"name":"Home","item":"https:\/\/vinosomodena.it\/"},{"@type":"ListItem","position":2,"name":"Shop","item":"https:\/\/vinosomodena.it\/negozio\/"},{"@type":"ListItem","position":3,"name":"Bartolo Mascarello Barolo 2017 MAGNUM ETICHETTA DISEGNATA CASSA LEGNO"}]},{"@type":"WebSite","@id":"https:\/\/vinosomodena.it\/#website","url":"https:\/\/vinosomodena.it\/","name":"Vinoso Modena","description":"I migliori vini, le annate storiche e molto altro ancora.","potentialAction":[{"@type":"SearchAction","target":{"@type":"EntryPoint","urlTemplate":"https:\/\/vinosomodena.it\/?s={search_term_string}"},"query-input":{"@type":"PropertyValueSpecification","valueRequired":true,"valueName":"search_term_string"}}],"inLanguage":"en-US"}]}},"jetpack_sharing_enabled":true,"_links":{"self":[{"href":"https:\/\/vinosomodena.it\/en\/wp-json\/wp\/v2\/product\/10826","targetHints":{"allow":["GET"]}}],"collection":[{"href":"https:\/\/vinosomodena.it\/en\/wp-json\/wp\/v2\/product"}],"about":[{"href":"https:\/\/vinosomodena.it\/en\/wp-json\/wp\/v2\/types\/product"}],"wp:featuredmedia":[{"embeddable":true,"href":"https:\/\/vinosomodena.it\/en\/wp-json\/wp\/v2\/media\/24506"}],"wp:attachment":[{"href":"https:\/\/vinosomodena.it\/en\/wp-json\/wp\/v2\/media?parent=10826"}],"wp:term":[{"taxonomy":"product_brand","embeddable":true,"href":"https:\/\/vinosomodena.it\/en\/wp-json\/wp\/v2\/product_brand?post=10826"},{"taxonomy":"product_cat","embeddable":true,"href":"https:\/\/vinosomodena.it\/en\/wp-json\/wp\/v2\/product_cat?post=10826"},{"taxonomy":"product_tag","embeddable":true,"href":"https:\/\/vinosomodena.it\/en\/wp-json\/wp\/v2\/product_tag?post=10826"}],"curies":[{"name":"wp","href":"https:\/\/api.w.org\/{rel}","templated":true}]}}