{"id":10860,"date":"2021-07-09T20:05:50","date_gmt":"2021-07-09T18:05:50","guid":{"rendered":"https:\/\/vinosomodena.it\/prodotto\/marisa-cuomo-furore-bianco-2021\/"},"modified":"2024-03-22T22:45:04","modified_gmt":"2024-03-22T21:45:04","slug":"marisa-cuomo-furore-bianco-2021","status":"publish","type":"product","link":"https:\/\/vinosomodena.it\/en\/prodotto\/marisa-cuomo-furore-bianco-2021\/","title":{"rendered":"Marisa Cuomo Furore Bianco 2021"},"content":{"rendered":"","protected":false},"excerpt":{"rendered":"<p>Il Marisa Cuomo Furore \u00e8 caratterizzato da una lunga macerazione in grado di dare complessit\u00e0 al bouquet aromatico. Presenta con una veste giallo paglierina che si riflette nel bicchiere con grande luminosit\u00e0. Si tratta di un&#8217;espressione fresca, polposa ed equilibrata, ma anche intensa e complessa, capace di rievocare i tipici sentori del paesaggio mediterraneo da cui proviene. Il quadro olfattivo \u00e8 dipinto da tonalit\u00e0 chiare, in cui pennellate di agrumi, fiori bianchi e frutta a guscio fanno da sfondo alle classiche e gradevoli sensazioni di macchia mediterranea. Un sorso che colpisce e non si dimentica: un concentrato di sole, mare e terra!<\/p>\n","protected":false},"featured_media":24504,"template":"","meta":{"_acf_changed":false},"product_brand":[],"product_cat":[2589],"product_tag":[],"class_list":{"0":"post-10860","1":"product","2":"type-product","3":"status-publish","4":"has-post-thumbnail","6":"product_cat-white-wine","8":"first","9":"outofstock","10":"purchasable","11":"product-type-simple"},"acf":[],"yoast_head":"<!-- This site is optimized with the Yoast SEO plugin v27.0 - https:\/\/yoast.com\/product\/yoast-seo-wordpress\/ -->\n<title>Marisa Cuomo Furore Bianco 2021 - Vinoso Modena<\/title>\n<meta name=\"robots\" content=\"index, follow, max-snippet:-1, max-image-preview:large, max-video-preview:-1\" \/>\n<link rel=\"canonical\" href=\"https:\/\/vinosomodena.it\/prodotto\/marisa-cuomo-furore-bianco-2021\/\" \/>\n<meta property=\"og:locale\" content=\"en_US\" \/>\n<meta property=\"og:type\" content=\"article\" \/>\n<meta property=\"og:title\" content=\"Marisa Cuomo Furore Bianco 2021 - Vinoso Modena\" \/>\n<meta property=\"og:description\" content=\"Il Marisa Cuomo Furore \u00e8 caratterizzato da una lunga macerazione in grado di dare complessit\u00e0 al bouquet aromatico. Presenta con una veste giallo paglierina che si riflette nel bicchiere con grande luminosit\u00e0. Si tratta di un&#039;espressione fresca, polposa ed equilibrata, ma anche intensa e complessa, capace di rievocare i tipici sentori del paesaggio mediterraneo da cui proviene. Il quadro olfattivo \u00e8 dipinto da tonalit\u00e0 chiare, in cui pennellate di agrumi, fiori bianchi e frutta a guscio fanno da sfondo alle classiche e gradevoli sensazioni di macchia mediterranea. Un sorso che colpisce e non si dimentica: un concentrato di sole, mare e terra!\" \/>\n<meta property=\"og:url\" content=\"https:\/\/vinosomodena.it\/prodotto\/marisa-cuomo-furore-bianco-2021\/\" \/>\n<meta property=\"og:site_name\" content=\"Vinoso Modena\" \/>\n<meta property=\"article:modified_time\" content=\"2024-03-22T21:45:04+00:00\" \/>\n<meta property=\"og:image\" content=\"https:\/\/vinosomodena.it\/wp-content\/uploads\/2025\/10\/furore.jpg\" \/>\n\t<meta property=\"og:image:width\" content=\"1500\" \/>\n\t<meta property=\"og:image:height\" content=\"1923\" \/>\n\t<meta property=\"og:image:type\" content=\"image\/jpeg\" \/>\n<meta name=\"twitter:card\" content=\"summary_large_image\" \/>\n<script type=\"application\/ld+json\" class=\"yoast-schema-graph\">{\"@context\":\"https:\/\/schema.org\",\"@graph\":[{\"@type\":\"WebPage\",\"@id\":\"https:\/\/vinosomodena.it\/prodotto\/marisa-cuomo-furore-bianco-2021\/\",\"url\":\"https:\/\/vinosomodena.it\/prodotto\/marisa-cuomo-furore-bianco-2021\/\",\"name\":\"Marisa Cuomo Furore Bianco 2021 - Vinoso Modena\",\"isPartOf\":{\"@id\":\"https:\/\/vinosomodena.it\/#website\"},\"primaryImageOfPage\":{\"@id\":\"https:\/\/vinosomodena.it\/prodotto\/marisa-cuomo-furore-bianco-2021\/#primaryimage\"},\"image\":{\"@id\":\"https:\/\/vinosomodena.it\/prodotto\/marisa-cuomo-furore-bianco-2021\/#primaryimage\"},\"thumbnailUrl\":\"https:\/\/vinosomodena.it\/wp-content\/uploads\/2025\/10\/furore.jpg\",\"datePublished\":\"2021-07-09T18:05:50+00:00\",\"dateModified\":\"2024-03-22T21:45:04+00:00\",\"breadcrumb\":{\"@id\":\"https:\/\/vinosomodena.it\/prodotto\/marisa-cuomo-furore-bianco-2021\/#breadcrumb\"},\"inLanguage\":\"en-US\",\"potentialAction\":[{\"@type\":\"ReadAction\",\"target\":[\"https:\/\/vinosomodena.it\/prodotto\/marisa-cuomo-furore-bianco-2021\/\"]}]},{\"@type\":\"ImageObject\",\"inLanguage\":\"en-US\",\"@id\":\"https:\/\/vinosomodena.it\/prodotto\/marisa-cuomo-furore-bianco-2021\/#primaryimage\",\"url\":\"https:\/\/vinosomodena.it\/wp-content\/uploads\/2025\/10\/furore.jpg\",\"contentUrl\":\"https:\/\/vinosomodena.it\/wp-content\/uploads\/2025\/10\/furore.jpg\",\"width\":1500,\"height\":1923},{\"@type\":\"BreadcrumbList\",\"@id\":\"https:\/\/vinosomodena.it\/prodotto\/marisa-cuomo-furore-bianco-2021\/#breadcrumb\",\"itemListElement\":[{\"@type\":\"ListItem\",\"position\":1,\"name\":\"Home\",\"item\":\"https:\/\/vinosomodena.it\/\"},{\"@type\":\"ListItem\",\"position\":2,\"name\":\"Shop\",\"item\":\"https:\/\/vinosomodena.it\/negozio\/\"},{\"@type\":\"ListItem\",\"position\":3,\"name\":\"Marisa Cuomo Furore Bianco 2021\"}]},{\"@type\":\"WebSite\",\"@id\":\"https:\/\/vinosomodena.it\/#website\",\"url\":\"https:\/\/vinosomodena.it\/\",\"name\":\"Vinoso Modena\",\"description\":\"I migliori vini, le annate storiche e molto altro ancora.\",\"potentialAction\":[{\"@type\":\"SearchAction\",\"target\":{\"@type\":\"EntryPoint\",\"urlTemplate\":\"https:\/\/vinosomodena.it\/?s={search_term_string}\"},\"query-input\":{\"@type\":\"PropertyValueSpecification\",\"valueRequired\":true,\"valueName\":\"search_term_string\"}}],\"inLanguage\":\"en-US\"}]}<\/script>\n<!-- \/ Yoast SEO plugin. -->","yoast_head_json":{"title":"Marisa Cuomo Furore Bianco 2021 - Vinoso Modena","robots":{"index":"index","follow":"follow","max-snippet":"max-snippet:-1","max-image-preview":"max-image-preview:large","max-video-preview":"max-video-preview:-1"},"canonical":"https:\/\/vinosomodena.it\/prodotto\/marisa-cuomo-furore-bianco-2021\/","og_locale":"en_US","og_type":"article","og_title":"Marisa Cuomo Furore Bianco 2021 - Vinoso Modena","og_description":"Il Marisa Cuomo Furore \u00e8 caratterizzato da una lunga macerazione in grado di dare complessit\u00e0 al bouquet aromatico. Presenta con una veste giallo paglierina che si riflette nel bicchiere con grande luminosit\u00e0. Si tratta di un'espressione fresca, polposa ed equilibrata, ma anche intensa e complessa, capace di rievocare i tipici sentori del paesaggio mediterraneo da cui proviene. Il quadro olfattivo \u00e8 dipinto da tonalit\u00e0 chiare, in cui pennellate di agrumi, fiori bianchi e frutta a guscio fanno da sfondo alle classiche e gradevoli sensazioni di macchia mediterranea. Un sorso che colpisce e non si dimentica: un concentrato di sole, mare e terra!","og_url":"https:\/\/vinosomodena.it\/prodotto\/marisa-cuomo-furore-bianco-2021\/","og_site_name":"Vinoso Modena","article_modified_time":"2024-03-22T21:45:04+00:00","og_image":[{"width":1500,"height":1923,"url":"https:\/\/vinosomodena.it\/wp-content\/uploads\/2025\/10\/furore.jpg","type":"image\/jpeg"}],"twitter_card":"summary_large_image","schema":{"@context":"https:\/\/schema.org","@graph":[{"@type":"WebPage","@id":"https:\/\/vinosomodena.it\/prodotto\/marisa-cuomo-furore-bianco-2021\/","url":"https:\/\/vinosomodena.it\/prodotto\/marisa-cuomo-furore-bianco-2021\/","name":"Marisa Cuomo Furore Bianco 2021 - Vinoso Modena","isPartOf":{"@id":"https:\/\/vinosomodena.it\/#website"},"primaryImageOfPage":{"@id":"https:\/\/vinosomodena.it\/prodotto\/marisa-cuomo-furore-bianco-2021\/#primaryimage"},"image":{"@id":"https:\/\/vinosomodena.it\/prodotto\/marisa-cuomo-furore-bianco-2021\/#primaryimage"},"thumbnailUrl":"https:\/\/vinosomodena.it\/wp-content\/uploads\/2025\/10\/furore.jpg","datePublished":"2021-07-09T18:05:50+00:00","dateModified":"2024-03-22T21:45:04+00:00","breadcrumb":{"@id":"https:\/\/vinosomodena.it\/prodotto\/marisa-cuomo-furore-bianco-2021\/#breadcrumb"},"inLanguage":"en-US","potentialAction":[{"@type":"ReadAction","target":["https:\/\/vinosomodena.it\/prodotto\/marisa-cuomo-furore-bianco-2021\/"]}]},{"@type":"ImageObject","inLanguage":"en-US","@id":"https:\/\/vinosomodena.it\/prodotto\/marisa-cuomo-furore-bianco-2021\/#primaryimage","url":"https:\/\/vinosomodena.it\/wp-content\/uploads\/2025\/10\/furore.jpg","contentUrl":"https:\/\/vinosomodena.it\/wp-content\/uploads\/2025\/10\/furore.jpg","width":1500,"height":1923},{"@type":"BreadcrumbList","@id":"https:\/\/vinosomodena.it\/prodotto\/marisa-cuomo-furore-bianco-2021\/#breadcrumb","itemListElement":[{"@type":"ListItem","position":1,"name":"Home","item":"https:\/\/vinosomodena.it\/"},{"@type":"ListItem","position":2,"name":"Shop","item":"https:\/\/vinosomodena.it\/negozio\/"},{"@type":"ListItem","position":3,"name":"Marisa Cuomo Furore Bianco 2021"}]},{"@type":"WebSite","@id":"https:\/\/vinosomodena.it\/#website","url":"https:\/\/vinosomodena.it\/","name":"Vinoso Modena","description":"I migliori vini, le annate storiche e molto altro ancora.","potentialAction":[{"@type":"SearchAction","target":{"@type":"EntryPoint","urlTemplate":"https:\/\/vinosomodena.it\/?s={search_term_string}"},"query-input":{"@type":"PropertyValueSpecification","valueRequired":true,"valueName":"search_term_string"}}],"inLanguage":"en-US"}]}},"jetpack_sharing_enabled":true,"_links":{"self":[{"href":"https:\/\/vinosomodena.it\/en\/wp-json\/wp\/v2\/product\/10860","targetHints":{"allow":["GET"]}}],"collection":[{"href":"https:\/\/vinosomodena.it\/en\/wp-json\/wp\/v2\/product"}],"about":[{"href":"https:\/\/vinosomodena.it\/en\/wp-json\/wp\/v2\/types\/product"}],"wp:featuredmedia":[{"embeddable":true,"href":"https:\/\/vinosomodena.it\/en\/wp-json\/wp\/v2\/media\/24504"}],"wp:attachment":[{"href":"https:\/\/vinosomodena.it\/en\/wp-json\/wp\/v2\/media?parent=10860"}],"wp:term":[{"taxonomy":"product_brand","embeddable":true,"href":"https:\/\/vinosomodena.it\/en\/wp-json\/wp\/v2\/product_brand?post=10860"},{"taxonomy":"product_cat","embeddable":true,"href":"https:\/\/vinosomodena.it\/en\/wp-json\/wp\/v2\/product_cat?post=10860"},{"taxonomy":"product_tag","embeddable":true,"href":"https:\/\/vinosomodena.it\/en\/wp-json\/wp\/v2\/product_tag?post=10860"}],"curies":[{"name":"wp","href":"https:\/\/api.w.org\/{rel}","templated":true}]}}