{"id":10870,"date":"2021-07-09T19:15:41","date_gmt":"2021-07-09T17:15:41","guid":{"rendered":"https:\/\/vinosomodena.it\/?post_type=product&#038;p=10870"},"modified":"2026-04-24T10:03:15","modified_gmt":"2026-04-24T08:03:15","slug":"conterno-il-rosato-nervi-2020","status":"publish","type":"product","link":"https:\/\/vinosomodena.it\/en\/prodotto\/conterno-il-rosato-nervi-2020\/","title":{"rendered":"Conterno Il Rosato Nervi 2025"},"content":{"rendered":"<p>Fragrante e fine, assicura una beva piacevolissima e leggera senza renderla scontata. Un&#8217;originale interpretazione del nobilissimo vitigno nebbiolo localmente detto Spanna, che qui esprimono una fantastica mineralit\u00e0. Il ros\u00e9 Nervi passa nelle mani di Roberto Conterno ed \u00e8 ottenuto da uve Nebbiolo e Uva Rara fino al 20%: l\u2019Uva Rara e le basse temperature di fermentazione esaltano gli aromi di fiori e frutti, mentre il Nebbiolo dona struttura e un finale sapido<\/p>\n","protected":false},"excerpt":{"rendered":"<p>Fragrante e fine, assicura una beva piacevolissima e leggera senza renderla scontata. Un&#8217;originale interpretazione del nobilissimo vitigno nebbiolo localmente detto Spanna, che qui esprimono una fantastica mineralit\u00e0. Il ros\u00e9 Nervi passa nelle mani di Roberto Conterno ed \u00e8 ottenuto da uve Nebbiolo e Uva Rara fino al 20%: l\u2019Uva Rara e le basse temperature di fermentazione esaltano gli aromi di fiori e frutti, mentre il Nebbiolo dona struttura e un finale sapido<\/p>\n","protected":false},"featured_media":0,"template":"","meta":{"_acf_changed":false},"product_brand":[],"product_cat":[2579],"product_tag":[],"class_list":{"0":"post-10870","1":"product","2":"type-product","3":"status-publish","5":"product_cat-red-wine","7":"first","8":"outofstock","9":"purchasable","10":"product-type-simple"},"acf":[],"yoast_head":"<!-- This site is optimized with the Yoast SEO plugin v27.4 - https:\/\/yoast.com\/product\/yoast-seo-wordpress\/ -->\n<title>Conterno Il Rosato Nervi 2025 - Vinoso Modena<\/title>\n<meta name=\"robots\" content=\"index, follow, max-snippet:-1, max-image-preview:large, max-video-preview:-1\" \/>\n<link rel=\"canonical\" href=\"https:\/\/vinosomodena.it\/en\/prodotto\/conterno-il-rosato-nervi-2020\/\" \/>\n<meta property=\"og:locale\" content=\"en_US\" \/>\n<meta property=\"og:type\" content=\"article\" \/>\n<meta property=\"og:title\" content=\"Conterno Il Rosato Nervi 2025 - Vinoso Modena\" \/>\n<meta property=\"og:description\" content=\"Fragrante e fine, assicura una beva piacevolissima e leggera senza renderla scontata. Un&#039;originale interpretazione del nobilissimo vitigno nebbiolo localmente detto Spanna, che qui esprimono una fantastica mineralit\u00e0. Il ros\u00e9 Nervi passa nelle mani di Roberto Conterno ed \u00e8 ottenuto da uve Nebbiolo e Uva Rara fino al 20%: l\u2019Uva Rara e le basse temperature di fermentazione esaltano gli aromi di fiori e frutti, mentre il Nebbiolo dona struttura e un finale sapido\" \/>\n<meta property=\"og:url\" content=\"https:\/\/vinosomodena.it\/en\/prodotto\/conterno-il-rosato-nervi-2020\/\" \/>\n<meta property=\"og:site_name\" content=\"Vinoso Modena\" \/>\n<meta property=\"article:modified_time\" content=\"2026-04-24T08:03:15+00:00\" \/>\n<meta name=\"twitter:card\" content=\"summary_large_image\" \/>\n<script type=\"application\/ld+json\" class=\"yoast-schema-graph\">{\"@context\":\"https:\\\/\\\/schema.org\",\"@graph\":[{\"@type\":\"WebPage\",\"@id\":\"https:\\\/\\\/vinosomodena.it\\\/en\\\/prodotto\\\/conterno-il-rosato-nervi-2020\\\/\",\"url\":\"https:\\\/\\\/vinosomodena.it\\\/en\\\/prodotto\\\/conterno-il-rosato-nervi-2020\\\/\",\"name\":\"Conterno Il Rosato Nervi 2025 - Vinoso Modena\",\"isPartOf\":{\"@id\":\"https:\\\/\\\/vinosomodena.it\\\/#website\"},\"datePublished\":\"2021-07-09T17:15:41+00:00\",\"dateModified\":\"2026-04-24T08:03:15+00:00\",\"breadcrumb\":{\"@id\":\"https:\\\/\\\/vinosomodena.it\\\/en\\\/prodotto\\\/conterno-il-rosato-nervi-2020\\\/#breadcrumb\"},\"inLanguage\":\"en-US\",\"potentialAction\":[{\"@type\":\"ReadAction\",\"target\":[\"https:\\\/\\\/vinosomodena.it\\\/en\\\/prodotto\\\/conterno-il-rosato-nervi-2020\\\/\"]}]},{\"@type\":\"BreadcrumbList\",\"@id\":\"https:\\\/\\\/vinosomodena.it\\\/en\\\/prodotto\\\/conterno-il-rosato-nervi-2020\\\/#breadcrumb\",\"itemListElement\":[{\"@type\":\"ListItem\",\"position\":1,\"name\":\"Home\",\"item\":\"https:\\\/\\\/vinosomodena.it\\\/\"},{\"@type\":\"ListItem\",\"position\":2,\"name\":\"Shop\",\"item\":\"https:\\\/\\\/vinosomodena.it\\\/negozio\\\/\"},{\"@type\":\"ListItem\",\"position\":3,\"name\":\"Conterno Il Rosato Nervi 2025\"}]},{\"@type\":\"WebSite\",\"@id\":\"https:\\\/\\\/vinosomodena.it\\\/#website\",\"url\":\"https:\\\/\\\/vinosomodena.it\\\/\",\"name\":\"Vinoso Modena\",\"description\":\"I migliori vini, le annate storiche e molto altro ancora.\",\"potentialAction\":[{\"@type\":\"SearchAction\",\"target\":{\"@type\":\"EntryPoint\",\"urlTemplate\":\"https:\\\/\\\/vinosomodena.it\\\/?s={search_term_string}\"},\"query-input\":{\"@type\":\"PropertyValueSpecification\",\"valueRequired\":true,\"valueName\":\"search_term_string\"}}],\"inLanguage\":\"en-US\"}]}<\/script>\n<!-- \/ Yoast SEO plugin. -->","yoast_head_json":{"title":"Conterno Il Rosato Nervi 2025 - Vinoso Modena","robots":{"index":"index","follow":"follow","max-snippet":"max-snippet:-1","max-image-preview":"max-image-preview:large","max-video-preview":"max-video-preview:-1"},"canonical":"https:\/\/vinosomodena.it\/en\/prodotto\/conterno-il-rosato-nervi-2020\/","og_locale":"en_US","og_type":"article","og_title":"Conterno Il Rosato Nervi 2025 - Vinoso Modena","og_description":"Fragrante e fine, assicura una beva piacevolissima e leggera senza renderla scontata. Un'originale interpretazione del nobilissimo vitigno nebbiolo localmente detto Spanna, che qui esprimono una fantastica mineralit\u00e0. Il ros\u00e9 Nervi passa nelle mani di Roberto Conterno ed \u00e8 ottenuto da uve Nebbiolo e Uva Rara fino al 20%: l\u2019Uva Rara e le basse temperature di fermentazione esaltano gli aromi di fiori e frutti, mentre il Nebbiolo dona struttura e un finale sapido","og_url":"https:\/\/vinosomodena.it\/en\/prodotto\/conterno-il-rosato-nervi-2020\/","og_site_name":"Vinoso Modena","article_modified_time":"2026-04-24T08:03:15+00:00","twitter_card":"summary_large_image","schema":{"@context":"https:\/\/schema.org","@graph":[{"@type":"WebPage","@id":"https:\/\/vinosomodena.it\/en\/prodotto\/conterno-il-rosato-nervi-2020\/","url":"https:\/\/vinosomodena.it\/en\/prodotto\/conterno-il-rosato-nervi-2020\/","name":"Conterno Il Rosato Nervi 2025 - Vinoso Modena","isPartOf":{"@id":"https:\/\/vinosomodena.it\/#website"},"datePublished":"2021-07-09T17:15:41+00:00","dateModified":"2026-04-24T08:03:15+00:00","breadcrumb":{"@id":"https:\/\/vinosomodena.it\/en\/prodotto\/conterno-il-rosato-nervi-2020\/#breadcrumb"},"inLanguage":"en-US","potentialAction":[{"@type":"ReadAction","target":["https:\/\/vinosomodena.it\/en\/prodotto\/conterno-il-rosato-nervi-2020\/"]}]},{"@type":"BreadcrumbList","@id":"https:\/\/vinosomodena.it\/en\/prodotto\/conterno-il-rosato-nervi-2020\/#breadcrumb","itemListElement":[{"@type":"ListItem","position":1,"name":"Home","item":"https:\/\/vinosomodena.it\/"},{"@type":"ListItem","position":2,"name":"Shop","item":"https:\/\/vinosomodena.it\/negozio\/"},{"@type":"ListItem","position":3,"name":"Conterno Il Rosato Nervi 2025"}]},{"@type":"WebSite","@id":"https:\/\/vinosomodena.it\/#website","url":"https:\/\/vinosomodena.it\/","name":"Vinoso Modena","description":"I migliori vini, le annate storiche e molto altro ancora.","potentialAction":[{"@type":"SearchAction","target":{"@type":"EntryPoint","urlTemplate":"https:\/\/vinosomodena.it\/?s={search_term_string}"},"query-input":{"@type":"PropertyValueSpecification","valueRequired":true,"valueName":"search_term_string"}}],"inLanguage":"en-US"}]}},"jetpack_sharing_enabled":true,"_links":{"self":[{"href":"https:\/\/vinosomodena.it\/en\/wp-json\/wp\/v2\/product\/10870","targetHints":{"allow":["GET"]}}],"collection":[{"href":"https:\/\/vinosomodena.it\/en\/wp-json\/wp\/v2\/product"}],"about":[{"href":"https:\/\/vinosomodena.it\/en\/wp-json\/wp\/v2\/types\/product"}],"wp:attachment":[{"href":"https:\/\/vinosomodena.it\/en\/wp-json\/wp\/v2\/media?parent=10870"}],"wp:term":[{"taxonomy":"product_brand","embeddable":true,"href":"https:\/\/vinosomodena.it\/en\/wp-json\/wp\/v2\/product_brand?post=10870"},{"taxonomy":"product_cat","embeddable":true,"href":"https:\/\/vinosomodena.it\/en\/wp-json\/wp\/v2\/product_cat?post=10870"},{"taxonomy":"product_tag","embeddable":true,"href":"https:\/\/vinosomodena.it\/en\/wp-json\/wp\/v2\/product_tag?post=10870"}],"curies":[{"name":"wp","href":"https:\/\/api.w.org\/{rel}","templated":true}]}}