{"id":11007,"date":"2021-05-18T20:35:10","date_gmt":"2021-05-18T18:35:10","guid":{"rendered":"https:\/\/vinosomodena.it\/prodotto\/nicola-gatta-molener-rose-extra-brut-90\/"},"modified":"2025-10-06T09:22:23","modified_gmt":"2025-10-06T07:22:23","slug":"nicola-gatta-molener-rose-extra-brut-90","status":"publish","type":"product","link":"https:\/\/vinosomodena.it\/en\/prodotto\/nicola-gatta-molener-rose-extra-brut-90\/","title":{"rendered":"NICOLA GATTA MOLENER ROSE&#8217; EXTRA BRUT 90 LUNE"},"content":{"rendered":"","protected":false},"excerpt":{"rendered":"<p>Una maturazione sui lieviti importante di 90 lune (90 mesi circa). \u201cMoliner\u201d era il soprannome della\u00a0 famiglia di mugnai dei GATTA. In questo vino la tensione acida \u00e8 straordinariamente in equilibrio con le altre sensazioni: cremosit\u00e0, mineralit\u00e0 e ossidazione. Come in tutti i vini di Gatta, nessuna aggiunta di solfiti.<\/p>\n<div class=\"prodotto__descrizione__content__attributi\">\n<p>&nbsp;<\/p>\n<p>&nbsp;<\/p>\n<\/div>\n","protected":false},"featured_media":24488,"template":"","meta":{"_acf_changed":false},"product_brand":[],"product_cat":[2591],"product_tag":[],"class_list":{"0":"post-11007","1":"product","2":"type-product","3":"status-publish","4":"has-post-thumbnail","6":"product_cat-sparkling","8":"first","9":"outofstock","10":"purchasable","11":"product-type-simple"},"acf":[],"yoast_head":"<!-- This site is optimized with the Yoast SEO plugin v27.4 - https:\/\/yoast.com\/product\/yoast-seo-wordpress\/ -->\n<title>NICOLA GATTA MOLENER ROSE&#039; EXTRA BRUT 90 LUNE - Vinoso Modena<\/title>\n<meta name=\"robots\" content=\"index, follow, max-snippet:-1, max-image-preview:large, max-video-preview:-1\" \/>\n<link rel=\"canonical\" href=\"https:\/\/vinosomodena.it\/prodotto\/nicola-gatta-molener-rose-extra-brut-90\/\" \/>\n<meta property=\"og:locale\" content=\"en_US\" \/>\n<meta property=\"og:type\" content=\"article\" \/>\n<meta property=\"og:title\" content=\"NICOLA GATTA MOLENER ROSE&#039; EXTRA BRUT 90 LUNE - Vinoso Modena\" \/>\n<meta property=\"og:description\" content=\"Una maturazione sui lieviti importante di 90 lune (90 mesi circa). \u201cMoliner\u201d era il soprannome della\u00a0 famiglia di mugnai dei GATTA. In questo vino la tensione acida \u00e8 straordinariamente in equilibrio con le altre sensazioni: cremosit\u00e0, mineralit\u00e0 e ossidazione. Come in tutti i vini di Gatta, nessuna aggiunta di solfiti.   &nbsp;  &nbsp;\" \/>\n<meta property=\"og:url\" content=\"https:\/\/vinosomodena.it\/prodotto\/nicola-gatta-molener-rose-extra-brut-90\/\" \/>\n<meta property=\"og:site_name\" content=\"Vinoso Modena\" \/>\n<meta property=\"article:modified_time\" content=\"2025-10-06T07:22:23+00:00\" \/>\n<meta property=\"og:image\" content=\"https:\/\/vinosomodena.it\/wp-content\/uploads\/2025\/10\/FILE16.png\" \/>\n\t<meta property=\"og:image:width\" content=\"1600\" \/>\n\t<meta property=\"og:image:height\" content=\"2400\" \/>\n\t<meta property=\"og:image:type\" content=\"image\/png\" \/>\n<meta name=\"twitter:card\" content=\"summary_large_image\" \/>\n<script type=\"application\/ld+json\" class=\"yoast-schema-graph\">{\"@context\":\"https:\\\/\\\/schema.org\",\"@graph\":[{\"@type\":\"WebPage\",\"@id\":\"https:\\\/\\\/vinosomodena.it\\\/prodotto\\\/nicola-gatta-molener-rose-extra-brut-90\\\/\",\"url\":\"https:\\\/\\\/vinosomodena.it\\\/prodotto\\\/nicola-gatta-molener-rose-extra-brut-90\\\/\",\"name\":\"NICOLA GATTA MOLENER ROSE' EXTRA BRUT 90 LUNE - Vinoso Modena\",\"isPartOf\":{\"@id\":\"https:\\\/\\\/vinosomodena.it\\\/#website\"},\"primaryImageOfPage\":{\"@id\":\"https:\\\/\\\/vinosomodena.it\\\/prodotto\\\/nicola-gatta-molener-rose-extra-brut-90\\\/#primaryimage\"},\"image\":{\"@id\":\"https:\\\/\\\/vinosomodena.it\\\/prodotto\\\/nicola-gatta-molener-rose-extra-brut-90\\\/#primaryimage\"},\"thumbnailUrl\":\"https:\\\/\\\/vinosomodena.it\\\/wp-content\\\/uploads\\\/2025\\\/10\\\/FILE16.png\",\"datePublished\":\"2021-05-18T18:35:10+00:00\",\"dateModified\":\"2025-10-06T07:22:23+00:00\",\"breadcrumb\":{\"@id\":\"https:\\\/\\\/vinosomodena.it\\\/prodotto\\\/nicola-gatta-molener-rose-extra-brut-90\\\/#breadcrumb\"},\"inLanguage\":\"en-US\",\"potentialAction\":[{\"@type\":\"ReadAction\",\"target\":[\"https:\\\/\\\/vinosomodena.it\\\/prodotto\\\/nicola-gatta-molener-rose-extra-brut-90\\\/\"]}]},{\"@type\":\"ImageObject\",\"inLanguage\":\"en-US\",\"@id\":\"https:\\\/\\\/vinosomodena.it\\\/prodotto\\\/nicola-gatta-molener-rose-extra-brut-90\\\/#primaryimage\",\"url\":\"https:\\\/\\\/vinosomodena.it\\\/wp-content\\\/uploads\\\/2025\\\/10\\\/FILE16.png\",\"contentUrl\":\"https:\\\/\\\/vinosomodena.it\\\/wp-content\\\/uploads\\\/2025\\\/10\\\/FILE16.png\",\"width\":1600,\"height\":2400},{\"@type\":\"BreadcrumbList\",\"@id\":\"https:\\\/\\\/vinosomodena.it\\\/prodotto\\\/nicola-gatta-molener-rose-extra-brut-90\\\/#breadcrumb\",\"itemListElement\":[{\"@type\":\"ListItem\",\"position\":1,\"name\":\"Home\",\"item\":\"https:\\\/\\\/vinosomodena.it\\\/\"},{\"@type\":\"ListItem\",\"position\":2,\"name\":\"Shop\",\"item\":\"https:\\\/\\\/vinosomodena.it\\\/negozio\\\/\"},{\"@type\":\"ListItem\",\"position\":3,\"name\":\"NICOLA GATTA MOLENER ROSE&#8217; EXTRA BRUT 90 LUNE\"}]},{\"@type\":\"WebSite\",\"@id\":\"https:\\\/\\\/vinosomodena.it\\\/#website\",\"url\":\"https:\\\/\\\/vinosomodena.it\\\/\",\"name\":\"Vinoso Modena\",\"description\":\"I migliori vini, le annate storiche e molto altro ancora.\",\"potentialAction\":[{\"@type\":\"SearchAction\",\"target\":{\"@type\":\"EntryPoint\",\"urlTemplate\":\"https:\\\/\\\/vinosomodena.it\\\/?s={search_term_string}\"},\"query-input\":{\"@type\":\"PropertyValueSpecification\",\"valueRequired\":true,\"valueName\":\"search_term_string\"}}],\"inLanguage\":\"en-US\"}]}<\/script>\n<!-- \/ Yoast SEO plugin. -->","yoast_head_json":{"title":"NICOLA GATTA MOLENER ROSE' EXTRA BRUT 90 LUNE - Vinoso Modena","robots":{"index":"index","follow":"follow","max-snippet":"max-snippet:-1","max-image-preview":"max-image-preview:large","max-video-preview":"max-video-preview:-1"},"canonical":"https:\/\/vinosomodena.it\/prodotto\/nicola-gatta-molener-rose-extra-brut-90\/","og_locale":"en_US","og_type":"article","og_title":"NICOLA GATTA MOLENER ROSE' EXTRA BRUT 90 LUNE - Vinoso Modena","og_description":"Una maturazione sui lieviti importante di 90 lune (90 mesi circa). \u201cMoliner\u201d era il soprannome della\u00a0 famiglia di mugnai dei GATTA. In questo vino la tensione acida \u00e8 straordinariamente in equilibrio con le altre sensazioni: cremosit\u00e0, mineralit\u00e0 e ossidazione. Come in tutti i vini di Gatta, nessuna aggiunta di solfiti.   &nbsp;  &nbsp;","og_url":"https:\/\/vinosomodena.it\/prodotto\/nicola-gatta-molener-rose-extra-brut-90\/","og_site_name":"Vinoso Modena","article_modified_time":"2025-10-06T07:22:23+00:00","og_image":[{"width":1600,"height":2400,"url":"https:\/\/vinosomodena.it\/wp-content\/uploads\/2025\/10\/FILE16.png","type":"image\/png"}],"twitter_card":"summary_large_image","schema":{"@context":"https:\/\/schema.org","@graph":[{"@type":"WebPage","@id":"https:\/\/vinosomodena.it\/prodotto\/nicola-gatta-molener-rose-extra-brut-90\/","url":"https:\/\/vinosomodena.it\/prodotto\/nicola-gatta-molener-rose-extra-brut-90\/","name":"NICOLA GATTA MOLENER ROSE' EXTRA BRUT 90 LUNE - Vinoso Modena","isPartOf":{"@id":"https:\/\/vinosomodena.it\/#website"},"primaryImageOfPage":{"@id":"https:\/\/vinosomodena.it\/prodotto\/nicola-gatta-molener-rose-extra-brut-90\/#primaryimage"},"image":{"@id":"https:\/\/vinosomodena.it\/prodotto\/nicola-gatta-molener-rose-extra-brut-90\/#primaryimage"},"thumbnailUrl":"https:\/\/vinosomodena.it\/wp-content\/uploads\/2025\/10\/FILE16.png","datePublished":"2021-05-18T18:35:10+00:00","dateModified":"2025-10-06T07:22:23+00:00","breadcrumb":{"@id":"https:\/\/vinosomodena.it\/prodotto\/nicola-gatta-molener-rose-extra-brut-90\/#breadcrumb"},"inLanguage":"en-US","potentialAction":[{"@type":"ReadAction","target":["https:\/\/vinosomodena.it\/prodotto\/nicola-gatta-molener-rose-extra-brut-90\/"]}]},{"@type":"ImageObject","inLanguage":"en-US","@id":"https:\/\/vinosomodena.it\/prodotto\/nicola-gatta-molener-rose-extra-brut-90\/#primaryimage","url":"https:\/\/vinosomodena.it\/wp-content\/uploads\/2025\/10\/FILE16.png","contentUrl":"https:\/\/vinosomodena.it\/wp-content\/uploads\/2025\/10\/FILE16.png","width":1600,"height":2400},{"@type":"BreadcrumbList","@id":"https:\/\/vinosomodena.it\/prodotto\/nicola-gatta-molener-rose-extra-brut-90\/#breadcrumb","itemListElement":[{"@type":"ListItem","position":1,"name":"Home","item":"https:\/\/vinosomodena.it\/"},{"@type":"ListItem","position":2,"name":"Shop","item":"https:\/\/vinosomodena.it\/negozio\/"},{"@type":"ListItem","position":3,"name":"NICOLA GATTA MOLENER ROSE&#8217; EXTRA BRUT 90 LUNE"}]},{"@type":"WebSite","@id":"https:\/\/vinosomodena.it\/#website","url":"https:\/\/vinosomodena.it\/","name":"Vinoso Modena","description":"I migliori vini, le annate storiche e molto altro ancora.","potentialAction":[{"@type":"SearchAction","target":{"@type":"EntryPoint","urlTemplate":"https:\/\/vinosomodena.it\/?s={search_term_string}"},"query-input":{"@type":"PropertyValueSpecification","valueRequired":true,"valueName":"search_term_string"}}],"inLanguage":"en-US"}]}},"jetpack_sharing_enabled":true,"_links":{"self":[{"href":"https:\/\/vinosomodena.it\/en\/wp-json\/wp\/v2\/product\/11007","targetHints":{"allow":["GET"]}}],"collection":[{"href":"https:\/\/vinosomodena.it\/en\/wp-json\/wp\/v2\/product"}],"about":[{"href":"https:\/\/vinosomodena.it\/en\/wp-json\/wp\/v2\/types\/product"}],"wp:featuredmedia":[{"embeddable":true,"href":"https:\/\/vinosomodena.it\/en\/wp-json\/wp\/v2\/media\/24488"}],"wp:attachment":[{"href":"https:\/\/vinosomodena.it\/en\/wp-json\/wp\/v2\/media?parent=11007"}],"wp:term":[{"taxonomy":"product_brand","embeddable":true,"href":"https:\/\/vinosomodena.it\/en\/wp-json\/wp\/v2\/product_brand?post=11007"},{"taxonomy":"product_cat","embeddable":true,"href":"https:\/\/vinosomodena.it\/en\/wp-json\/wp\/v2\/product_cat?post=11007"},{"taxonomy":"product_tag","embeddable":true,"href":"https:\/\/vinosomodena.it\/en\/wp-json\/wp\/v2\/product_tag?post=11007"}],"curies":[{"name":"wp","href":"https:\/\/api.w.org\/{rel}","templated":true}]}}