{"id":11009,"date":"2021-05-18T18:27:29","date_gmt":"2021-05-18T16:27:29","guid":{"rendered":"https:\/\/vinosomodena.it\/prodotto\/nicola-gatta-quattrocento-40-lune-magnum\/"},"modified":"2026-03-13T17:48:37","modified_gmt":"2026-03-13T16:48:37","slug":"nicola-gatta-quattrocento-40-lune-magnum","status":"publish","type":"product","link":"https:\/\/vinosomodena.it\/en\/prodotto\/nicola-gatta-quattrocento-40-lune-magnum\/","title":{"rendered":"Nicola Gatta Quattrocento 40 Lune MAGNUM SBOC 03\/2022"},"content":{"rendered":"<p>Lo Spumante Metodo Classico Extra Brut \u201cQuattrocento 40 Lune\u201d\u00a0stupisce per vitalit\u00e0 e dinamica gustativa, ed \u00e8 forse il compromesso pi\u00f9 spensierato tra i vini di Nicola nel congiungere beva irresistibile all&#8217;immancabile complessit\u00e0 che contraddistingue i suoi liquidi.\u00a0Il \u201cQuattrocento 40 Lune\u201d \u00e8 uno spumante ottenuto da un uvaggio di Chardonnay e Pinot Nero, con uve coltivate in quel di Gussago seguendo una filosofia sostenibile che segue i precetti della biodinamica. In cantina, dopo raccolta delle uve con attenzione maniacale al grado di maturazione, si prosegue con fermentazione alcolica spontanea sui vini base che non vengono filtrati o chiarificati. Rifermentazione in bottiglia e\u00a0lungo affinamento sui lieviti\u00a0\u00e8 di circa 40 mesi<\/p>\n","protected":false},"excerpt":{"rendered":"<p>Lo Spumante Metodo Classico Extra Brut \u201cQuattrocento 40 Lune\u201d\u00a0stupisce per vitalit\u00e0 e dinamica gustativa, ed \u00e8 forse il compromesso pi\u00f9 spensierato tra i vini di Nicola nel congiungere beva irresistibile all&#8217;immancabile complessit\u00e0 che contraddistingue i suoi liquidi.\u00a0Il \u201cQuattrocento 40 Lune\u201d \u00e8 uno spumante ottenuto da un uvaggio di Chardonnay e Pinot Nero, con uve coltivate in quel di Gussago seguendo una filosofia sostenibile che segue i precetti della biodinamica. In cantina, dopo raccolta delle uve con attenzione maniacale al grado di maturazione, si prosegue con fermentazione alcolica spontanea sui vini base che non vengono filtrati o chiarificati. Rifermentazione in bottiglia e\u00a0lungo affinamento sui lieviti\u00a0\u00e8 di circa 40 mesi<\/p>\n","protected":false},"featured_media":18138,"template":"","meta":{"_acf_changed":false},"product_brand":[],"product_cat":[2591],"product_tag":[],"class_list":{"0":"post-11009","1":"product","2":"type-product","3":"status-publish","4":"has-post-thumbnail","6":"product_cat-sparkling","8":"first","9":"instock","10":"purchasable","11":"product-type-simple"},"acf":[],"yoast_head":"<!-- This site is optimized with the Yoast SEO plugin v27.4 - https:\/\/yoast.com\/product\/yoast-seo-wordpress\/ -->\n<title>Nicola Gatta Quattrocento 40 Lune MAGNUM SBOC 03\/2022 - Vinoso Modena<\/title>\n<meta name=\"robots\" content=\"index, follow, max-snippet:-1, max-image-preview:large, max-video-preview:-1\" \/>\n<link rel=\"canonical\" href=\"https:\/\/vinosomodena.it\/en\/prodotto\/nicola-gatta-quattrocento-40-lune-magnum\/\" \/>\n<meta property=\"og:locale\" content=\"en_US\" \/>\n<meta property=\"og:type\" content=\"article\" \/>\n<meta property=\"og:title\" content=\"Nicola Gatta Quattrocento 40 Lune MAGNUM SBOC 03\/2022 - Vinoso Modena\" \/>\n<meta property=\"og:description\" content=\"Lo Spumante Metodo Classico Extra Brut \u201cQuattrocento 40 Lune\u201d\u00a0stupisce per vitalit\u00e0 e dinamica gustativa, ed \u00e8 forse il compromesso pi\u00f9 spensierato tra i vini di Nicola nel congiungere beva irresistibile all&#039;immancabile complessit\u00e0 che contraddistingue i suoi liquidi.\u00a0Il \u201cQuattrocento 40 Lune\u201d \u00e8 uno spumante ottenuto da un uvaggio di Chardonnay e Pinot Nero, con uve coltivate in quel di Gussago seguendo una filosofia sostenibile che segue i precetti della biodinamica. In cantina, dopo raccolta delle uve con attenzione maniacale al grado di maturazione, si prosegue con fermentazione alcolica spontanea sui vini base che non vengono filtrati o chiarificati. Rifermentazione in bottiglia e\u00a0lungo affinamento sui lieviti\u00a0\u00e8 di circa 40 mesi\" \/>\n<meta property=\"og:url\" content=\"https:\/\/vinosomodena.it\/en\/prodotto\/nicola-gatta-quattrocento-40-lune-magnum\/\" \/>\n<meta property=\"og:site_name\" content=\"Vinoso Modena\" \/>\n<meta property=\"article:modified_time\" content=\"2026-03-13T16:48:37+00:00\" \/>\n<meta property=\"og:image\" content=\"https:\/\/vinosomodena.it\/wp-content\/uploads\/2024\/09\/FILE17-683x1024.png\" \/>\n\t<meta property=\"og:image:width\" content=\"683\" \/>\n\t<meta property=\"og:image:height\" content=\"1024\" \/>\n\t<meta property=\"og:image:type\" content=\"image\/png\" \/>\n<meta name=\"twitter:card\" content=\"summary_large_image\" \/>\n<script type=\"application\/ld+json\" class=\"yoast-schema-graph\">{\"@context\":\"https:\\\/\\\/schema.org\",\"@graph\":[{\"@type\":\"WebPage\",\"@id\":\"https:\\\/\\\/vinosomodena.it\\\/en\\\/prodotto\\\/nicola-gatta-quattrocento-40-lune-magnum\\\/\",\"url\":\"https:\\\/\\\/vinosomodena.it\\\/en\\\/prodotto\\\/nicola-gatta-quattrocento-40-lune-magnum\\\/\",\"name\":\"Nicola Gatta Quattrocento 40 Lune MAGNUM SBOC 03\\\/2022 - Vinoso Modena\",\"isPartOf\":{\"@id\":\"https:\\\/\\\/vinosomodena.it\\\/#website\"},\"primaryImageOfPage\":{\"@id\":\"https:\\\/\\\/vinosomodena.it\\\/en\\\/prodotto\\\/nicola-gatta-quattrocento-40-lune-magnum\\\/#primaryimage\"},\"image\":{\"@id\":\"https:\\\/\\\/vinosomodena.it\\\/en\\\/prodotto\\\/nicola-gatta-quattrocento-40-lune-magnum\\\/#primaryimage\"},\"thumbnailUrl\":\"https:\\\/\\\/vinosomodena.it\\\/wp-content\\\/uploads\\\/2024\\\/09\\\/FILE17.png\",\"datePublished\":\"2021-05-18T16:27:29+00:00\",\"dateModified\":\"2026-03-13T16:48:37+00:00\",\"breadcrumb\":{\"@id\":\"https:\\\/\\\/vinosomodena.it\\\/en\\\/prodotto\\\/nicola-gatta-quattrocento-40-lune-magnum\\\/#breadcrumb\"},\"inLanguage\":\"en-US\",\"potentialAction\":[{\"@type\":\"ReadAction\",\"target\":[\"https:\\\/\\\/vinosomodena.it\\\/en\\\/prodotto\\\/nicola-gatta-quattrocento-40-lune-magnum\\\/\"]}]},{\"@type\":\"ImageObject\",\"inLanguage\":\"en-US\",\"@id\":\"https:\\\/\\\/vinosomodena.it\\\/en\\\/prodotto\\\/nicola-gatta-quattrocento-40-lune-magnum\\\/#primaryimage\",\"url\":\"https:\\\/\\\/vinosomodena.it\\\/wp-content\\\/uploads\\\/2024\\\/09\\\/FILE17.png\",\"contentUrl\":\"https:\\\/\\\/vinosomodena.it\\\/wp-content\\\/uploads\\\/2024\\\/09\\\/FILE17.png\",\"width\":3600,\"height\":5400},{\"@type\":\"BreadcrumbList\",\"@id\":\"https:\\\/\\\/vinosomodena.it\\\/en\\\/prodotto\\\/nicola-gatta-quattrocento-40-lune-magnum\\\/#breadcrumb\",\"itemListElement\":[{\"@type\":\"ListItem\",\"position\":1,\"name\":\"Home\",\"item\":\"https:\\\/\\\/vinosomodena.it\\\/\"},{\"@type\":\"ListItem\",\"position\":2,\"name\":\"Shop\",\"item\":\"https:\\\/\\\/vinosomodena.it\\\/negozio\\\/\"},{\"@type\":\"ListItem\",\"position\":3,\"name\":\"Nicola Gatta Quattrocento 40 Lune MAGNUM SBOC 03\\\/2022\"}]},{\"@type\":\"WebSite\",\"@id\":\"https:\\\/\\\/vinosomodena.it\\\/#website\",\"url\":\"https:\\\/\\\/vinosomodena.it\\\/\",\"name\":\"Vinoso Modena\",\"description\":\"I migliori vini, le annate storiche e molto altro ancora.\",\"potentialAction\":[{\"@type\":\"SearchAction\",\"target\":{\"@type\":\"EntryPoint\",\"urlTemplate\":\"https:\\\/\\\/vinosomodena.it\\\/?s={search_term_string}\"},\"query-input\":{\"@type\":\"PropertyValueSpecification\",\"valueRequired\":true,\"valueName\":\"search_term_string\"}}],\"inLanguage\":\"en-US\"}]}<\/script>\n<!-- \/ Yoast SEO plugin. -->","yoast_head_json":{"title":"Nicola Gatta Quattrocento 40 Lune MAGNUM SBOC 03\/2022 - Vinoso Modena","robots":{"index":"index","follow":"follow","max-snippet":"max-snippet:-1","max-image-preview":"max-image-preview:large","max-video-preview":"max-video-preview:-1"},"canonical":"https:\/\/vinosomodena.it\/en\/prodotto\/nicola-gatta-quattrocento-40-lune-magnum\/","og_locale":"en_US","og_type":"article","og_title":"Nicola Gatta Quattrocento 40 Lune MAGNUM SBOC 03\/2022 - Vinoso Modena","og_description":"Lo Spumante Metodo Classico Extra Brut \u201cQuattrocento 40 Lune\u201d\u00a0stupisce per vitalit\u00e0 e dinamica gustativa, ed \u00e8 forse il compromesso pi\u00f9 spensierato tra i vini di Nicola nel congiungere beva irresistibile all'immancabile complessit\u00e0 che contraddistingue i suoi liquidi.\u00a0Il \u201cQuattrocento 40 Lune\u201d \u00e8 uno spumante ottenuto da un uvaggio di Chardonnay e Pinot Nero, con uve coltivate in quel di Gussago seguendo una filosofia sostenibile che segue i precetti della biodinamica. In cantina, dopo raccolta delle uve con attenzione maniacale al grado di maturazione, si prosegue con fermentazione alcolica spontanea sui vini base che non vengono filtrati o chiarificati. Rifermentazione in bottiglia e\u00a0lungo affinamento sui lieviti\u00a0\u00e8 di circa 40 mesi","og_url":"https:\/\/vinosomodena.it\/en\/prodotto\/nicola-gatta-quattrocento-40-lune-magnum\/","og_site_name":"Vinoso Modena","article_modified_time":"2026-03-13T16:48:37+00:00","og_image":[{"width":683,"height":1024,"url":"https:\/\/vinosomodena.it\/wp-content\/uploads\/2024\/09\/FILE17-683x1024.png","type":"image\/png"}],"twitter_card":"summary_large_image","schema":{"@context":"https:\/\/schema.org","@graph":[{"@type":"WebPage","@id":"https:\/\/vinosomodena.it\/en\/prodotto\/nicola-gatta-quattrocento-40-lune-magnum\/","url":"https:\/\/vinosomodena.it\/en\/prodotto\/nicola-gatta-quattrocento-40-lune-magnum\/","name":"Nicola Gatta Quattrocento 40 Lune MAGNUM SBOC 03\/2022 - Vinoso Modena","isPartOf":{"@id":"https:\/\/vinosomodena.it\/#website"},"primaryImageOfPage":{"@id":"https:\/\/vinosomodena.it\/en\/prodotto\/nicola-gatta-quattrocento-40-lune-magnum\/#primaryimage"},"image":{"@id":"https:\/\/vinosomodena.it\/en\/prodotto\/nicola-gatta-quattrocento-40-lune-magnum\/#primaryimage"},"thumbnailUrl":"https:\/\/vinosomodena.it\/wp-content\/uploads\/2024\/09\/FILE17.png","datePublished":"2021-05-18T16:27:29+00:00","dateModified":"2026-03-13T16:48:37+00:00","breadcrumb":{"@id":"https:\/\/vinosomodena.it\/en\/prodotto\/nicola-gatta-quattrocento-40-lune-magnum\/#breadcrumb"},"inLanguage":"en-US","potentialAction":[{"@type":"ReadAction","target":["https:\/\/vinosomodena.it\/en\/prodotto\/nicola-gatta-quattrocento-40-lune-magnum\/"]}]},{"@type":"ImageObject","inLanguage":"en-US","@id":"https:\/\/vinosomodena.it\/en\/prodotto\/nicola-gatta-quattrocento-40-lune-magnum\/#primaryimage","url":"https:\/\/vinosomodena.it\/wp-content\/uploads\/2024\/09\/FILE17.png","contentUrl":"https:\/\/vinosomodena.it\/wp-content\/uploads\/2024\/09\/FILE17.png","width":3600,"height":5400},{"@type":"BreadcrumbList","@id":"https:\/\/vinosomodena.it\/en\/prodotto\/nicola-gatta-quattrocento-40-lune-magnum\/#breadcrumb","itemListElement":[{"@type":"ListItem","position":1,"name":"Home","item":"https:\/\/vinosomodena.it\/"},{"@type":"ListItem","position":2,"name":"Shop","item":"https:\/\/vinosomodena.it\/negozio\/"},{"@type":"ListItem","position":3,"name":"Nicola Gatta Quattrocento 40 Lune MAGNUM SBOC 03\/2022"}]},{"@type":"WebSite","@id":"https:\/\/vinosomodena.it\/#website","url":"https:\/\/vinosomodena.it\/","name":"Vinoso Modena","description":"I migliori vini, le annate storiche e molto altro ancora.","potentialAction":[{"@type":"SearchAction","target":{"@type":"EntryPoint","urlTemplate":"https:\/\/vinosomodena.it\/?s={search_term_string}"},"query-input":{"@type":"PropertyValueSpecification","valueRequired":true,"valueName":"search_term_string"}}],"inLanguage":"en-US"}]}},"jetpack_sharing_enabled":true,"_links":{"self":[{"href":"https:\/\/vinosomodena.it\/en\/wp-json\/wp\/v2\/product\/11009","targetHints":{"allow":["GET"]}}],"collection":[{"href":"https:\/\/vinosomodena.it\/en\/wp-json\/wp\/v2\/product"}],"about":[{"href":"https:\/\/vinosomodena.it\/en\/wp-json\/wp\/v2\/types\/product"}],"wp:featuredmedia":[{"embeddable":true,"href":"https:\/\/vinosomodena.it\/en\/wp-json\/wp\/v2\/media\/18138"}],"wp:attachment":[{"href":"https:\/\/vinosomodena.it\/en\/wp-json\/wp\/v2\/media?parent=11009"}],"wp:term":[{"taxonomy":"product_brand","embeddable":true,"href":"https:\/\/vinosomodena.it\/en\/wp-json\/wp\/v2\/product_brand?post=11009"},{"taxonomy":"product_cat","embeddable":true,"href":"https:\/\/vinosomodena.it\/en\/wp-json\/wp\/v2\/product_cat?post=11009"},{"taxonomy":"product_tag","embeddable":true,"href":"https:\/\/vinosomodena.it\/en\/wp-json\/wp\/v2\/product_tag?post=11009"}],"curies":[{"name":"wp","href":"https:\/\/api.w.org\/{rel}","templated":true}]}}