{"id":11044,"date":"2021-05-04T09:53:25","date_gmt":"2021-05-04T07:53:25","guid":{"rendered":"https:\/\/vinosomodena.it\/prodotto\/tenuta-fertuna-pactio-2016\/"},"modified":"2025-02-12T10:31:29","modified_gmt":"2025-02-12T09:31:29","slug":"tenuta-fertuna-pactio-2016","status":"publish","type":"product","link":"https:\/\/vinosomodena.it\/en\/prodotto\/tenuta-fertuna-pactio-2016\/","title":{"rendered":"Tenuta Fertuna Pactio 2019"},"content":{"rendered":"","protected":false},"excerpt":{"rendered":"<p>Il \u201cPactio\u201d di Tenuta Fertuna \u00e8 un rosso prodotto nell\u2019area collinare della Maremma grossetana capace di esprimere il volto pi\u00f9 tipico e il carattere pi\u00f9 autentico di queste terre. \u00c8 un blend con una percentuale maggioritaria di Sangiovese a cui si uniscono due tra i pi\u00f9 famosi e diffusi vitigni internazionali: il Cabernet Sauvignon e il Merlot. La scelta di un affinamento piuttosto breve in legno privilegia l\u2019espressione diretta delle\u00a0caratteristiche varietali\u00a0delle uve, capaci di portare in primo piano aromi fruttati, ricchi, intensi e maturi, sostenuti da una buona freschezza che contribuisce a completare l\u2019equilibrio complessivo del vino<\/p>\n","protected":false},"featured_media":20391,"template":"","meta":{"_acf_changed":false},"product_brand":[],"product_cat":[2579],"product_tag":[],"class_list":{"0":"post-11044","1":"product","2":"type-product","3":"status-publish","4":"has-post-thumbnail","6":"product_cat-red-wine","8":"first","9":"outofstock","10":"purchasable","11":"product-type-simple"},"acf":[],"yoast_head":"<!-- This site is optimized with the Yoast SEO plugin v27.0 - https:\/\/yoast.com\/product\/yoast-seo-wordpress\/ -->\n<title>Tenuta Fertuna Pactio 2019 - Vinoso Modena<\/title>\n<meta name=\"robots\" content=\"index, follow, max-snippet:-1, max-image-preview:large, max-video-preview:-1\" \/>\n<link rel=\"canonical\" href=\"https:\/\/vinosomodena.it\/en\/prodotto\/tenuta-fertuna-pactio-2016\/\" \/>\n<meta property=\"og:locale\" content=\"en_US\" \/>\n<meta property=\"og:type\" content=\"article\" \/>\n<meta property=\"og:title\" content=\"Tenuta Fertuna Pactio 2019 - Vinoso Modena\" \/>\n<meta property=\"og:description\" content=\"Il \u201cPactio\u201d di Tenuta Fertuna \u00e8 un rosso prodotto nell\u2019area collinare della Maremma grossetana capace di esprimere il volto pi\u00f9 tipico e il carattere pi\u00f9 autentico di queste terre. \u00c8 un blend con una percentuale maggioritaria di Sangiovese a cui si uniscono due tra i pi\u00f9 famosi e diffusi vitigni internazionali: il Cabernet Sauvignon e il Merlot. La scelta di un affinamento piuttosto breve in legno privilegia l\u2019espressione diretta delle\u00a0caratteristiche varietali\u00a0delle uve, capaci di portare in primo piano aromi fruttati, ricchi, intensi e maturi, sostenuti da una buona freschezza che contribuisce a completare l\u2019equilibrio complessivo del vino\" \/>\n<meta property=\"og:url\" content=\"https:\/\/vinosomodena.it\/en\/prodotto\/tenuta-fertuna-pactio-2016\/\" \/>\n<meta property=\"og:site_name\" content=\"Vinoso Modena\" \/>\n<meta property=\"article:modified_time\" content=\"2025-02-12T09:31:29+00:00\" \/>\n<meta property=\"og:image\" content=\"https:\/\/vinosomodena.it\/wp-content\/uploads\/2025\/02\/FILE25-683x1024.png\" \/>\n\t<meta property=\"og:image:width\" content=\"683\" \/>\n\t<meta property=\"og:image:height\" content=\"1024\" \/>\n\t<meta property=\"og:image:type\" content=\"image\/png\" \/>\n<meta name=\"twitter:card\" content=\"summary_large_image\" \/>\n<script type=\"application\/ld+json\" class=\"yoast-schema-graph\">{\"@context\":\"https:\/\/schema.org\",\"@graph\":[{\"@type\":\"WebPage\",\"@id\":\"https:\/\/vinosomodena.it\/en\/prodotto\/tenuta-fertuna-pactio-2016\/\",\"url\":\"https:\/\/vinosomodena.it\/en\/prodotto\/tenuta-fertuna-pactio-2016\/\",\"name\":\"Tenuta Fertuna Pactio 2019 - Vinoso Modena\",\"isPartOf\":{\"@id\":\"https:\/\/vinosomodena.it\/#website\"},\"primaryImageOfPage\":{\"@id\":\"https:\/\/vinosomodena.it\/en\/prodotto\/tenuta-fertuna-pactio-2016\/#primaryimage\"},\"image\":{\"@id\":\"https:\/\/vinosomodena.it\/en\/prodotto\/tenuta-fertuna-pactio-2016\/#primaryimage\"},\"thumbnailUrl\":\"https:\/\/vinosomodena.it\/wp-content\/uploads\/2025\/02\/FILE25.png\",\"datePublished\":\"2021-05-04T07:53:25+00:00\",\"dateModified\":\"2025-02-12T09:31:29+00:00\",\"breadcrumb\":{\"@id\":\"https:\/\/vinosomodena.it\/en\/prodotto\/tenuta-fertuna-pactio-2016\/#breadcrumb\"},\"inLanguage\":\"en-US\",\"potentialAction\":[{\"@type\":\"ReadAction\",\"target\":[\"https:\/\/vinosomodena.it\/en\/prodotto\/tenuta-fertuna-pactio-2016\/\"]}]},{\"@type\":\"ImageObject\",\"inLanguage\":\"en-US\",\"@id\":\"https:\/\/vinosomodena.it\/en\/prodotto\/tenuta-fertuna-pactio-2016\/#primaryimage\",\"url\":\"https:\/\/vinosomodena.it\/wp-content\/uploads\/2025\/02\/FILE25.png\",\"contentUrl\":\"https:\/\/vinosomodena.it\/wp-content\/uploads\/2025\/02\/FILE25.png\",\"width\":3600,\"height\":5400},{\"@type\":\"BreadcrumbList\",\"@id\":\"https:\/\/vinosomodena.it\/en\/prodotto\/tenuta-fertuna-pactio-2016\/#breadcrumb\",\"itemListElement\":[{\"@type\":\"ListItem\",\"position\":1,\"name\":\"Home\",\"item\":\"https:\/\/vinosomodena.it\/\"},{\"@type\":\"ListItem\",\"position\":2,\"name\":\"Shop\",\"item\":\"https:\/\/vinosomodena.it\/negozio\/\"},{\"@type\":\"ListItem\",\"position\":3,\"name\":\"Tenuta Fertuna Pactio 2019\"}]},{\"@type\":\"WebSite\",\"@id\":\"https:\/\/vinosomodena.it\/#website\",\"url\":\"https:\/\/vinosomodena.it\/\",\"name\":\"Vinoso Modena\",\"description\":\"I migliori vini, le annate storiche e molto altro ancora.\",\"potentialAction\":[{\"@type\":\"SearchAction\",\"target\":{\"@type\":\"EntryPoint\",\"urlTemplate\":\"https:\/\/vinosomodena.it\/?s={search_term_string}\"},\"query-input\":{\"@type\":\"PropertyValueSpecification\",\"valueRequired\":true,\"valueName\":\"search_term_string\"}}],\"inLanguage\":\"en-US\"}]}<\/script>\n<!-- \/ Yoast SEO plugin. -->","yoast_head_json":{"title":"Tenuta Fertuna Pactio 2019 - Vinoso Modena","robots":{"index":"index","follow":"follow","max-snippet":"max-snippet:-1","max-image-preview":"max-image-preview:large","max-video-preview":"max-video-preview:-1"},"canonical":"https:\/\/vinosomodena.it\/en\/prodotto\/tenuta-fertuna-pactio-2016\/","og_locale":"en_US","og_type":"article","og_title":"Tenuta Fertuna Pactio 2019 - Vinoso Modena","og_description":"Il \u201cPactio\u201d di Tenuta Fertuna \u00e8 un rosso prodotto nell\u2019area collinare della Maremma grossetana capace di esprimere il volto pi\u00f9 tipico e il carattere pi\u00f9 autentico di queste terre. \u00c8 un blend con una percentuale maggioritaria di Sangiovese a cui si uniscono due tra i pi\u00f9 famosi e diffusi vitigni internazionali: il Cabernet Sauvignon e il Merlot. La scelta di un affinamento piuttosto breve in legno privilegia l\u2019espressione diretta delle\u00a0caratteristiche varietali\u00a0delle uve, capaci di portare in primo piano aromi fruttati, ricchi, intensi e maturi, sostenuti da una buona freschezza che contribuisce a completare l\u2019equilibrio complessivo del vino","og_url":"https:\/\/vinosomodena.it\/en\/prodotto\/tenuta-fertuna-pactio-2016\/","og_site_name":"Vinoso Modena","article_modified_time":"2025-02-12T09:31:29+00:00","og_image":[{"width":683,"height":1024,"url":"https:\/\/vinosomodena.it\/wp-content\/uploads\/2025\/02\/FILE25-683x1024.png","type":"image\/png"}],"twitter_card":"summary_large_image","schema":{"@context":"https:\/\/schema.org","@graph":[{"@type":"WebPage","@id":"https:\/\/vinosomodena.it\/en\/prodotto\/tenuta-fertuna-pactio-2016\/","url":"https:\/\/vinosomodena.it\/en\/prodotto\/tenuta-fertuna-pactio-2016\/","name":"Tenuta Fertuna Pactio 2019 - Vinoso Modena","isPartOf":{"@id":"https:\/\/vinosomodena.it\/#website"},"primaryImageOfPage":{"@id":"https:\/\/vinosomodena.it\/en\/prodotto\/tenuta-fertuna-pactio-2016\/#primaryimage"},"image":{"@id":"https:\/\/vinosomodena.it\/en\/prodotto\/tenuta-fertuna-pactio-2016\/#primaryimage"},"thumbnailUrl":"https:\/\/vinosomodena.it\/wp-content\/uploads\/2025\/02\/FILE25.png","datePublished":"2021-05-04T07:53:25+00:00","dateModified":"2025-02-12T09:31:29+00:00","breadcrumb":{"@id":"https:\/\/vinosomodena.it\/en\/prodotto\/tenuta-fertuna-pactio-2016\/#breadcrumb"},"inLanguage":"en-US","potentialAction":[{"@type":"ReadAction","target":["https:\/\/vinosomodena.it\/en\/prodotto\/tenuta-fertuna-pactio-2016\/"]}]},{"@type":"ImageObject","inLanguage":"en-US","@id":"https:\/\/vinosomodena.it\/en\/prodotto\/tenuta-fertuna-pactio-2016\/#primaryimage","url":"https:\/\/vinosomodena.it\/wp-content\/uploads\/2025\/02\/FILE25.png","contentUrl":"https:\/\/vinosomodena.it\/wp-content\/uploads\/2025\/02\/FILE25.png","width":3600,"height":5400},{"@type":"BreadcrumbList","@id":"https:\/\/vinosomodena.it\/en\/prodotto\/tenuta-fertuna-pactio-2016\/#breadcrumb","itemListElement":[{"@type":"ListItem","position":1,"name":"Home","item":"https:\/\/vinosomodena.it\/"},{"@type":"ListItem","position":2,"name":"Shop","item":"https:\/\/vinosomodena.it\/negozio\/"},{"@type":"ListItem","position":3,"name":"Tenuta Fertuna Pactio 2019"}]},{"@type":"WebSite","@id":"https:\/\/vinosomodena.it\/#website","url":"https:\/\/vinosomodena.it\/","name":"Vinoso Modena","description":"I migliori vini, le annate storiche e molto altro ancora.","potentialAction":[{"@type":"SearchAction","target":{"@type":"EntryPoint","urlTemplate":"https:\/\/vinosomodena.it\/?s={search_term_string}"},"query-input":{"@type":"PropertyValueSpecification","valueRequired":true,"valueName":"search_term_string"}}],"inLanguage":"en-US"}]}},"jetpack_sharing_enabled":true,"_links":{"self":[{"href":"https:\/\/vinosomodena.it\/en\/wp-json\/wp\/v2\/product\/11044","targetHints":{"allow":["GET"]}}],"collection":[{"href":"https:\/\/vinosomodena.it\/en\/wp-json\/wp\/v2\/product"}],"about":[{"href":"https:\/\/vinosomodena.it\/en\/wp-json\/wp\/v2\/types\/product"}],"wp:featuredmedia":[{"embeddable":true,"href":"https:\/\/vinosomodena.it\/en\/wp-json\/wp\/v2\/media\/20391"}],"wp:attachment":[{"href":"https:\/\/vinosomodena.it\/en\/wp-json\/wp\/v2\/media?parent=11044"}],"wp:term":[{"taxonomy":"product_brand","embeddable":true,"href":"https:\/\/vinosomodena.it\/en\/wp-json\/wp\/v2\/product_brand?post=11044"},{"taxonomy":"product_cat","embeddable":true,"href":"https:\/\/vinosomodena.it\/en\/wp-json\/wp\/v2\/product_cat?post=11044"},{"taxonomy":"product_tag","embeddable":true,"href":"https:\/\/vinosomodena.it\/en\/wp-json\/wp\/v2\/product_tag?post=11044"}],"curies":[{"name":"wp","href":"https:\/\/api.w.org\/{rel}","templated":true}]}}