{"id":11057,"date":"2021-04-26T17:30:29","date_gmt":"2021-04-26T15:30:29","guid":{"rendered":"https:\/\/vinosomodena.it\/prodotto\/patagonia-pinot-noir-cincuenta-y-cinco-chacra\/"},"modified":"2024-03-22T22:45:18","modified_gmt":"2024-03-22T21:45:18","slug":"patagonia-pinot-noir-cincuenta-y-cinco-chacra","status":"publish","type":"product","link":"https:\/\/vinosomodena.it\/en\/prodotto\/patagonia-pinot-noir-cincuenta-y-cinco-chacra\/","title":{"rendered":"Patagonia Pinot Noir \u201cCincuenta y Cinco\u201d Chacra"},"content":{"rendered":"","protected":false},"excerpt":{"rendered":"<p>Il Patagonia Pinot Noir \u201cCincuenta y Cinco\u201d, prodotto dalla Bodega Chacra, \u00e8 certificato biologico, e naturale non solo nel riconoscimento. \u00c8 ottenuto con uve di pinot nero vinificate in purezza, ed \u00e8 stato lasciato maturare per 14 mesi in botti di rovere francese. Vi trasporter\u00e0 direttamente nel paese del tango e della passione.<\/p>\n","protected":false},"featured_media":11058,"template":"","meta":{"_acf_changed":false},"product_brand":[],"product_cat":[2579],"product_tag":[],"class_list":{"0":"post-11057","1":"product","2":"type-product","3":"status-publish","4":"has-post-thumbnail","6":"product_cat-red-wine","8":"first","9":"instock","10":"sold-individually","11":"product-type-simple"},"acf":[],"yoast_head":"<!-- This site is optimized with the Yoast SEO plugin v27.0 - https:\/\/yoast.com\/product\/yoast-seo-wordpress\/ -->\n<title>Patagonia Pinot Noir \u201cCincuenta y Cinco\u201d Chacra - Vinoso Modena<\/title>\n<meta name=\"robots\" content=\"index, follow, max-snippet:-1, max-image-preview:large, max-video-preview:-1\" \/>\n<link rel=\"canonical\" href=\"https:\/\/vinosomodena.it\/en\/prodotto\/patagonia-pinot-noir-cincuenta-y-cinco-chacra\/\" \/>\n<meta property=\"og:locale\" content=\"en_US\" \/>\n<meta property=\"og:type\" content=\"article\" \/>\n<meta property=\"og:title\" content=\"Patagonia Pinot Noir \u201cCincuenta y Cinco\u201d Chacra - Vinoso Modena\" \/>\n<meta property=\"og:description\" content=\"Il Patagonia Pinot Noir \u201cCincuenta y Cinco\u201d, prodotto dalla Bodega Chacra, \u00e8 certificato biologico, e naturale non solo nel riconoscimento. \u00c8 ottenuto con uve di pinot nero vinificate in purezza, ed \u00e8 stato lasciato maturare per 14 mesi in botti di rovere francese. Vi trasporter\u00e0 direttamente nel paese del tango e della passione.\" \/>\n<meta property=\"og:url\" content=\"https:\/\/vinosomodena.it\/en\/prodotto\/patagonia-pinot-noir-cincuenta-y-cinco-chacra\/\" \/>\n<meta property=\"og:site_name\" content=\"Vinoso Modena\" \/>\n<meta property=\"article:modified_time\" content=\"2024-03-22T21:45:18+00:00\" \/>\n<meta property=\"og:image\" content=\"https:\/\/vinosomodena.it\/wp-content\/uploads\/2021\/04\/chacra.jpg\" \/>\n\t<meta property=\"og:image:width\" content=\"1500\" \/>\n\t<meta property=\"og:image:height\" content=\"1923\" \/>\n\t<meta property=\"og:image:type\" content=\"image\/jpeg\" \/>\n<meta name=\"twitter:card\" content=\"summary_large_image\" \/>\n<script type=\"application\/ld+json\" class=\"yoast-schema-graph\">{\"@context\":\"https:\/\/schema.org\",\"@graph\":[{\"@type\":\"WebPage\",\"@id\":\"https:\/\/vinosomodena.it\/en\/prodotto\/patagonia-pinot-noir-cincuenta-y-cinco-chacra\/\",\"url\":\"https:\/\/vinosomodena.it\/en\/prodotto\/patagonia-pinot-noir-cincuenta-y-cinco-chacra\/\",\"name\":\"Patagonia Pinot Noir \u201cCincuenta y Cinco\u201d Chacra - Vinoso Modena\",\"isPartOf\":{\"@id\":\"https:\/\/vinosomodena.it\/#website\"},\"primaryImageOfPage\":{\"@id\":\"https:\/\/vinosomodena.it\/en\/prodotto\/patagonia-pinot-noir-cincuenta-y-cinco-chacra\/#primaryimage\"},\"image\":{\"@id\":\"https:\/\/vinosomodena.it\/en\/prodotto\/patagonia-pinot-noir-cincuenta-y-cinco-chacra\/#primaryimage\"},\"thumbnailUrl\":\"https:\/\/vinosomodena.it\/wp-content\/uploads\/2021\/04\/chacra.jpg\",\"datePublished\":\"2021-04-26T15:30:29+00:00\",\"dateModified\":\"2024-03-22T21:45:18+00:00\",\"breadcrumb\":{\"@id\":\"https:\/\/vinosomodena.it\/en\/prodotto\/patagonia-pinot-noir-cincuenta-y-cinco-chacra\/#breadcrumb\"},\"inLanguage\":\"en-US\",\"potentialAction\":[{\"@type\":\"ReadAction\",\"target\":[\"https:\/\/vinosomodena.it\/en\/prodotto\/patagonia-pinot-noir-cincuenta-y-cinco-chacra\/\"]}]},{\"@type\":\"ImageObject\",\"inLanguage\":\"en-US\",\"@id\":\"https:\/\/vinosomodena.it\/en\/prodotto\/patagonia-pinot-noir-cincuenta-y-cinco-chacra\/#primaryimage\",\"url\":\"https:\/\/vinosomodena.it\/wp-content\/uploads\/2021\/04\/chacra.jpg\",\"contentUrl\":\"https:\/\/vinosomodena.it\/wp-content\/uploads\/2021\/04\/chacra.jpg\",\"width\":1500,\"height\":1923},{\"@type\":\"BreadcrumbList\",\"@id\":\"https:\/\/vinosomodena.it\/en\/prodotto\/patagonia-pinot-noir-cincuenta-y-cinco-chacra\/#breadcrumb\",\"itemListElement\":[{\"@type\":\"ListItem\",\"position\":1,\"name\":\"Home\",\"item\":\"https:\/\/vinosomodena.it\/\"},{\"@type\":\"ListItem\",\"position\":2,\"name\":\"Shop\",\"item\":\"https:\/\/vinosomodena.it\/negozio\/\"},{\"@type\":\"ListItem\",\"position\":3,\"name\":\"Patagonia Pinot Noir \u201cCincuenta y Cinco\u201d Chacra\"}]},{\"@type\":\"WebSite\",\"@id\":\"https:\/\/vinosomodena.it\/#website\",\"url\":\"https:\/\/vinosomodena.it\/\",\"name\":\"Vinoso Modena\",\"description\":\"I migliori vini, le annate storiche e molto altro ancora.\",\"potentialAction\":[{\"@type\":\"SearchAction\",\"target\":{\"@type\":\"EntryPoint\",\"urlTemplate\":\"https:\/\/vinosomodena.it\/?s={search_term_string}\"},\"query-input\":{\"@type\":\"PropertyValueSpecification\",\"valueRequired\":true,\"valueName\":\"search_term_string\"}}],\"inLanguage\":\"en-US\"}]}<\/script>\n<!-- \/ Yoast SEO plugin. -->","yoast_head_json":{"title":"Patagonia Pinot Noir \u201cCincuenta y Cinco\u201d Chacra - Vinoso Modena","robots":{"index":"index","follow":"follow","max-snippet":"max-snippet:-1","max-image-preview":"max-image-preview:large","max-video-preview":"max-video-preview:-1"},"canonical":"https:\/\/vinosomodena.it\/en\/prodotto\/patagonia-pinot-noir-cincuenta-y-cinco-chacra\/","og_locale":"en_US","og_type":"article","og_title":"Patagonia Pinot Noir \u201cCincuenta y Cinco\u201d Chacra - Vinoso Modena","og_description":"Il Patagonia Pinot Noir \u201cCincuenta y Cinco\u201d, prodotto dalla Bodega Chacra, \u00e8 certificato biologico, e naturale non solo nel riconoscimento. \u00c8 ottenuto con uve di pinot nero vinificate in purezza, ed \u00e8 stato lasciato maturare per 14 mesi in botti di rovere francese. Vi trasporter\u00e0 direttamente nel paese del tango e della passione.","og_url":"https:\/\/vinosomodena.it\/en\/prodotto\/patagonia-pinot-noir-cincuenta-y-cinco-chacra\/","og_site_name":"Vinoso Modena","article_modified_time":"2024-03-22T21:45:18+00:00","og_image":[{"width":1500,"height":1923,"url":"https:\/\/vinosomodena.it\/wp-content\/uploads\/2021\/04\/chacra.jpg","type":"image\/jpeg"}],"twitter_card":"summary_large_image","schema":{"@context":"https:\/\/schema.org","@graph":[{"@type":"WebPage","@id":"https:\/\/vinosomodena.it\/en\/prodotto\/patagonia-pinot-noir-cincuenta-y-cinco-chacra\/","url":"https:\/\/vinosomodena.it\/en\/prodotto\/patagonia-pinot-noir-cincuenta-y-cinco-chacra\/","name":"Patagonia Pinot Noir \u201cCincuenta y Cinco\u201d Chacra - Vinoso Modena","isPartOf":{"@id":"https:\/\/vinosomodena.it\/#website"},"primaryImageOfPage":{"@id":"https:\/\/vinosomodena.it\/en\/prodotto\/patagonia-pinot-noir-cincuenta-y-cinco-chacra\/#primaryimage"},"image":{"@id":"https:\/\/vinosomodena.it\/en\/prodotto\/patagonia-pinot-noir-cincuenta-y-cinco-chacra\/#primaryimage"},"thumbnailUrl":"https:\/\/vinosomodena.it\/wp-content\/uploads\/2021\/04\/chacra.jpg","datePublished":"2021-04-26T15:30:29+00:00","dateModified":"2024-03-22T21:45:18+00:00","breadcrumb":{"@id":"https:\/\/vinosomodena.it\/en\/prodotto\/patagonia-pinot-noir-cincuenta-y-cinco-chacra\/#breadcrumb"},"inLanguage":"en-US","potentialAction":[{"@type":"ReadAction","target":["https:\/\/vinosomodena.it\/en\/prodotto\/patagonia-pinot-noir-cincuenta-y-cinco-chacra\/"]}]},{"@type":"ImageObject","inLanguage":"en-US","@id":"https:\/\/vinosomodena.it\/en\/prodotto\/patagonia-pinot-noir-cincuenta-y-cinco-chacra\/#primaryimage","url":"https:\/\/vinosomodena.it\/wp-content\/uploads\/2021\/04\/chacra.jpg","contentUrl":"https:\/\/vinosomodena.it\/wp-content\/uploads\/2021\/04\/chacra.jpg","width":1500,"height":1923},{"@type":"BreadcrumbList","@id":"https:\/\/vinosomodena.it\/en\/prodotto\/patagonia-pinot-noir-cincuenta-y-cinco-chacra\/#breadcrumb","itemListElement":[{"@type":"ListItem","position":1,"name":"Home","item":"https:\/\/vinosomodena.it\/"},{"@type":"ListItem","position":2,"name":"Shop","item":"https:\/\/vinosomodena.it\/negozio\/"},{"@type":"ListItem","position":3,"name":"Patagonia Pinot Noir \u201cCincuenta y Cinco\u201d Chacra"}]},{"@type":"WebSite","@id":"https:\/\/vinosomodena.it\/#website","url":"https:\/\/vinosomodena.it\/","name":"Vinoso Modena","description":"I migliori vini, le annate storiche e molto altro ancora.","potentialAction":[{"@type":"SearchAction","target":{"@type":"EntryPoint","urlTemplate":"https:\/\/vinosomodena.it\/?s={search_term_string}"},"query-input":{"@type":"PropertyValueSpecification","valueRequired":true,"valueName":"search_term_string"}}],"inLanguage":"en-US"}]}},"jetpack_sharing_enabled":true,"_links":{"self":[{"href":"https:\/\/vinosomodena.it\/en\/wp-json\/wp\/v2\/product\/11057","targetHints":{"allow":["GET"]}}],"collection":[{"href":"https:\/\/vinosomodena.it\/en\/wp-json\/wp\/v2\/product"}],"about":[{"href":"https:\/\/vinosomodena.it\/en\/wp-json\/wp\/v2\/types\/product"}],"wp:featuredmedia":[{"embeddable":true,"href":"https:\/\/vinosomodena.it\/en\/wp-json\/wp\/v2\/media\/11058"}],"wp:attachment":[{"href":"https:\/\/vinosomodena.it\/en\/wp-json\/wp\/v2\/media?parent=11057"}],"wp:term":[{"taxonomy":"product_brand","embeddable":true,"href":"https:\/\/vinosomodena.it\/en\/wp-json\/wp\/v2\/product_brand?post=11057"},{"taxonomy":"product_cat","embeddable":true,"href":"https:\/\/vinosomodena.it\/en\/wp-json\/wp\/v2\/product_cat?post=11057"},{"taxonomy":"product_tag","embeddable":true,"href":"https:\/\/vinosomodena.it\/en\/wp-json\/wp\/v2\/product_tag?post=11057"}],"curies":[{"name":"wp","href":"https:\/\/api.w.org\/{rel}","templated":true}]}}