{"id":11071,"date":"2021-04-16T13:42:38","date_gmt":"2021-04-16T11:42:38","guid":{"rendered":"https:\/\/vinosomodena.it\/?post_type=product&#038;p=11071"},"modified":"2026-03-13T10:25:43","modified_gmt":"2026-03-13T09:25:43","slug":"crissante-alessandria-barolo-del-comune-di-la-morra-2016","status":"publish","type":"product","link":"https:\/\/vinosomodena.it\/en\/prodotto\/crissante-alessandria-barolo-del-comune-di-la-morra-2016\/","title":{"rendered":"Crissante Alessandria Barolo del Comune di La Morra 2016 RISERVA"},"content":{"rendered":"<p>Questo Barolo di Crissante Alesandria dalla grande freschezza e complessit\u00e0, presenta evidenti sentori di ciliegia e fragola matura con uno sfondo di albicocca secca. Il tutto accompagnato da piacevoli note acide nel finale. In bocca \u00e8 pieno, di grande eleganza e raffinatezza con tannini setosi che rendono il palato piacevolmente pulito, \u00e8 un grande vino da meditazione e come tale pu\u00f2 essere gustato da solo in ampi calici di cristallo. Si abbina perfettamente alle carni, agli arrosti, ai formaggi e molti altri piatti.RISERVA 2016 DI UN ANNATA SOTRICA PER IL BAROLO<\/p>\n","protected":false},"excerpt":{"rendered":"<p>Questo Barolo di Crissante Alesandria dalla grande freschezza e complessit\u00e0, presenta evidenti sentori di ciliegia e fragola matura con uno sfondo di albicocca secca. Il tutto accompagnato da piacevoli note acide nel finale. In bocca \u00e8 pieno, di grande eleganza e raffinatezza con tannini setosi che rendono il palato piacevolmente pulito; \u00e8 un grande vino da meditazione e come tale pu\u00f2 essere gustato da solo in ampi calici di cristallo. Si abbina perfettamente alle carni, agli arrosti, ai formaggi e molti altri piatti.<\/p>\n<h4><\/h4>\n","protected":false},"featured_media":23780,"template":"","meta":{"_acf_changed":false},"product_brand":[],"product_cat":[2579],"product_tag":[],"class_list":{"0":"post-11071","1":"product","2":"type-product","3":"status-publish","4":"has-post-thumbnail","6":"product_cat-red-wine","8":"first","9":"instock","10":"purchasable","11":"product-type-simple"},"acf":[],"yoast_head":"<!-- This site is optimized with the Yoast SEO plugin v27.4 - https:\/\/yoast.com\/product\/yoast-seo-wordpress\/ -->\n<title>Crissante Alessandria Barolo del Comune di La Morra 2016 RISERVA - Vinoso Modena<\/title>\n<meta name=\"robots\" content=\"index, follow, max-snippet:-1, max-image-preview:large, max-video-preview:-1\" \/>\n<link rel=\"canonical\" href=\"https:\/\/vinosomodena.it\/en\/prodotto\/crissante-alessandria-barolo-del-comune-di-la-morra-2016\/\" \/>\n<meta property=\"og:locale\" content=\"en_US\" \/>\n<meta property=\"og:type\" content=\"article\" \/>\n<meta property=\"og:title\" content=\"Crissante Alessandria Barolo del Comune di La Morra 2016 RISERVA - Vinoso Modena\" \/>\n<meta property=\"og:description\" content=\"Questo Barolo di Crissante Alesandria dalla grande freschezza e complessit\u00e0, presenta evidenti sentori di ciliegia e fragola matura con uno sfondo di albicocca secca. Il tutto accompagnato da piacevoli note acide nel finale. In bocca \u00e8 pieno, di grande eleganza e raffinatezza con tannini setosi che rendono il palato piacevolmente pulito; \u00e8 un grande vino da meditazione e come tale pu\u00f2 essere gustato da solo in ampi calici di cristallo. Si abbina perfettamente alle carni, agli arrosti, ai formaggi e molti altri piatti.\" \/>\n<meta property=\"og:url\" content=\"https:\/\/vinosomodena.it\/en\/prodotto\/crissante-alessandria-barolo-del-comune-di-la-morra-2016\/\" \/>\n<meta property=\"og:site_name\" content=\"Vinoso Modena\" \/>\n<meta property=\"article:modified_time\" content=\"2026-03-13T09:25:43+00:00\" \/>\n<meta property=\"og:image\" content=\"https:\/\/vinosomodena.it\/wp-content\/uploads\/2025\/10\/FILE43.png\" \/>\n\t<meta property=\"og:image:width\" content=\"1600\" \/>\n\t<meta property=\"og:image:height\" content=\"2400\" \/>\n\t<meta property=\"og:image:type\" content=\"image\/png\" \/>\n<meta name=\"twitter:card\" content=\"summary_large_image\" \/>\n<script type=\"application\/ld+json\" class=\"yoast-schema-graph\">{\"@context\":\"https:\\\/\\\/schema.org\",\"@graph\":[{\"@type\":\"WebPage\",\"@id\":\"https:\\\/\\\/vinosomodena.it\\\/en\\\/prodotto\\\/crissante-alessandria-barolo-del-comune-di-la-morra-2016\\\/\",\"url\":\"https:\\\/\\\/vinosomodena.it\\\/en\\\/prodotto\\\/crissante-alessandria-barolo-del-comune-di-la-morra-2016\\\/\",\"name\":\"Crissante Alessandria Barolo del Comune di La Morra 2016 RISERVA - Vinoso Modena\",\"isPartOf\":{\"@id\":\"https:\\\/\\\/vinosomodena.it\\\/#website\"},\"primaryImageOfPage\":{\"@id\":\"https:\\\/\\\/vinosomodena.it\\\/en\\\/prodotto\\\/crissante-alessandria-barolo-del-comune-di-la-morra-2016\\\/#primaryimage\"},\"image\":{\"@id\":\"https:\\\/\\\/vinosomodena.it\\\/en\\\/prodotto\\\/crissante-alessandria-barolo-del-comune-di-la-morra-2016\\\/#primaryimage\"},\"thumbnailUrl\":\"https:\\\/\\\/vinosomodena.it\\\/wp-content\\\/uploads\\\/2025\\\/10\\\/FILE43.png\",\"datePublished\":\"2021-04-16T11:42:38+00:00\",\"dateModified\":\"2026-03-13T09:25:43+00:00\",\"breadcrumb\":{\"@id\":\"https:\\\/\\\/vinosomodena.it\\\/en\\\/prodotto\\\/crissante-alessandria-barolo-del-comune-di-la-morra-2016\\\/#breadcrumb\"},\"inLanguage\":\"en-US\",\"potentialAction\":[{\"@type\":\"ReadAction\",\"target\":[\"https:\\\/\\\/vinosomodena.it\\\/en\\\/prodotto\\\/crissante-alessandria-barolo-del-comune-di-la-morra-2016\\\/\"]}]},{\"@type\":\"ImageObject\",\"inLanguage\":\"en-US\",\"@id\":\"https:\\\/\\\/vinosomodena.it\\\/en\\\/prodotto\\\/crissante-alessandria-barolo-del-comune-di-la-morra-2016\\\/#primaryimage\",\"url\":\"https:\\\/\\\/vinosomodena.it\\\/wp-content\\\/uploads\\\/2025\\\/10\\\/FILE43.png\",\"contentUrl\":\"https:\\\/\\\/vinosomodena.it\\\/wp-content\\\/uploads\\\/2025\\\/10\\\/FILE43.png\",\"width\":1600,\"height\":2400},{\"@type\":\"BreadcrumbList\",\"@id\":\"https:\\\/\\\/vinosomodena.it\\\/en\\\/prodotto\\\/crissante-alessandria-barolo-del-comune-di-la-morra-2016\\\/#breadcrumb\",\"itemListElement\":[{\"@type\":\"ListItem\",\"position\":1,\"name\":\"Home\",\"item\":\"https:\\\/\\\/vinosomodena.it\\\/\"},{\"@type\":\"ListItem\",\"position\":2,\"name\":\"Shop\",\"item\":\"https:\\\/\\\/vinosomodena.it\\\/negozio\\\/\"},{\"@type\":\"ListItem\",\"position\":3,\"name\":\"Crissante Alessandria Barolo del Comune di La Morra 2016 RISERVA\"}]},{\"@type\":\"WebSite\",\"@id\":\"https:\\\/\\\/vinosomodena.it\\\/#website\",\"url\":\"https:\\\/\\\/vinosomodena.it\\\/\",\"name\":\"Vinoso Modena\",\"description\":\"I migliori vini, le annate storiche e molto altro ancora.\",\"potentialAction\":[{\"@type\":\"SearchAction\",\"target\":{\"@type\":\"EntryPoint\",\"urlTemplate\":\"https:\\\/\\\/vinosomodena.it\\\/?s={search_term_string}\"},\"query-input\":{\"@type\":\"PropertyValueSpecification\",\"valueRequired\":true,\"valueName\":\"search_term_string\"}}],\"inLanguage\":\"en-US\"}]}<\/script>\n<!-- \/ Yoast SEO plugin. -->","yoast_head_json":{"title":"Crissante Alessandria Barolo del Comune di La Morra 2016 RISERVA - Vinoso Modena","robots":{"index":"index","follow":"follow","max-snippet":"max-snippet:-1","max-image-preview":"max-image-preview:large","max-video-preview":"max-video-preview:-1"},"canonical":"https:\/\/vinosomodena.it\/en\/prodotto\/crissante-alessandria-barolo-del-comune-di-la-morra-2016\/","og_locale":"en_US","og_type":"article","og_title":"Crissante Alessandria Barolo del Comune di La Morra 2016 RISERVA - Vinoso Modena","og_description":"Questo Barolo di Crissante Alesandria dalla grande freschezza e complessit\u00e0, presenta evidenti sentori di ciliegia e fragola matura con uno sfondo di albicocca secca. Il tutto accompagnato da piacevoli note acide nel finale. In bocca \u00e8 pieno, di grande eleganza e raffinatezza con tannini setosi che rendono il palato piacevolmente pulito; \u00e8 un grande vino da meditazione e come tale pu\u00f2 essere gustato da solo in ampi calici di cristallo. Si abbina perfettamente alle carni, agli arrosti, ai formaggi e molti altri piatti.","og_url":"https:\/\/vinosomodena.it\/en\/prodotto\/crissante-alessandria-barolo-del-comune-di-la-morra-2016\/","og_site_name":"Vinoso Modena","article_modified_time":"2026-03-13T09:25:43+00:00","og_image":[{"width":1600,"height":2400,"url":"https:\/\/vinosomodena.it\/wp-content\/uploads\/2025\/10\/FILE43.png","type":"image\/png"}],"twitter_card":"summary_large_image","schema":{"@context":"https:\/\/schema.org","@graph":[{"@type":"WebPage","@id":"https:\/\/vinosomodena.it\/en\/prodotto\/crissante-alessandria-barolo-del-comune-di-la-morra-2016\/","url":"https:\/\/vinosomodena.it\/en\/prodotto\/crissante-alessandria-barolo-del-comune-di-la-morra-2016\/","name":"Crissante Alessandria Barolo del Comune di La Morra 2016 RISERVA - Vinoso Modena","isPartOf":{"@id":"https:\/\/vinosomodena.it\/#website"},"primaryImageOfPage":{"@id":"https:\/\/vinosomodena.it\/en\/prodotto\/crissante-alessandria-barolo-del-comune-di-la-morra-2016\/#primaryimage"},"image":{"@id":"https:\/\/vinosomodena.it\/en\/prodotto\/crissante-alessandria-barolo-del-comune-di-la-morra-2016\/#primaryimage"},"thumbnailUrl":"https:\/\/vinosomodena.it\/wp-content\/uploads\/2025\/10\/FILE43.png","datePublished":"2021-04-16T11:42:38+00:00","dateModified":"2026-03-13T09:25:43+00:00","breadcrumb":{"@id":"https:\/\/vinosomodena.it\/en\/prodotto\/crissante-alessandria-barolo-del-comune-di-la-morra-2016\/#breadcrumb"},"inLanguage":"en-US","potentialAction":[{"@type":"ReadAction","target":["https:\/\/vinosomodena.it\/en\/prodotto\/crissante-alessandria-barolo-del-comune-di-la-morra-2016\/"]}]},{"@type":"ImageObject","inLanguage":"en-US","@id":"https:\/\/vinosomodena.it\/en\/prodotto\/crissante-alessandria-barolo-del-comune-di-la-morra-2016\/#primaryimage","url":"https:\/\/vinosomodena.it\/wp-content\/uploads\/2025\/10\/FILE43.png","contentUrl":"https:\/\/vinosomodena.it\/wp-content\/uploads\/2025\/10\/FILE43.png","width":1600,"height":2400},{"@type":"BreadcrumbList","@id":"https:\/\/vinosomodena.it\/en\/prodotto\/crissante-alessandria-barolo-del-comune-di-la-morra-2016\/#breadcrumb","itemListElement":[{"@type":"ListItem","position":1,"name":"Home","item":"https:\/\/vinosomodena.it\/"},{"@type":"ListItem","position":2,"name":"Shop","item":"https:\/\/vinosomodena.it\/negozio\/"},{"@type":"ListItem","position":3,"name":"Crissante Alessandria Barolo del Comune di La Morra 2016 RISERVA"}]},{"@type":"WebSite","@id":"https:\/\/vinosomodena.it\/#website","url":"https:\/\/vinosomodena.it\/","name":"Vinoso Modena","description":"I migliori vini, le annate storiche e molto altro ancora.","potentialAction":[{"@type":"SearchAction","target":{"@type":"EntryPoint","urlTemplate":"https:\/\/vinosomodena.it\/?s={search_term_string}"},"query-input":{"@type":"PropertyValueSpecification","valueRequired":true,"valueName":"search_term_string"}}],"inLanguage":"en-US"}]}},"jetpack_sharing_enabled":true,"_links":{"self":[{"href":"https:\/\/vinosomodena.it\/en\/wp-json\/wp\/v2\/product\/11071","targetHints":{"allow":["GET"]}}],"collection":[{"href":"https:\/\/vinosomodena.it\/en\/wp-json\/wp\/v2\/product"}],"about":[{"href":"https:\/\/vinosomodena.it\/en\/wp-json\/wp\/v2\/types\/product"}],"wp:featuredmedia":[{"embeddable":true,"href":"https:\/\/vinosomodena.it\/en\/wp-json\/wp\/v2\/media\/23780"}],"wp:attachment":[{"href":"https:\/\/vinosomodena.it\/en\/wp-json\/wp\/v2\/media?parent=11071"}],"wp:term":[{"taxonomy":"product_brand","embeddable":true,"href":"https:\/\/vinosomodena.it\/en\/wp-json\/wp\/v2\/product_brand?post=11071"},{"taxonomy":"product_cat","embeddable":true,"href":"https:\/\/vinosomodena.it\/en\/wp-json\/wp\/v2\/product_cat?post=11071"},{"taxonomy":"product_tag","embeddable":true,"href":"https:\/\/vinosomodena.it\/en\/wp-json\/wp\/v2\/product_tag?post=11071"}],"curies":[{"name":"wp","href":"https:\/\/api.w.org\/{rel}","templated":true}]}}