{"id":11219,"date":"2021-03-29T11:41:03","date_gmt":"2021-03-29T09:41:03","guid":{"rendered":"https:\/\/vinosomodena.it\/prodotto\/christian-gosset-brut-a01\/"},"modified":"2026-01-04T11:49:50","modified_gmt":"2026-01-04T10:49:50","slug":"christian-gosset-brut-a01","status":"publish","type":"product","link":"https:\/\/vinosomodena.it\/en\/prodotto\/christian-gosset-brut-a01\/","title":{"rendered":"Christian Gosset Brut A01"},"content":{"rendered":"<p>Lo Champagne Brut A01 Christian Gosset \u00e8 un assemblaggio di due importanti Grand Crus: 80% di Pinot Noir di Ay e 20% Chardonnay di Chouilly. Champagne ricco, complesso e dinamico, dal naso ampio di pera, scorze d&#8217;agrumi e fiori gialli, al palato l&#8217;attacco \u00e8 franco su un fondo piuttosto vinoso. La bella vivacit\u00e0 del vino \u00e8 completata da un dosaggio discreto con un&#8217;effervescenza che si scioglie gradualmente per dare una consistenza pi\u00f9 cremosa<\/p>\n","protected":false},"excerpt":{"rendered":"<p>Lo Champagne Brut A01 Christian Gosset \u00e8 un assemblaggio di due importanti Grand Crus: 80% di Pinot Noir di Ay e 20% Chardonnay di Chouilly. Champagne ricco, complesso e dinamico, dal naso ampio di pera, scorze d&#8217;agrumi e fiori gialli, al palato l&#8217;attacco \u00e8 franco su un fondo piuttosto vinoso. La bella vivacit\u00e0 del vino \u00e8 completata da un dosaggio discreto con un&#8217;effervescenza che si scioglie gradualmente per dare una consistenza pi\u00f9 cremosa<\/p>\n","protected":false},"featured_media":20521,"template":"","meta":{"_acf_changed":false},"product_brand":[],"product_cat":[2599],"product_tag":[],"class_list":{"0":"post-11219","1":"product","2":"type-product","3":"status-publish","4":"has-post-thumbnail","6":"product_cat-champagne-en","8":"first","9":"outofstock","10":"purchasable","11":"product-type-simple"},"acf":[],"yoast_head":"<!-- This site is optimized with the Yoast SEO plugin v27.0 - https:\/\/yoast.com\/product\/yoast-seo-wordpress\/ -->\n<title>Christian Gosset Brut A01 - Vinoso Modena<\/title>\n<meta name=\"robots\" content=\"index, follow, max-snippet:-1, max-image-preview:large, max-video-preview:-1\" \/>\n<link rel=\"canonical\" href=\"https:\/\/vinosomodena.it\/en\/prodotto\/christian-gosset-brut-a01\/\" \/>\n<meta property=\"og:locale\" content=\"en_US\" \/>\n<meta property=\"og:type\" content=\"article\" \/>\n<meta property=\"og:title\" content=\"Christian Gosset Brut A01 - Vinoso Modena\" \/>\n<meta property=\"og:description\" content=\"Lo Champagne Brut A01 Christian Gosset \u00e8 un assemblaggio di due importanti Grand Crus: 80% di Pinot Noir di Ay e 20% Chardonnay di Chouilly. Champagne ricco, complesso e dinamico, dal naso ampio di pera, scorze d&#039;agrumi e fiori gialli, al palato l&#039;attacco \u00e8 franco su un fondo piuttosto vinoso. La bella vivacit\u00e0 del vino \u00e8 completata da un dosaggio discreto con un&#039;effervescenza che si scioglie gradualmente per dare una consistenza pi\u00f9 cremosa\" \/>\n<meta property=\"og:url\" content=\"https:\/\/vinosomodena.it\/en\/prodotto\/christian-gosset-brut-a01\/\" \/>\n<meta property=\"og:site_name\" content=\"Vinoso Modena\" \/>\n<meta property=\"article:modified_time\" content=\"2026-01-04T10:49:50+00:00\" \/>\n<meta property=\"og:image\" content=\"https:\/\/vinosomodena.it\/wp-content\/uploads\/2025\/02\/gossetbrut.jpg\" \/>\n\t<meta property=\"og:image:width\" content=\"1500\" \/>\n\t<meta property=\"og:image:height\" content=\"1923\" \/>\n\t<meta property=\"og:image:type\" content=\"image\/jpeg\" \/>\n<meta name=\"twitter:card\" content=\"summary_large_image\" \/>\n<meta name=\"twitter:label1\" content=\"Est. reading time\" \/>\n\t<meta name=\"twitter:data1\" content=\"1 minute\" \/>\n<script type=\"application\/ld+json\" class=\"yoast-schema-graph\">{\"@context\":\"https:\/\/schema.org\",\"@graph\":[{\"@type\":\"WebPage\",\"@id\":\"https:\/\/vinosomodena.it\/en\/prodotto\/christian-gosset-brut-a01\/\",\"url\":\"https:\/\/vinosomodena.it\/en\/prodotto\/christian-gosset-brut-a01\/\",\"name\":\"Christian Gosset Brut A01 - Vinoso Modena\",\"isPartOf\":{\"@id\":\"https:\/\/vinosomodena.it\/#website\"},\"primaryImageOfPage\":{\"@id\":\"https:\/\/vinosomodena.it\/en\/prodotto\/christian-gosset-brut-a01\/#primaryimage\"},\"image\":{\"@id\":\"https:\/\/vinosomodena.it\/en\/prodotto\/christian-gosset-brut-a01\/#primaryimage\"},\"thumbnailUrl\":\"https:\/\/vinosomodena.it\/wp-content\/uploads\/2025\/02\/gossetbrut.jpg\",\"datePublished\":\"2021-03-29T09:41:03+00:00\",\"dateModified\":\"2026-01-04T10:49:50+00:00\",\"breadcrumb\":{\"@id\":\"https:\/\/vinosomodena.it\/en\/prodotto\/christian-gosset-brut-a01\/#breadcrumb\"},\"inLanguage\":\"en-US\",\"potentialAction\":[{\"@type\":\"ReadAction\",\"target\":[\"https:\/\/vinosomodena.it\/en\/prodotto\/christian-gosset-brut-a01\/\"]}]},{\"@type\":\"ImageObject\",\"inLanguage\":\"en-US\",\"@id\":\"https:\/\/vinosomodena.it\/en\/prodotto\/christian-gosset-brut-a01\/#primaryimage\",\"url\":\"https:\/\/vinosomodena.it\/wp-content\/uploads\/2025\/02\/gossetbrut.jpg\",\"contentUrl\":\"https:\/\/vinosomodena.it\/wp-content\/uploads\/2025\/02\/gossetbrut.jpg\",\"width\":1500,\"height\":1923},{\"@type\":\"BreadcrumbList\",\"@id\":\"https:\/\/vinosomodena.it\/en\/prodotto\/christian-gosset-brut-a01\/#breadcrumb\",\"itemListElement\":[{\"@type\":\"ListItem\",\"position\":1,\"name\":\"Home\",\"item\":\"https:\/\/vinosomodena.it\/\"},{\"@type\":\"ListItem\",\"position\":2,\"name\":\"Shop\",\"item\":\"https:\/\/vinosomodena.it\/negozio\/\"},{\"@type\":\"ListItem\",\"position\":3,\"name\":\"Christian Gosset Brut A01\"}]},{\"@type\":\"WebSite\",\"@id\":\"https:\/\/vinosomodena.it\/#website\",\"url\":\"https:\/\/vinosomodena.it\/\",\"name\":\"Vinoso Modena\",\"description\":\"I migliori vini, le annate storiche e molto altro ancora.\",\"potentialAction\":[{\"@type\":\"SearchAction\",\"target\":{\"@type\":\"EntryPoint\",\"urlTemplate\":\"https:\/\/vinosomodena.it\/?s={search_term_string}\"},\"query-input\":{\"@type\":\"PropertyValueSpecification\",\"valueRequired\":true,\"valueName\":\"search_term_string\"}}],\"inLanguage\":\"en-US\"}]}<\/script>\n<!-- \/ Yoast SEO plugin. -->","yoast_head_json":{"title":"Christian Gosset Brut A01 - Vinoso Modena","robots":{"index":"index","follow":"follow","max-snippet":"max-snippet:-1","max-image-preview":"max-image-preview:large","max-video-preview":"max-video-preview:-1"},"canonical":"https:\/\/vinosomodena.it\/en\/prodotto\/christian-gosset-brut-a01\/","og_locale":"en_US","og_type":"article","og_title":"Christian Gosset Brut A01 - Vinoso Modena","og_description":"Lo Champagne Brut A01 Christian Gosset \u00e8 un assemblaggio di due importanti Grand Crus: 80% di Pinot Noir di Ay e 20% Chardonnay di Chouilly. Champagne ricco, complesso e dinamico, dal naso ampio di pera, scorze d'agrumi e fiori gialli, al palato l'attacco \u00e8 franco su un fondo piuttosto vinoso. La bella vivacit\u00e0 del vino \u00e8 completata da un dosaggio discreto con un'effervescenza che si scioglie gradualmente per dare una consistenza pi\u00f9 cremosa","og_url":"https:\/\/vinosomodena.it\/en\/prodotto\/christian-gosset-brut-a01\/","og_site_name":"Vinoso Modena","article_modified_time":"2026-01-04T10:49:50+00:00","og_image":[{"width":1500,"height":1923,"url":"https:\/\/vinosomodena.it\/wp-content\/uploads\/2025\/02\/gossetbrut.jpg","type":"image\/jpeg"}],"twitter_card":"summary_large_image","twitter_misc":{"Est. reading time":"1 minute"},"schema":{"@context":"https:\/\/schema.org","@graph":[{"@type":"WebPage","@id":"https:\/\/vinosomodena.it\/en\/prodotto\/christian-gosset-brut-a01\/","url":"https:\/\/vinosomodena.it\/en\/prodotto\/christian-gosset-brut-a01\/","name":"Christian Gosset Brut A01 - Vinoso Modena","isPartOf":{"@id":"https:\/\/vinosomodena.it\/#website"},"primaryImageOfPage":{"@id":"https:\/\/vinosomodena.it\/en\/prodotto\/christian-gosset-brut-a01\/#primaryimage"},"image":{"@id":"https:\/\/vinosomodena.it\/en\/prodotto\/christian-gosset-brut-a01\/#primaryimage"},"thumbnailUrl":"https:\/\/vinosomodena.it\/wp-content\/uploads\/2025\/02\/gossetbrut.jpg","datePublished":"2021-03-29T09:41:03+00:00","dateModified":"2026-01-04T10:49:50+00:00","breadcrumb":{"@id":"https:\/\/vinosomodena.it\/en\/prodotto\/christian-gosset-brut-a01\/#breadcrumb"},"inLanguage":"en-US","potentialAction":[{"@type":"ReadAction","target":["https:\/\/vinosomodena.it\/en\/prodotto\/christian-gosset-brut-a01\/"]}]},{"@type":"ImageObject","inLanguage":"en-US","@id":"https:\/\/vinosomodena.it\/en\/prodotto\/christian-gosset-brut-a01\/#primaryimage","url":"https:\/\/vinosomodena.it\/wp-content\/uploads\/2025\/02\/gossetbrut.jpg","contentUrl":"https:\/\/vinosomodena.it\/wp-content\/uploads\/2025\/02\/gossetbrut.jpg","width":1500,"height":1923},{"@type":"BreadcrumbList","@id":"https:\/\/vinosomodena.it\/en\/prodotto\/christian-gosset-brut-a01\/#breadcrumb","itemListElement":[{"@type":"ListItem","position":1,"name":"Home","item":"https:\/\/vinosomodena.it\/"},{"@type":"ListItem","position":2,"name":"Shop","item":"https:\/\/vinosomodena.it\/negozio\/"},{"@type":"ListItem","position":3,"name":"Christian Gosset Brut A01"}]},{"@type":"WebSite","@id":"https:\/\/vinosomodena.it\/#website","url":"https:\/\/vinosomodena.it\/","name":"Vinoso Modena","description":"I migliori vini, le annate storiche e molto altro ancora.","potentialAction":[{"@type":"SearchAction","target":{"@type":"EntryPoint","urlTemplate":"https:\/\/vinosomodena.it\/?s={search_term_string}"},"query-input":{"@type":"PropertyValueSpecification","valueRequired":true,"valueName":"search_term_string"}}],"inLanguage":"en-US"}]}},"jetpack_sharing_enabled":true,"_links":{"self":[{"href":"https:\/\/vinosomodena.it\/en\/wp-json\/wp\/v2\/product\/11219","targetHints":{"allow":["GET"]}}],"collection":[{"href":"https:\/\/vinosomodena.it\/en\/wp-json\/wp\/v2\/product"}],"about":[{"href":"https:\/\/vinosomodena.it\/en\/wp-json\/wp\/v2\/types\/product"}],"wp:featuredmedia":[{"embeddable":true,"href":"https:\/\/vinosomodena.it\/en\/wp-json\/wp\/v2\/media\/20521"}],"wp:attachment":[{"href":"https:\/\/vinosomodena.it\/en\/wp-json\/wp\/v2\/media?parent=11219"}],"wp:term":[{"taxonomy":"product_brand","embeddable":true,"href":"https:\/\/vinosomodena.it\/en\/wp-json\/wp\/v2\/product_brand?post=11219"},{"taxonomy":"product_cat","embeddable":true,"href":"https:\/\/vinosomodena.it\/en\/wp-json\/wp\/v2\/product_cat?post=11219"},{"taxonomy":"product_tag","embeddable":true,"href":"https:\/\/vinosomodena.it\/en\/wp-json\/wp\/v2\/product_tag?post=11219"}],"curies":[{"name":"wp","href":"https:\/\/api.w.org\/{rel}","templated":true}]}}