{"id":11264,"date":"2021-03-24T16:19:07","date_gmt":"2021-03-24T15:19:07","guid":{"rendered":"https:\/\/vinosomodena.it\/?post_type=product&#038;p=11264"},"modified":"2026-01-04T11:01:10","modified_gmt":"2026-01-04T10:01:10","slug":"cesconi-selezione-kreuzer-nosiola-2018","status":"publish","type":"product","link":"https:\/\/vinosomodena.it\/en\/prodotto\/cesconi-selezione-kreuzer-nosiola-2018\/","title":{"rendered":"Cesconi Selezione Kreuzer Nosiola 2022"},"content":{"rendered":"<p>La Nosiola \u00e8 l\u2019unica variet\u00e0 autoctona bianca del Trentino, presente fin dai tempi del Concilio di Trento. L\u2019origine del nome non \u00e8 ancora stata chiarita. Molti sostengono che derivi il nome da nocciola, per il colore delle uve quando sono mature, mentre altri che sia proprio l\u2019aroma dei vini a ricordare quello delle nocciole selvatiche. Quello che sappiamo \u00e8 che \u00e8 una variet\u00e0 versatile, che come poche altre al mondo riesce a produrre sia grandi vini dolci, sia bianchi fermi, dal carattere sapido che possono invecchiare per molte decadi.Un tempo molto diffusa su tutto il territorio della provincia, la Nosiola era soprattutto coltivata sulla collina di Pressano e nella Valle dei Laghi. In tempi recenti la variet\u00e0 ha subito un forte ridimensionamento a favore di variet\u00e0 internazionali tanto da divenire quasi \u201crara\u201d. Oggi ricopre una superficie coltivata di soli 65 ha<\/p>\n","protected":false},"excerpt":{"rendered":"<p>La Nosiola \u00e8 l\u2019unica variet\u00e0 autoctona bianca del Trentino, presente fin dai tempi del Concilio di Trento. L\u2019origine del nome non \u00e8 ancora stata chiarita. Molti sostengono che derivi il nome da nocciola, per il colore delle uve quando sono mature, mentre altri che sia proprio l\u2019aroma dei vini a ricordare quello delle nocciole selvatiche. Quello che sappiamo \u00e8 che \u00e8 una variet\u00e0 versatile, che come poche altre al mondo riesce a produrre sia grandi vini dolci, sia bianchi fermi, dal carattere sapido che possono invecchiare per molte decadi.Un tempo molto diffusa su tutto il territorio della provincia, la Nosiola era soprattutto coltivata sulla collina di Pressano e nella Valle dei Laghi. In tempi recenti la variet\u00e0 ha subito un forte ridimensionamento a favore di variet\u00e0 internazionali tanto da divenire quasi \u201crara\u201d. Oggi ricopre una superficie coltivata di soli 65 ha<\/p>\n","protected":false},"featured_media":21674,"template":"","meta":{"_acf_changed":false},"product_brand":[],"product_cat":[2589],"product_tag":[],"class_list":{"0":"post-11264","1":"product","2":"type-product","3":"status-publish","4":"has-post-thumbnail","6":"product_cat-white-wine","8":"first","9":"outofstock","10":"purchasable","11":"product-type-simple"},"acf":[],"yoast_head":"<!-- This site is optimized with the Yoast SEO plugin v27.0 - https:\/\/yoast.com\/product\/yoast-seo-wordpress\/ -->\n<title>Cesconi Selezione Kreuzer Nosiola 2022 - Vinoso Modena<\/title>\n<meta name=\"robots\" content=\"index, follow, max-snippet:-1, max-image-preview:large, max-video-preview:-1\" \/>\n<link rel=\"canonical\" href=\"https:\/\/vinosomodena.it\/en\/prodotto\/cesconi-selezione-kreuzer-nosiola-2018\/\" \/>\n<meta property=\"og:locale\" content=\"en_US\" \/>\n<meta property=\"og:type\" content=\"article\" \/>\n<meta property=\"og:title\" content=\"Cesconi Selezione Kreuzer Nosiola 2022 - Vinoso Modena\" \/>\n<meta property=\"og:description\" content=\"La Nosiola \u00e8 l\u2019unica variet\u00e0 autoctona bianca del Trentino, presente fin dai tempi del Concilio di Trento. L\u2019origine del nome non \u00e8 ancora stata chiarita. Molti sostengono che derivi il nome da nocciola, per il colore delle uve quando sono mature, mentre altri che sia proprio l\u2019aroma dei vini a ricordare quello delle nocciole selvatiche. Quello che sappiamo \u00e8 che \u00e8 una variet\u00e0 versatile, che come poche altre al mondo riesce a produrre sia grandi vini dolci, sia bianchi fermi, dal carattere sapido che possono invecchiare per molte decadi.Un tempo molto diffusa su tutto il territorio della provincia, la Nosiola era soprattutto coltivata sulla collina di Pressano e nella Valle dei Laghi. In tempi recenti la variet\u00e0 ha subito un forte ridimensionamento a favore di variet\u00e0 internazionali tanto da divenire quasi \u201crara\u201d. Oggi ricopre una superficie coltivata di soli 65 ha\" \/>\n<meta property=\"og:url\" content=\"https:\/\/vinosomodena.it\/en\/prodotto\/cesconi-selezione-kreuzer-nosiola-2018\/\" \/>\n<meta property=\"og:site_name\" content=\"Vinoso Modena\" \/>\n<meta property=\"article:modified_time\" content=\"2026-01-04T10:01:10+00:00\" \/>\n<meta property=\"og:image\" content=\"https:\/\/vinosomodena.it\/wp-content\/uploads\/2025\/05\/cesconinosiola.jpg\" \/>\n\t<meta property=\"og:image:width\" content=\"1500\" \/>\n\t<meta property=\"og:image:height\" content=\"1923\" \/>\n\t<meta property=\"og:image:type\" content=\"image\/jpeg\" \/>\n<meta name=\"twitter:card\" content=\"summary_large_image\" \/>\n<meta name=\"twitter:label1\" content=\"Est. reading time\" \/>\n\t<meta name=\"twitter:data1\" content=\"1 minute\" \/>\n<script type=\"application\/ld+json\" class=\"yoast-schema-graph\">{\"@context\":\"https:\/\/schema.org\",\"@graph\":[{\"@type\":\"WebPage\",\"@id\":\"https:\/\/vinosomodena.it\/en\/prodotto\/cesconi-selezione-kreuzer-nosiola-2018\/\",\"url\":\"https:\/\/vinosomodena.it\/en\/prodotto\/cesconi-selezione-kreuzer-nosiola-2018\/\",\"name\":\"Cesconi Selezione Kreuzer Nosiola 2022 - Vinoso Modena\",\"isPartOf\":{\"@id\":\"https:\/\/vinosomodena.it\/#website\"},\"primaryImageOfPage\":{\"@id\":\"https:\/\/vinosomodena.it\/en\/prodotto\/cesconi-selezione-kreuzer-nosiola-2018\/#primaryimage\"},\"image\":{\"@id\":\"https:\/\/vinosomodena.it\/en\/prodotto\/cesconi-selezione-kreuzer-nosiola-2018\/#primaryimage\"},\"thumbnailUrl\":\"https:\/\/vinosomodena.it\/wp-content\/uploads\/2025\/05\/cesconinosiola.jpg\",\"datePublished\":\"2021-03-24T15:19:07+00:00\",\"dateModified\":\"2026-01-04T10:01:10+00:00\",\"breadcrumb\":{\"@id\":\"https:\/\/vinosomodena.it\/en\/prodotto\/cesconi-selezione-kreuzer-nosiola-2018\/#breadcrumb\"},\"inLanguage\":\"en-US\",\"potentialAction\":[{\"@type\":\"ReadAction\",\"target\":[\"https:\/\/vinosomodena.it\/en\/prodotto\/cesconi-selezione-kreuzer-nosiola-2018\/\"]}]},{\"@type\":\"ImageObject\",\"inLanguage\":\"en-US\",\"@id\":\"https:\/\/vinosomodena.it\/en\/prodotto\/cesconi-selezione-kreuzer-nosiola-2018\/#primaryimage\",\"url\":\"https:\/\/vinosomodena.it\/wp-content\/uploads\/2025\/05\/cesconinosiola.jpg\",\"contentUrl\":\"https:\/\/vinosomodena.it\/wp-content\/uploads\/2025\/05\/cesconinosiola.jpg\",\"width\":1500,\"height\":1923},{\"@type\":\"BreadcrumbList\",\"@id\":\"https:\/\/vinosomodena.it\/en\/prodotto\/cesconi-selezione-kreuzer-nosiola-2018\/#breadcrumb\",\"itemListElement\":[{\"@type\":\"ListItem\",\"position\":1,\"name\":\"Home\",\"item\":\"https:\/\/vinosomodena.it\/\"},{\"@type\":\"ListItem\",\"position\":2,\"name\":\"Shop\",\"item\":\"https:\/\/vinosomodena.it\/negozio\/\"},{\"@type\":\"ListItem\",\"position\":3,\"name\":\"Cesconi Selezione Kreuzer Nosiola 2022\"}]},{\"@type\":\"WebSite\",\"@id\":\"https:\/\/vinosomodena.it\/#website\",\"url\":\"https:\/\/vinosomodena.it\/\",\"name\":\"Vinoso Modena\",\"description\":\"I migliori vini, le annate storiche e molto altro ancora.\",\"potentialAction\":[{\"@type\":\"SearchAction\",\"target\":{\"@type\":\"EntryPoint\",\"urlTemplate\":\"https:\/\/vinosomodena.it\/?s={search_term_string}\"},\"query-input\":{\"@type\":\"PropertyValueSpecification\",\"valueRequired\":true,\"valueName\":\"search_term_string\"}}],\"inLanguage\":\"en-US\"}]}<\/script>\n<!-- \/ Yoast SEO plugin. -->","yoast_head_json":{"title":"Cesconi Selezione Kreuzer Nosiola 2022 - Vinoso Modena","robots":{"index":"index","follow":"follow","max-snippet":"max-snippet:-1","max-image-preview":"max-image-preview:large","max-video-preview":"max-video-preview:-1"},"canonical":"https:\/\/vinosomodena.it\/en\/prodotto\/cesconi-selezione-kreuzer-nosiola-2018\/","og_locale":"en_US","og_type":"article","og_title":"Cesconi Selezione Kreuzer Nosiola 2022 - Vinoso Modena","og_description":"La Nosiola \u00e8 l\u2019unica variet\u00e0 autoctona bianca del Trentino, presente fin dai tempi del Concilio di Trento. L\u2019origine del nome non \u00e8 ancora stata chiarita. Molti sostengono che derivi il nome da nocciola, per il colore delle uve quando sono mature, mentre altri che sia proprio l\u2019aroma dei vini a ricordare quello delle nocciole selvatiche. Quello che sappiamo \u00e8 che \u00e8 una variet\u00e0 versatile, che come poche altre al mondo riesce a produrre sia grandi vini dolci, sia bianchi fermi, dal carattere sapido che possono invecchiare per molte decadi.Un tempo molto diffusa su tutto il territorio della provincia, la Nosiola era soprattutto coltivata sulla collina di Pressano e nella Valle dei Laghi. In tempi recenti la variet\u00e0 ha subito un forte ridimensionamento a favore di variet\u00e0 internazionali tanto da divenire quasi \u201crara\u201d. Oggi ricopre una superficie coltivata di soli 65 ha","og_url":"https:\/\/vinosomodena.it\/en\/prodotto\/cesconi-selezione-kreuzer-nosiola-2018\/","og_site_name":"Vinoso Modena","article_modified_time":"2026-01-04T10:01:10+00:00","og_image":[{"width":1500,"height":1923,"url":"https:\/\/vinosomodena.it\/wp-content\/uploads\/2025\/05\/cesconinosiola.jpg","type":"image\/jpeg"}],"twitter_card":"summary_large_image","twitter_misc":{"Est. reading time":"1 minute"},"schema":{"@context":"https:\/\/schema.org","@graph":[{"@type":"WebPage","@id":"https:\/\/vinosomodena.it\/en\/prodotto\/cesconi-selezione-kreuzer-nosiola-2018\/","url":"https:\/\/vinosomodena.it\/en\/prodotto\/cesconi-selezione-kreuzer-nosiola-2018\/","name":"Cesconi Selezione Kreuzer Nosiola 2022 - Vinoso Modena","isPartOf":{"@id":"https:\/\/vinosomodena.it\/#website"},"primaryImageOfPage":{"@id":"https:\/\/vinosomodena.it\/en\/prodotto\/cesconi-selezione-kreuzer-nosiola-2018\/#primaryimage"},"image":{"@id":"https:\/\/vinosomodena.it\/en\/prodotto\/cesconi-selezione-kreuzer-nosiola-2018\/#primaryimage"},"thumbnailUrl":"https:\/\/vinosomodena.it\/wp-content\/uploads\/2025\/05\/cesconinosiola.jpg","datePublished":"2021-03-24T15:19:07+00:00","dateModified":"2026-01-04T10:01:10+00:00","breadcrumb":{"@id":"https:\/\/vinosomodena.it\/en\/prodotto\/cesconi-selezione-kreuzer-nosiola-2018\/#breadcrumb"},"inLanguage":"en-US","potentialAction":[{"@type":"ReadAction","target":["https:\/\/vinosomodena.it\/en\/prodotto\/cesconi-selezione-kreuzer-nosiola-2018\/"]}]},{"@type":"ImageObject","inLanguage":"en-US","@id":"https:\/\/vinosomodena.it\/en\/prodotto\/cesconi-selezione-kreuzer-nosiola-2018\/#primaryimage","url":"https:\/\/vinosomodena.it\/wp-content\/uploads\/2025\/05\/cesconinosiola.jpg","contentUrl":"https:\/\/vinosomodena.it\/wp-content\/uploads\/2025\/05\/cesconinosiola.jpg","width":1500,"height":1923},{"@type":"BreadcrumbList","@id":"https:\/\/vinosomodena.it\/en\/prodotto\/cesconi-selezione-kreuzer-nosiola-2018\/#breadcrumb","itemListElement":[{"@type":"ListItem","position":1,"name":"Home","item":"https:\/\/vinosomodena.it\/"},{"@type":"ListItem","position":2,"name":"Shop","item":"https:\/\/vinosomodena.it\/negozio\/"},{"@type":"ListItem","position":3,"name":"Cesconi Selezione Kreuzer Nosiola 2022"}]},{"@type":"WebSite","@id":"https:\/\/vinosomodena.it\/#website","url":"https:\/\/vinosomodena.it\/","name":"Vinoso Modena","description":"I migliori vini, le annate storiche e molto altro ancora.","potentialAction":[{"@type":"SearchAction","target":{"@type":"EntryPoint","urlTemplate":"https:\/\/vinosomodena.it\/?s={search_term_string}"},"query-input":{"@type":"PropertyValueSpecification","valueRequired":true,"valueName":"search_term_string"}}],"inLanguage":"en-US"}]}},"jetpack_sharing_enabled":true,"_links":{"self":[{"href":"https:\/\/vinosomodena.it\/en\/wp-json\/wp\/v2\/product\/11264","targetHints":{"allow":["GET"]}}],"collection":[{"href":"https:\/\/vinosomodena.it\/en\/wp-json\/wp\/v2\/product"}],"about":[{"href":"https:\/\/vinosomodena.it\/en\/wp-json\/wp\/v2\/types\/product"}],"wp:featuredmedia":[{"embeddable":true,"href":"https:\/\/vinosomodena.it\/en\/wp-json\/wp\/v2\/media\/21674"}],"wp:attachment":[{"href":"https:\/\/vinosomodena.it\/en\/wp-json\/wp\/v2\/media?parent=11264"}],"wp:term":[{"taxonomy":"product_brand","embeddable":true,"href":"https:\/\/vinosomodena.it\/en\/wp-json\/wp\/v2\/product_brand?post=11264"},{"taxonomy":"product_cat","embeddable":true,"href":"https:\/\/vinosomodena.it\/en\/wp-json\/wp\/v2\/product_cat?post=11264"},{"taxonomy":"product_tag","embeddable":true,"href":"https:\/\/vinosomodena.it\/en\/wp-json\/wp\/v2\/product_tag?post=11264"}],"curies":[{"name":"wp","href":"https:\/\/api.w.org\/{rel}","templated":true}]}}