{"id":11293,"date":"2021-03-23T12:27:47","date_gmt":"2021-03-23T11:27:47","guid":{"rendered":"https:\/\/vinosomodena.it\/?post_type=product&#038;p=11293"},"modified":"2026-01-10T13:54:42","modified_gmt":"2026-01-10T12:54:42","slug":"tenuta-san-guido-sassicaia-2018","status":"publish","type":"product","link":"https:\/\/vinosomodena.it\/en\/prodotto\/tenuta-san-guido-sassicaia-2018\/","title":{"rendered":"Tenuta San Guido Sassicaia 2018"},"content":{"rendered":"<p>Tenuta San Guido Bolgheri Sassicaia \u00e8 un&#8217;eccellenza assoluta, l&#8217;unico vino in Italia ad aver guadagnato una DOC specifica per l&#8217;identificazione: Bolgheri Sassicaia DOC.Questo vino dal carattere avvolgente, intenso ed emozionante, \u00e8 una vera e propria leggenda dell&#8217;enologia.E&#8217; il pi\u00f9 conosciuto al mondo in quanto incarna alla perfezione l&#8217;equilibrio in termini di corpo e complessit\u00e0.Viene prodotto all&#8217;interno della Tenuta San Guido, che col suo terreno impervio e unico, dalle formazioni calcaree e un alto contenuto sassoso (da cui prende il nome di sassicaia) ha creato le perfette condizioni per far germogliare questo tesoro dell&#8217;enologia<\/p>\n","protected":false},"excerpt":{"rendered":"<p>Tenuta San Guido Bolgheri Sassicaia \u00e8 un&#8217;eccellenza assoluta, l&#8217;unico vino in Italia ad aver guadagnato una DOC specifica per l&#8217;identificazione: Bolgheri Sassicaia DOC.<\/p>\n<p>Questo vino dal carattere avvolgente, intenso ed emozionante, \u00e8 una vera e propria leggenda dell&#8217;enologia.<\/p>\n<p>E&#8217; il pi\u00f9 conosciuto al mondo in quanto incarna alla perfezione l&#8217;equilibrio in termini di corpo e complessit\u00e0.<\/p>\n<p>Viene prodotto all&#8217;interno della Tenuta San Guido, che col suo terreno impervio e unico, dalle formazioni calcaree e un alto contenuto sassoso (da cui prende il nome di &#8220;sassicaia&#8221;) ha creato le perfette condizioni per far germogliare questo tesoro dell&#8217;enologia.<\/p>\n","protected":false},"featured_media":23676,"template":"","meta":{"_acf_changed":false},"product_brand":[],"product_cat":[2579],"product_tag":[],"class_list":{"0":"post-11293","1":"product","2":"type-product","3":"status-publish","4":"has-post-thumbnail","6":"product_cat-red-wine","8":"first","9":"instock","10":"purchasable","11":"product-type-simple"},"acf":[],"yoast_head":"<!-- This site is optimized with the Yoast SEO plugin v27.0 - https:\/\/yoast.com\/product\/yoast-seo-wordpress\/ -->\n<title>Tenuta San Guido Sassicaia 2018 - Vinoso Modena<\/title>\n<meta name=\"robots\" content=\"index, follow, max-snippet:-1, max-image-preview:large, max-video-preview:-1\" \/>\n<link rel=\"canonical\" href=\"https:\/\/vinosomodena.it\/en\/prodotto\/tenuta-san-guido-sassicaia-2018\/\" \/>\n<meta property=\"og:locale\" content=\"en_US\" \/>\n<meta property=\"og:type\" content=\"article\" \/>\n<meta property=\"og:title\" content=\"Tenuta San Guido Sassicaia 2018 - Vinoso Modena\" \/>\n<meta property=\"og:description\" content=\"Tenuta San Guido Bolgheri Sassicaia \u00e8 un&#039;eccellenza assoluta, l&#039;unico vino in Italia ad aver guadagnato una DOC specifica per l&#039;identificazione: Bolgheri Sassicaia DOC. Questo vino dal carattere avvolgente, intenso ed emozionante, \u00e8 una vera e propria leggenda dell&#039;enologia. E&#039; il pi\u00f9 conosciuto al mondo in quanto incarna alla perfezione l&#039;equilibrio in termini di corpo e complessit\u00e0. Viene prodotto all&#039;interno della Tenuta San Guido, che col suo terreno impervio e unico, dalle formazioni calcaree e un alto contenuto sassoso (da cui prende il nome di &quot;sassicaia&quot;) ha creato le perfette condizioni per far germogliare questo tesoro dell&#039;enologia.\" \/>\n<meta property=\"og:url\" content=\"https:\/\/vinosomodena.it\/en\/prodotto\/tenuta-san-guido-sassicaia-2018\/\" \/>\n<meta property=\"og:site_name\" content=\"Vinoso Modena\" \/>\n<meta property=\"article:modified_time\" content=\"2026-01-10T12:54:42+00:00\" \/>\n<meta property=\"og:image\" content=\"https:\/\/vinosomodena.it\/wp-content\/uploads\/2025\/10\/SASSICAIA2018.jpg\" \/>\n\t<meta property=\"og:image:width\" content=\"1500\" \/>\n\t<meta property=\"og:image:height\" content=\"1923\" \/>\n\t<meta property=\"og:image:type\" content=\"image\/jpeg\" \/>\n<meta name=\"twitter:card\" content=\"summary_large_image\" \/>\n<script type=\"application\/ld+json\" class=\"yoast-schema-graph\">{\"@context\":\"https:\/\/schema.org\",\"@graph\":[{\"@type\":\"WebPage\",\"@id\":\"https:\/\/vinosomodena.it\/en\/prodotto\/tenuta-san-guido-sassicaia-2018\/\",\"url\":\"https:\/\/vinosomodena.it\/en\/prodotto\/tenuta-san-guido-sassicaia-2018\/\",\"name\":\"Tenuta San Guido Sassicaia 2018 - Vinoso Modena\",\"isPartOf\":{\"@id\":\"https:\/\/vinosomodena.it\/#website\"},\"primaryImageOfPage\":{\"@id\":\"https:\/\/vinosomodena.it\/en\/prodotto\/tenuta-san-guido-sassicaia-2018\/#primaryimage\"},\"image\":{\"@id\":\"https:\/\/vinosomodena.it\/en\/prodotto\/tenuta-san-guido-sassicaia-2018\/#primaryimage\"},\"thumbnailUrl\":\"https:\/\/vinosomodena.it\/wp-content\/uploads\/2025\/10\/SASSICAIA2018.jpg\",\"datePublished\":\"2021-03-23T11:27:47+00:00\",\"dateModified\":\"2026-01-10T12:54:42+00:00\",\"breadcrumb\":{\"@id\":\"https:\/\/vinosomodena.it\/en\/prodotto\/tenuta-san-guido-sassicaia-2018\/#breadcrumb\"},\"inLanguage\":\"en-US\",\"potentialAction\":[{\"@type\":\"ReadAction\",\"target\":[\"https:\/\/vinosomodena.it\/en\/prodotto\/tenuta-san-guido-sassicaia-2018\/\"]}]},{\"@type\":\"ImageObject\",\"inLanguage\":\"en-US\",\"@id\":\"https:\/\/vinosomodena.it\/en\/prodotto\/tenuta-san-guido-sassicaia-2018\/#primaryimage\",\"url\":\"https:\/\/vinosomodena.it\/wp-content\/uploads\/2025\/10\/SASSICAIA2018.jpg\",\"contentUrl\":\"https:\/\/vinosomodena.it\/wp-content\/uploads\/2025\/10\/SASSICAIA2018.jpg\",\"width\":1500,\"height\":1923},{\"@type\":\"BreadcrumbList\",\"@id\":\"https:\/\/vinosomodena.it\/en\/prodotto\/tenuta-san-guido-sassicaia-2018\/#breadcrumb\",\"itemListElement\":[{\"@type\":\"ListItem\",\"position\":1,\"name\":\"Home\",\"item\":\"https:\/\/vinosomodena.it\/\"},{\"@type\":\"ListItem\",\"position\":2,\"name\":\"Shop\",\"item\":\"https:\/\/vinosomodena.it\/negozio\/\"},{\"@type\":\"ListItem\",\"position\":3,\"name\":\"Tenuta San Guido Sassicaia 2018\"}]},{\"@type\":\"WebSite\",\"@id\":\"https:\/\/vinosomodena.it\/#website\",\"url\":\"https:\/\/vinosomodena.it\/\",\"name\":\"Vinoso Modena\",\"description\":\"I migliori vini, le annate storiche e molto altro ancora.\",\"potentialAction\":[{\"@type\":\"SearchAction\",\"target\":{\"@type\":\"EntryPoint\",\"urlTemplate\":\"https:\/\/vinosomodena.it\/?s={search_term_string}\"},\"query-input\":{\"@type\":\"PropertyValueSpecification\",\"valueRequired\":true,\"valueName\":\"search_term_string\"}}],\"inLanguage\":\"en-US\"}]}<\/script>\n<!-- \/ Yoast SEO plugin. -->","yoast_head_json":{"title":"Tenuta San Guido Sassicaia 2018 - Vinoso Modena","robots":{"index":"index","follow":"follow","max-snippet":"max-snippet:-1","max-image-preview":"max-image-preview:large","max-video-preview":"max-video-preview:-1"},"canonical":"https:\/\/vinosomodena.it\/en\/prodotto\/tenuta-san-guido-sassicaia-2018\/","og_locale":"en_US","og_type":"article","og_title":"Tenuta San Guido Sassicaia 2018 - Vinoso Modena","og_description":"Tenuta San Guido Bolgheri Sassicaia \u00e8 un'eccellenza assoluta, l'unico vino in Italia ad aver guadagnato una DOC specifica per l'identificazione: Bolgheri Sassicaia DOC. Questo vino dal carattere avvolgente, intenso ed emozionante, \u00e8 una vera e propria leggenda dell'enologia. E' il pi\u00f9 conosciuto al mondo in quanto incarna alla perfezione l'equilibrio in termini di corpo e complessit\u00e0. Viene prodotto all'interno della Tenuta San Guido, che col suo terreno impervio e unico, dalle formazioni calcaree e un alto contenuto sassoso (da cui prende il nome di \"sassicaia\") ha creato le perfette condizioni per far germogliare questo tesoro dell'enologia.","og_url":"https:\/\/vinosomodena.it\/en\/prodotto\/tenuta-san-guido-sassicaia-2018\/","og_site_name":"Vinoso Modena","article_modified_time":"2026-01-10T12:54:42+00:00","og_image":[{"width":1500,"height":1923,"url":"https:\/\/vinosomodena.it\/wp-content\/uploads\/2025\/10\/SASSICAIA2018.jpg","type":"image\/jpeg"}],"twitter_card":"summary_large_image","schema":{"@context":"https:\/\/schema.org","@graph":[{"@type":"WebPage","@id":"https:\/\/vinosomodena.it\/en\/prodotto\/tenuta-san-guido-sassicaia-2018\/","url":"https:\/\/vinosomodena.it\/en\/prodotto\/tenuta-san-guido-sassicaia-2018\/","name":"Tenuta San Guido Sassicaia 2018 - Vinoso Modena","isPartOf":{"@id":"https:\/\/vinosomodena.it\/#website"},"primaryImageOfPage":{"@id":"https:\/\/vinosomodena.it\/en\/prodotto\/tenuta-san-guido-sassicaia-2018\/#primaryimage"},"image":{"@id":"https:\/\/vinosomodena.it\/en\/prodotto\/tenuta-san-guido-sassicaia-2018\/#primaryimage"},"thumbnailUrl":"https:\/\/vinosomodena.it\/wp-content\/uploads\/2025\/10\/SASSICAIA2018.jpg","datePublished":"2021-03-23T11:27:47+00:00","dateModified":"2026-01-10T12:54:42+00:00","breadcrumb":{"@id":"https:\/\/vinosomodena.it\/en\/prodotto\/tenuta-san-guido-sassicaia-2018\/#breadcrumb"},"inLanguage":"en-US","potentialAction":[{"@type":"ReadAction","target":["https:\/\/vinosomodena.it\/en\/prodotto\/tenuta-san-guido-sassicaia-2018\/"]}]},{"@type":"ImageObject","inLanguage":"en-US","@id":"https:\/\/vinosomodena.it\/en\/prodotto\/tenuta-san-guido-sassicaia-2018\/#primaryimage","url":"https:\/\/vinosomodena.it\/wp-content\/uploads\/2025\/10\/SASSICAIA2018.jpg","contentUrl":"https:\/\/vinosomodena.it\/wp-content\/uploads\/2025\/10\/SASSICAIA2018.jpg","width":1500,"height":1923},{"@type":"BreadcrumbList","@id":"https:\/\/vinosomodena.it\/en\/prodotto\/tenuta-san-guido-sassicaia-2018\/#breadcrumb","itemListElement":[{"@type":"ListItem","position":1,"name":"Home","item":"https:\/\/vinosomodena.it\/"},{"@type":"ListItem","position":2,"name":"Shop","item":"https:\/\/vinosomodena.it\/negozio\/"},{"@type":"ListItem","position":3,"name":"Tenuta San Guido Sassicaia 2018"}]},{"@type":"WebSite","@id":"https:\/\/vinosomodena.it\/#website","url":"https:\/\/vinosomodena.it\/","name":"Vinoso Modena","description":"I migliori vini, le annate storiche e molto altro ancora.","potentialAction":[{"@type":"SearchAction","target":{"@type":"EntryPoint","urlTemplate":"https:\/\/vinosomodena.it\/?s={search_term_string}"},"query-input":{"@type":"PropertyValueSpecification","valueRequired":true,"valueName":"search_term_string"}}],"inLanguage":"en-US"}]}},"jetpack_sharing_enabled":true,"_links":{"self":[{"href":"https:\/\/vinosomodena.it\/en\/wp-json\/wp\/v2\/product\/11293","targetHints":{"allow":["GET"]}}],"collection":[{"href":"https:\/\/vinosomodena.it\/en\/wp-json\/wp\/v2\/product"}],"about":[{"href":"https:\/\/vinosomodena.it\/en\/wp-json\/wp\/v2\/types\/product"}],"wp:featuredmedia":[{"embeddable":true,"href":"https:\/\/vinosomodena.it\/en\/wp-json\/wp\/v2\/media\/23676"}],"wp:attachment":[{"href":"https:\/\/vinosomodena.it\/en\/wp-json\/wp\/v2\/media?parent=11293"}],"wp:term":[{"taxonomy":"product_brand","embeddable":true,"href":"https:\/\/vinosomodena.it\/en\/wp-json\/wp\/v2\/product_brand?post=11293"},{"taxonomy":"product_cat","embeddable":true,"href":"https:\/\/vinosomodena.it\/en\/wp-json\/wp\/v2\/product_cat?post=11293"},{"taxonomy":"product_tag","embeddable":true,"href":"https:\/\/vinosomodena.it\/en\/wp-json\/wp\/v2\/product_tag?post=11293"}],"curies":[{"name":"wp","href":"https:\/\/api.w.org\/{rel}","templated":true}]}}