{"id":11311,"date":"2021-03-22T18:08:38","date_gmt":"2021-03-22T17:08:38","guid":{"rendered":"https:\/\/vinosomodena.it\/?post_type=product&#038;p=11311"},"modified":"2025-05-13T13:04:31","modified_gmt":"2025-05-13T11:04:31","slug":"domaine-arnoux-lachaux-nuits-saint-georges-les-proces-2010","status":"publish","type":"product","link":"https:\/\/vinosomodena.it\/en\/prodotto\/domaine-arnoux-lachaux-nuits-saint-georges-les-proces-2010\/","title":{"rendered":"Domaine Arnoux Lachaux Nuits Saint Georges Les Proc\u00e8s 2010"},"content":{"rendered":"","protected":false},"excerpt":{"rendered":"<p>Il &#8220;Les Proces&#8221; di Nuits-Saint-Georges \u00e8 una cuv\u00e9e composta da viti molto vecchie, 60 anni, 100% di grappoli interi e il risultato \u00e8 un piacere edonistico. Il <span class=\"xwhighlight\" data-hasqtip=\"0\">bouquet<\/span> offre strati di frutta matura ma fresca, complesso con una raffinata selezione di bacche rosse e pi\u00f9 scure. Al palato \u00e8 sia <span class=\"xwhighlight\" data-hasqtip=\"1\">fresco che\u00a0<\/span>raffinato e arioso con un frutto di seta medio-palato (vecchie viti) molto <span class=\"xwhighlight\" data-hasqtip=\"2\">equilibrato<\/span> e senza sforzo.<\/p>\n","protected":false},"featured_media":24462,"template":"","meta":{"_acf_changed":false},"product_brand":[],"product_cat":[2579],"product_tag":[],"class_list":{"0":"post-11311","1":"product","2":"type-product","3":"status-publish","4":"has-post-thumbnail","6":"product_cat-red-wine","8":"first","9":"outofstock","10":"purchasable","11":"product-type-simple"},"acf":[],"yoast_head":"<!-- This site is optimized with the Yoast SEO plugin v27.0 - https:\/\/yoast.com\/product\/yoast-seo-wordpress\/ -->\n<title>Domaine Arnoux Lachaux Nuits Saint Georges Les Proc\u00e8s 2010 - Vinoso Modena<\/title>\n<meta name=\"robots\" content=\"index, follow, max-snippet:-1, max-image-preview:large, max-video-preview:-1\" \/>\n<link rel=\"canonical\" href=\"https:\/\/vinosomodena.it\/prodotto\/domaine-arnoux-lachaux-nuits-saint-georges-les-proces-2010\/\" \/>\n<meta property=\"og:locale\" content=\"en_US\" \/>\n<meta property=\"og:type\" content=\"article\" \/>\n<meta property=\"og:title\" content=\"Domaine Arnoux Lachaux Nuits Saint Georges Les Proc\u00e8s 2010 - Vinoso Modena\" \/>\n<meta property=\"og:description\" content=\"Il &quot;Les Proces&quot; di Nuits-Saint-Georges \u00e8 una cuv\u00e9e composta da viti molto vecchie, 60 anni, 100% di grappoli interi e il risultato \u00e8 un piacere edonistico. Il bouquet offre strati di frutta matura ma fresca, complesso con una raffinata selezione di bacche rosse e pi\u00f9 scure. Al palato \u00e8 sia fresco che\u00a0raffinato e arioso con un frutto di seta medio-palato (vecchie viti) molto equilibrato e senza sforzo.\" \/>\n<meta property=\"og:url\" content=\"https:\/\/vinosomodena.it\/prodotto\/domaine-arnoux-lachaux-nuits-saint-georges-les-proces-2010\/\" \/>\n<meta property=\"og:site_name\" content=\"Vinoso Modena\" \/>\n<meta property=\"article:modified_time\" content=\"2025-05-13T11:04:31+00:00\" \/>\n<meta property=\"og:image\" content=\"https:\/\/vinosomodena.it\/wp-content\/uploads\/2025\/10\/lachaux.jpg\" \/>\n\t<meta property=\"og:image:width\" content=\"1500\" \/>\n\t<meta property=\"og:image:height\" content=\"1923\" \/>\n\t<meta property=\"og:image:type\" content=\"image\/jpeg\" \/>\n<meta name=\"twitter:card\" content=\"summary_large_image\" \/>\n<script type=\"application\/ld+json\" class=\"yoast-schema-graph\">{\"@context\":\"https:\/\/schema.org\",\"@graph\":[{\"@type\":\"WebPage\",\"@id\":\"https:\/\/vinosomodena.it\/prodotto\/domaine-arnoux-lachaux-nuits-saint-georges-les-proces-2010\/\",\"url\":\"https:\/\/vinosomodena.it\/prodotto\/domaine-arnoux-lachaux-nuits-saint-georges-les-proces-2010\/\",\"name\":\"Domaine Arnoux Lachaux Nuits Saint Georges Les Proc\u00e8s 2010 - Vinoso Modena\",\"isPartOf\":{\"@id\":\"https:\/\/vinosomodena.it\/#website\"},\"primaryImageOfPage\":{\"@id\":\"https:\/\/vinosomodena.it\/prodotto\/domaine-arnoux-lachaux-nuits-saint-georges-les-proces-2010\/#primaryimage\"},\"image\":{\"@id\":\"https:\/\/vinosomodena.it\/prodotto\/domaine-arnoux-lachaux-nuits-saint-georges-les-proces-2010\/#primaryimage\"},\"thumbnailUrl\":\"https:\/\/vinosomodena.it\/wp-content\/uploads\/2025\/10\/lachaux.jpg\",\"datePublished\":\"2021-03-22T17:08:38+00:00\",\"dateModified\":\"2025-05-13T11:04:31+00:00\",\"breadcrumb\":{\"@id\":\"https:\/\/vinosomodena.it\/prodotto\/domaine-arnoux-lachaux-nuits-saint-georges-les-proces-2010\/#breadcrumb\"},\"inLanguage\":\"en-US\",\"potentialAction\":[{\"@type\":\"ReadAction\",\"target\":[\"https:\/\/vinosomodena.it\/prodotto\/domaine-arnoux-lachaux-nuits-saint-georges-les-proces-2010\/\"]}]},{\"@type\":\"ImageObject\",\"inLanguage\":\"en-US\",\"@id\":\"https:\/\/vinosomodena.it\/prodotto\/domaine-arnoux-lachaux-nuits-saint-georges-les-proces-2010\/#primaryimage\",\"url\":\"https:\/\/vinosomodena.it\/wp-content\/uploads\/2025\/10\/lachaux.jpg\",\"contentUrl\":\"https:\/\/vinosomodena.it\/wp-content\/uploads\/2025\/10\/lachaux.jpg\",\"width\":1500,\"height\":1923},{\"@type\":\"BreadcrumbList\",\"@id\":\"https:\/\/vinosomodena.it\/prodotto\/domaine-arnoux-lachaux-nuits-saint-georges-les-proces-2010\/#breadcrumb\",\"itemListElement\":[{\"@type\":\"ListItem\",\"position\":1,\"name\":\"Home\",\"item\":\"https:\/\/vinosomodena.it\/\"},{\"@type\":\"ListItem\",\"position\":2,\"name\":\"Shop\",\"item\":\"https:\/\/vinosomodena.it\/negozio\/\"},{\"@type\":\"ListItem\",\"position\":3,\"name\":\"Domaine Arnoux Lachaux Nuits Saint Georges Les Proc\u00e8s 2010\"}]},{\"@type\":\"WebSite\",\"@id\":\"https:\/\/vinosomodena.it\/#website\",\"url\":\"https:\/\/vinosomodena.it\/\",\"name\":\"Vinoso Modena\",\"description\":\"I migliori vini, le annate storiche e molto altro ancora.\",\"potentialAction\":[{\"@type\":\"SearchAction\",\"target\":{\"@type\":\"EntryPoint\",\"urlTemplate\":\"https:\/\/vinosomodena.it\/?s={search_term_string}\"},\"query-input\":{\"@type\":\"PropertyValueSpecification\",\"valueRequired\":true,\"valueName\":\"search_term_string\"}}],\"inLanguage\":\"en-US\"}]}<\/script>\n<!-- \/ Yoast SEO plugin. -->","yoast_head_json":{"title":"Domaine Arnoux Lachaux Nuits Saint Georges Les Proc\u00e8s 2010 - Vinoso Modena","robots":{"index":"index","follow":"follow","max-snippet":"max-snippet:-1","max-image-preview":"max-image-preview:large","max-video-preview":"max-video-preview:-1"},"canonical":"https:\/\/vinosomodena.it\/prodotto\/domaine-arnoux-lachaux-nuits-saint-georges-les-proces-2010\/","og_locale":"en_US","og_type":"article","og_title":"Domaine Arnoux Lachaux Nuits Saint Georges Les Proc\u00e8s 2010 - Vinoso Modena","og_description":"Il \"Les Proces\" di Nuits-Saint-Georges \u00e8 una cuv\u00e9e composta da viti molto vecchie, 60 anni, 100% di grappoli interi e il risultato \u00e8 un piacere edonistico. Il bouquet offre strati di frutta matura ma fresca, complesso con una raffinata selezione di bacche rosse e pi\u00f9 scure. Al palato \u00e8 sia fresco che\u00a0raffinato e arioso con un frutto di seta medio-palato (vecchie viti) molto equilibrato e senza sforzo.","og_url":"https:\/\/vinosomodena.it\/prodotto\/domaine-arnoux-lachaux-nuits-saint-georges-les-proces-2010\/","og_site_name":"Vinoso Modena","article_modified_time":"2025-05-13T11:04:31+00:00","og_image":[{"width":1500,"height":1923,"url":"https:\/\/vinosomodena.it\/wp-content\/uploads\/2025\/10\/lachaux.jpg","type":"image\/jpeg"}],"twitter_card":"summary_large_image","schema":{"@context":"https:\/\/schema.org","@graph":[{"@type":"WebPage","@id":"https:\/\/vinosomodena.it\/prodotto\/domaine-arnoux-lachaux-nuits-saint-georges-les-proces-2010\/","url":"https:\/\/vinosomodena.it\/prodotto\/domaine-arnoux-lachaux-nuits-saint-georges-les-proces-2010\/","name":"Domaine Arnoux Lachaux Nuits Saint Georges Les Proc\u00e8s 2010 - Vinoso Modena","isPartOf":{"@id":"https:\/\/vinosomodena.it\/#website"},"primaryImageOfPage":{"@id":"https:\/\/vinosomodena.it\/prodotto\/domaine-arnoux-lachaux-nuits-saint-georges-les-proces-2010\/#primaryimage"},"image":{"@id":"https:\/\/vinosomodena.it\/prodotto\/domaine-arnoux-lachaux-nuits-saint-georges-les-proces-2010\/#primaryimage"},"thumbnailUrl":"https:\/\/vinosomodena.it\/wp-content\/uploads\/2025\/10\/lachaux.jpg","datePublished":"2021-03-22T17:08:38+00:00","dateModified":"2025-05-13T11:04:31+00:00","breadcrumb":{"@id":"https:\/\/vinosomodena.it\/prodotto\/domaine-arnoux-lachaux-nuits-saint-georges-les-proces-2010\/#breadcrumb"},"inLanguage":"en-US","potentialAction":[{"@type":"ReadAction","target":["https:\/\/vinosomodena.it\/prodotto\/domaine-arnoux-lachaux-nuits-saint-georges-les-proces-2010\/"]}]},{"@type":"ImageObject","inLanguage":"en-US","@id":"https:\/\/vinosomodena.it\/prodotto\/domaine-arnoux-lachaux-nuits-saint-georges-les-proces-2010\/#primaryimage","url":"https:\/\/vinosomodena.it\/wp-content\/uploads\/2025\/10\/lachaux.jpg","contentUrl":"https:\/\/vinosomodena.it\/wp-content\/uploads\/2025\/10\/lachaux.jpg","width":1500,"height":1923},{"@type":"BreadcrumbList","@id":"https:\/\/vinosomodena.it\/prodotto\/domaine-arnoux-lachaux-nuits-saint-georges-les-proces-2010\/#breadcrumb","itemListElement":[{"@type":"ListItem","position":1,"name":"Home","item":"https:\/\/vinosomodena.it\/"},{"@type":"ListItem","position":2,"name":"Shop","item":"https:\/\/vinosomodena.it\/negozio\/"},{"@type":"ListItem","position":3,"name":"Domaine Arnoux Lachaux Nuits Saint Georges Les Proc\u00e8s 2010"}]},{"@type":"WebSite","@id":"https:\/\/vinosomodena.it\/#website","url":"https:\/\/vinosomodena.it\/","name":"Vinoso Modena","description":"I migliori vini, le annate storiche e molto altro ancora.","potentialAction":[{"@type":"SearchAction","target":{"@type":"EntryPoint","urlTemplate":"https:\/\/vinosomodena.it\/?s={search_term_string}"},"query-input":{"@type":"PropertyValueSpecification","valueRequired":true,"valueName":"search_term_string"}}],"inLanguage":"en-US"}]}},"jetpack_sharing_enabled":true,"_links":{"self":[{"href":"https:\/\/vinosomodena.it\/en\/wp-json\/wp\/v2\/product\/11311","targetHints":{"allow":["GET"]}}],"collection":[{"href":"https:\/\/vinosomodena.it\/en\/wp-json\/wp\/v2\/product"}],"about":[{"href":"https:\/\/vinosomodena.it\/en\/wp-json\/wp\/v2\/types\/product"}],"wp:featuredmedia":[{"embeddable":true,"href":"https:\/\/vinosomodena.it\/en\/wp-json\/wp\/v2\/media\/24462"}],"wp:attachment":[{"href":"https:\/\/vinosomodena.it\/en\/wp-json\/wp\/v2\/media?parent=11311"}],"wp:term":[{"taxonomy":"product_brand","embeddable":true,"href":"https:\/\/vinosomodena.it\/en\/wp-json\/wp\/v2\/product_brand?post=11311"},{"taxonomy":"product_cat","embeddable":true,"href":"https:\/\/vinosomodena.it\/en\/wp-json\/wp\/v2\/product_cat?post=11311"},{"taxonomy":"product_tag","embeddable":true,"href":"https:\/\/vinosomodena.it\/en\/wp-json\/wp\/v2\/product_tag?post=11311"}],"curies":[{"name":"wp","href":"https:\/\/api.w.org\/{rel}","templated":true}]}}