{"id":11315,"date":"2021-03-22T17:40:40","date_gmt":"2021-03-22T16:40:40","guid":{"rendered":"https:\/\/vinosomodena.it\/?post_type=product&#038;p=11315"},"modified":"2024-03-22T22:45:31","modified_gmt":"2024-03-22T21:45:31","slug":"kante-sauvignon-2018","status":"publish","type":"product","link":"https:\/\/vinosomodena.it\/en\/prodotto\/kante-sauvignon-2018\/","title":{"rendered":"Kante Sauvignon 2018"},"content":{"rendered":"","protected":false},"excerpt":{"rendered":"<p>Il Sauvignon dell&#8217;azienda agricola Kante \u00e8 un vino bianco prodotto interamente da uve Sauvignon. Dopo la vendemmia manuale, questo vino subisce un particolare processo di affinamento in barrique all&#8217;interno di una cantina scavata nella roccia di origine calcarea. Qui, grazie alle caratteristiche delle pareti rocciose, temperatura e umidit\u00e0 risultano costanti, un processo, quest&#8217;ultimo, che conferisce qualit\u00e0 particolari a questo Sauvignon Kante dal sapore pieno. Il risultato della lavorazione di quest&#8217;uva pregiata \u00e8 un bianco di struttura e di buona intensit\u00e0. Ottimo da assaporare subito, questo vino subisce una buona evoluzione anche dopo un periodo di 4 o 5 anni di riposo<\/p>\n","protected":false},"featured_media":15039,"template":"","meta":{"_acf_changed":false},"product_brand":[],"product_cat":[2589],"product_tag":[],"class_list":{"0":"post-11315","1":"product","2":"type-product","3":"status-publish","4":"has-post-thumbnail","6":"product_cat-white-wine","8":"first","9":"outofstock","10":"purchasable","11":"product-type-simple"},"acf":[],"yoast_head":"<!-- This site is optimized with the Yoast SEO plugin v27.0 - https:\/\/yoast.com\/product\/yoast-seo-wordpress\/ -->\n<title>Kante Sauvignon 2018 - Vinoso Modena<\/title>\n<meta name=\"robots\" content=\"index, follow, max-snippet:-1, max-image-preview:large, max-video-preview:-1\" \/>\n<link rel=\"canonical\" href=\"https:\/\/vinosomodena.it\/en\/prodotto\/kante-sauvignon-2018\/\" \/>\n<meta property=\"og:locale\" content=\"en_US\" \/>\n<meta property=\"og:type\" content=\"article\" \/>\n<meta property=\"og:title\" content=\"Kante Sauvignon 2018 - Vinoso Modena\" \/>\n<meta property=\"og:description\" content=\"Il Sauvignon dell&#039;azienda agricola Kante \u00e8 un vino bianco prodotto interamente da uve Sauvignon. Dopo la vendemmia manuale, questo vino subisce un particolare processo di affinamento in barrique all&#039;interno di una cantina scavata nella roccia di origine calcarea. Qui, grazie alle caratteristiche delle pareti rocciose, temperatura e umidit\u00e0 risultano costanti, un processo, quest&#039;ultimo, che conferisce qualit\u00e0 particolari a questo Sauvignon Kante dal sapore pieno. Il risultato della lavorazione di quest&#039;uva pregiata \u00e8 un bianco di struttura e di buona intensit\u00e0. Ottimo da assaporare subito, questo vino subisce una buona evoluzione anche dopo un periodo di 4 o 5 anni di riposo\" \/>\n<meta property=\"og:url\" content=\"https:\/\/vinosomodena.it\/en\/prodotto\/kante-sauvignon-2018\/\" \/>\n<meta property=\"og:site_name\" content=\"Vinoso Modena\" \/>\n<meta property=\"article:modified_time\" content=\"2024-03-22T21:45:31+00:00\" \/>\n<meta property=\"og:image\" content=\"https:\/\/vinosomodena.it\/wp-content\/uploads\/2024\/01\/kantesauvignon2018-1.jpg\" \/>\n\t<meta property=\"og:image:width\" content=\"1500\" \/>\n\t<meta property=\"og:image:height\" content=\"1923\" \/>\n\t<meta property=\"og:image:type\" content=\"image\/jpeg\" \/>\n<meta name=\"twitter:card\" content=\"summary_large_image\" \/>\n<script type=\"application\/ld+json\" class=\"yoast-schema-graph\">{\"@context\":\"https:\/\/schema.org\",\"@graph\":[{\"@type\":\"WebPage\",\"@id\":\"https:\/\/vinosomodena.it\/en\/prodotto\/kante-sauvignon-2018\/\",\"url\":\"https:\/\/vinosomodena.it\/en\/prodotto\/kante-sauvignon-2018\/\",\"name\":\"Kante Sauvignon 2018 - Vinoso Modena\",\"isPartOf\":{\"@id\":\"https:\/\/vinosomodena.it\/#website\"},\"primaryImageOfPage\":{\"@id\":\"https:\/\/vinosomodena.it\/en\/prodotto\/kante-sauvignon-2018\/#primaryimage\"},\"image\":{\"@id\":\"https:\/\/vinosomodena.it\/en\/prodotto\/kante-sauvignon-2018\/#primaryimage\"},\"thumbnailUrl\":\"https:\/\/vinosomodena.it\/wp-content\/uploads\/2024\/01\/kantesauvignon2018-1.jpg\",\"datePublished\":\"2021-03-22T16:40:40+00:00\",\"dateModified\":\"2024-03-22T21:45:31+00:00\",\"breadcrumb\":{\"@id\":\"https:\/\/vinosomodena.it\/en\/prodotto\/kante-sauvignon-2018\/#breadcrumb\"},\"inLanguage\":\"en-US\",\"potentialAction\":[{\"@type\":\"ReadAction\",\"target\":[\"https:\/\/vinosomodena.it\/en\/prodotto\/kante-sauvignon-2018\/\"]}]},{\"@type\":\"ImageObject\",\"inLanguage\":\"en-US\",\"@id\":\"https:\/\/vinosomodena.it\/en\/prodotto\/kante-sauvignon-2018\/#primaryimage\",\"url\":\"https:\/\/vinosomodena.it\/wp-content\/uploads\/2024\/01\/kantesauvignon2018-1.jpg\",\"contentUrl\":\"https:\/\/vinosomodena.it\/wp-content\/uploads\/2024\/01\/kantesauvignon2018-1.jpg\",\"width\":1500,\"height\":1923},{\"@type\":\"BreadcrumbList\",\"@id\":\"https:\/\/vinosomodena.it\/en\/prodotto\/kante-sauvignon-2018\/#breadcrumb\",\"itemListElement\":[{\"@type\":\"ListItem\",\"position\":1,\"name\":\"Home\",\"item\":\"https:\/\/vinosomodena.it\/\"},{\"@type\":\"ListItem\",\"position\":2,\"name\":\"Shop\",\"item\":\"https:\/\/vinosomodena.it\/negozio\/\"},{\"@type\":\"ListItem\",\"position\":3,\"name\":\"Kante Sauvignon 2018\"}]},{\"@type\":\"WebSite\",\"@id\":\"https:\/\/vinosomodena.it\/#website\",\"url\":\"https:\/\/vinosomodena.it\/\",\"name\":\"Vinoso Modena\",\"description\":\"I migliori vini, le annate storiche e molto altro ancora.\",\"potentialAction\":[{\"@type\":\"SearchAction\",\"target\":{\"@type\":\"EntryPoint\",\"urlTemplate\":\"https:\/\/vinosomodena.it\/?s={search_term_string}\"},\"query-input\":{\"@type\":\"PropertyValueSpecification\",\"valueRequired\":true,\"valueName\":\"search_term_string\"}}],\"inLanguage\":\"en-US\"}]}<\/script>\n<!-- \/ Yoast SEO plugin. -->","yoast_head_json":{"title":"Kante Sauvignon 2018 - Vinoso Modena","robots":{"index":"index","follow":"follow","max-snippet":"max-snippet:-1","max-image-preview":"max-image-preview:large","max-video-preview":"max-video-preview:-1"},"canonical":"https:\/\/vinosomodena.it\/en\/prodotto\/kante-sauvignon-2018\/","og_locale":"en_US","og_type":"article","og_title":"Kante Sauvignon 2018 - Vinoso Modena","og_description":"Il Sauvignon dell'azienda agricola Kante \u00e8 un vino bianco prodotto interamente da uve Sauvignon. Dopo la vendemmia manuale, questo vino subisce un particolare processo di affinamento in barrique all'interno di una cantina scavata nella roccia di origine calcarea. Qui, grazie alle caratteristiche delle pareti rocciose, temperatura e umidit\u00e0 risultano costanti, un processo, quest'ultimo, che conferisce qualit\u00e0 particolari a questo Sauvignon Kante dal sapore pieno. Il risultato della lavorazione di quest'uva pregiata \u00e8 un bianco di struttura e di buona intensit\u00e0. Ottimo da assaporare subito, questo vino subisce una buona evoluzione anche dopo un periodo di 4 o 5 anni di riposo","og_url":"https:\/\/vinosomodena.it\/en\/prodotto\/kante-sauvignon-2018\/","og_site_name":"Vinoso Modena","article_modified_time":"2024-03-22T21:45:31+00:00","og_image":[{"width":1500,"height":1923,"url":"https:\/\/vinosomodena.it\/wp-content\/uploads\/2024\/01\/kantesauvignon2018-1.jpg","type":"image\/jpeg"}],"twitter_card":"summary_large_image","schema":{"@context":"https:\/\/schema.org","@graph":[{"@type":"WebPage","@id":"https:\/\/vinosomodena.it\/en\/prodotto\/kante-sauvignon-2018\/","url":"https:\/\/vinosomodena.it\/en\/prodotto\/kante-sauvignon-2018\/","name":"Kante Sauvignon 2018 - Vinoso Modena","isPartOf":{"@id":"https:\/\/vinosomodena.it\/#website"},"primaryImageOfPage":{"@id":"https:\/\/vinosomodena.it\/en\/prodotto\/kante-sauvignon-2018\/#primaryimage"},"image":{"@id":"https:\/\/vinosomodena.it\/en\/prodotto\/kante-sauvignon-2018\/#primaryimage"},"thumbnailUrl":"https:\/\/vinosomodena.it\/wp-content\/uploads\/2024\/01\/kantesauvignon2018-1.jpg","datePublished":"2021-03-22T16:40:40+00:00","dateModified":"2024-03-22T21:45:31+00:00","breadcrumb":{"@id":"https:\/\/vinosomodena.it\/en\/prodotto\/kante-sauvignon-2018\/#breadcrumb"},"inLanguage":"en-US","potentialAction":[{"@type":"ReadAction","target":["https:\/\/vinosomodena.it\/en\/prodotto\/kante-sauvignon-2018\/"]}]},{"@type":"ImageObject","inLanguage":"en-US","@id":"https:\/\/vinosomodena.it\/en\/prodotto\/kante-sauvignon-2018\/#primaryimage","url":"https:\/\/vinosomodena.it\/wp-content\/uploads\/2024\/01\/kantesauvignon2018-1.jpg","contentUrl":"https:\/\/vinosomodena.it\/wp-content\/uploads\/2024\/01\/kantesauvignon2018-1.jpg","width":1500,"height":1923},{"@type":"BreadcrumbList","@id":"https:\/\/vinosomodena.it\/en\/prodotto\/kante-sauvignon-2018\/#breadcrumb","itemListElement":[{"@type":"ListItem","position":1,"name":"Home","item":"https:\/\/vinosomodena.it\/"},{"@type":"ListItem","position":2,"name":"Shop","item":"https:\/\/vinosomodena.it\/negozio\/"},{"@type":"ListItem","position":3,"name":"Kante Sauvignon 2018"}]},{"@type":"WebSite","@id":"https:\/\/vinosomodena.it\/#website","url":"https:\/\/vinosomodena.it\/","name":"Vinoso Modena","description":"I migliori vini, le annate storiche e molto altro ancora.","potentialAction":[{"@type":"SearchAction","target":{"@type":"EntryPoint","urlTemplate":"https:\/\/vinosomodena.it\/?s={search_term_string}"},"query-input":{"@type":"PropertyValueSpecification","valueRequired":true,"valueName":"search_term_string"}}],"inLanguage":"en-US"}]}},"jetpack_sharing_enabled":true,"_links":{"self":[{"href":"https:\/\/vinosomodena.it\/en\/wp-json\/wp\/v2\/product\/11315","targetHints":{"allow":["GET"]}}],"collection":[{"href":"https:\/\/vinosomodena.it\/en\/wp-json\/wp\/v2\/product"}],"about":[{"href":"https:\/\/vinosomodena.it\/en\/wp-json\/wp\/v2\/types\/product"}],"wp:featuredmedia":[{"embeddable":true,"href":"https:\/\/vinosomodena.it\/en\/wp-json\/wp\/v2\/media\/15039"}],"wp:attachment":[{"href":"https:\/\/vinosomodena.it\/en\/wp-json\/wp\/v2\/media?parent=11315"}],"wp:term":[{"taxonomy":"product_brand","embeddable":true,"href":"https:\/\/vinosomodena.it\/en\/wp-json\/wp\/v2\/product_brand?post=11315"},{"taxonomy":"product_cat","embeddable":true,"href":"https:\/\/vinosomodena.it\/en\/wp-json\/wp\/v2\/product_cat?post=11315"},{"taxonomy":"product_tag","embeddable":true,"href":"https:\/\/vinosomodena.it\/en\/wp-json\/wp\/v2\/product_tag?post=11315"}],"curies":[{"name":"wp","href":"https:\/\/api.w.org\/{rel}","templated":true}]}}