{"id":11338,"date":"2021-03-22T11:34:12","date_gmt":"2021-03-22T10:34:12","guid":{"rendered":"https:\/\/vinosomodena.it\/prodotto\/azelia-barolo-margheria-2013\/"},"modified":"2026-03-11T17:17:20","modified_gmt":"2026-03-11T16:17:20","slug":"azelia-barolo-margheria-2013","status":"publish","type":"product","link":"https:\/\/vinosomodena.it\/en\/prodotto\/azelia-barolo-margheria-2013\/","title":{"rendered":"Azelia Barolo Margheria 2013"},"content":{"rendered":"<p>Dal cuore di Serralunga d\u2019Alba, con tutta la sua complessit\u00e0. Aromi intensi, frutti neri, liquirizia e spezie nel tipico stile del paese. Energico.\u00a0I tannini incorniciano la struttura dando densit\u00e0 e profondit\u00e0 al vino. Finale con una persistente sapidit\u00e0.\u00a0Minerale, terroso, sapido. Impressionante.<\/p>\n","protected":false},"excerpt":{"rendered":"<div class=\"cont_testo animation start\">\n<p>Dal cuore di Serralunga d\u2019Alba, con tutta la sua complessit\u00e0. Aromi intensi, frutti neri, liquirizia e spezie nel tipico stile del paese. Energico.\u00a0I tannini incorniciano la struttura dando densit\u00e0 e profondit\u00e0 al vino. Finale con una persistente sapidit\u00e0.\u00a0Minerale, terroso, sapido. Impressionante.<\/p>\n<\/div>\n<div class=\"cont_caratteristiche animation start\">\n<div class=\"row\">\n<div class=\"col-md-5\">\n<p>&nbsp;<\/p>\n<\/div>\n<\/div>\n<\/div>\n","protected":false},"featured_media":24458,"template":"","meta":{"_acf_changed":false},"product_brand":[],"product_cat":[2579],"product_tag":[],"class_list":{"0":"post-11338","1":"product","2":"type-product","3":"status-publish","4":"has-post-thumbnail","6":"product_cat-red-wine","8":"first","9":"instock","10":"purchasable","11":"product-type-simple"},"acf":[],"yoast_head":"<!-- This site is optimized with the Yoast SEO plugin v27.0 - https:\/\/yoast.com\/product\/yoast-seo-wordpress\/ -->\n<title>Azelia Barolo Margheria 2013 - Vinoso Modena<\/title>\n<meta name=\"robots\" content=\"index, follow, max-snippet:-1, max-image-preview:large, max-video-preview:-1\" \/>\n<link rel=\"canonical\" href=\"https:\/\/vinosomodena.it\/en\/prodotto\/azelia-barolo-margheria-2013\/\" \/>\n<meta property=\"og:locale\" content=\"en_US\" \/>\n<meta property=\"og:type\" content=\"article\" \/>\n<meta property=\"og:title\" content=\"Azelia Barolo Margheria 2013 - Vinoso Modena\" \/>\n<meta property=\"og:description\" content=\"Dal cuore di Serralunga d\u2019Alba, con tutta la sua complessit\u00e0. Aromi intensi, frutti neri, liquirizia e spezie nel tipico stile del paese. Energico.\u00a0I tannini incorniciano la struttura dando densit\u00e0 e profondit\u00e0 al vino. Finale con una persistente sapidit\u00e0.\u00a0Minerale, terroso, sapido. Impressionante.       &nbsp;\" \/>\n<meta property=\"og:url\" content=\"https:\/\/vinosomodena.it\/en\/prodotto\/azelia-barolo-margheria-2013\/\" \/>\n<meta property=\"og:site_name\" content=\"Vinoso Modena\" \/>\n<meta property=\"article:modified_time\" content=\"2026-03-11T16:17:20+00:00\" \/>\n<meta property=\"og:image\" content=\"https:\/\/vinosomodena.it\/wp-content\/uploads\/2025\/10\/azeliamargheria2013.jpg\" \/>\n\t<meta property=\"og:image:width\" content=\"1500\" \/>\n\t<meta property=\"og:image:height\" content=\"1923\" \/>\n\t<meta property=\"og:image:type\" content=\"image\/jpeg\" \/>\n<meta name=\"twitter:card\" content=\"summary_large_image\" \/>\n<script type=\"application\/ld+json\" class=\"yoast-schema-graph\">{\"@context\":\"https:\/\/schema.org\",\"@graph\":[{\"@type\":\"WebPage\",\"@id\":\"https:\/\/vinosomodena.it\/en\/prodotto\/azelia-barolo-margheria-2013\/\",\"url\":\"https:\/\/vinosomodena.it\/en\/prodotto\/azelia-barolo-margheria-2013\/\",\"name\":\"Azelia Barolo Margheria 2013 - Vinoso Modena\",\"isPartOf\":{\"@id\":\"https:\/\/vinosomodena.it\/#website\"},\"primaryImageOfPage\":{\"@id\":\"https:\/\/vinosomodena.it\/en\/prodotto\/azelia-barolo-margheria-2013\/#primaryimage\"},\"image\":{\"@id\":\"https:\/\/vinosomodena.it\/en\/prodotto\/azelia-barolo-margheria-2013\/#primaryimage\"},\"thumbnailUrl\":\"https:\/\/vinosomodena.it\/wp-content\/uploads\/2025\/10\/azeliamargheria2013.jpg\",\"datePublished\":\"2021-03-22T10:34:12+00:00\",\"dateModified\":\"2026-03-11T16:17:20+00:00\",\"breadcrumb\":{\"@id\":\"https:\/\/vinosomodena.it\/en\/prodotto\/azelia-barolo-margheria-2013\/#breadcrumb\"},\"inLanguage\":\"en-US\",\"potentialAction\":[{\"@type\":\"ReadAction\",\"target\":[\"https:\/\/vinosomodena.it\/en\/prodotto\/azelia-barolo-margheria-2013\/\"]}]},{\"@type\":\"ImageObject\",\"inLanguage\":\"en-US\",\"@id\":\"https:\/\/vinosomodena.it\/en\/prodotto\/azelia-barolo-margheria-2013\/#primaryimage\",\"url\":\"https:\/\/vinosomodena.it\/wp-content\/uploads\/2025\/10\/azeliamargheria2013.jpg\",\"contentUrl\":\"https:\/\/vinosomodena.it\/wp-content\/uploads\/2025\/10\/azeliamargheria2013.jpg\",\"width\":1500,\"height\":1923},{\"@type\":\"BreadcrumbList\",\"@id\":\"https:\/\/vinosomodena.it\/en\/prodotto\/azelia-barolo-margheria-2013\/#breadcrumb\",\"itemListElement\":[{\"@type\":\"ListItem\",\"position\":1,\"name\":\"Home\",\"item\":\"https:\/\/vinosomodena.it\/\"},{\"@type\":\"ListItem\",\"position\":2,\"name\":\"Shop\",\"item\":\"https:\/\/vinosomodena.it\/negozio\/\"},{\"@type\":\"ListItem\",\"position\":3,\"name\":\"Azelia Barolo Margheria 2013\"}]},{\"@type\":\"WebSite\",\"@id\":\"https:\/\/vinosomodena.it\/#website\",\"url\":\"https:\/\/vinosomodena.it\/\",\"name\":\"Vinoso Modena\",\"description\":\"I migliori vini, le annate storiche e molto altro ancora.\",\"potentialAction\":[{\"@type\":\"SearchAction\",\"target\":{\"@type\":\"EntryPoint\",\"urlTemplate\":\"https:\/\/vinosomodena.it\/?s={search_term_string}\"},\"query-input\":{\"@type\":\"PropertyValueSpecification\",\"valueRequired\":true,\"valueName\":\"search_term_string\"}}],\"inLanguage\":\"en-US\"}]}<\/script>\n<!-- \/ Yoast SEO plugin. -->","yoast_head_json":{"title":"Azelia Barolo Margheria 2013 - Vinoso Modena","robots":{"index":"index","follow":"follow","max-snippet":"max-snippet:-1","max-image-preview":"max-image-preview:large","max-video-preview":"max-video-preview:-1"},"canonical":"https:\/\/vinosomodena.it\/en\/prodotto\/azelia-barolo-margheria-2013\/","og_locale":"en_US","og_type":"article","og_title":"Azelia Barolo Margheria 2013 - Vinoso Modena","og_description":"Dal cuore di Serralunga d\u2019Alba, con tutta la sua complessit\u00e0. Aromi intensi, frutti neri, liquirizia e spezie nel tipico stile del paese. Energico.\u00a0I tannini incorniciano la struttura dando densit\u00e0 e profondit\u00e0 al vino. Finale con una persistente sapidit\u00e0.\u00a0Minerale, terroso, sapido. Impressionante.       &nbsp;","og_url":"https:\/\/vinosomodena.it\/en\/prodotto\/azelia-barolo-margheria-2013\/","og_site_name":"Vinoso Modena","article_modified_time":"2026-03-11T16:17:20+00:00","og_image":[{"width":1500,"height":1923,"url":"https:\/\/vinosomodena.it\/wp-content\/uploads\/2025\/10\/azeliamargheria2013.jpg","type":"image\/jpeg"}],"twitter_card":"summary_large_image","schema":{"@context":"https:\/\/schema.org","@graph":[{"@type":"WebPage","@id":"https:\/\/vinosomodena.it\/en\/prodotto\/azelia-barolo-margheria-2013\/","url":"https:\/\/vinosomodena.it\/en\/prodotto\/azelia-barolo-margheria-2013\/","name":"Azelia Barolo Margheria 2013 - Vinoso Modena","isPartOf":{"@id":"https:\/\/vinosomodena.it\/#website"},"primaryImageOfPage":{"@id":"https:\/\/vinosomodena.it\/en\/prodotto\/azelia-barolo-margheria-2013\/#primaryimage"},"image":{"@id":"https:\/\/vinosomodena.it\/en\/prodotto\/azelia-barolo-margheria-2013\/#primaryimage"},"thumbnailUrl":"https:\/\/vinosomodena.it\/wp-content\/uploads\/2025\/10\/azeliamargheria2013.jpg","datePublished":"2021-03-22T10:34:12+00:00","dateModified":"2026-03-11T16:17:20+00:00","breadcrumb":{"@id":"https:\/\/vinosomodena.it\/en\/prodotto\/azelia-barolo-margheria-2013\/#breadcrumb"},"inLanguage":"en-US","potentialAction":[{"@type":"ReadAction","target":["https:\/\/vinosomodena.it\/en\/prodotto\/azelia-barolo-margheria-2013\/"]}]},{"@type":"ImageObject","inLanguage":"en-US","@id":"https:\/\/vinosomodena.it\/en\/prodotto\/azelia-barolo-margheria-2013\/#primaryimage","url":"https:\/\/vinosomodena.it\/wp-content\/uploads\/2025\/10\/azeliamargheria2013.jpg","contentUrl":"https:\/\/vinosomodena.it\/wp-content\/uploads\/2025\/10\/azeliamargheria2013.jpg","width":1500,"height":1923},{"@type":"BreadcrumbList","@id":"https:\/\/vinosomodena.it\/en\/prodotto\/azelia-barolo-margheria-2013\/#breadcrumb","itemListElement":[{"@type":"ListItem","position":1,"name":"Home","item":"https:\/\/vinosomodena.it\/"},{"@type":"ListItem","position":2,"name":"Shop","item":"https:\/\/vinosomodena.it\/negozio\/"},{"@type":"ListItem","position":3,"name":"Azelia Barolo Margheria 2013"}]},{"@type":"WebSite","@id":"https:\/\/vinosomodena.it\/#website","url":"https:\/\/vinosomodena.it\/","name":"Vinoso Modena","description":"I migliori vini, le annate storiche e molto altro ancora.","potentialAction":[{"@type":"SearchAction","target":{"@type":"EntryPoint","urlTemplate":"https:\/\/vinosomodena.it\/?s={search_term_string}"},"query-input":{"@type":"PropertyValueSpecification","valueRequired":true,"valueName":"search_term_string"}}],"inLanguage":"en-US"}]}},"jetpack_sharing_enabled":true,"_links":{"self":[{"href":"https:\/\/vinosomodena.it\/en\/wp-json\/wp\/v2\/product\/11338","targetHints":{"allow":["GET"]}}],"collection":[{"href":"https:\/\/vinosomodena.it\/en\/wp-json\/wp\/v2\/product"}],"about":[{"href":"https:\/\/vinosomodena.it\/en\/wp-json\/wp\/v2\/types\/product"}],"wp:featuredmedia":[{"embeddable":true,"href":"https:\/\/vinosomodena.it\/en\/wp-json\/wp\/v2\/media\/24458"}],"wp:attachment":[{"href":"https:\/\/vinosomodena.it\/en\/wp-json\/wp\/v2\/media?parent=11338"}],"wp:term":[{"taxonomy":"product_brand","embeddable":true,"href":"https:\/\/vinosomodena.it\/en\/wp-json\/wp\/v2\/product_brand?post=11338"},{"taxonomy":"product_cat","embeddable":true,"href":"https:\/\/vinosomodena.it\/en\/wp-json\/wp\/v2\/product_cat?post=11338"},{"taxonomy":"product_tag","embeddable":true,"href":"https:\/\/vinosomodena.it\/en\/wp-json\/wp\/v2\/product_tag?post=11338"}],"curies":[{"name":"wp","href":"https:\/\/api.w.org\/{rel}","templated":true}]}}