{"id":11389,"date":"2021-03-09T16:14:44","date_gmt":"2021-03-09T15:14:44","guid":{"rendered":"https:\/\/vinosomodena.it\/?post_type=product&#038;p=11389"},"modified":"2026-01-15T08:24:00","modified_gmt":"2026-01-15T07:24:00","slug":"pierre-morey-meursault-blanc-2017","status":"publish","type":"product","link":"https:\/\/vinosomodena.it\/en\/prodotto\/pierre-morey-meursault-blanc-2017\/","title":{"rendered":"PIERRE VINCENT MEURSAULT LES LUCHETS 2023"},"content":{"rendered":"<p>Les Luchets  \u00e8 UN MEURSAULT ottenuto da una cuv\u00e9e invecchiata tra  botti e giare di argilla.<\/p>\n","protected":false},"excerpt":{"rendered":"<p>Il Meursault Blanc di Pierre Morey \u00e8 uno Chardonnay di raffinata eleganza, che esprime le migliori qualit\u00e0 di un terroir particolarmente pregiato come quello di Meursault. Il piccolo borgo della C\u00f4te-d&#8217;Or, che si trova a sud di Beaune, \u00e8 famoso per produrre bianchi di grande fascino, capaci di unire\u00a0freschezza, complessit\u00e0 e profondit\u00e0 aromatica. Vini dal profilo inconfondibile che fanno parte dell\u2019\u00e9lite dei grandi vini bianchi, piacevoli fin da giovani, ma che possiedono anche un grande potenziale d\u2019evoluzione aromatica nel corso del loro invecchiamento.<\/p>\n","protected":false},"featured_media":22102,"template":"","meta":{"_acf_changed":false},"product_brand":[],"product_cat":[4964],"product_tag":[],"class_list":{"0":"post-11389","1":"product","2":"type-product","3":"status-publish","4":"has-post-thumbnail","6":"product_cat-white-wines","8":"first","9":"instock","10":"sold-individually","11":"purchasable","12":"product-type-simple"},"acf":[],"yoast_head":"<!-- This site is optimized with the Yoast SEO plugin v27.0 - https:\/\/yoast.com\/product\/yoast-seo-wordpress\/ -->\n<title>PIERRE VINCENT MEURSAULT LES LUCHETS 2023 - Vinoso Modena<\/title>\n<meta name=\"robots\" content=\"index, follow, max-snippet:-1, max-image-preview:large, max-video-preview:-1\" \/>\n<link rel=\"canonical\" href=\"https:\/\/vinosomodena.it\/en\/prodotto\/pierre-morey-meursault-blanc-2017\/\" \/>\n<meta property=\"og:locale\" content=\"en_US\" \/>\n<meta property=\"og:type\" content=\"article\" \/>\n<meta property=\"og:title\" content=\"PIERRE VINCENT MEURSAULT LES LUCHETS 2023 - Vinoso Modena\" \/>\n<meta property=\"og:description\" content=\"Il Meursault Blanc di Pierre Morey \u00e8 uno Chardonnay di raffinata eleganza, che esprime le migliori qualit\u00e0 di un terroir particolarmente pregiato come quello di Meursault. Il piccolo borgo della C\u00f4te-d&#039;Or, che si trova a sud di Beaune, \u00e8 famoso per produrre bianchi di grande fascino, capaci di unire\u00a0freschezza, complessit\u00e0 e profondit\u00e0 aromatica. Vini dal profilo inconfondibile che fanno parte dell\u2019\u00e9lite dei grandi vini bianchi, piacevoli fin da giovani, ma che possiedono anche un grande potenziale d\u2019evoluzione aromatica nel corso del loro invecchiamento.\" \/>\n<meta property=\"og:url\" content=\"https:\/\/vinosomodena.it\/en\/prodotto\/pierre-morey-meursault-blanc-2017\/\" \/>\n<meta property=\"og:site_name\" content=\"Vinoso Modena\" \/>\n<meta property=\"article:modified_time\" content=\"2026-01-15T07:24:00+00:00\" \/>\n<meta property=\"og:image\" content=\"https:\/\/vinosomodena.it\/wp-content\/uploads\/2025\/07\/moreymersault.jpg\" \/>\n\t<meta property=\"og:image:width\" content=\"1500\" \/>\n\t<meta property=\"og:image:height\" content=\"1923\" \/>\n\t<meta property=\"og:image:type\" content=\"image\/jpeg\" \/>\n<meta name=\"twitter:card\" content=\"summary_large_image\" \/>\n<script type=\"application\/ld+json\" class=\"yoast-schema-graph\">{\"@context\":\"https:\/\/schema.org\",\"@graph\":[{\"@type\":\"WebPage\",\"@id\":\"https:\/\/vinosomodena.it\/en\/prodotto\/pierre-morey-meursault-blanc-2017\/\",\"url\":\"https:\/\/vinosomodena.it\/en\/prodotto\/pierre-morey-meursault-blanc-2017\/\",\"name\":\"PIERRE VINCENT MEURSAULT LES LUCHETS 2023 - Vinoso Modena\",\"isPartOf\":{\"@id\":\"https:\/\/vinosomodena.it\/#website\"},\"primaryImageOfPage\":{\"@id\":\"https:\/\/vinosomodena.it\/en\/prodotto\/pierre-morey-meursault-blanc-2017\/#primaryimage\"},\"image\":{\"@id\":\"https:\/\/vinosomodena.it\/en\/prodotto\/pierre-morey-meursault-blanc-2017\/#primaryimage\"},\"thumbnailUrl\":\"https:\/\/vinosomodena.it\/wp-content\/uploads\/2025\/07\/moreymersault.jpg\",\"datePublished\":\"2021-03-09T15:14:44+00:00\",\"dateModified\":\"2026-01-15T07:24:00+00:00\",\"breadcrumb\":{\"@id\":\"https:\/\/vinosomodena.it\/en\/prodotto\/pierre-morey-meursault-blanc-2017\/#breadcrumb\"},\"inLanguage\":\"en-US\",\"potentialAction\":[{\"@type\":\"ReadAction\",\"target\":[\"https:\/\/vinosomodena.it\/en\/prodotto\/pierre-morey-meursault-blanc-2017\/\"]}]},{\"@type\":\"ImageObject\",\"inLanguage\":\"en-US\",\"@id\":\"https:\/\/vinosomodena.it\/en\/prodotto\/pierre-morey-meursault-blanc-2017\/#primaryimage\",\"url\":\"https:\/\/vinosomodena.it\/wp-content\/uploads\/2025\/07\/moreymersault.jpg\",\"contentUrl\":\"https:\/\/vinosomodena.it\/wp-content\/uploads\/2025\/07\/moreymersault.jpg\",\"width\":1500,\"height\":1923},{\"@type\":\"BreadcrumbList\",\"@id\":\"https:\/\/vinosomodena.it\/en\/prodotto\/pierre-morey-meursault-blanc-2017\/#breadcrumb\",\"itemListElement\":[{\"@type\":\"ListItem\",\"position\":1,\"name\":\"Home\",\"item\":\"https:\/\/vinosomodena.it\/\"},{\"@type\":\"ListItem\",\"position\":2,\"name\":\"Shop\",\"item\":\"https:\/\/vinosomodena.it\/negozio\/\"},{\"@type\":\"ListItem\",\"position\":3,\"name\":\"PIERRE VINCENT MEURSAULT LES LUCHETS 2023\"}]},{\"@type\":\"WebSite\",\"@id\":\"https:\/\/vinosomodena.it\/#website\",\"url\":\"https:\/\/vinosomodena.it\/\",\"name\":\"Vinoso Modena\",\"description\":\"I migliori vini, le annate storiche e molto altro ancora.\",\"potentialAction\":[{\"@type\":\"SearchAction\",\"target\":{\"@type\":\"EntryPoint\",\"urlTemplate\":\"https:\/\/vinosomodena.it\/?s={search_term_string}\"},\"query-input\":{\"@type\":\"PropertyValueSpecification\",\"valueRequired\":true,\"valueName\":\"search_term_string\"}}],\"inLanguage\":\"en-US\"}]}<\/script>\n<!-- \/ Yoast SEO plugin. -->","yoast_head_json":{"title":"PIERRE VINCENT MEURSAULT LES LUCHETS 2023 - Vinoso Modena","robots":{"index":"index","follow":"follow","max-snippet":"max-snippet:-1","max-image-preview":"max-image-preview:large","max-video-preview":"max-video-preview:-1"},"canonical":"https:\/\/vinosomodena.it\/en\/prodotto\/pierre-morey-meursault-blanc-2017\/","og_locale":"en_US","og_type":"article","og_title":"PIERRE VINCENT MEURSAULT LES LUCHETS 2023 - Vinoso Modena","og_description":"Il Meursault Blanc di Pierre Morey \u00e8 uno Chardonnay di raffinata eleganza, che esprime le migliori qualit\u00e0 di un terroir particolarmente pregiato come quello di Meursault. Il piccolo borgo della C\u00f4te-d'Or, che si trova a sud di Beaune, \u00e8 famoso per produrre bianchi di grande fascino, capaci di unire\u00a0freschezza, complessit\u00e0 e profondit\u00e0 aromatica. Vini dal profilo inconfondibile che fanno parte dell\u2019\u00e9lite dei grandi vini bianchi, piacevoli fin da giovani, ma che possiedono anche un grande potenziale d\u2019evoluzione aromatica nel corso del loro invecchiamento.","og_url":"https:\/\/vinosomodena.it\/en\/prodotto\/pierre-morey-meursault-blanc-2017\/","og_site_name":"Vinoso Modena","article_modified_time":"2026-01-15T07:24:00+00:00","og_image":[{"width":1500,"height":1923,"url":"https:\/\/vinosomodena.it\/wp-content\/uploads\/2025\/07\/moreymersault.jpg","type":"image\/jpeg"}],"twitter_card":"summary_large_image","schema":{"@context":"https:\/\/schema.org","@graph":[{"@type":"WebPage","@id":"https:\/\/vinosomodena.it\/en\/prodotto\/pierre-morey-meursault-blanc-2017\/","url":"https:\/\/vinosomodena.it\/en\/prodotto\/pierre-morey-meursault-blanc-2017\/","name":"PIERRE VINCENT MEURSAULT LES LUCHETS 2023 - Vinoso Modena","isPartOf":{"@id":"https:\/\/vinosomodena.it\/#website"},"primaryImageOfPage":{"@id":"https:\/\/vinosomodena.it\/en\/prodotto\/pierre-morey-meursault-blanc-2017\/#primaryimage"},"image":{"@id":"https:\/\/vinosomodena.it\/en\/prodotto\/pierre-morey-meursault-blanc-2017\/#primaryimage"},"thumbnailUrl":"https:\/\/vinosomodena.it\/wp-content\/uploads\/2025\/07\/moreymersault.jpg","datePublished":"2021-03-09T15:14:44+00:00","dateModified":"2026-01-15T07:24:00+00:00","breadcrumb":{"@id":"https:\/\/vinosomodena.it\/en\/prodotto\/pierre-morey-meursault-blanc-2017\/#breadcrumb"},"inLanguage":"en-US","potentialAction":[{"@type":"ReadAction","target":["https:\/\/vinosomodena.it\/en\/prodotto\/pierre-morey-meursault-blanc-2017\/"]}]},{"@type":"ImageObject","inLanguage":"en-US","@id":"https:\/\/vinosomodena.it\/en\/prodotto\/pierre-morey-meursault-blanc-2017\/#primaryimage","url":"https:\/\/vinosomodena.it\/wp-content\/uploads\/2025\/07\/moreymersault.jpg","contentUrl":"https:\/\/vinosomodena.it\/wp-content\/uploads\/2025\/07\/moreymersault.jpg","width":1500,"height":1923},{"@type":"BreadcrumbList","@id":"https:\/\/vinosomodena.it\/en\/prodotto\/pierre-morey-meursault-blanc-2017\/#breadcrumb","itemListElement":[{"@type":"ListItem","position":1,"name":"Home","item":"https:\/\/vinosomodena.it\/"},{"@type":"ListItem","position":2,"name":"Shop","item":"https:\/\/vinosomodena.it\/negozio\/"},{"@type":"ListItem","position":3,"name":"PIERRE VINCENT MEURSAULT LES LUCHETS 2023"}]},{"@type":"WebSite","@id":"https:\/\/vinosomodena.it\/#website","url":"https:\/\/vinosomodena.it\/","name":"Vinoso Modena","description":"I migliori vini, le annate storiche e molto altro ancora.","potentialAction":[{"@type":"SearchAction","target":{"@type":"EntryPoint","urlTemplate":"https:\/\/vinosomodena.it\/?s={search_term_string}"},"query-input":{"@type":"PropertyValueSpecification","valueRequired":true,"valueName":"search_term_string"}}],"inLanguage":"en-US"}]}},"jetpack_sharing_enabled":true,"_links":{"self":[{"href":"https:\/\/vinosomodena.it\/en\/wp-json\/wp\/v2\/product\/11389","targetHints":{"allow":["GET"]}}],"collection":[{"href":"https:\/\/vinosomodena.it\/en\/wp-json\/wp\/v2\/product"}],"about":[{"href":"https:\/\/vinosomodena.it\/en\/wp-json\/wp\/v2\/types\/product"}],"wp:featuredmedia":[{"embeddable":true,"href":"https:\/\/vinosomodena.it\/en\/wp-json\/wp\/v2\/media\/22102"}],"wp:attachment":[{"href":"https:\/\/vinosomodena.it\/en\/wp-json\/wp\/v2\/media?parent=11389"}],"wp:term":[{"taxonomy":"product_brand","embeddable":true,"href":"https:\/\/vinosomodena.it\/en\/wp-json\/wp\/v2\/product_brand?post=11389"},{"taxonomy":"product_cat","embeddable":true,"href":"https:\/\/vinosomodena.it\/en\/wp-json\/wp\/v2\/product_cat?post=11389"},{"taxonomy":"product_tag","embeddable":true,"href":"https:\/\/vinosomodena.it\/en\/wp-json\/wp\/v2\/product_tag?post=11389"}],"curies":[{"name":"wp","href":"https:\/\/api.w.org\/{rel}","templated":true}]}}