{"id":11443,"date":"2021-02-27T16:22:09","date_gmt":"2021-02-27T15:22:09","guid":{"rendered":"https:\/\/vinosomodena.it\/?post_type=product&#038;p=11443"},"modified":"2025-02-12T16:21:11","modified_gmt":"2025-02-12T15:21:11","slug":"chablis-pic-premier-2002-albert-pic-magnum","status":"publish","type":"product","link":"https:\/\/vinosomodena.it\/en\/prodotto\/chablis-pic-premier-2002-albert-pic-magnum\/","title":{"rendered":"Chablis Pic Premier 2002 Albert Pic Magnum"},"content":{"rendered":"","protected":false},"excerpt":{"rendered":"<p>Uno Chardonnay memorabile questo Chablis Pic Premier prodotto dalla tenuta Albert Pic. Per produrlo vengono scelti solamente i migliori acini, provenienti da vigne di oltre 30 anni e dei migliori 1er e Grand Cru. Il risultato \u00e8 proprio uno di quelli che piace a noi di Tannico, ovvero un Chablis Pic Premier di grande complessit\u00e0, che solo con gli anni esprimer\u00e0 il suo enorme potenziale<\/p>\n","protected":false},"featured_media":20447,"template":"","meta":{"_acf_changed":false},"product_brand":[],"product_cat":[2589],"product_tag":[],"class_list":{"0":"post-11443","1":"product","2":"type-product","3":"status-publish","4":"has-post-thumbnail","6":"product_cat-white-wine","8":"first","9":"outofstock","10":"sold-individually","11":"purchasable","12":"product-type-simple"},"acf":[],"yoast_head":"<!-- This site is optimized with the Yoast SEO plugin v27.0 - https:\/\/yoast.com\/product\/yoast-seo-wordpress\/ -->\n<title>Chablis Pic Premier 2002 Albert Pic Magnum - Vinoso Modena<\/title>\n<meta name=\"robots\" content=\"index, follow, max-snippet:-1, max-image-preview:large, max-video-preview:-1\" \/>\n<link rel=\"canonical\" href=\"https:\/\/vinosomodena.it\/en\/prodotto\/chablis-pic-premier-2002-albert-pic-magnum\/\" \/>\n<meta property=\"og:locale\" content=\"en_US\" \/>\n<meta property=\"og:type\" content=\"article\" \/>\n<meta property=\"og:title\" content=\"Chablis Pic Premier 2002 Albert Pic Magnum - Vinoso Modena\" \/>\n<meta property=\"og:description\" content=\"Uno Chardonnay memorabile questo Chablis Pic Premier prodotto dalla tenuta Albert Pic. Per produrlo vengono scelti solamente i migliori acini, provenienti da vigne di oltre 30 anni e dei migliori 1er e Grand Cru. Il risultato \u00e8 proprio uno di quelli che piace a noi di Tannico, ovvero un Chablis Pic Premier di grande complessit\u00e0, che solo con gli anni esprimer\u00e0 il suo enorme potenziale\" \/>\n<meta property=\"og:url\" content=\"https:\/\/vinosomodena.it\/en\/prodotto\/chablis-pic-premier-2002-albert-pic-magnum\/\" \/>\n<meta property=\"og:site_name\" content=\"Vinoso Modena\" \/>\n<meta property=\"article:modified_time\" content=\"2025-02-12T15:21:11+00:00\" \/>\n<meta property=\"og:image\" content=\"https:\/\/vinosomodena.it\/wp-content\/uploads\/2025\/02\/pic.jpg\" \/>\n\t<meta property=\"og:image:width\" content=\"1500\" \/>\n\t<meta property=\"og:image:height\" content=\"1923\" \/>\n\t<meta property=\"og:image:type\" content=\"image\/jpeg\" \/>\n<meta name=\"twitter:card\" content=\"summary_large_image\" \/>\n<script type=\"application\/ld+json\" class=\"yoast-schema-graph\">{\"@context\":\"https:\/\/schema.org\",\"@graph\":[{\"@type\":\"WebPage\",\"@id\":\"https:\/\/vinosomodena.it\/en\/prodotto\/chablis-pic-premier-2002-albert-pic-magnum\/\",\"url\":\"https:\/\/vinosomodena.it\/en\/prodotto\/chablis-pic-premier-2002-albert-pic-magnum\/\",\"name\":\"Chablis Pic Premier 2002 Albert Pic Magnum - Vinoso Modena\",\"isPartOf\":{\"@id\":\"https:\/\/vinosomodena.it\/#website\"},\"primaryImageOfPage\":{\"@id\":\"https:\/\/vinosomodena.it\/en\/prodotto\/chablis-pic-premier-2002-albert-pic-magnum\/#primaryimage\"},\"image\":{\"@id\":\"https:\/\/vinosomodena.it\/en\/prodotto\/chablis-pic-premier-2002-albert-pic-magnum\/#primaryimage\"},\"thumbnailUrl\":\"https:\/\/vinosomodena.it\/wp-content\/uploads\/2025\/02\/pic.jpg\",\"datePublished\":\"2021-02-27T15:22:09+00:00\",\"dateModified\":\"2025-02-12T15:21:11+00:00\",\"breadcrumb\":{\"@id\":\"https:\/\/vinosomodena.it\/en\/prodotto\/chablis-pic-premier-2002-albert-pic-magnum\/#breadcrumb\"},\"inLanguage\":\"en-US\",\"potentialAction\":[{\"@type\":\"ReadAction\",\"target\":[\"https:\/\/vinosomodena.it\/en\/prodotto\/chablis-pic-premier-2002-albert-pic-magnum\/\"]}]},{\"@type\":\"ImageObject\",\"inLanguage\":\"en-US\",\"@id\":\"https:\/\/vinosomodena.it\/en\/prodotto\/chablis-pic-premier-2002-albert-pic-magnum\/#primaryimage\",\"url\":\"https:\/\/vinosomodena.it\/wp-content\/uploads\/2025\/02\/pic.jpg\",\"contentUrl\":\"https:\/\/vinosomodena.it\/wp-content\/uploads\/2025\/02\/pic.jpg\",\"width\":1500,\"height\":1923},{\"@type\":\"BreadcrumbList\",\"@id\":\"https:\/\/vinosomodena.it\/en\/prodotto\/chablis-pic-premier-2002-albert-pic-magnum\/#breadcrumb\",\"itemListElement\":[{\"@type\":\"ListItem\",\"position\":1,\"name\":\"Home\",\"item\":\"https:\/\/vinosomodena.it\/\"},{\"@type\":\"ListItem\",\"position\":2,\"name\":\"Shop\",\"item\":\"https:\/\/vinosomodena.it\/negozio\/\"},{\"@type\":\"ListItem\",\"position\":3,\"name\":\"Chablis Pic Premier 2002 Albert Pic Magnum\"}]},{\"@type\":\"WebSite\",\"@id\":\"https:\/\/vinosomodena.it\/#website\",\"url\":\"https:\/\/vinosomodena.it\/\",\"name\":\"Vinoso Modena\",\"description\":\"I migliori vini, le annate storiche e molto altro ancora.\",\"potentialAction\":[{\"@type\":\"SearchAction\",\"target\":{\"@type\":\"EntryPoint\",\"urlTemplate\":\"https:\/\/vinosomodena.it\/?s={search_term_string}\"},\"query-input\":{\"@type\":\"PropertyValueSpecification\",\"valueRequired\":true,\"valueName\":\"search_term_string\"}}],\"inLanguage\":\"en-US\"}]}<\/script>\n<!-- \/ Yoast SEO plugin. -->","yoast_head_json":{"title":"Chablis Pic Premier 2002 Albert Pic Magnum - Vinoso Modena","robots":{"index":"index","follow":"follow","max-snippet":"max-snippet:-1","max-image-preview":"max-image-preview:large","max-video-preview":"max-video-preview:-1"},"canonical":"https:\/\/vinosomodena.it\/en\/prodotto\/chablis-pic-premier-2002-albert-pic-magnum\/","og_locale":"en_US","og_type":"article","og_title":"Chablis Pic Premier 2002 Albert Pic Magnum - Vinoso Modena","og_description":"Uno Chardonnay memorabile questo Chablis Pic Premier prodotto dalla tenuta Albert Pic. Per produrlo vengono scelti solamente i migliori acini, provenienti da vigne di oltre 30 anni e dei migliori 1er e Grand Cru. Il risultato \u00e8 proprio uno di quelli che piace a noi di Tannico, ovvero un Chablis Pic Premier di grande complessit\u00e0, che solo con gli anni esprimer\u00e0 il suo enorme potenziale","og_url":"https:\/\/vinosomodena.it\/en\/prodotto\/chablis-pic-premier-2002-albert-pic-magnum\/","og_site_name":"Vinoso Modena","article_modified_time":"2025-02-12T15:21:11+00:00","og_image":[{"width":1500,"height":1923,"url":"https:\/\/vinosomodena.it\/wp-content\/uploads\/2025\/02\/pic.jpg","type":"image\/jpeg"}],"twitter_card":"summary_large_image","schema":{"@context":"https:\/\/schema.org","@graph":[{"@type":"WebPage","@id":"https:\/\/vinosomodena.it\/en\/prodotto\/chablis-pic-premier-2002-albert-pic-magnum\/","url":"https:\/\/vinosomodena.it\/en\/prodotto\/chablis-pic-premier-2002-albert-pic-magnum\/","name":"Chablis Pic Premier 2002 Albert Pic Magnum - Vinoso Modena","isPartOf":{"@id":"https:\/\/vinosomodena.it\/#website"},"primaryImageOfPage":{"@id":"https:\/\/vinosomodena.it\/en\/prodotto\/chablis-pic-premier-2002-albert-pic-magnum\/#primaryimage"},"image":{"@id":"https:\/\/vinosomodena.it\/en\/prodotto\/chablis-pic-premier-2002-albert-pic-magnum\/#primaryimage"},"thumbnailUrl":"https:\/\/vinosomodena.it\/wp-content\/uploads\/2025\/02\/pic.jpg","datePublished":"2021-02-27T15:22:09+00:00","dateModified":"2025-02-12T15:21:11+00:00","breadcrumb":{"@id":"https:\/\/vinosomodena.it\/en\/prodotto\/chablis-pic-premier-2002-albert-pic-magnum\/#breadcrumb"},"inLanguage":"en-US","potentialAction":[{"@type":"ReadAction","target":["https:\/\/vinosomodena.it\/en\/prodotto\/chablis-pic-premier-2002-albert-pic-magnum\/"]}]},{"@type":"ImageObject","inLanguage":"en-US","@id":"https:\/\/vinosomodena.it\/en\/prodotto\/chablis-pic-premier-2002-albert-pic-magnum\/#primaryimage","url":"https:\/\/vinosomodena.it\/wp-content\/uploads\/2025\/02\/pic.jpg","contentUrl":"https:\/\/vinosomodena.it\/wp-content\/uploads\/2025\/02\/pic.jpg","width":1500,"height":1923},{"@type":"BreadcrumbList","@id":"https:\/\/vinosomodena.it\/en\/prodotto\/chablis-pic-premier-2002-albert-pic-magnum\/#breadcrumb","itemListElement":[{"@type":"ListItem","position":1,"name":"Home","item":"https:\/\/vinosomodena.it\/"},{"@type":"ListItem","position":2,"name":"Shop","item":"https:\/\/vinosomodena.it\/negozio\/"},{"@type":"ListItem","position":3,"name":"Chablis Pic Premier 2002 Albert Pic Magnum"}]},{"@type":"WebSite","@id":"https:\/\/vinosomodena.it\/#website","url":"https:\/\/vinosomodena.it\/","name":"Vinoso Modena","description":"I migliori vini, le annate storiche e molto altro ancora.","potentialAction":[{"@type":"SearchAction","target":{"@type":"EntryPoint","urlTemplate":"https:\/\/vinosomodena.it\/?s={search_term_string}"},"query-input":{"@type":"PropertyValueSpecification","valueRequired":true,"valueName":"search_term_string"}}],"inLanguage":"en-US"}]}},"jetpack_sharing_enabled":true,"_links":{"self":[{"href":"https:\/\/vinosomodena.it\/en\/wp-json\/wp\/v2\/product\/11443","targetHints":{"allow":["GET"]}}],"collection":[{"href":"https:\/\/vinosomodena.it\/en\/wp-json\/wp\/v2\/product"}],"about":[{"href":"https:\/\/vinosomodena.it\/en\/wp-json\/wp\/v2\/types\/product"}],"wp:featuredmedia":[{"embeddable":true,"href":"https:\/\/vinosomodena.it\/en\/wp-json\/wp\/v2\/media\/20447"}],"wp:attachment":[{"href":"https:\/\/vinosomodena.it\/en\/wp-json\/wp\/v2\/media?parent=11443"}],"wp:term":[{"taxonomy":"product_brand","embeddable":true,"href":"https:\/\/vinosomodena.it\/en\/wp-json\/wp\/v2\/product_brand?post=11443"},{"taxonomy":"product_cat","embeddable":true,"href":"https:\/\/vinosomodena.it\/en\/wp-json\/wp\/v2\/product_cat?post=11443"},{"taxonomy":"product_tag","embeddable":true,"href":"https:\/\/vinosomodena.it\/en\/wp-json\/wp\/v2\/product_tag?post=11443"}],"curies":[{"name":"wp","href":"https:\/\/api.w.org\/{rel}","templated":true}]}}