{"id":11486,"date":"2021-02-27T11:50:56","date_gmt":"2021-02-27T10:50:56","guid":{"rendered":"https:\/\/vinosomodena.it\/prodotto\/pio-cesare-barolo-ornato-2016\/"},"modified":"2026-02-19T19:12:00","modified_gmt":"2026-02-19T18:12:00","slug":"pio-cesare-barolo-ornato-2016","status":"publish","type":"product","link":"https:\/\/vinosomodena.it\/en\/prodotto\/pio-cesare-barolo-ornato-2016\/","title":{"rendered":"Pio Cesare Barolo Ornato 2013"},"content":{"rendered":"<p>Il Barolo Ornato della storica cantina piemontese Pio Cesare \u00e8 un\u2019etichetta di alta gamma, realizzata per la prima volta nel 1985 per dar voce alle caratteristiche straordinarie delle uve del cru Ornato. \u00c8 prodotto in piccole quantit\u00e0, proprio per preservare intatta l\u2019alta qualit\u00e0 che ne fa una delle bottiglie pi\u00f9 ricercate dagli appassionati. \u00c8 un Barolo che propone il\u00a0profilo classico del terroir di Serralunga d\u2019Alba, da secoli famoso per complessit\u00e0, potenza, struttura e longevit\u00e0. \u00c8 una bottiglia preziosa, da degustare in una serata speciale con carni brasate o selvaggina<\/p>\n","protected":false},"excerpt":{"rendered":"<p>Il Barolo Ornato della storica cantina piemontese Pio Cesare \u00e8 un\u2019etichetta di alta gamma, realizzata per la prima volta nel 1985 per dar voce alle caratteristiche straordinarie delle uve del cru Ornato. \u00c8 prodotto in piccole quantit\u00e0, proprio per preservare intatta l\u2019alta qualit\u00e0 che ne fa una delle bottiglie pi\u00f9 ricercate dagli appassionati. \u00c8 un Barolo che propone il\u00a0profilo classico del terroir di Serralunga d\u2019Alba, da secoli famoso per complessit\u00e0, potenza, struttura e longevit\u00e0. \u00c8 una bottiglia preziosa, da degustare in una serata speciale con carni brasate o selvaggina<\/p>\n","protected":false},"featured_media":15512,"template":"","meta":{"_acf_changed":false},"product_brand":[],"product_cat":[4964],"product_tag":[],"class_list":{"0":"post-11486","1":"product","2":"type-product","3":"status-publish","4":"has-post-thumbnail","6":"product_cat-white-wines","8":"first","9":"outofstock","10":"purchasable","11":"product-type-simple"},"acf":[],"yoast_head":"<!-- This site is optimized with the Yoast SEO plugin v27.0 - https:\/\/yoast.com\/product\/yoast-seo-wordpress\/ -->\n<title>Pio Cesare Barolo Ornato 2013 - Vinoso Modena<\/title>\n<meta name=\"robots\" content=\"index, follow, max-snippet:-1, max-image-preview:large, max-video-preview:-1\" \/>\n<link rel=\"canonical\" href=\"https:\/\/vinosomodena.it\/en\/prodotto\/pio-cesare-barolo-ornato-2016\/\" \/>\n<meta property=\"og:locale\" content=\"en_US\" \/>\n<meta property=\"og:type\" content=\"article\" \/>\n<meta property=\"og:title\" content=\"Pio Cesare Barolo Ornato 2013 - Vinoso Modena\" \/>\n<meta property=\"og:description\" content=\"Il Barolo Ornato della storica cantina piemontese Pio Cesare \u00e8 un\u2019etichetta di alta gamma, realizzata per la prima volta nel 1985 per dar voce alle caratteristiche straordinarie delle uve del cru Ornato. \u00c8 prodotto in piccole quantit\u00e0, proprio per preservare intatta l\u2019alta qualit\u00e0 che ne fa una delle bottiglie pi\u00f9 ricercate dagli appassionati. \u00c8 un Barolo che propone il\u00a0profilo classico del terroir di Serralunga d\u2019Alba, da secoli famoso per complessit\u00e0, potenza, struttura e longevit\u00e0. \u00c8 una bottiglia preziosa, da degustare in una serata speciale con carni brasate o selvaggina\" \/>\n<meta property=\"og:url\" content=\"https:\/\/vinosomodena.it\/en\/prodotto\/pio-cesare-barolo-ornato-2016\/\" \/>\n<meta property=\"og:site_name\" content=\"Vinoso Modena\" \/>\n<meta property=\"article:modified_time\" content=\"2026-02-19T18:12:00+00:00\" \/>\n<meta property=\"og:image\" content=\"https:\/\/vinosomodena.it\/wp-content\/uploads\/2024\/02\/ornato.jpg\" \/>\n\t<meta property=\"og:image:width\" content=\"1500\" \/>\n\t<meta property=\"og:image:height\" content=\"1923\" \/>\n\t<meta property=\"og:image:type\" content=\"image\/jpeg\" \/>\n<meta name=\"twitter:card\" content=\"summary_large_image\" \/>\n<script type=\"application\/ld+json\" class=\"yoast-schema-graph\">{\"@context\":\"https:\/\/schema.org\",\"@graph\":[{\"@type\":\"WebPage\",\"@id\":\"https:\/\/vinosomodena.it\/en\/prodotto\/pio-cesare-barolo-ornato-2016\/\",\"url\":\"https:\/\/vinosomodena.it\/en\/prodotto\/pio-cesare-barolo-ornato-2016\/\",\"name\":\"Pio Cesare Barolo Ornato 2013 - Vinoso Modena\",\"isPartOf\":{\"@id\":\"https:\/\/vinosomodena.it\/#website\"},\"primaryImageOfPage\":{\"@id\":\"https:\/\/vinosomodena.it\/en\/prodotto\/pio-cesare-barolo-ornato-2016\/#primaryimage\"},\"image\":{\"@id\":\"https:\/\/vinosomodena.it\/en\/prodotto\/pio-cesare-barolo-ornato-2016\/#primaryimage\"},\"thumbnailUrl\":\"https:\/\/vinosomodena.it\/wp-content\/uploads\/2024\/02\/ornato.jpg\",\"datePublished\":\"2021-02-27T10:50:56+00:00\",\"dateModified\":\"2026-02-19T18:12:00+00:00\",\"breadcrumb\":{\"@id\":\"https:\/\/vinosomodena.it\/en\/prodotto\/pio-cesare-barolo-ornato-2016\/#breadcrumb\"},\"inLanguage\":\"en-US\",\"potentialAction\":[{\"@type\":\"ReadAction\",\"target\":[\"https:\/\/vinosomodena.it\/en\/prodotto\/pio-cesare-barolo-ornato-2016\/\"]}]},{\"@type\":\"ImageObject\",\"inLanguage\":\"en-US\",\"@id\":\"https:\/\/vinosomodena.it\/en\/prodotto\/pio-cesare-barolo-ornato-2016\/#primaryimage\",\"url\":\"https:\/\/vinosomodena.it\/wp-content\/uploads\/2024\/02\/ornato.jpg\",\"contentUrl\":\"https:\/\/vinosomodena.it\/wp-content\/uploads\/2024\/02\/ornato.jpg\",\"width\":1500,\"height\":1923},{\"@type\":\"BreadcrumbList\",\"@id\":\"https:\/\/vinosomodena.it\/en\/prodotto\/pio-cesare-barolo-ornato-2016\/#breadcrumb\",\"itemListElement\":[{\"@type\":\"ListItem\",\"position\":1,\"name\":\"Home\",\"item\":\"https:\/\/vinosomodena.it\/\"},{\"@type\":\"ListItem\",\"position\":2,\"name\":\"Shop\",\"item\":\"https:\/\/vinosomodena.it\/negozio\/\"},{\"@type\":\"ListItem\",\"position\":3,\"name\":\"Pio Cesare Barolo Ornato 2013\"}]},{\"@type\":\"WebSite\",\"@id\":\"https:\/\/vinosomodena.it\/#website\",\"url\":\"https:\/\/vinosomodena.it\/\",\"name\":\"Vinoso Modena\",\"description\":\"I migliori vini, le annate storiche e molto altro ancora.\",\"potentialAction\":[{\"@type\":\"SearchAction\",\"target\":{\"@type\":\"EntryPoint\",\"urlTemplate\":\"https:\/\/vinosomodena.it\/?s={search_term_string}\"},\"query-input\":{\"@type\":\"PropertyValueSpecification\",\"valueRequired\":true,\"valueName\":\"search_term_string\"}}],\"inLanguage\":\"en-US\"}]}<\/script>\n<!-- \/ Yoast SEO plugin. -->","yoast_head_json":{"title":"Pio Cesare Barolo Ornato 2013 - Vinoso Modena","robots":{"index":"index","follow":"follow","max-snippet":"max-snippet:-1","max-image-preview":"max-image-preview:large","max-video-preview":"max-video-preview:-1"},"canonical":"https:\/\/vinosomodena.it\/en\/prodotto\/pio-cesare-barolo-ornato-2016\/","og_locale":"en_US","og_type":"article","og_title":"Pio Cesare Barolo Ornato 2013 - Vinoso Modena","og_description":"Il Barolo Ornato della storica cantina piemontese Pio Cesare \u00e8 un\u2019etichetta di alta gamma, realizzata per la prima volta nel 1985 per dar voce alle caratteristiche straordinarie delle uve del cru Ornato. \u00c8 prodotto in piccole quantit\u00e0, proprio per preservare intatta l\u2019alta qualit\u00e0 che ne fa una delle bottiglie pi\u00f9 ricercate dagli appassionati. \u00c8 un Barolo che propone il\u00a0profilo classico del terroir di Serralunga d\u2019Alba, da secoli famoso per complessit\u00e0, potenza, struttura e longevit\u00e0. \u00c8 una bottiglia preziosa, da degustare in una serata speciale con carni brasate o selvaggina","og_url":"https:\/\/vinosomodena.it\/en\/prodotto\/pio-cesare-barolo-ornato-2016\/","og_site_name":"Vinoso Modena","article_modified_time":"2026-02-19T18:12:00+00:00","og_image":[{"width":1500,"height":1923,"url":"https:\/\/vinosomodena.it\/wp-content\/uploads\/2024\/02\/ornato.jpg","type":"image\/jpeg"}],"twitter_card":"summary_large_image","schema":{"@context":"https:\/\/schema.org","@graph":[{"@type":"WebPage","@id":"https:\/\/vinosomodena.it\/en\/prodotto\/pio-cesare-barolo-ornato-2016\/","url":"https:\/\/vinosomodena.it\/en\/prodotto\/pio-cesare-barolo-ornato-2016\/","name":"Pio Cesare Barolo Ornato 2013 - Vinoso Modena","isPartOf":{"@id":"https:\/\/vinosomodena.it\/#website"},"primaryImageOfPage":{"@id":"https:\/\/vinosomodena.it\/en\/prodotto\/pio-cesare-barolo-ornato-2016\/#primaryimage"},"image":{"@id":"https:\/\/vinosomodena.it\/en\/prodotto\/pio-cesare-barolo-ornato-2016\/#primaryimage"},"thumbnailUrl":"https:\/\/vinosomodena.it\/wp-content\/uploads\/2024\/02\/ornato.jpg","datePublished":"2021-02-27T10:50:56+00:00","dateModified":"2026-02-19T18:12:00+00:00","breadcrumb":{"@id":"https:\/\/vinosomodena.it\/en\/prodotto\/pio-cesare-barolo-ornato-2016\/#breadcrumb"},"inLanguage":"en-US","potentialAction":[{"@type":"ReadAction","target":["https:\/\/vinosomodena.it\/en\/prodotto\/pio-cesare-barolo-ornato-2016\/"]}]},{"@type":"ImageObject","inLanguage":"en-US","@id":"https:\/\/vinosomodena.it\/en\/prodotto\/pio-cesare-barolo-ornato-2016\/#primaryimage","url":"https:\/\/vinosomodena.it\/wp-content\/uploads\/2024\/02\/ornato.jpg","contentUrl":"https:\/\/vinosomodena.it\/wp-content\/uploads\/2024\/02\/ornato.jpg","width":1500,"height":1923},{"@type":"BreadcrumbList","@id":"https:\/\/vinosomodena.it\/en\/prodotto\/pio-cesare-barolo-ornato-2016\/#breadcrumb","itemListElement":[{"@type":"ListItem","position":1,"name":"Home","item":"https:\/\/vinosomodena.it\/"},{"@type":"ListItem","position":2,"name":"Shop","item":"https:\/\/vinosomodena.it\/negozio\/"},{"@type":"ListItem","position":3,"name":"Pio Cesare Barolo Ornato 2013"}]},{"@type":"WebSite","@id":"https:\/\/vinosomodena.it\/#website","url":"https:\/\/vinosomodena.it\/","name":"Vinoso Modena","description":"I migliori vini, le annate storiche e molto altro ancora.","potentialAction":[{"@type":"SearchAction","target":{"@type":"EntryPoint","urlTemplate":"https:\/\/vinosomodena.it\/?s={search_term_string}"},"query-input":{"@type":"PropertyValueSpecification","valueRequired":true,"valueName":"search_term_string"}}],"inLanguage":"en-US"}]}},"jetpack_sharing_enabled":true,"_links":{"self":[{"href":"https:\/\/vinosomodena.it\/en\/wp-json\/wp\/v2\/product\/11486","targetHints":{"allow":["GET"]}}],"collection":[{"href":"https:\/\/vinosomodena.it\/en\/wp-json\/wp\/v2\/product"}],"about":[{"href":"https:\/\/vinosomodena.it\/en\/wp-json\/wp\/v2\/types\/product"}],"wp:featuredmedia":[{"embeddable":true,"href":"https:\/\/vinosomodena.it\/en\/wp-json\/wp\/v2\/media\/15512"}],"wp:attachment":[{"href":"https:\/\/vinosomodena.it\/en\/wp-json\/wp\/v2\/media?parent=11486"}],"wp:term":[{"taxonomy":"product_brand","embeddable":true,"href":"https:\/\/vinosomodena.it\/en\/wp-json\/wp\/v2\/product_brand?post=11486"},{"taxonomy":"product_cat","embeddable":true,"href":"https:\/\/vinosomodena.it\/en\/wp-json\/wp\/v2\/product_cat?post=11486"},{"taxonomy":"product_tag","embeddable":true,"href":"https:\/\/vinosomodena.it\/en\/wp-json\/wp\/v2\/product_tag?post=11486"}],"curies":[{"name":"wp","href":"https:\/\/api.w.org\/{rel}","templated":true}]}}