{"id":11497,"date":"2021-02-26T11:55:16","date_gmt":"2021-02-26T10:55:16","guid":{"rendered":"https:\/\/vinosomodena.it\/prodotto\/marco-de-bartoli-pietranera-2021\/"},"modified":"2026-01-04T11:31:48","modified_gmt":"2026-01-04T10:31:48","slug":"marco-de-bartoli-pietranera-2021","status":"publish","type":"product","link":"https:\/\/vinosomodena.it\/en\/prodotto\/marco-de-bartoli-pietranera-2021\/","title":{"rendered":"Marco de Bartoli Pietranera 2023"},"content":{"rendered":"<p>Il Pietranera De Bartoli \u00e8 un vino davvero unico, che conquista per la sua caratteristica aromaticit\u00e0 e si distingue per la sua mineralit\u00e0: un vero gioiello proveniente dall\u2019isola di Pantelleria, da uve di Zibibbo. Il nome \u201cPietranera\u201d incastona nel panorama dei vini italiani un vino minerale come le pietre nere vulcaniche della sua terra, un vino aromatico come i profumi della natura che lo culla, un vino fresco come la brezza marina che abbraccia Pantelleria, un vino davvero prezioso<\/p>\n","protected":false},"excerpt":{"rendered":"<p>Il Pietranera De Bartoli \u00e8 un vino davvero unico, che conquista per la sua caratteristica aromaticit\u00e0 e si distingue per la sua mineralit\u00e0: un vero gioiello proveniente dall\u2019isola di Pantelleria, da uve di Zibibbo. Il nome \u201cPietranera\u201d incastona nel panorama dei vini italiani un vino minerale come le pietre nere vulcaniche della sua terra, un vino aromatico come i profumi della natura che lo culla, un vino fresco come la brezza marina che abbraccia Pantelleria, un vino davvero prezioso<\/p>\n","protected":false},"featured_media":19900,"template":"","meta":{"_acf_changed":false},"product_brand":[],"product_cat":[2589],"product_tag":[],"class_list":{"0":"post-11497","1":"product","2":"type-product","3":"status-publish","4":"has-post-thumbnail","6":"product_cat-white-wine","8":"first","9":"outofstock","10":"purchasable","11":"product-type-simple"},"acf":[],"yoast_head":"<!-- This site is optimized with the Yoast SEO plugin v27.5 - https:\/\/yoast.com\/product\/yoast-seo-wordpress\/ -->\n<title>Marco de Bartoli Pietranera 2023 - Vinoso Modena<\/title>\n<meta name=\"robots\" content=\"index, follow, max-snippet:-1, max-image-preview:large, max-video-preview:-1\" \/>\n<link rel=\"canonical\" href=\"https:\/\/vinosomodena.it\/en\/prodotto\/marco-de-bartoli-pietranera-2021\/\" \/>\n<meta property=\"og:locale\" content=\"en_US\" \/>\n<meta property=\"og:type\" content=\"article\" \/>\n<meta property=\"og:title\" content=\"Marco de Bartoli Pietranera 2023 - Vinoso Modena\" \/>\n<meta property=\"og:description\" content=\"Il Pietranera De Bartoli \u00e8 un vino davvero unico, che conquista per la sua caratteristica aromaticit\u00e0 e si distingue per la sua mineralit\u00e0: un vero gioiello proveniente dall\u2019isola di Pantelleria, da uve di Zibibbo. Il nome \u201cPietranera\u201d incastona nel panorama dei vini italiani un vino minerale come le pietre nere vulcaniche della sua terra, un vino aromatico come i profumi della natura che lo culla, un vino fresco come la brezza marina che abbraccia Pantelleria, un vino davvero prezioso\" \/>\n<meta property=\"og:url\" content=\"https:\/\/vinosomodena.it\/en\/prodotto\/marco-de-bartoli-pietranera-2021\/\" \/>\n<meta property=\"og:site_name\" content=\"Vinoso Modena\" \/>\n<meta property=\"article:modified_time\" content=\"2026-01-04T10:31:48+00:00\" \/>\n<meta property=\"og:image\" content=\"https:\/\/vinosomodena.it\/wp-content\/uploads\/2025\/01\/pietranera.jpg\" \/>\n\t<meta property=\"og:image:width\" content=\"1500\" \/>\n\t<meta property=\"og:image:height\" content=\"1923\" \/>\n\t<meta property=\"og:image:type\" content=\"image\/jpeg\" \/>\n<meta name=\"twitter:card\" content=\"summary_large_image\" \/>\n<script type=\"application\/ld+json\" class=\"yoast-schema-graph\">{\"@context\":\"https:\\\/\\\/schema.org\",\"@graph\":[{\"@type\":\"WebPage\",\"@id\":\"https:\\\/\\\/vinosomodena.it\\\/en\\\/prodotto\\\/marco-de-bartoli-pietranera-2021\\\/\",\"url\":\"https:\\\/\\\/vinosomodena.it\\\/en\\\/prodotto\\\/marco-de-bartoli-pietranera-2021\\\/\",\"name\":\"Marco de Bartoli Pietranera 2023 - Vinoso Modena\",\"isPartOf\":{\"@id\":\"https:\\\/\\\/vinosomodena.it\\\/#website\"},\"primaryImageOfPage\":{\"@id\":\"https:\\\/\\\/vinosomodena.it\\\/en\\\/prodotto\\\/marco-de-bartoli-pietranera-2021\\\/#primaryimage\"},\"image\":{\"@id\":\"https:\\\/\\\/vinosomodena.it\\\/en\\\/prodotto\\\/marco-de-bartoli-pietranera-2021\\\/#primaryimage\"},\"thumbnailUrl\":\"https:\\\/\\\/vinosomodena.it\\\/wp-content\\\/uploads\\\/2025\\\/01\\\/pietranera.jpg\",\"datePublished\":\"2021-02-26T10:55:16+00:00\",\"dateModified\":\"2026-01-04T10:31:48+00:00\",\"breadcrumb\":{\"@id\":\"https:\\\/\\\/vinosomodena.it\\\/en\\\/prodotto\\\/marco-de-bartoli-pietranera-2021\\\/#breadcrumb\"},\"inLanguage\":\"en-US\",\"potentialAction\":[{\"@type\":\"ReadAction\",\"target\":[\"https:\\\/\\\/vinosomodena.it\\\/en\\\/prodotto\\\/marco-de-bartoli-pietranera-2021\\\/\"]}]},{\"@type\":\"ImageObject\",\"inLanguage\":\"en-US\",\"@id\":\"https:\\\/\\\/vinosomodena.it\\\/en\\\/prodotto\\\/marco-de-bartoli-pietranera-2021\\\/#primaryimage\",\"url\":\"https:\\\/\\\/vinosomodena.it\\\/wp-content\\\/uploads\\\/2025\\\/01\\\/pietranera.jpg\",\"contentUrl\":\"https:\\\/\\\/vinosomodena.it\\\/wp-content\\\/uploads\\\/2025\\\/01\\\/pietranera.jpg\",\"width\":1500,\"height\":1923},{\"@type\":\"BreadcrumbList\",\"@id\":\"https:\\\/\\\/vinosomodena.it\\\/en\\\/prodotto\\\/marco-de-bartoli-pietranera-2021\\\/#breadcrumb\",\"itemListElement\":[{\"@type\":\"ListItem\",\"position\":1,\"name\":\"Home\",\"item\":\"https:\\\/\\\/vinosomodena.it\\\/\"},{\"@type\":\"ListItem\",\"position\":2,\"name\":\"Shop\",\"item\":\"https:\\\/\\\/vinosomodena.it\\\/negozio\\\/\"},{\"@type\":\"ListItem\",\"position\":3,\"name\":\"Marco de Bartoli Pietranera 2023\"}]},{\"@type\":\"WebSite\",\"@id\":\"https:\\\/\\\/vinosomodena.it\\\/#website\",\"url\":\"https:\\\/\\\/vinosomodena.it\\\/\",\"name\":\"Vinoso Modena\",\"description\":\"I migliori vini, le annate storiche e molto altro ancora.\",\"potentialAction\":[{\"@type\":\"SearchAction\",\"target\":{\"@type\":\"EntryPoint\",\"urlTemplate\":\"https:\\\/\\\/vinosomodena.it\\\/?s={search_term_string}\"},\"query-input\":{\"@type\":\"PropertyValueSpecification\",\"valueRequired\":true,\"valueName\":\"search_term_string\"}}],\"inLanguage\":\"en-US\"}]}<\/script>\n<!-- \/ Yoast SEO plugin. -->","yoast_head_json":{"title":"Marco de Bartoli Pietranera 2023 - Vinoso Modena","robots":{"index":"index","follow":"follow","max-snippet":"max-snippet:-1","max-image-preview":"max-image-preview:large","max-video-preview":"max-video-preview:-1"},"canonical":"https:\/\/vinosomodena.it\/en\/prodotto\/marco-de-bartoli-pietranera-2021\/","og_locale":"en_US","og_type":"article","og_title":"Marco de Bartoli Pietranera 2023 - Vinoso Modena","og_description":"Il Pietranera De Bartoli \u00e8 un vino davvero unico, che conquista per la sua caratteristica aromaticit\u00e0 e si distingue per la sua mineralit\u00e0: un vero gioiello proveniente dall\u2019isola di Pantelleria, da uve di Zibibbo. Il nome \u201cPietranera\u201d incastona nel panorama dei vini italiani un vino minerale come le pietre nere vulcaniche della sua terra, un vino aromatico come i profumi della natura che lo culla, un vino fresco come la brezza marina che abbraccia Pantelleria, un vino davvero prezioso","og_url":"https:\/\/vinosomodena.it\/en\/prodotto\/marco-de-bartoli-pietranera-2021\/","og_site_name":"Vinoso Modena","article_modified_time":"2026-01-04T10:31:48+00:00","og_image":[{"width":1500,"height":1923,"url":"https:\/\/vinosomodena.it\/wp-content\/uploads\/2025\/01\/pietranera.jpg","type":"image\/jpeg"}],"twitter_card":"summary_large_image","schema":{"@context":"https:\/\/schema.org","@graph":[{"@type":"WebPage","@id":"https:\/\/vinosomodena.it\/en\/prodotto\/marco-de-bartoli-pietranera-2021\/","url":"https:\/\/vinosomodena.it\/en\/prodotto\/marco-de-bartoli-pietranera-2021\/","name":"Marco de Bartoli Pietranera 2023 - Vinoso Modena","isPartOf":{"@id":"https:\/\/vinosomodena.it\/#website"},"primaryImageOfPage":{"@id":"https:\/\/vinosomodena.it\/en\/prodotto\/marco-de-bartoli-pietranera-2021\/#primaryimage"},"image":{"@id":"https:\/\/vinosomodena.it\/en\/prodotto\/marco-de-bartoli-pietranera-2021\/#primaryimage"},"thumbnailUrl":"https:\/\/vinosomodena.it\/wp-content\/uploads\/2025\/01\/pietranera.jpg","datePublished":"2021-02-26T10:55:16+00:00","dateModified":"2026-01-04T10:31:48+00:00","breadcrumb":{"@id":"https:\/\/vinosomodena.it\/en\/prodotto\/marco-de-bartoli-pietranera-2021\/#breadcrumb"},"inLanguage":"en-US","potentialAction":[{"@type":"ReadAction","target":["https:\/\/vinosomodena.it\/en\/prodotto\/marco-de-bartoli-pietranera-2021\/"]}]},{"@type":"ImageObject","inLanguage":"en-US","@id":"https:\/\/vinosomodena.it\/en\/prodotto\/marco-de-bartoli-pietranera-2021\/#primaryimage","url":"https:\/\/vinosomodena.it\/wp-content\/uploads\/2025\/01\/pietranera.jpg","contentUrl":"https:\/\/vinosomodena.it\/wp-content\/uploads\/2025\/01\/pietranera.jpg","width":1500,"height":1923},{"@type":"BreadcrumbList","@id":"https:\/\/vinosomodena.it\/en\/prodotto\/marco-de-bartoli-pietranera-2021\/#breadcrumb","itemListElement":[{"@type":"ListItem","position":1,"name":"Home","item":"https:\/\/vinosomodena.it\/"},{"@type":"ListItem","position":2,"name":"Shop","item":"https:\/\/vinosomodena.it\/negozio\/"},{"@type":"ListItem","position":3,"name":"Marco de Bartoli Pietranera 2023"}]},{"@type":"WebSite","@id":"https:\/\/vinosomodena.it\/#website","url":"https:\/\/vinosomodena.it\/","name":"Vinoso Modena","description":"I migliori vini, le annate storiche e molto altro ancora.","potentialAction":[{"@type":"SearchAction","target":{"@type":"EntryPoint","urlTemplate":"https:\/\/vinosomodena.it\/?s={search_term_string}"},"query-input":{"@type":"PropertyValueSpecification","valueRequired":true,"valueName":"search_term_string"}}],"inLanguage":"en-US"}]}},"jetpack_sharing_enabled":true,"_links":{"self":[{"href":"https:\/\/vinosomodena.it\/en\/wp-json\/wp\/v2\/product\/11497","targetHints":{"allow":["GET"]}}],"collection":[{"href":"https:\/\/vinosomodena.it\/en\/wp-json\/wp\/v2\/product"}],"about":[{"href":"https:\/\/vinosomodena.it\/en\/wp-json\/wp\/v2\/types\/product"}],"wp:featuredmedia":[{"embeddable":true,"href":"https:\/\/vinosomodena.it\/en\/wp-json\/wp\/v2\/media\/19900"}],"wp:attachment":[{"href":"https:\/\/vinosomodena.it\/en\/wp-json\/wp\/v2\/media?parent=11497"}],"wp:term":[{"taxonomy":"product_brand","embeddable":true,"href":"https:\/\/vinosomodena.it\/en\/wp-json\/wp\/v2\/product_brand?post=11497"},{"taxonomy":"product_cat","embeddable":true,"href":"https:\/\/vinosomodena.it\/en\/wp-json\/wp\/v2\/product_cat?post=11497"},{"taxonomy":"product_tag","embeddable":true,"href":"https:\/\/vinosomodena.it\/en\/wp-json\/wp\/v2\/product_tag?post=11497"}],"curies":[{"name":"wp","href":"https:\/\/api.w.org\/{rel}","templated":true}]}}