{"id":11499,"date":"2021-02-26T11:46:58","date_gmt":"2021-02-26T10:46:58","guid":{"rendered":"https:\/\/vinosomodena.it\/prodotto\/imarco-de-bartoli-grappoli-del-grillo-2020\/"},"modified":"2024-11-25T17:46:48","modified_gmt":"2024-11-25T16:46:48","slug":"imarco-de-bartoli-grappoli-del-grillo-2020","status":"publish","type":"product","link":"https:\/\/vinosomodena.it\/en\/prodotto\/imarco-de-bartoli-grappoli-del-grillo-2020\/","title":{"rendered":"Marco de Bartoli Grappoli del Grillo 2022"},"content":{"rendered":"","protected":false},"excerpt":{"rendered":"<p>I Grappoli del Grillo \u00e8 il primo vino bianco che Marco De Bartoli decide di produrre. Siamo nel 1990, quando Marco, un uomo appassionato, intransigente e spesso controcorrente decide di rilanciare a modo suo il Grillo, un vitigno austero, fino a poco prima sconosciuto ai pi\u00f9 e utilizzato esclusivamente per la produzione di Marsala. Il Grillo \u00e8 un vitigno che pu\u00f2 dare origine a un vino bianco particolarmente caldo, di grande struttura e corpo, favorevole all&#8217;invecchiamento e che \u00e8 in grado di evolvere in bottiglia e sviluppare continuamene aromi differenti.Il viaggio de I Grappoli del Grillo di De Bartoli comincia in Contrada Fornara Samperi, nella zona di Marsala, con una rigorosa selezione manuale delle uve e con una fermentazione con lieviti indigeni a temperatura controllata che inizia in vasche di acciaio inox e che finisce in botti di rovere francese dove affina per 12 mesi. Un vino che pu\u00f2 garantire aromi intensamente fruttati, ma sempre elegante, con un ritorno amaro, deciso e persistente. Un vino siciliano che contiene tutti i valori di De Bartoli, un uomo sincero e possente, che ama il suo paese e che lo dimostra con la sua produzione di alta qualit\u00e0<\/p>\n","protected":false},"featured_media":19138,"template":"","meta":{"_acf_changed":false},"product_brand":[],"product_cat":[2589],"product_tag":[],"class_list":{"0":"post-11499","1":"product","2":"type-product","3":"status-publish","4":"has-post-thumbnail","6":"product_cat-white-wine","8":"first","9":"outofstock","10":"purchasable","11":"product-type-simple"},"acf":[],"yoast_head":"<!-- This site is optimized with the Yoast SEO plugin v27.0 - https:\/\/yoast.com\/product\/yoast-seo-wordpress\/ -->\n<title>Marco de Bartoli Grappoli del Grillo 2022 - Vinoso Modena<\/title>\n<meta name=\"robots\" content=\"index, follow, max-snippet:-1, max-image-preview:large, max-video-preview:-1\" \/>\n<link rel=\"canonical\" href=\"https:\/\/vinosomodena.it\/en\/prodotto\/imarco-de-bartoli-grappoli-del-grillo-2020\/\" \/>\n<meta property=\"og:locale\" content=\"en_US\" \/>\n<meta property=\"og:type\" content=\"article\" \/>\n<meta property=\"og:title\" content=\"Marco de Bartoli Grappoli del Grillo 2022 - Vinoso Modena\" \/>\n<meta property=\"og:description\" content=\"I Grappoli del Grillo \u00e8 il primo vino bianco che Marco De Bartoli decide di produrre. Siamo nel 1990, quando Marco, un uomo appassionato, intransigente e spesso controcorrente decide di rilanciare a modo suo il Grillo, un vitigno austero, fino a poco prima sconosciuto ai pi\u00f9 e utilizzato esclusivamente per la produzione di Marsala. Il Grillo \u00e8 un vitigno che pu\u00f2 dare origine a un vino bianco particolarmente caldo, di grande struttura e corpo, favorevole all&#039;invecchiamento e che \u00e8 in grado di evolvere in bottiglia e sviluppare continuamene aromi differenti.Il viaggio de I Grappoli del Grillo di De Bartoli comincia in Contrada Fornara Samperi, nella zona di Marsala, con una rigorosa selezione manuale delle uve e con una fermentazione con lieviti indigeni a temperatura controllata che inizia in vasche di acciaio inox e che finisce in botti di rovere francese dove affina per 12 mesi. Un vino che pu\u00f2 garantire aromi intensamente fruttati, ma sempre elegante, con un ritorno amaro, deciso e persistente. Un vino siciliano che contiene tutti i valori di De Bartoli, un uomo sincero e possente, che ama il suo paese e che lo dimostra con la sua produzione di alta qualit\u00e0\" \/>\n<meta property=\"og:url\" content=\"https:\/\/vinosomodena.it\/en\/prodotto\/imarco-de-bartoli-grappoli-del-grillo-2020\/\" \/>\n<meta property=\"og:site_name\" content=\"Vinoso Modena\" \/>\n<meta property=\"article:modified_time\" content=\"2024-11-25T16:46:48+00:00\" \/>\n<meta property=\"og:image\" content=\"https:\/\/vinosomodena.it\/wp-content\/uploads\/2024\/11\/grappolidelgrillo-1.jpg\" \/>\n\t<meta property=\"og:image:width\" content=\"1500\" \/>\n\t<meta property=\"og:image:height\" content=\"1923\" \/>\n\t<meta property=\"og:image:type\" content=\"image\/jpeg\" \/>\n<meta name=\"twitter:card\" content=\"summary_large_image\" \/>\n<script type=\"application\/ld+json\" class=\"yoast-schema-graph\">{\"@context\":\"https:\/\/schema.org\",\"@graph\":[{\"@type\":\"WebPage\",\"@id\":\"https:\/\/vinosomodena.it\/en\/prodotto\/imarco-de-bartoli-grappoli-del-grillo-2020\/\",\"url\":\"https:\/\/vinosomodena.it\/en\/prodotto\/imarco-de-bartoli-grappoli-del-grillo-2020\/\",\"name\":\"Marco de Bartoli Grappoli del Grillo 2022 - Vinoso Modena\",\"isPartOf\":{\"@id\":\"https:\/\/vinosomodena.it\/#website\"},\"primaryImageOfPage\":{\"@id\":\"https:\/\/vinosomodena.it\/en\/prodotto\/imarco-de-bartoli-grappoli-del-grillo-2020\/#primaryimage\"},\"image\":{\"@id\":\"https:\/\/vinosomodena.it\/en\/prodotto\/imarco-de-bartoli-grappoli-del-grillo-2020\/#primaryimage\"},\"thumbnailUrl\":\"https:\/\/vinosomodena.it\/wp-content\/uploads\/2024\/11\/grappolidelgrillo-1.jpg\",\"datePublished\":\"2021-02-26T10:46:58+00:00\",\"dateModified\":\"2024-11-25T16:46:48+00:00\",\"breadcrumb\":{\"@id\":\"https:\/\/vinosomodena.it\/en\/prodotto\/imarco-de-bartoli-grappoli-del-grillo-2020\/#breadcrumb\"},\"inLanguage\":\"en-US\",\"potentialAction\":[{\"@type\":\"ReadAction\",\"target\":[\"https:\/\/vinosomodena.it\/en\/prodotto\/imarco-de-bartoli-grappoli-del-grillo-2020\/\"]}]},{\"@type\":\"ImageObject\",\"inLanguage\":\"en-US\",\"@id\":\"https:\/\/vinosomodena.it\/en\/prodotto\/imarco-de-bartoli-grappoli-del-grillo-2020\/#primaryimage\",\"url\":\"https:\/\/vinosomodena.it\/wp-content\/uploads\/2024\/11\/grappolidelgrillo-1.jpg\",\"contentUrl\":\"https:\/\/vinosomodena.it\/wp-content\/uploads\/2024\/11\/grappolidelgrillo-1.jpg\",\"width\":1500,\"height\":1923},{\"@type\":\"BreadcrumbList\",\"@id\":\"https:\/\/vinosomodena.it\/en\/prodotto\/imarco-de-bartoli-grappoli-del-grillo-2020\/#breadcrumb\",\"itemListElement\":[{\"@type\":\"ListItem\",\"position\":1,\"name\":\"Home\",\"item\":\"https:\/\/vinosomodena.it\/\"},{\"@type\":\"ListItem\",\"position\":2,\"name\":\"Shop\",\"item\":\"https:\/\/vinosomodena.it\/negozio\/\"},{\"@type\":\"ListItem\",\"position\":3,\"name\":\"Marco de Bartoli Grappoli del Grillo 2022\"}]},{\"@type\":\"WebSite\",\"@id\":\"https:\/\/vinosomodena.it\/#website\",\"url\":\"https:\/\/vinosomodena.it\/\",\"name\":\"Vinoso Modena\",\"description\":\"I migliori vini, le annate storiche e molto altro ancora.\",\"potentialAction\":[{\"@type\":\"SearchAction\",\"target\":{\"@type\":\"EntryPoint\",\"urlTemplate\":\"https:\/\/vinosomodena.it\/?s={search_term_string}\"},\"query-input\":{\"@type\":\"PropertyValueSpecification\",\"valueRequired\":true,\"valueName\":\"search_term_string\"}}],\"inLanguage\":\"en-US\"}]}<\/script>\n<!-- \/ Yoast SEO plugin. -->","yoast_head_json":{"title":"Marco de Bartoli Grappoli del Grillo 2022 - Vinoso Modena","robots":{"index":"index","follow":"follow","max-snippet":"max-snippet:-1","max-image-preview":"max-image-preview:large","max-video-preview":"max-video-preview:-1"},"canonical":"https:\/\/vinosomodena.it\/en\/prodotto\/imarco-de-bartoli-grappoli-del-grillo-2020\/","og_locale":"en_US","og_type":"article","og_title":"Marco de Bartoli Grappoli del Grillo 2022 - Vinoso Modena","og_description":"I Grappoli del Grillo \u00e8 il primo vino bianco che Marco De Bartoli decide di produrre. Siamo nel 1990, quando Marco, un uomo appassionato, intransigente e spesso controcorrente decide di rilanciare a modo suo il Grillo, un vitigno austero, fino a poco prima sconosciuto ai pi\u00f9 e utilizzato esclusivamente per la produzione di Marsala. Il Grillo \u00e8 un vitigno che pu\u00f2 dare origine a un vino bianco particolarmente caldo, di grande struttura e corpo, favorevole all'invecchiamento e che \u00e8 in grado di evolvere in bottiglia e sviluppare continuamene aromi differenti.Il viaggio de I Grappoli del Grillo di De Bartoli comincia in Contrada Fornara Samperi, nella zona di Marsala, con una rigorosa selezione manuale delle uve e con una fermentazione con lieviti indigeni a temperatura controllata che inizia in vasche di acciaio inox e che finisce in botti di rovere francese dove affina per 12 mesi. Un vino che pu\u00f2 garantire aromi intensamente fruttati, ma sempre elegante, con un ritorno amaro, deciso e persistente. Un vino siciliano che contiene tutti i valori di De Bartoli, un uomo sincero e possente, che ama il suo paese e che lo dimostra con la sua produzione di alta qualit\u00e0","og_url":"https:\/\/vinosomodena.it\/en\/prodotto\/imarco-de-bartoli-grappoli-del-grillo-2020\/","og_site_name":"Vinoso Modena","article_modified_time":"2024-11-25T16:46:48+00:00","og_image":[{"width":1500,"height":1923,"url":"https:\/\/vinosomodena.it\/wp-content\/uploads\/2024\/11\/grappolidelgrillo-1.jpg","type":"image\/jpeg"}],"twitter_card":"summary_large_image","schema":{"@context":"https:\/\/schema.org","@graph":[{"@type":"WebPage","@id":"https:\/\/vinosomodena.it\/en\/prodotto\/imarco-de-bartoli-grappoli-del-grillo-2020\/","url":"https:\/\/vinosomodena.it\/en\/prodotto\/imarco-de-bartoli-grappoli-del-grillo-2020\/","name":"Marco de Bartoli Grappoli del Grillo 2022 - Vinoso Modena","isPartOf":{"@id":"https:\/\/vinosomodena.it\/#website"},"primaryImageOfPage":{"@id":"https:\/\/vinosomodena.it\/en\/prodotto\/imarco-de-bartoli-grappoli-del-grillo-2020\/#primaryimage"},"image":{"@id":"https:\/\/vinosomodena.it\/en\/prodotto\/imarco-de-bartoli-grappoli-del-grillo-2020\/#primaryimage"},"thumbnailUrl":"https:\/\/vinosomodena.it\/wp-content\/uploads\/2024\/11\/grappolidelgrillo-1.jpg","datePublished":"2021-02-26T10:46:58+00:00","dateModified":"2024-11-25T16:46:48+00:00","breadcrumb":{"@id":"https:\/\/vinosomodena.it\/en\/prodotto\/imarco-de-bartoli-grappoli-del-grillo-2020\/#breadcrumb"},"inLanguage":"en-US","potentialAction":[{"@type":"ReadAction","target":["https:\/\/vinosomodena.it\/en\/prodotto\/imarco-de-bartoli-grappoli-del-grillo-2020\/"]}]},{"@type":"ImageObject","inLanguage":"en-US","@id":"https:\/\/vinosomodena.it\/en\/prodotto\/imarco-de-bartoli-grappoli-del-grillo-2020\/#primaryimage","url":"https:\/\/vinosomodena.it\/wp-content\/uploads\/2024\/11\/grappolidelgrillo-1.jpg","contentUrl":"https:\/\/vinosomodena.it\/wp-content\/uploads\/2024\/11\/grappolidelgrillo-1.jpg","width":1500,"height":1923},{"@type":"BreadcrumbList","@id":"https:\/\/vinosomodena.it\/en\/prodotto\/imarco-de-bartoli-grappoli-del-grillo-2020\/#breadcrumb","itemListElement":[{"@type":"ListItem","position":1,"name":"Home","item":"https:\/\/vinosomodena.it\/"},{"@type":"ListItem","position":2,"name":"Shop","item":"https:\/\/vinosomodena.it\/negozio\/"},{"@type":"ListItem","position":3,"name":"Marco de Bartoli Grappoli del Grillo 2022"}]},{"@type":"WebSite","@id":"https:\/\/vinosomodena.it\/#website","url":"https:\/\/vinosomodena.it\/","name":"Vinoso Modena","description":"I migliori vini, le annate storiche e molto altro ancora.","potentialAction":[{"@type":"SearchAction","target":{"@type":"EntryPoint","urlTemplate":"https:\/\/vinosomodena.it\/?s={search_term_string}"},"query-input":{"@type":"PropertyValueSpecification","valueRequired":true,"valueName":"search_term_string"}}],"inLanguage":"en-US"}]}},"jetpack_sharing_enabled":true,"_links":{"self":[{"href":"https:\/\/vinosomodena.it\/en\/wp-json\/wp\/v2\/product\/11499","targetHints":{"allow":["GET"]}}],"collection":[{"href":"https:\/\/vinosomodena.it\/en\/wp-json\/wp\/v2\/product"}],"about":[{"href":"https:\/\/vinosomodena.it\/en\/wp-json\/wp\/v2\/types\/product"}],"wp:featuredmedia":[{"embeddable":true,"href":"https:\/\/vinosomodena.it\/en\/wp-json\/wp\/v2\/media\/19138"}],"wp:attachment":[{"href":"https:\/\/vinosomodena.it\/en\/wp-json\/wp\/v2\/media?parent=11499"}],"wp:term":[{"taxonomy":"product_brand","embeddable":true,"href":"https:\/\/vinosomodena.it\/en\/wp-json\/wp\/v2\/product_brand?post=11499"},{"taxonomy":"product_cat","embeddable":true,"href":"https:\/\/vinosomodena.it\/en\/wp-json\/wp\/v2\/product_cat?post=11499"},{"taxonomy":"product_tag","embeddable":true,"href":"https:\/\/vinosomodena.it\/en\/wp-json\/wp\/v2\/product_tag?post=11499"}],"curies":[{"name":"wp","href":"https:\/\/api.w.org\/{rel}","templated":true}]}}