{"id":11519,"date":"2021-02-26T10:18:46","date_gmt":"2021-02-26T09:18:46","guid":{"rendered":"https:\/\/vinosomodena.it\/prodotto\/champagne-egly-ouriet-les-deg-2020\/"},"modified":"2024-05-10T10:19:47","modified_gmt":"2024-05-10T08:19:47","slug":"champagne-egly-ouriet-les-deg-2020","status":"publish","type":"product","link":"https:\/\/vinosomodena.it\/en\/prodotto\/champagne-egly-ouriet-les-deg-2020\/","title":{"rendered":"Champagne Egly Ouriet Les PREMICES (BASE 2018 DEG 2023)"},"content":{"rendered":"","protected":false},"excerpt":{"rendered":"<p>Lo Champagne Brut \u201cLes Premices\u201d di Egly Ouriet \u00e8 un metodo classico di grande armonia e misura, espressione di una maison che continua a fare la storia della regione. Quello di Egly Ouriet \u00e8 un nome che quasi non necessiterebbe di presentazioni, tanto \u00e8 il prestigio guadagnato sul campo nella sua storia iniziata a met\u00e0 degli anni 40, con l&#8217;acquisizione dei primi tre ettari di vigna siti ad Ambonnay da parte di Charles Egly. Lo Champagne Brut \u201cLes Premices\u201d \u00e8 ottenuto da un assemblaggio paritario di Chardonnay, Pinot Nero e Pinot Meunier, e pi\u00f9 precisamente da vecchie vigne di et\u00e0 media superiore ai 40 anni, site nel villaggio di Trigny. Una bottiglia universale, valida per ogni occasione.<\/p>\n","protected":false},"featured_media":24442,"template":"","meta":{"_acf_changed":false},"product_brand":[],"product_cat":[2599],"product_tag":[],"class_list":{"0":"post-11519","1":"product","2":"type-product","3":"status-publish","4":"has-post-thumbnail","6":"product_cat-champagne-en","8":"first","9":"outofstock","10":"purchasable","11":"product-type-simple"},"acf":[],"yoast_head":"<!-- This site is optimized with the Yoast SEO plugin v27.0 - https:\/\/yoast.com\/product\/yoast-seo-wordpress\/ -->\n<title>Champagne Egly Ouriet Les PREMICES (BASE 2018 DEG 2023) - Vinoso Modena<\/title>\n<meta name=\"robots\" content=\"index, follow, max-snippet:-1, max-image-preview:large, max-video-preview:-1\" \/>\n<link rel=\"canonical\" href=\"https:\/\/vinosomodena.it\/prodotto\/champagne-egly-ouriet-les-deg-2020\/\" \/>\n<meta property=\"og:locale\" content=\"en_US\" \/>\n<meta property=\"og:type\" content=\"article\" \/>\n<meta property=\"og:title\" content=\"Champagne Egly Ouriet Les PREMICES (BASE 2018 DEG 2023) - Vinoso Modena\" \/>\n<meta property=\"og:description\" content=\"Lo Champagne Brut \u201cLes Premices\u201d di Egly Ouriet \u00e8 un metodo classico di grande armonia e misura, espressione di una maison che continua a fare la storia della regione. Quello di Egly Ouriet \u00e8 un nome che quasi non necessiterebbe di presentazioni, tanto \u00e8 il prestigio guadagnato sul campo nella sua storia iniziata a met\u00e0 degli anni 40, con l&#039;acquisizione dei primi tre ettari di vigna siti ad Ambonnay da parte di Charles Egly. Lo Champagne Brut \u201cLes Premices\u201d \u00e8 ottenuto da un assemblaggio paritario di Chardonnay, Pinot Nero e Pinot Meunier, e pi\u00f9 precisamente da vecchie vigne di et\u00e0 media superiore ai 40 anni, site nel villaggio di Trigny. Una bottiglia universale, valida per ogni occasione.\" \/>\n<meta property=\"og:url\" content=\"https:\/\/vinosomodena.it\/prodotto\/champagne-egly-ouriet-les-deg-2020\/\" \/>\n<meta property=\"og:site_name\" content=\"Vinoso Modena\" \/>\n<meta property=\"article:modified_time\" content=\"2024-05-10T08:19:47+00:00\" \/>\n<meta property=\"og:image\" content=\"https:\/\/vinosomodena.it\/wp-content\/uploads\/2021\/02\/eopremice\u0300s.jpg\" \/>\n\t<meta property=\"og:image:width\" content=\"1500\" \/>\n\t<meta property=\"og:image:height\" content=\"1923\" \/>\n\t<meta property=\"og:image:type\" content=\"image\/jpeg\" \/>\n<meta name=\"twitter:card\" content=\"summary_large_image\" \/>\n<script type=\"application\/ld+json\" class=\"yoast-schema-graph\">{\"@context\":\"https:\/\/schema.org\",\"@graph\":[{\"@type\":\"WebPage\",\"@id\":\"https:\/\/vinosomodena.it\/prodotto\/champagne-egly-ouriet-les-deg-2020\/\",\"url\":\"https:\/\/vinosomodena.it\/prodotto\/champagne-egly-ouriet-les-deg-2020\/\",\"name\":\"Champagne Egly Ouriet Les PREMICES (BASE 2018 DEG 2023) - Vinoso Modena\",\"isPartOf\":{\"@id\":\"https:\/\/vinosomodena.it\/#website\"},\"primaryImageOfPage\":{\"@id\":\"https:\/\/vinosomodena.it\/prodotto\/champagne-egly-ouriet-les-deg-2020\/#primaryimage\"},\"image\":{\"@id\":\"https:\/\/vinosomodena.it\/prodotto\/champagne-egly-ouriet-les-deg-2020\/#primaryimage\"},\"thumbnailUrl\":\"https:\/\/vinosomodena.it\/wp-content\/uploads\/2025\/10\/eopremices.jpg\",\"datePublished\":\"2021-02-26T09:18:46+00:00\",\"dateModified\":\"2024-05-10T08:19:47+00:00\",\"breadcrumb\":{\"@id\":\"https:\/\/vinosomodena.it\/prodotto\/champagne-egly-ouriet-les-deg-2020\/#breadcrumb\"},\"inLanguage\":\"en-US\",\"potentialAction\":[{\"@type\":\"ReadAction\",\"target\":[\"https:\/\/vinosomodena.it\/prodotto\/champagne-egly-ouriet-les-deg-2020\/\"]}]},{\"@type\":\"ImageObject\",\"inLanguage\":\"en-US\",\"@id\":\"https:\/\/vinosomodena.it\/prodotto\/champagne-egly-ouriet-les-deg-2020\/#primaryimage\",\"url\":\"https:\/\/vinosomodena.it\/wp-content\/uploads\/2025\/10\/eopremices.jpg\",\"contentUrl\":\"https:\/\/vinosomodena.it\/wp-content\/uploads\/2025\/10\/eopremices.jpg\",\"width\":1500,\"height\":1923},{\"@type\":\"BreadcrumbList\",\"@id\":\"https:\/\/vinosomodena.it\/prodotto\/champagne-egly-ouriet-les-deg-2020\/#breadcrumb\",\"itemListElement\":[{\"@type\":\"ListItem\",\"position\":1,\"name\":\"Home\",\"item\":\"https:\/\/vinosomodena.it\/\"},{\"@type\":\"ListItem\",\"position\":2,\"name\":\"Shop\",\"item\":\"https:\/\/vinosomodena.it\/negozio\/\"},{\"@type\":\"ListItem\",\"position\":3,\"name\":\"Champagne Egly Ouriet Les PREMICES (BASE 2018 DEG 2023)\"}]},{\"@type\":\"WebSite\",\"@id\":\"https:\/\/vinosomodena.it\/#website\",\"url\":\"https:\/\/vinosomodena.it\/\",\"name\":\"Vinoso Modena\",\"description\":\"I migliori vini, le annate storiche e molto altro ancora.\",\"potentialAction\":[{\"@type\":\"SearchAction\",\"target\":{\"@type\":\"EntryPoint\",\"urlTemplate\":\"https:\/\/vinosomodena.it\/?s={search_term_string}\"},\"query-input\":{\"@type\":\"PropertyValueSpecification\",\"valueRequired\":true,\"valueName\":\"search_term_string\"}}],\"inLanguage\":\"en-US\"}]}<\/script>\n<!-- \/ Yoast SEO plugin. -->","yoast_head_json":{"title":"Champagne Egly Ouriet Les PREMICES (BASE 2018 DEG 2023) - Vinoso Modena","robots":{"index":"index","follow":"follow","max-snippet":"max-snippet:-1","max-image-preview":"max-image-preview:large","max-video-preview":"max-video-preview:-1"},"canonical":"https:\/\/vinosomodena.it\/prodotto\/champagne-egly-ouriet-les-deg-2020\/","og_locale":"en_US","og_type":"article","og_title":"Champagne Egly Ouriet Les PREMICES (BASE 2018 DEG 2023) - Vinoso Modena","og_description":"Lo Champagne Brut \u201cLes Premices\u201d di Egly Ouriet \u00e8 un metodo classico di grande armonia e misura, espressione di una maison che continua a fare la storia della regione. Quello di Egly Ouriet \u00e8 un nome che quasi non necessiterebbe di presentazioni, tanto \u00e8 il prestigio guadagnato sul campo nella sua storia iniziata a met\u00e0 degli anni 40, con l'acquisizione dei primi tre ettari di vigna siti ad Ambonnay da parte di Charles Egly. Lo Champagne Brut \u201cLes Premices\u201d \u00e8 ottenuto da un assemblaggio paritario di Chardonnay, Pinot Nero e Pinot Meunier, e pi\u00f9 precisamente da vecchie vigne di et\u00e0 media superiore ai 40 anni, site nel villaggio di Trigny. Una bottiglia universale, valida per ogni occasione.","og_url":"https:\/\/vinosomodena.it\/prodotto\/champagne-egly-ouriet-les-deg-2020\/","og_site_name":"Vinoso Modena","article_modified_time":"2024-05-10T08:19:47+00:00","og_image":[{"width":1500,"height":1923,"url":"https:\/\/vinosomodena.it\/wp-content\/uploads\/2021\/02\/eopremice\u0300s.jpg","type":"image\/jpeg"}],"twitter_card":"summary_large_image","schema":{"@context":"https:\/\/schema.org","@graph":[{"@type":"WebPage","@id":"https:\/\/vinosomodena.it\/prodotto\/champagne-egly-ouriet-les-deg-2020\/","url":"https:\/\/vinosomodena.it\/prodotto\/champagne-egly-ouriet-les-deg-2020\/","name":"Champagne Egly Ouriet Les PREMICES (BASE 2018 DEG 2023) - Vinoso Modena","isPartOf":{"@id":"https:\/\/vinosomodena.it\/#website"},"primaryImageOfPage":{"@id":"https:\/\/vinosomodena.it\/prodotto\/champagne-egly-ouriet-les-deg-2020\/#primaryimage"},"image":{"@id":"https:\/\/vinosomodena.it\/prodotto\/champagne-egly-ouriet-les-deg-2020\/#primaryimage"},"thumbnailUrl":"https:\/\/vinosomodena.it\/wp-content\/uploads\/2025\/10\/eopremices.jpg","datePublished":"2021-02-26T09:18:46+00:00","dateModified":"2024-05-10T08:19:47+00:00","breadcrumb":{"@id":"https:\/\/vinosomodena.it\/prodotto\/champagne-egly-ouriet-les-deg-2020\/#breadcrumb"},"inLanguage":"en-US","potentialAction":[{"@type":"ReadAction","target":["https:\/\/vinosomodena.it\/prodotto\/champagne-egly-ouriet-les-deg-2020\/"]}]},{"@type":"ImageObject","inLanguage":"en-US","@id":"https:\/\/vinosomodena.it\/prodotto\/champagne-egly-ouriet-les-deg-2020\/#primaryimage","url":"https:\/\/vinosomodena.it\/wp-content\/uploads\/2025\/10\/eopremices.jpg","contentUrl":"https:\/\/vinosomodena.it\/wp-content\/uploads\/2025\/10\/eopremices.jpg","width":1500,"height":1923},{"@type":"BreadcrumbList","@id":"https:\/\/vinosomodena.it\/prodotto\/champagne-egly-ouriet-les-deg-2020\/#breadcrumb","itemListElement":[{"@type":"ListItem","position":1,"name":"Home","item":"https:\/\/vinosomodena.it\/"},{"@type":"ListItem","position":2,"name":"Shop","item":"https:\/\/vinosomodena.it\/negozio\/"},{"@type":"ListItem","position":3,"name":"Champagne Egly Ouriet Les PREMICES (BASE 2018 DEG 2023)"}]},{"@type":"WebSite","@id":"https:\/\/vinosomodena.it\/#website","url":"https:\/\/vinosomodena.it\/","name":"Vinoso Modena","description":"I migliori vini, le annate storiche e molto altro ancora.","potentialAction":[{"@type":"SearchAction","target":{"@type":"EntryPoint","urlTemplate":"https:\/\/vinosomodena.it\/?s={search_term_string}"},"query-input":{"@type":"PropertyValueSpecification","valueRequired":true,"valueName":"search_term_string"}}],"inLanguage":"en-US"}]}},"jetpack_sharing_enabled":true,"_links":{"self":[{"href":"https:\/\/vinosomodena.it\/en\/wp-json\/wp\/v2\/product\/11519","targetHints":{"allow":["GET"]}}],"collection":[{"href":"https:\/\/vinosomodena.it\/en\/wp-json\/wp\/v2\/product"}],"about":[{"href":"https:\/\/vinosomodena.it\/en\/wp-json\/wp\/v2\/types\/product"}],"wp:featuredmedia":[{"embeddable":true,"href":"https:\/\/vinosomodena.it\/en\/wp-json\/wp\/v2\/media\/24442"}],"wp:attachment":[{"href":"https:\/\/vinosomodena.it\/en\/wp-json\/wp\/v2\/media?parent=11519"}],"wp:term":[{"taxonomy":"product_brand","embeddable":true,"href":"https:\/\/vinosomodena.it\/en\/wp-json\/wp\/v2\/product_brand?post=11519"},{"taxonomy":"product_cat","embeddable":true,"href":"https:\/\/vinosomodena.it\/en\/wp-json\/wp\/v2\/product_cat?post=11519"},{"taxonomy":"product_tag","embeddable":true,"href":"https:\/\/vinosomodena.it\/en\/wp-json\/wp\/v2\/product_tag?post=11519"}],"curies":[{"name":"wp","href":"https:\/\/api.w.org\/{rel}","templated":true}]}}