{"id":11525,"date":"2021-02-26T09:32:34","date_gmt":"2021-02-26T08:32:34","guid":{"rendered":"https:\/\/vinosomodena.it\/prodotto\/chartreuse-vep\/"},"modified":"2026-01-07T15:29:14","modified_gmt":"2026-01-07T14:29:14","slug":"chartreuse-vep","status":"publish","type":"product","link":"https:\/\/vinosomodena.it\/en\/prodotto\/chartreuse-vep\/","title":{"rendered":"CHARTREUSE  VEP VERTE CL.100"},"content":{"rendered":"","protected":false},"excerpt":{"rendered":"<p>La Chartreuse V.E.P. (Vieillissement Exceptionnellement Prolong\u00e9) \u00e8 fatta secondo i procedimenti e la stessa formula della Chartreuse classica ma subisce un extra invecchiamento dei due liquori estremamente prolungato, affinato per pi\u00f9 di 10 anni in botti di rovere francese. L&#8217;alcol utilizzato per l&#8217;infusione della Verde \u00e8 alcol neutro di barbabietola. La quantit\u00e0 disponibile ogni anno \u00e8 molto limitata, per questa ragione in ogni bottiglia \u00e8 indicato un numero di serie<\/p>\n","protected":false},"featured_media":24440,"template":"","meta":{"_acf_changed":false},"product_brand":[],"product_cat":[2648],"product_tag":[],"class_list":{"0":"post-11525","1":"product","2":"type-product","3":"status-publish","4":"has-post-thumbnail","6":"product_cat-distillates","8":"first","9":"outofstock","10":"sold-individually","11":"purchasable","12":"product-type-simple"},"acf":[],"yoast_head":"<!-- This site is optimized with the Yoast SEO plugin v27.4 - https:\/\/yoast.com\/product\/yoast-seo-wordpress\/ -->\n<title>CHARTREUSE VEP VERTE CL.100 - Vinoso Modena<\/title>\n<meta name=\"robots\" content=\"index, follow, max-snippet:-1, max-image-preview:large, max-video-preview:-1\" \/>\n<link rel=\"canonical\" href=\"https:\/\/vinosomodena.it\/en\/prodotto\/chartreuse-vep\/\" \/>\n<meta property=\"og:locale\" content=\"en_US\" \/>\n<meta property=\"og:type\" content=\"article\" \/>\n<meta property=\"og:title\" content=\"CHARTREUSE VEP VERTE CL.100 - Vinoso Modena\" \/>\n<meta property=\"og:description\" content=\"La Chartreuse V.E.P. (Vieillissement Exceptionnellement Prolong\u00e9) \u00e8 fatta secondo i procedimenti e la stessa formula della Chartreuse classica ma subisce un extra invecchiamento dei due liquori estremamente prolungato, affinato per pi\u00f9 di 10 anni in botti di rovere francese. L&#039;alcol utilizzato per l&#039;infusione della Verde \u00e8 alcol neutro di barbabietola. La quantit\u00e0 disponibile ogni anno \u00e8 molto limitata, per questa ragione in ogni bottiglia \u00e8 indicato un numero di serie\" \/>\n<meta property=\"og:url\" content=\"https:\/\/vinosomodena.it\/en\/prodotto\/chartreuse-vep\/\" \/>\n<meta property=\"og:site_name\" content=\"Vinoso Modena\" \/>\n<meta property=\"article:modified_time\" content=\"2026-01-07T14:29:14+00:00\" \/>\n<meta property=\"og:image\" content=\"https:\/\/vinosomodena.it\/wp-content\/uploads\/2025\/10\/chartreusevip.jpg\" \/>\n\t<meta property=\"og:image:width\" content=\"1500\" \/>\n\t<meta property=\"og:image:height\" content=\"1923\" \/>\n\t<meta property=\"og:image:type\" content=\"image\/jpeg\" \/>\n<meta name=\"twitter:card\" content=\"summary_large_image\" \/>\n<script type=\"application\/ld+json\" class=\"yoast-schema-graph\">{\"@context\":\"https:\\\/\\\/schema.org\",\"@graph\":[{\"@type\":\"WebPage\",\"@id\":\"https:\\\/\\\/vinosomodena.it\\\/en\\\/prodotto\\\/chartreuse-vep\\\/\",\"url\":\"https:\\\/\\\/vinosomodena.it\\\/en\\\/prodotto\\\/chartreuse-vep\\\/\",\"name\":\"CHARTREUSE VEP VERTE CL.100 - Vinoso Modena\",\"isPartOf\":{\"@id\":\"https:\\\/\\\/vinosomodena.it\\\/#website\"},\"primaryImageOfPage\":{\"@id\":\"https:\\\/\\\/vinosomodena.it\\\/en\\\/prodotto\\\/chartreuse-vep\\\/#primaryimage\"},\"image\":{\"@id\":\"https:\\\/\\\/vinosomodena.it\\\/en\\\/prodotto\\\/chartreuse-vep\\\/#primaryimage\"},\"thumbnailUrl\":\"https:\\\/\\\/vinosomodena.it\\\/wp-content\\\/uploads\\\/2025\\\/10\\\/chartreusevip.jpg\",\"datePublished\":\"2021-02-26T08:32:34+00:00\",\"dateModified\":\"2026-01-07T14:29:14+00:00\",\"breadcrumb\":{\"@id\":\"https:\\\/\\\/vinosomodena.it\\\/en\\\/prodotto\\\/chartreuse-vep\\\/#breadcrumb\"},\"inLanguage\":\"en-US\",\"potentialAction\":[{\"@type\":\"ReadAction\",\"target\":[\"https:\\\/\\\/vinosomodena.it\\\/en\\\/prodotto\\\/chartreuse-vep\\\/\"]}]},{\"@type\":\"ImageObject\",\"inLanguage\":\"en-US\",\"@id\":\"https:\\\/\\\/vinosomodena.it\\\/en\\\/prodotto\\\/chartreuse-vep\\\/#primaryimage\",\"url\":\"https:\\\/\\\/vinosomodena.it\\\/wp-content\\\/uploads\\\/2025\\\/10\\\/chartreusevip.jpg\",\"contentUrl\":\"https:\\\/\\\/vinosomodena.it\\\/wp-content\\\/uploads\\\/2025\\\/10\\\/chartreusevip.jpg\",\"width\":1500,\"height\":1923},{\"@type\":\"BreadcrumbList\",\"@id\":\"https:\\\/\\\/vinosomodena.it\\\/en\\\/prodotto\\\/chartreuse-vep\\\/#breadcrumb\",\"itemListElement\":[{\"@type\":\"ListItem\",\"position\":1,\"name\":\"Home\",\"item\":\"https:\\\/\\\/vinosomodena.it\\\/\"},{\"@type\":\"ListItem\",\"position\":2,\"name\":\"Shop\",\"item\":\"https:\\\/\\\/vinosomodena.it\\\/negozio\\\/\"},{\"@type\":\"ListItem\",\"position\":3,\"name\":\"CHARTREUSE VEP VERTE CL.100\"}]},{\"@type\":\"WebSite\",\"@id\":\"https:\\\/\\\/vinosomodena.it\\\/#website\",\"url\":\"https:\\\/\\\/vinosomodena.it\\\/\",\"name\":\"Vinoso Modena\",\"description\":\"I migliori vini, le annate storiche e molto altro ancora.\",\"potentialAction\":[{\"@type\":\"SearchAction\",\"target\":{\"@type\":\"EntryPoint\",\"urlTemplate\":\"https:\\\/\\\/vinosomodena.it\\\/?s={search_term_string}\"},\"query-input\":{\"@type\":\"PropertyValueSpecification\",\"valueRequired\":true,\"valueName\":\"search_term_string\"}}],\"inLanguage\":\"en-US\"}]}<\/script>\n<!-- \/ Yoast SEO plugin. -->","yoast_head_json":{"title":"CHARTREUSE VEP VERTE CL.100 - Vinoso Modena","robots":{"index":"index","follow":"follow","max-snippet":"max-snippet:-1","max-image-preview":"max-image-preview:large","max-video-preview":"max-video-preview:-1"},"canonical":"https:\/\/vinosomodena.it\/en\/prodotto\/chartreuse-vep\/","og_locale":"en_US","og_type":"article","og_title":"CHARTREUSE VEP VERTE CL.100 - Vinoso Modena","og_description":"La Chartreuse V.E.P. (Vieillissement Exceptionnellement Prolong\u00e9) \u00e8 fatta secondo i procedimenti e la stessa formula della Chartreuse classica ma subisce un extra invecchiamento dei due liquori estremamente prolungato, affinato per pi\u00f9 di 10 anni in botti di rovere francese. L'alcol utilizzato per l'infusione della Verde \u00e8 alcol neutro di barbabietola. La quantit\u00e0 disponibile ogni anno \u00e8 molto limitata, per questa ragione in ogni bottiglia \u00e8 indicato un numero di serie","og_url":"https:\/\/vinosomodena.it\/en\/prodotto\/chartreuse-vep\/","og_site_name":"Vinoso Modena","article_modified_time":"2026-01-07T14:29:14+00:00","og_image":[{"width":1500,"height":1923,"url":"https:\/\/vinosomodena.it\/wp-content\/uploads\/2025\/10\/chartreusevip.jpg","type":"image\/jpeg"}],"twitter_card":"summary_large_image","schema":{"@context":"https:\/\/schema.org","@graph":[{"@type":"WebPage","@id":"https:\/\/vinosomodena.it\/en\/prodotto\/chartreuse-vep\/","url":"https:\/\/vinosomodena.it\/en\/prodotto\/chartreuse-vep\/","name":"CHARTREUSE VEP VERTE CL.100 - Vinoso Modena","isPartOf":{"@id":"https:\/\/vinosomodena.it\/#website"},"primaryImageOfPage":{"@id":"https:\/\/vinosomodena.it\/en\/prodotto\/chartreuse-vep\/#primaryimage"},"image":{"@id":"https:\/\/vinosomodena.it\/en\/prodotto\/chartreuse-vep\/#primaryimage"},"thumbnailUrl":"https:\/\/vinosomodena.it\/wp-content\/uploads\/2025\/10\/chartreusevip.jpg","datePublished":"2021-02-26T08:32:34+00:00","dateModified":"2026-01-07T14:29:14+00:00","breadcrumb":{"@id":"https:\/\/vinosomodena.it\/en\/prodotto\/chartreuse-vep\/#breadcrumb"},"inLanguage":"en-US","potentialAction":[{"@type":"ReadAction","target":["https:\/\/vinosomodena.it\/en\/prodotto\/chartreuse-vep\/"]}]},{"@type":"ImageObject","inLanguage":"en-US","@id":"https:\/\/vinosomodena.it\/en\/prodotto\/chartreuse-vep\/#primaryimage","url":"https:\/\/vinosomodena.it\/wp-content\/uploads\/2025\/10\/chartreusevip.jpg","contentUrl":"https:\/\/vinosomodena.it\/wp-content\/uploads\/2025\/10\/chartreusevip.jpg","width":1500,"height":1923},{"@type":"BreadcrumbList","@id":"https:\/\/vinosomodena.it\/en\/prodotto\/chartreuse-vep\/#breadcrumb","itemListElement":[{"@type":"ListItem","position":1,"name":"Home","item":"https:\/\/vinosomodena.it\/"},{"@type":"ListItem","position":2,"name":"Shop","item":"https:\/\/vinosomodena.it\/negozio\/"},{"@type":"ListItem","position":3,"name":"CHARTREUSE VEP VERTE CL.100"}]},{"@type":"WebSite","@id":"https:\/\/vinosomodena.it\/#website","url":"https:\/\/vinosomodena.it\/","name":"Vinoso Modena","description":"I migliori vini, le annate storiche e molto altro ancora.","potentialAction":[{"@type":"SearchAction","target":{"@type":"EntryPoint","urlTemplate":"https:\/\/vinosomodena.it\/?s={search_term_string}"},"query-input":{"@type":"PropertyValueSpecification","valueRequired":true,"valueName":"search_term_string"}}],"inLanguage":"en-US"}]}},"jetpack_sharing_enabled":true,"_links":{"self":[{"href":"https:\/\/vinosomodena.it\/en\/wp-json\/wp\/v2\/product\/11525","targetHints":{"allow":["GET"]}}],"collection":[{"href":"https:\/\/vinosomodena.it\/en\/wp-json\/wp\/v2\/product"}],"about":[{"href":"https:\/\/vinosomodena.it\/en\/wp-json\/wp\/v2\/types\/product"}],"wp:featuredmedia":[{"embeddable":true,"href":"https:\/\/vinosomodena.it\/en\/wp-json\/wp\/v2\/media\/24440"}],"wp:attachment":[{"href":"https:\/\/vinosomodena.it\/en\/wp-json\/wp\/v2\/media?parent=11525"}],"wp:term":[{"taxonomy":"product_brand","embeddable":true,"href":"https:\/\/vinosomodena.it\/en\/wp-json\/wp\/v2\/product_brand?post=11525"},{"taxonomy":"product_cat","embeddable":true,"href":"https:\/\/vinosomodena.it\/en\/wp-json\/wp\/v2\/product_cat?post=11525"},{"taxonomy":"product_tag","embeddable":true,"href":"https:\/\/vinosomodena.it\/en\/wp-json\/wp\/v2\/product_tag?post=11525"}],"curies":[{"name":"wp","href":"https:\/\/api.w.org\/{rel}","templated":true}]}}