{"id":11527,"date":"2021-02-26T09:20:46","date_gmt":"2021-02-26T08:20:46","guid":{"rendered":"https:\/\/vinosomodena.it\/?post_type=product&#038;p=11527"},"modified":"2025-04-21T10:18:11","modified_gmt":"2025-04-21T08:18:11","slug":"ceretto-arneis-blange-2019","status":"publish","type":"product","link":"https:\/\/vinosomodena.it\/en\/prodotto\/ceretto-arneis-blange-2019\/","title":{"rendered":"Ceretto Arneis &#8216;Blang\u00e9&#8217; 2019"},"content":{"rendered":"","protected":false},"excerpt":{"rendered":"<p>Il Blang\u00e9 \u00e8 un vino bianco cult del Piemonte, un\u2019espressione ricca ed esuberante del vitigno autoctono Arneis divenuta un\u2019icona negli anni \u201980 e \u201890. Il suo successo dura ancora oggi ed \u00e8 presente nei ristoranti di tutto il mondo come uno dei bianchi pi\u00f9 famosi d\u2019Italia. Nacque nel 1985 dall\u2019intuizione della famiglia Ceretto come una grande scommessa dei fratelli Bruno e Marcello che, nel periodo di gloria dei grandi rossi piemontesi, riscoprirono un vitigno quasi dimenticato: l\u2019Arneis. Una scelta innovativa e impensabile all\u2019epoca che invece si rivel\u00f2 un\u2019intuizione geniale e vincente.I profumi sono infatti intensi e variegati: pera, mela, pesca, agrumi e tanta frutta tropicale. Il sorso conferma l\u2019anima intensamente fruttata, unita a un\u2019equilibrata freschezza e ad una buona persistenza. Un bianco che ha scritto la storia dei bianchi delle Langhe e che si conferma ancora oggi come molto piacevole e accattivante, apprezzato da appassionati di tutto il mondo, amato dai giovani e dalle donne<\/p>\n","protected":false},"featured_media":21368,"template":"","meta":{"_acf_changed":false},"product_brand":[],"product_cat":[2589],"product_tag":[],"class_list":{"0":"post-11527","1":"product","2":"type-product","3":"status-publish","4":"has-post-thumbnail","6":"product_cat-white-wine","8":"first","9":"outofstock","10":"purchasable","11":"product-type-simple"},"acf":[],"yoast_head":"<!-- This site is optimized with the Yoast SEO plugin v27.0 - https:\/\/yoast.com\/product\/yoast-seo-wordpress\/ -->\n<title>Ceretto Arneis &#039;Blang\u00e9&#039; 2019 - Vinoso Modena<\/title>\n<meta name=\"robots\" content=\"index, follow, max-snippet:-1, max-image-preview:large, max-video-preview:-1\" \/>\n<link rel=\"canonical\" href=\"https:\/\/vinosomodena.it\/en\/prodotto\/ceretto-arneis-blange-2019\/\" \/>\n<meta property=\"og:locale\" content=\"en_US\" \/>\n<meta property=\"og:type\" content=\"article\" \/>\n<meta property=\"og:title\" content=\"Ceretto Arneis &#039;Blang\u00e9&#039; 2019 - Vinoso Modena\" \/>\n<meta property=\"og:description\" content=\"Il Blang\u00e9 \u00e8 un vino bianco cult del Piemonte, un\u2019espressione ricca ed esuberante del vitigno autoctono Arneis divenuta un\u2019icona negli anni \u201980 e \u201890. Il suo successo dura ancora oggi ed \u00e8 presente nei ristoranti di tutto il mondo come uno dei bianchi pi\u00f9 famosi d\u2019Italia. Nacque nel 1985 dall\u2019intuizione della famiglia Ceretto come una grande scommessa dei fratelli Bruno e Marcello che, nel periodo di gloria dei grandi rossi piemontesi, riscoprirono un vitigno quasi dimenticato: l\u2019Arneis. Una scelta innovativa e impensabile all\u2019epoca che invece si rivel\u00f2 un\u2019intuizione geniale e vincente.I profumi sono infatti intensi e variegati: pera, mela, pesca, agrumi e tanta frutta tropicale. Il sorso conferma l\u2019anima intensamente fruttata, unita a un\u2019equilibrata freschezza e ad una buona persistenza. Un bianco che ha scritto la storia dei bianchi delle Langhe e che si conferma ancora oggi come molto piacevole e accattivante, apprezzato da appassionati di tutto il mondo, amato dai giovani e dalle donne\" \/>\n<meta property=\"og:url\" content=\"https:\/\/vinosomodena.it\/en\/prodotto\/ceretto-arneis-blange-2019\/\" \/>\n<meta property=\"og:site_name\" content=\"Vinoso Modena\" \/>\n<meta property=\"article:modified_time\" content=\"2025-04-21T08:18:11+00:00\" \/>\n<meta property=\"og:image\" content=\"https:\/\/vinosomodena.it\/wp-content\/uploads\/2021\/02\/blange\u0300.jpg\" \/>\n\t<meta property=\"og:image:width\" content=\"1500\" \/>\n\t<meta property=\"og:image:height\" content=\"1923\" \/>\n\t<meta property=\"og:image:type\" content=\"image\/jpeg\" \/>\n<meta name=\"twitter:card\" content=\"summary_large_image\" \/>\n<script type=\"application\/ld+json\" class=\"yoast-schema-graph\">{\"@context\":\"https:\/\/schema.org\",\"@graph\":[{\"@type\":\"WebPage\",\"@id\":\"https:\/\/vinosomodena.it\/en\/prodotto\/ceretto-arneis-blange-2019\/\",\"url\":\"https:\/\/vinosomodena.it\/en\/prodotto\/ceretto-arneis-blange-2019\/\",\"name\":\"Ceretto Arneis 'Blang\u00e9' 2019 - Vinoso Modena\",\"isPartOf\":{\"@id\":\"https:\/\/vinosomodena.it\/#website\"},\"primaryImageOfPage\":{\"@id\":\"https:\/\/vinosomodena.it\/en\/prodotto\/ceretto-arneis-blange-2019\/#primaryimage\"},\"image\":{\"@id\":\"https:\/\/vinosomodena.it\/en\/prodotto\/ceretto-arneis-blange-2019\/#primaryimage\"},\"thumbnailUrl\":\"https:\/\/vinosomodena.it\/wp-content\/uploads\/2025\/04\/blange.jpg\",\"datePublished\":\"2021-02-26T08:20:46+00:00\",\"dateModified\":\"2025-04-21T08:18:11+00:00\",\"breadcrumb\":{\"@id\":\"https:\/\/vinosomodena.it\/en\/prodotto\/ceretto-arneis-blange-2019\/#breadcrumb\"},\"inLanguage\":\"en-US\",\"potentialAction\":[{\"@type\":\"ReadAction\",\"target\":[\"https:\/\/vinosomodena.it\/en\/prodotto\/ceretto-arneis-blange-2019\/\"]}]},{\"@type\":\"ImageObject\",\"inLanguage\":\"en-US\",\"@id\":\"https:\/\/vinosomodena.it\/en\/prodotto\/ceretto-arneis-blange-2019\/#primaryimage\",\"url\":\"https:\/\/vinosomodena.it\/wp-content\/uploads\/2025\/04\/blange.jpg\",\"contentUrl\":\"https:\/\/vinosomodena.it\/wp-content\/uploads\/2025\/04\/blange.jpg\",\"width\":1500,\"height\":1923},{\"@type\":\"BreadcrumbList\",\"@id\":\"https:\/\/vinosomodena.it\/en\/prodotto\/ceretto-arneis-blange-2019\/#breadcrumb\",\"itemListElement\":[{\"@type\":\"ListItem\",\"position\":1,\"name\":\"Home\",\"item\":\"https:\/\/vinosomodena.it\/\"},{\"@type\":\"ListItem\",\"position\":2,\"name\":\"Shop\",\"item\":\"https:\/\/vinosomodena.it\/negozio\/\"},{\"@type\":\"ListItem\",\"position\":3,\"name\":\"Ceretto Arneis &#8216;Blang\u00e9&#8217; 2019\"}]},{\"@type\":\"WebSite\",\"@id\":\"https:\/\/vinosomodena.it\/#website\",\"url\":\"https:\/\/vinosomodena.it\/\",\"name\":\"Vinoso Modena\",\"description\":\"I migliori vini, le annate storiche e molto altro ancora.\",\"potentialAction\":[{\"@type\":\"SearchAction\",\"target\":{\"@type\":\"EntryPoint\",\"urlTemplate\":\"https:\/\/vinosomodena.it\/?s={search_term_string}\"},\"query-input\":{\"@type\":\"PropertyValueSpecification\",\"valueRequired\":true,\"valueName\":\"search_term_string\"}}],\"inLanguage\":\"en-US\"}]}<\/script>\n<!-- \/ Yoast SEO plugin. -->","yoast_head_json":{"title":"Ceretto Arneis 'Blang\u00e9' 2019 - Vinoso Modena","robots":{"index":"index","follow":"follow","max-snippet":"max-snippet:-1","max-image-preview":"max-image-preview:large","max-video-preview":"max-video-preview:-1"},"canonical":"https:\/\/vinosomodena.it\/en\/prodotto\/ceretto-arneis-blange-2019\/","og_locale":"en_US","og_type":"article","og_title":"Ceretto Arneis 'Blang\u00e9' 2019 - Vinoso Modena","og_description":"Il Blang\u00e9 \u00e8 un vino bianco cult del Piemonte, un\u2019espressione ricca ed esuberante del vitigno autoctono Arneis divenuta un\u2019icona negli anni \u201980 e \u201890. Il suo successo dura ancora oggi ed \u00e8 presente nei ristoranti di tutto il mondo come uno dei bianchi pi\u00f9 famosi d\u2019Italia. Nacque nel 1985 dall\u2019intuizione della famiglia Ceretto come una grande scommessa dei fratelli Bruno e Marcello che, nel periodo di gloria dei grandi rossi piemontesi, riscoprirono un vitigno quasi dimenticato: l\u2019Arneis. Una scelta innovativa e impensabile all\u2019epoca che invece si rivel\u00f2 un\u2019intuizione geniale e vincente.I profumi sono infatti intensi e variegati: pera, mela, pesca, agrumi e tanta frutta tropicale. Il sorso conferma l\u2019anima intensamente fruttata, unita a un\u2019equilibrata freschezza e ad una buona persistenza. Un bianco che ha scritto la storia dei bianchi delle Langhe e che si conferma ancora oggi come molto piacevole e accattivante, apprezzato da appassionati di tutto il mondo, amato dai giovani e dalle donne","og_url":"https:\/\/vinosomodena.it\/en\/prodotto\/ceretto-arneis-blange-2019\/","og_site_name":"Vinoso Modena","article_modified_time":"2025-04-21T08:18:11+00:00","og_image":[{"width":1500,"height":1923,"url":"https:\/\/vinosomodena.it\/wp-content\/uploads\/2021\/02\/blange\u0300.jpg","type":"image\/jpeg"}],"twitter_card":"summary_large_image","schema":{"@context":"https:\/\/schema.org","@graph":[{"@type":"WebPage","@id":"https:\/\/vinosomodena.it\/en\/prodotto\/ceretto-arneis-blange-2019\/","url":"https:\/\/vinosomodena.it\/en\/prodotto\/ceretto-arneis-blange-2019\/","name":"Ceretto Arneis 'Blang\u00e9' 2019 - Vinoso Modena","isPartOf":{"@id":"https:\/\/vinosomodena.it\/#website"},"primaryImageOfPage":{"@id":"https:\/\/vinosomodena.it\/en\/prodotto\/ceretto-arneis-blange-2019\/#primaryimage"},"image":{"@id":"https:\/\/vinosomodena.it\/en\/prodotto\/ceretto-arneis-blange-2019\/#primaryimage"},"thumbnailUrl":"https:\/\/vinosomodena.it\/wp-content\/uploads\/2025\/04\/blange.jpg","datePublished":"2021-02-26T08:20:46+00:00","dateModified":"2025-04-21T08:18:11+00:00","breadcrumb":{"@id":"https:\/\/vinosomodena.it\/en\/prodotto\/ceretto-arneis-blange-2019\/#breadcrumb"},"inLanguage":"en-US","potentialAction":[{"@type":"ReadAction","target":["https:\/\/vinosomodena.it\/en\/prodotto\/ceretto-arneis-blange-2019\/"]}]},{"@type":"ImageObject","inLanguage":"en-US","@id":"https:\/\/vinosomodena.it\/en\/prodotto\/ceretto-arneis-blange-2019\/#primaryimage","url":"https:\/\/vinosomodena.it\/wp-content\/uploads\/2025\/04\/blange.jpg","contentUrl":"https:\/\/vinosomodena.it\/wp-content\/uploads\/2025\/04\/blange.jpg","width":1500,"height":1923},{"@type":"BreadcrumbList","@id":"https:\/\/vinosomodena.it\/en\/prodotto\/ceretto-arneis-blange-2019\/#breadcrumb","itemListElement":[{"@type":"ListItem","position":1,"name":"Home","item":"https:\/\/vinosomodena.it\/"},{"@type":"ListItem","position":2,"name":"Shop","item":"https:\/\/vinosomodena.it\/negozio\/"},{"@type":"ListItem","position":3,"name":"Ceretto Arneis &#8216;Blang\u00e9&#8217; 2019"}]},{"@type":"WebSite","@id":"https:\/\/vinosomodena.it\/#website","url":"https:\/\/vinosomodena.it\/","name":"Vinoso Modena","description":"I migliori vini, le annate storiche e molto altro ancora.","potentialAction":[{"@type":"SearchAction","target":{"@type":"EntryPoint","urlTemplate":"https:\/\/vinosomodena.it\/?s={search_term_string}"},"query-input":{"@type":"PropertyValueSpecification","valueRequired":true,"valueName":"search_term_string"}}],"inLanguage":"en-US"}]}},"jetpack_sharing_enabled":true,"_links":{"self":[{"href":"https:\/\/vinosomodena.it\/en\/wp-json\/wp\/v2\/product\/11527","targetHints":{"allow":["GET"]}}],"collection":[{"href":"https:\/\/vinosomodena.it\/en\/wp-json\/wp\/v2\/product"}],"about":[{"href":"https:\/\/vinosomodena.it\/en\/wp-json\/wp\/v2\/types\/product"}],"wp:featuredmedia":[{"embeddable":true,"href":"https:\/\/vinosomodena.it\/en\/wp-json\/wp\/v2\/media\/21368"}],"wp:attachment":[{"href":"https:\/\/vinosomodena.it\/en\/wp-json\/wp\/v2\/media?parent=11527"}],"wp:term":[{"taxonomy":"product_brand","embeddable":true,"href":"https:\/\/vinosomodena.it\/en\/wp-json\/wp\/v2\/product_brand?post=11527"},{"taxonomy":"product_cat","embeddable":true,"href":"https:\/\/vinosomodena.it\/en\/wp-json\/wp\/v2\/product_cat?post=11527"},{"taxonomy":"product_tag","embeddable":true,"href":"https:\/\/vinosomodena.it\/en\/wp-json\/wp\/v2\/product_tag?post=11527"}],"curies":[{"name":"wp","href":"https:\/\/api.w.org\/{rel}","templated":true}]}}